{"id":1272,"date":"2025-01-12T21:53:11","date_gmt":"2025-01-12T20:53:11","guid":{"rendered":"https:\/\/scibo-chemie.com\/?page_id=1272"},"modified":"2025-01-12T22:05:25","modified_gmt":"2025-01-12T21:05:25","slug":"partner-distributoren","status":"publish","type":"page","link":"https:\/\/scibo-chemie.com\/es\/partner-distributoren\/","title":{"rendered":"Socios - Distribuidores\u00a0"},"content":{"rendered":"<div data-elementor-type=\"wp-page\" data-elementor-id=\"1272\" class=\"elementor elementor-1272\">\n\t\t\t\t<div class=\"elementor-element elementor-element-5006b137 e-flex e-con-boxed e-con e-parent\" data-id=\"5006b137\" data-element_type=\"container\" data-e-type=\"container\" data-settings=\"{&quot;background_background&quot;:&quot;classic&quot;}\">\n\t\t\t\t\t<div class=\"e-con-inner\">\n\t\t<div class=\"elementor-element elementor-element-4b47aa9b e-con-full e-flex e-con e-child\" data-id=\"4b47aa9b\" data-element_type=\"container\" data-e-type=\"container\">\n\t\t\t\t<div class=\"elementor-element elementor-element-267cfc81 elementor-widget elementor-widget-heading\" data-id=\"267cfc81\" data-element_type=\"widget\" data-e-type=\"widget\" data-widget_type=\"heading.default\">\n\t\t\t\t<div class=\"elementor-widget-container\">\n\t\t\t\t\t<h1 class=\"elementor-heading-title elementor-size-default\">Forme parte de nuestro <br>red internacional <\/h1>\t\t\t\t<\/div>\n\t\t\t\t<\/div>\n\t\t\t\t<\/div>\n\t\t\t\t\t<\/div>\n\t\t\t\t<\/div>\n\t\t<div class=\"elementor-element elementor-element-f158a77 e-flex e-con-boxed e-con e-parent\" data-id=\"f158a77\" data-element_type=\"container\" data-e-type=\"container\" data-settings=\"{&quot;background_background&quot;:&quot;classic&quot;}\">\n\t\t\t\t\t<div class=\"e-con-inner\">\n\t\t<div class=\"elementor-element elementor-element-4b45f656 e-con-full e-flex e-con e-child\" data-id=\"4b45f656\" data-element_type=\"container\" data-e-type=\"container\">\n\t\t<div class=\"elementor-element elementor-element-1c4d00d0 e-con-full e-flex e-con e-child\" data-id=\"1c4d00d0\" data-element_type=\"container\" data-e-type=\"container\">\n\t\t<div class=\"elementor-element elementor-element-11698d01 e-con-full e-flex e-con e-child\" data-id=\"11698d01\" data-element_type=\"container\" data-e-type=\"container\">\n\t\t\t\t<div class=\"elementor-element elementor-element-3c80b451 elementor-widget elementor-widget-heading\" data-id=\"3c80b451\" data-element_type=\"widget\" data-e-type=\"widget\" data-widget_type=\"heading.default\">\n\t\t\t\t<div class=\"elementor-widget-container\">\n\t\t\t\t\t<h2 class=\"elementor-heading-title elementor-size-default\">SCIBO busca socios, distribuidores y representantes comerciales en todo el mundo<\/h2>\t\t\t\t<\/div>\n\t\t\t\t<\/div>\n\t\t\t\t<\/div>\n\t\t<div class=\"elementor-element elementor-element-7070c90b e-con-full e-flex e-con e-child\" data-id=\"7070c90b\" data-element_type=\"container\" data-e-type=\"container\">\n\t\t\t\t<div class=\"elementor-element elementor-element-2cb8be9e elementor-widget elementor-widget-text-editor\" data-id=\"2cb8be9e\" data-element_type=\"widget\" data-e-type=\"widget\" data-widget_type=\"text-editor.default\">\n\t\t\t\t<div class=\"elementor-widget-container\">\n\t\t\t\t\t\t\t\t\t<div><p class=\"p1\"><span class=\"s2\">SCIBO es sin\u00f3nimo de innovaci\u00f3n, calidad y eficacia en el campo de los adhesivos, selladores, espumas y revestimientos. Con nuestra amplia gama de productos y nuestro claro enfoque en soluciones personalizadas, establecemos est\u00e1ndares para aplicaciones exigentes en la construcci\u00f3n y la industria.<\/span><\/p><div><p class=\"p1\"><span class=\"s2\">Con el fin de impulsar nuestro crecimiento global, buscamos personas comprometidas y con experiencia en <\/span><span class=\"s1\">Socios, distribuidores y representantes internacionales<\/span><span class=\"s2\">que desean abrir nuevos mercados con nosotros y representar nuestra visi\u00f3n de productos de m\u00e1xima calidad en su regi\u00f3n.<\/span><\/p><\/div><\/div>\t\t\t\t\t\t\t\t<\/div>\n\t\t\t\t<\/div>\n\t\t\t\t<\/div>\n\t\t\t\t<\/div>\n\t\t\t\t<\/div>\n\t\t\t\t\t<\/div>\n\t\t\t\t<\/div>\n\t\t\t\t<section class=\"elementor-section elementor-top-section elementor-element elementor-element-62e70cff elementor-section-content-middle elementor-section-boxed elementor-section-height-default elementor-section-height-default\" data-id=\"62e70cff\" data-element_type=\"section\" data-e-type=\"section\" data-settings=\"{&quot;background_background&quot;:&quot;classic&quot;}\">\n\t\t\t\t\t\t<div class=\"elementor-container elementor-column-gap-no\">\n\t\t\t\t\t<div class=\"elementor-column elementor-col-100 elementor-top-column elementor-element elementor-element-46ff33f5\" data-id=\"46ff33f5\" data-element_type=\"column\" data-e-type=\"column\" data-settings=\"{&quot;background_background&quot;:&quot;classic&quot;}\">\n\t\t\t<div class=\"elementor-widget-wrap elementor-element-populated\">\n\t\t\t\t\t\t<div class=\"elementor-element elementor-element-78cc7db7 elementor-widget elementor-widget-heading\" data-id=\"78cc7db7\" data-element_type=\"widget\" data-e-type=\"widget\" data-widget_type=\"heading.default\">\n\t\t\t\t<div class=\"elementor-widget-container\">\n\t\t\t\t\t<h3 class=\"elementor-heading-title elementor-size-default\">Lo que ofrecemos:<\/h3>\t\t\t\t<\/div>\n\t\t\t\t<\/div>\n\t\t\t\t<div class=\"elementor-element elementor-element-65eebffb elementor-widget elementor-widget-text-editor\" data-id=\"65eebffb\" data-element_type=\"widget\" data-e-type=\"widget\" data-widget_type=\"text-editor.default\">\n\t\t\t\t<div class=\"elementor-widget-container\">\n\t\t\t\t\t\t\t\t\t<div><ul><li class=\"p4\"><strong><span class=\"s1\">Productos de primera calidad bajo la marca SCIBO:<\/span><\/strong><span class=\"s2\"> Nuestros adhesivos, sellantes, espumas y revestimientos cumplen las normas m\u00e1s estrictas de calidad, rendimiento y versatilidad.<\/span><span class=\"s1\" style=\"font-size: 16px;\">Asociaciones exclusivas:<\/span><span class=\"s2\" style=\"font-size: 16px;\"> Benef\u00edciese de condiciones atractivas y derechos de distribuci\u00f3n exclusivos, adaptados a su grupo destinatario, regi\u00f3n o pa\u00eds, seg\u00fan sus posibilidades.<\/span><\/li><li class=\"p4\"><strong><span class=\"s1\" style=\"font-size: 16px;\">Opciones de marca blanca:<\/span><\/strong><span class=\"s2\" style=\"font-size: 16px;\"> Si lo desea, puede comercializar nuestros productos de alta calidad con su propia marca.<\/span><\/li><li class=\"p4\"><strong><span class=\"s1\" style=\"font-size: 16px;\">Desarrollo conjunto de productos:<\/span><\/strong><span class=\"s2\" style=\"font-size: 16px;\"> Colabore con nosotros para desarrollar soluciones innovadoras adaptadas con precisi\u00f3n a las necesidades de sus clientes.<\/span><\/li><li class=\"p4\"><strong><span class=\"s1\" style=\"font-size: 16px;\">Apoyo integral:<\/span><\/strong><span class=\"s2\" style=\"font-size: 16px;\"> Le ofrecemos formaci\u00f3n intensiva sobre productos, material de marketing y asistencia t\u00e9cnica para que pueda ofrecer a sus clientes el mejor servicio posible.<\/span><\/li><li class=\"p4\"><strong><span class=\"s1\" style=\"font-size: 16px;\">Nomenclatura de productos innovadora:<\/span><\/strong><span class=\"s2\" style=\"font-size: 16px;\"> Nombres claros y memorables como SCIBO SEAL, SCIBO BOND, SCIBO FOAM y SCIBO COAT hacen que la categorizaci\u00f3n de nuestros productos sea sencilla y clara.<\/span><\/li><li class=\"p4\"><strong><span class=\"s1\" style=\"font-size: 16px;\">Organizaci\u00f3n digital:<\/span><\/strong><span class=\"s2\" style=\"font-size: 16px;\"> Nuestros modernos y eficientes procesos le proporcionan un apoyo \u00f3ptimo y minimizan la carga de trabajo administrativo.<\/span><\/li><\/ul><\/div>\t\t\t\t\t\t\t\t<\/div>\n\t\t\t\t<\/div>\n\t\t\t\t\t<\/div>\n\t\t<\/div>\n\t\t\t\t\t<\/div>\n\t\t<\/section>\n\t\t\t\t<section class=\"elementor-section elementor-top-section elementor-element elementor-element-542335a8 elementor-section-content-middle elementor-section-boxed elementor-section-height-default elementor-section-height-default\" data-id=\"542335a8\" data-element_type=\"section\" data-e-type=\"section\" data-settings=\"{&quot;background_background&quot;:&quot;classic&quot;}\">\n\t\t\t\t\t\t<div class=\"elementor-container elementor-column-gap-no\">\n\t\t\t\t\t<div class=\"elementor-column elementor-col-100 elementor-top-column elementor-element elementor-element-447ef7ee\" data-id=\"447ef7ee\" data-element_type=\"column\" data-e-type=\"column\" data-settings=\"{&quot;background_background&quot;:&quot;classic&quot;}\">\n\t\t\t<div class=\"elementor-widget-wrap elementor-element-populated\">\n\t\t\t\t\t\t<div class=\"elementor-element elementor-element-1e87096d elementor-widget elementor-widget-heading\" data-id=\"1e87096d\" data-element_type=\"widget\" data-e-type=\"widget\" data-widget_type=\"heading.default\">\n\t\t\t\t<div class=\"elementor-widget-container\">\n\t\t\t\t\t<h3 class=\"elementor-heading-title elementor-size-default\">Lo que buscamos:<\/h3>\t\t\t\t<\/div>\n\t\t\t\t<\/div>\n\t\t\t\t<div class=\"elementor-element elementor-element-35766b82 elementor-widget elementor-widget-text-editor\" data-id=\"35766b82\" data-element_type=\"widget\" data-e-type=\"widget\" data-widget_type=\"text-editor.default\">\n\t\t\t\t<div class=\"elementor-widget-container\">\n\t\t\t\t\t\t\t\t\t<div><ul><li class=\"p4\"><span class=\"s2\">Socio comercial con un profundo conocimiento del mercado en los sectores de la construcci\u00f3n, la industria y el comercio minorista.<\/span><\/li><li class=\"p4\"><span style=\"font-size: 16px;\">Empresas dispuestas a crecer en una asociaci\u00f3n a largo plazo y a celebrar el \u00e9xito junto a nosotros.<\/span><\/li><li class=\"p4\"><span style=\"font-size: 16px;\">Representantes de ventas que deseen establecer activamente los productos SCIBO en su mercado.<\/span><\/li><li class=\"p4\"><span style=\"font-size: 16px;\">Pasi\u00f3n por los productos y soluciones innovadores que crean un verdadero valor a\u00f1adido.<\/span><\/li><\/ul><\/div>\t\t\t\t\t\t\t\t<\/div>\n\t\t\t\t<\/div>\n\t\t\t\t\t<\/div>\n\t\t<\/div>\n\t\t\t\t\t<\/div>\n\t\t<\/section>\n\t\t<div class=\"elementor-element elementor-element-50ffacbc e-flex e-con-boxed e-con e-parent\" data-id=\"50ffacbc\" data-element_type=\"container\" data-e-type=\"container\" data-settings=\"{&quot;background_background&quot;:&quot;gradient&quot;}\">\n\t\t\t\t\t<div class=\"e-con-inner\">\n\t\t<div class=\"elementor-element elementor-element-65baff92 e-con-full e-flex e-con e-child\" data-id=\"65baff92\" data-element_type=\"container\" data-e-type=\"container\">\n\t\t\t\t<div class=\"elementor-element elementor-element-76d06657 elementor-widget elementor-widget-heading\" data-id=\"76d06657\" data-element_type=\"widget\" data-e-type=\"widget\" data-widget_type=\"heading.default\">\n\t\t\t\t<div class=\"elementor-widget-container\">\n\t\t\t\t\t<h3 class=\"elementor-heading-title elementor-size-default\">P\u00f3ngase en contacto con nosotros: \u00a1esperamos su consulta!<\/h3>\t\t\t\t<\/div>\n\t\t\t\t<\/div>\n\t\t\t\t<div class=\"elementor-element elementor-element-49d4b81 elementor-widget elementor-widget-text-editor\" data-id=\"49d4b81\" data-element_type=\"widget\" data-e-type=\"widget\" data-widget_type=\"text-editor.default\">\n\t\t\t\t<div class=\"elementor-widget-container\">\n\t\t\t\t\t\t\t\t\t<div><p class=\"p1\"><span class=\"s2\" style=\"color: #ffffff;\">Por favor, facil\u00edtenos la siguiente informaci\u00f3n en su mensaje para que podamos procesar su consulta de la mejor manera posible:<\/span><\/p><\/div><div><ul><li class=\"p4\"><strong><span style=\"color: #ffffff;\"><span class=\"apple-tab-span\">\u00a0<\/span><span class=\"s2\">Breve presentaci\u00f3n de su empresa<\/span><\/span><\/strong><\/li><li class=\"p4\"><strong><span style=\"color: #ffffff;\"><span class=\"apple-tab-span\" style=\"font-size: 16px;\">\u00a0<\/span><span class=\"s2\" style=\"font-size: 16px;\">Su sector y sus mercados objetivo<\/span><\/span><\/strong><\/li><li class=\"p4\"><strong><span style=\"font-size: 16px; color: #ffffff;\">Sus deseos e ideas para una cooperaci\u00f3n con la SCIBO<\/span><\/strong><\/li><\/ul><\/div><div><p class=\"p1\"><span class=\"s2\" style=\"color: #ffffff;\">Ya sea en persona in situ, virtualmente o en una de las numerosas ferias comerciales, en la SCIBO valoramos el di\u00e1logo directo y la coordinaci\u00f3n individual.<\/span><\/p><\/div><div><p class=\"p1\"><span class=\"s2\" style=\"color: #ffffff;\">Vis\u00edtenos en nuestros centros de producci\u00f3n para conocer de primera mano nuestros niveles de calidad, o concierte una reuni\u00f3n personal para hablar de sus objetivos y oportunidades de colaboraci\u00f3n.<\/span><\/p><\/div><div><p class=\"p1\"><span class=\"s2\" style=\"color: #ffffff;\">Estaremos encantados de responder a cualquier pregunta que pueda tener y esperamos dar forma al futuro junto con usted.<\/span><\/p><\/div>\t\t\t\t\t\t\t\t<\/div>\n\t\t\t\t<\/div>\n\t\t\t\t<div class=\"elementor-element elementor-element-423be1b9 elementor-align-right elementor-mobile-align-left elementor-tablet-align-center elementor-widget elementor-widget-button\" data-id=\"423be1b9\" data-element_type=\"widget\" data-e-type=\"widget\" data-widget_type=\"button.default\">\n\t\t\t\t<div class=\"elementor-widget-container\">\n\t\t\t\t\t\t\t\t\t<div class=\"elementor-button-wrapper\">\n\t\t\t\t\t<a class=\"elementor-button elementor-button-link elementor-size-md\" href=\"https:\/\/scibo-chemie.com\/es\/kontakt\/\">\n\t\t\t\t\t\t<span class=\"elementor-button-content-wrapper\">\n\t\t\t\t\t\t<span class=\"elementor-button-icon\">\n\t\t\t\t<i aria-hidden=\"true\" class=\"icon icon-users\"><\/i>\t\t\t<\/span>\n\t\t\t\t\t\t\t\t\t<span class=\"elementor-button-text\">H\u00e1gase socio ahora<\/span>\n\t\t\t\t\t<\/span>\n\t\t\t\t\t<\/a>\n\t\t\t\t<\/div>\n\t\t\t\t\t\t\t\t<\/div>\n\t\t\t\t<\/div>\n\t\t\t\t<\/div>\n\t\t<div class=\"elementor-element elementor-element-35f50541 e-con-full e-flex e-con e-child\" data-id=\"35f50541\" data-element_type=\"container\" data-e-type=\"container\">\n\t\t\t\t<div class=\"elementor-element elementor-element-1b41268 elementor-widget elementor-widget-image\" data-id=\"1b41268\" data-element_type=\"widget\" data-e-type=\"widget\" data-widget_type=\"image.default\">\n\t\t\t\t<div class=\"elementor-widget-container\">\n\t\t\t\t\t\t\t\t\t\t\t\t\t\t\t<img fetchpriority=\"high\" decoding=\"async\" width=\"731\" height=\"1000\" src=\"https:\/\/scibo-chemie.com\/wp-content\/uploads\/2025\/01\/40725.jpg\" class=\"attachment-large size-large wp-image-1278\" alt=\"\" srcset=\"https:\/\/scibo-chemie.com\/wp-content\/uploads\/2025\/01\/40725.jpg 731w, https:\/\/scibo-chemie.com\/wp-content\/uploads\/2025\/01\/40725-219x300.jpg 219w, https:\/\/scibo-chemie.com\/wp-content\/uploads\/2025\/01\/40725-9x12.jpg 9w\" sizes=\"(max-width: 731px) 100vw, 731px\" \/>\t\t\t\t\t\t\t\t\t\t\t\t\t\t\t<\/div>\n\t\t\t\t<\/div>\n\t\t\t\t<\/div>\n\t\t\t\t\t<\/div>\n\t\t\t\t<\/div>\n\t\t\t\t<\/div>","protected":false},"excerpt":{"rendered":"<p>Werden Sie Teil unseres internationalen Netzwerks SCIBO sucht Partner, Distributoren und Handelsvertreter weltweit SCIBO steht f\u00fcr Innovation, Qualit\u00e4t und Effizienz [&hellip;]<\/p>\n","protected":false},"author":1,"featured_media":0,"parent":0,"menu_order":0,"comment_status":"closed","ping_status":"closed","template":"","meta":{"site-sidebar-layout":"no-sidebar","site-content-layout":"","ast-site-content-layout":"full-width-container","site-content-style":"default","site-sidebar-style":"default","ast-global-header-display":"","ast-banner-title-visibility":"","ast-main-header-display":"","ast-hfb-above-header-display":"","ast-hfb-below-header-display":"","ast-hfb-mobile-header-display":"","site-post-title":"disabled","ast-breadcrumbs-content":"","ast-featured-img":"disabled","footer-sml-layout":"","ast-disable-related-posts":"","theme-transparent-header-meta":"","adv-header-id-meta":"","stick-header-meta":"","header-above-stick-meta":"","header-main-stick-meta":"","header-below-stick-meta":"","astra-migrate-meta-layouts":"default","ast-page-background-enabled":"default","ast-page-background-meta":{"desktop":{"background-color":"var(--ast-global-color-4)","background-image":"","background-repeat":"repeat","background-position":"center center","background-size":"auto","background-attachment":"scroll","background-type":"","background-media":"","overlay-type":"","overlay-color":"","overlay-opacity":"","overlay-gradient":""},"tablet":{"background-color":"","background-image":"","background-repeat":"repeat","background-position":"center center","background-size":"auto","background-attachment":"scroll","background-type":"","background-media":"","overlay-type":"","overlay-color":"","overlay-opacity":"","overlay-gradient":""},"mobile":{"background-color":"","background-image":"","background-repeat":"repeat","background-position":"center center","background-size":"auto","background-attachment":"scroll","background-type":"","background-media":"","overlay-type":"","overlay-color":"","overlay-opacity":"","overlay-gradient":""}},"ast-content-background-meta":{"desktop":{"background-color":"var(--ast-global-color-5)","background-image":"","background-repeat":"repeat","background-position":"center center","background-size":"auto","background-attachment":"scroll","background-type":"","background-media":"","overlay-type":"","overlay-color":"","overlay-opacity":"","overlay-gradient":""},"tablet":{"background-color":"var(--ast-global-color-5)","background-image":"","background-repeat":"repeat","background-position":"center center","background-size":"auto","background-attachment":"scroll","background-type":"","background-media":"","overlay-type":"","overlay-color":"","overlay-opacity":"","overlay-gradient":""},"mobile":{"background-color":"var(--ast-global-color-5)","background-image":"","background-repeat":"repeat","background-position":"center center","background-size":"auto","background-attachment":"scroll","background-type":"","background-media":"","overlay-type":"","overlay-color":"","overlay-opacity":"","overlay-gradient":""}},"footnotes":""},"class_list":["post-1272","page","type-page","status-publish","hentry"],"_links":{"self":[{"href":"https:\/\/scibo-chemie.com\/es\/wp-json\/wp\/v2\/pages\/1272","targetHints":{"allow":["GET"]}}],"collection":[{"href":"https:\/\/scibo-chemie.com\/es\/wp-json\/wp\/v2\/pages"}],"about":[{"href":"https:\/\/scibo-chemie.com\/es\/wp-json\/wp\/v2\/types\/page"}],"author":[{"embeddable":true,"href":"https:\/\/scibo-chemie.com\/es\/wp-json\/wp\/v2\/users\/1"}],"replies":[{"embeddable":true,"href":"https:\/\/scibo-chemie.com\/es\/wp-json\/wp\/v2\/comments?post=1272"}],"version-history":[{"count":4,"href":"https:\/\/scibo-chemie.com\/es\/wp-json\/wp\/v2\/pages\/1272\/revisions"}],"predecessor-version":[{"id":1281,"href":"https:\/\/scibo-chemie.com\/es\/wp-json\/wp\/v2\/pages\/1272\/revisions\/1281"}],"wp:attachment":[{"href":"https:\/\/scibo-chemie.com\/es\/wp-json\/wp\/v2\/media?parent=1272"}],"curies":[{"name":"wp","href":"https:\/\/api.w.org\/{rel}","templated":true}]}}