{"id":27,"date":"2024-10-24T11:30:47","date_gmt":"2024-10-24T09:30:47","guid":{"rendered":"http:\/\/scibo-chemie.com\/?page_id=27"},"modified":"2026-03-26T16:50:04","modified_gmt":"2026-03-26T15:50:04","slug":"impressum","status":"publish","type":"page","link":"https:\/\/scibo-chemie.com\/es\/impressum\/","title":{"rendered":"IMPRESSUM"},"content":{"rendered":"<div data-elementor-type=\"wp-page\" data-elementor-id=\"27\" class=\"elementor elementor-27\">\n\t\t\t\t<div class=\"elementor-element elementor-element-9da420c e-flex e-con-boxed e-con e-parent\" data-id=\"9da420c\" data-element_type=\"container\" data-e-type=\"container\">\n\t\t\t\t\t<div class=\"e-con-inner\">\n\t\t\t\t<div class=\"elementor-element elementor-element-cf11d5c elementor-widget elementor-widget-text-editor\" data-id=\"cf11d5c\" data-element_type=\"widget\" data-e-type=\"widget\" data-widget_type=\"text-editor.default\">\n\t\t\t\t<div class=\"elementor-widget-container\">\n\t\t\t\t\t\t\t\t\t<p class=\"p1\"><b>Scibo UG (responsabilidad limitada)<\/b><b><\/b><\/p><p class=\"p2\">Pol\u00edgono industrial A 10<br \/>92364 Deining<br \/>Alemania<\/p><p class=\"p1\"><b>Gesti\u00f3n<\/b><br \/>Nils Schmitz<\/p><p class=\"p1\"><b>P\u00f3ngase en contacto con nosotros<\/b><b><\/b><\/p><p class=\"p2\">Tel\u00e9fono: +49 9184 4069895-0<br \/>Correo electr\u00f3nico: info@scibo-chemie.com<br \/>P\u00e1gina web: www.scibo-chemie.com<\/p><p class=\"p1\"><b>Registro mercantil<\/b><b><\/b><\/p><p class=\"p2\">Tribunal de registro: Tribunal local (indique el tribunal de registro competente, por ejemplo, Nuremberg)<br \/>N\u00famero de registro: HRB 45634<\/p><p class=\"p1\"><b>N\u00famero de identificaci\u00f3n fiscal seg\u00fan \u00a7 27a UStG<\/b><br \/>DE460520098<\/p><p class=\"p1\">\u00a0<\/p><h2><b>Responsabilidad por los contenidos<\/b><\/h2><p class=\"p3\">El contenido de nuestras p\u00e1ginas se ha recopilado con el mayor cuidado. No asumimos ninguna responsabilidad por la exactitud, integridad y actualidad de la informaci\u00f3n facilitada. Como proveedor de servicios, somos responsables de nuestros propios contenidos de conformidad con el art\u00edculo 7 de la DDG.<\/p><h2><b>Responsabilidad de los enlaces<\/b><\/h2><p class=\"p3\">No asumimos ninguna responsabilidad por el contenido de los enlaces externos. El responsable es el proveedor correspondiente.<\/p><p style=\"font-weight: 400;\">\u00a0<\/p>\t\t\t\t\t\t\t\t<\/div>\n\t\t\t\t<\/div>\n\t\t\t\t\t<\/div>\n\t\t\t\t<\/div>\n\t\t\t\t<\/div>","protected":false},"excerpt":{"rendered":"<p>Scibo UG (haftungsbeschr\u00e4nkt) Gewerbepark A 1092364 DeiningDeutschland Gesch\u00e4ftsf\u00fchrungNils Schmitz Kontakt Telefon: +49 9184 4069895-0E-Mail: info@scibo-chemie.comWebsite: www.scibo-chemie.com Handelsregister Registergericht: Amtsgericht (zust\u00e4ndiges [&hellip;]<\/p>\n","protected":false},"author":1,"featured_media":0,"parent":0,"menu_order":0,"comment_status":"closed","ping_status":"closed","template":"","meta":{"site-sidebar-layout":"no-sidebar","site-content-layout":"","ast-site-content-layout":"full-width-container","site-content-style":"default","site-sidebar-style":"default","ast-global-header-display":"","ast-banner-title-visibility":"","ast-main-header-display":"","ast-hfb-above-header-display":"","ast-hfb-below-header-display":"","ast-hfb-mobile-header-display":"","site-post-title":"disabled","ast-breadcrumbs-content":"","ast-featured-img":"disabled","footer-sml-layout":"","ast-disable-related-posts":"","theme-transparent-header-meta":"","adv-header-id-meta":"","stick-header-meta":"","header-above-stick-meta":"","header-main-stick-meta":"","header-below-stick-meta":"","astra-migrate-meta-layouts":"default","ast-page-background-enabled":"default","ast-page-background-meta":{"desktop":{"background-color":"var(--ast-global-color-4)","background-image":"","background-repeat":"repeat","background-position":"center center","background-size":"auto","background-attachment":"scroll","background-type":"","background-media":"","overlay-type":"","overlay-color":"","overlay-opacity":"","overlay-gradient":""},"tablet":{"background-color":"","background-image":"","background-repeat":"repeat","background-position":"center center","background-size":"auto","background-attachment":"scroll","background-type":"","background-media":"","overlay-type":"","overlay-color":"","overlay-opacity":"","overlay-gradient":""},"mobile":{"background-color":"","background-image":"","background-repeat":"repeat","background-position":"center center","background-size":"auto","background-attachment":"scroll","background-type":"","background-media":"","overlay-type":"","overlay-color":"","overlay-opacity":"","overlay-gradient":""}},"ast-content-background-meta":{"desktop":{"background-color":"var(--ast-global-color-5)","background-image":"","background-repeat":"repeat","background-position":"center center","background-size":"auto","background-attachment":"scroll","background-type":"","background-media":"","overlay-type":"","overlay-color":"","overlay-opacity":"","overlay-gradient":""},"tablet":{"background-color":"var(--ast-global-color-5)","background-image":"","background-repeat":"repeat","background-position":"center center","background-size":"auto","background-attachment":"scroll","background-type":"","background-media":"","overlay-type":"","overlay-color":"","overlay-opacity":"","overlay-gradient":""},"mobile":{"background-color":"var(--ast-global-color-5)","background-image":"","background-repeat":"repeat","background-position":"center center","background-size":"auto","background-attachment":"scroll","background-type":"","background-media":"","overlay-type":"","overlay-color":"","overlay-opacity":"","overlay-gradient":""}},"footnotes":""},"class_list":["post-27","page","type-page","status-publish","hentry"],"_links":{"self":[{"href":"https:\/\/scibo-chemie.com\/es\/wp-json\/wp\/v2\/pages\/27","targetHints":{"allow":["GET"]}}],"collection":[{"href":"https:\/\/scibo-chemie.com\/es\/wp-json\/wp\/v2\/pages"}],"about":[{"href":"https:\/\/scibo-chemie.com\/es\/wp-json\/wp\/v2\/types\/page"}],"author":[{"embeddable":true,"href":"https:\/\/scibo-chemie.com\/es\/wp-json\/wp\/v2\/users\/1"}],"replies":[{"embeddable":true,"href":"https:\/\/scibo-chemie.com\/es\/wp-json\/wp\/v2\/comments?post=27"}],"version-history":[{"count":10,"href":"https:\/\/scibo-chemie.com\/es\/wp-json\/wp\/v2\/pages\/27\/revisions"}],"predecessor-version":[{"id":1357,"href":"https:\/\/scibo-chemie.com\/es\/wp-json\/wp\/v2\/pages\/27\/revisions\/1357"}],"wp:attachment":[{"href":"https:\/\/scibo-chemie.com\/es\/wp-json\/wp\/v2\/media?parent=27"}],"curies":[{"name":"wp","href":"https:\/\/api.w.org\/{rel}","templated":true}]}}