{"id":29,"date":"2024-10-24T11:30:57","date_gmt":"2024-10-24T09:30:57","guid":{"rendered":"http:\/\/scibo-chemie.com\/?page_id=29"},"modified":"2026-03-26T16:53:32","modified_gmt":"2026-03-26T15:53:32","slug":"datenschutz","status":"publish","type":"page","link":"https:\/\/scibo-chemie.com\/es\/datenschutz\/","title":{"rendered":"DATENSCHUTZ"},"content":{"rendered":"<div data-elementor-type=\"wp-page\" data-elementor-id=\"29\" class=\"elementor elementor-29\">\n\t\t\t\t<div class=\"elementor-element elementor-element-d60c744 e-flex e-con-boxed e-con e-parent\" data-id=\"d60c744\" data-element_type=\"container\" data-e-type=\"container\">\n\t\t\t\t\t<div class=\"e-con-inner\">\n\t\t\t\t<div class=\"elementor-element elementor-element-021d70e elementor-widget elementor-widget-text-editor\" data-id=\"021d70e\" data-element_type=\"widget\" data-e-type=\"widget\" data-widget_type=\"text-editor.default\">\n\t\t\t\t<div class=\"elementor-widget-container\">\n\t\t\t\t\t\t\t\t\t<h2 class=\"wp-block-heading\">Pol\u00edtica de privacidad<\/h2><p>Los datos personales (en lo sucesivo denominados \u201edatos\u201c) son procesados por nosotros \u00fanicamente en la medida necesaria y con el fin de proporcionar un sitio web funcional y f\u00e1cil de usar, incluyendo su contenido y los servicios que en \u00e9l se ofrecen.<\/p><p>De conformidad con el art\u00edculo 4, apartado 1, del Reglamento (UE) 2016\/679, es decir, el Reglamento general de protecci\u00f3n de datos (en lo sucesivo, \u201eRGPD\u201c), se entender\u00e1 por \u201etratamiento\u201c cualquier operaci\u00f3n o conjunto de operaciones, efectuadas o no mediante procedimientos automatizados, y aplicadas a datos personales o a conjuntos de datos personales, como la recogida, registro, organizaci\u00f3n, estructuraci\u00f3n, conservaci\u00f3n, adaptaci\u00f3n o modificaci\u00f3n, extracci\u00f3n, consulta, utilizaci\u00f3n, comunicaci\u00f3n por transmisi\u00f3n, difusi\u00f3n o cualquier otra forma de habilitaci\u00f3n de acceso, cotejo o interconexi\u00f3n, limitaci\u00f3n, supresi\u00f3n o destrucci\u00f3n.<\/p><p>Con la siguiente pol\u00edtica de privacidad, le informamos en particular sobre el tipo, el alcance, la finalidad, la duraci\u00f3n y la base jur\u00eddica del tratamiento de los datos personales, en la medida en que decidimos solos o junto con otros sobre los fines y los medios del tratamiento. Adem\u00e1s, a continuaci\u00f3n le informamos sobre los componentes de terceros que utilizamos con fines de optimizaci\u00f3n y para aumentar la calidad de uso, en la medida en que los terceros procesan los datos bajo su propia responsabilidad.<\/p><p>Nuestra pol\u00edtica de privacidad est\u00e1 estructurada de la siguiente manera:<\/p><p>I. Informaci\u00f3n sobre nosotros como responsables del tratamiento<br \/>II Derechos de los usuarios y los interesados<br \/>III. Informaci\u00f3n sobre el tratamiento de datos<\/p><h3 class=\"wp-block-heading\">I. Informaci\u00f3n sobre nosotros como responsables del tratamiento<\/h3><p>El proveedor responsable de este sitio web en t\u00e9rminos de la ley de protecci\u00f3n de datos es<\/p><p>Scibo UG (responsabilidad limitada) <br \/>Nils Schmitz<br \/>Pol\u00edgono industrial A 10<br \/>92364 Deining<\/p><p>Tel\u00e9fono: +49 9184 4069895-0<br \/>Correo electr\u00f3nico: info@scibo-chemie.com<\/p><h3 class=\"wp-block-heading\">II Derechos de los usuarios y los interesados<\/h3><p>En relaci\u00f3n con el tratamiento de datos que se describe con m\u00e1s detalle a continuaci\u00f3n, los usuarios y los interesados tienen derecho a<\/p><ul class=\"wp-block-list\"><li>a la confirmaci\u00f3n de si se est\u00e1n tratando datos que les conciernen, a la informaci\u00f3n sobre los datos tratados, a m\u00e1s informaci\u00f3n sobre el tratamiento de datos y a copias de los datos (v\u00e9ase tambi\u00e9n el art\u00edculo 15 del RGPD);<\/li><li>a rectificar o completar los datos incorrectos o incompletos (v\u00e9ase tambi\u00e9n el art\u00edculo 16 del RGPD);<\/li><li>a la supresi\u00f3n inmediata de los datos que les conciernen (v\u00e9ase tambi\u00e9n el art\u00edculo 17 del GDPR) o, alternativamente, si se requiere un tratamiento posterior de conformidad con el art\u00edculo 17 (3) del GDPR, a la restricci\u00f3n del tratamiento de conformidad con el art\u00edculo 18 del GDPR;<\/li><li>recibir los datos que les conciernen y que han facilitado y transferir estos datos a otros proveedores\/responsables del tratamiento (cf. tambi\u00e9n art. 20 GDPR);<\/li><li>presentar una reclamaci\u00f3n ante la autoridad de control si considera que el proveedor est\u00e1 tratando los datos que le conciernen infringiendo la normativa sobre protecci\u00f3n de datos (v\u00e9ase tambi\u00e9n el art\u00edculo 77 del RGPD).<\/li><\/ul><p>Adem\u00e1s, el proveedor est\u00e1 obligado a informar a todos los destinatarios a los que haya revelado datos de cualquier correcci\u00f3n o supresi\u00f3n de datos o de la restricci\u00f3n del tratamiento que tenga lugar sobre la base de los art\u00edculos 16, 17, apartado 1, y 18 del RGPD. Sin embargo, esta obligaci\u00f3n no se aplica si esta notificaci\u00f3n es imposible o supone un esfuerzo desproporcionado. No obstante, el usuario tiene derecho a recibir informaci\u00f3n sobre estos destinatarios.<\/p><p><strong>De conformidad con el art\u00edculo 21 del RGPD, los usuarios y los interesados tambi\u00e9n tienen derecho a oponerse al tratamiento futuro de los datos que les conciernen, siempre que los datos sean tratados por el proveedor de conformidad con el art\u00edculo 6, apartado 1, letra f) del RGPD. En particular, se permite la oposici\u00f3n al tratamiento de datos con fines de publicidad directa.<\/strong><\/p><h3 class=\"wp-block-heading\">III. Informaci\u00f3n sobre el tratamiento de datos<\/h3><p>Sus datos procesados al utilizar nuestro sitio web se eliminar\u00e1n o bloquear\u00e1n en cuanto deje de ser aplicable la finalidad del almacenamiento, la eliminaci\u00f3n de los datos no entre en conflicto con ninguna obligaci\u00f3n legal de conservaci\u00f3n y no se facilite m\u00e1s informaci\u00f3n a continuaci\u00f3n sobre procedimientos de procesamiento individuales.<\/p><h4 class=\"jet-listing-dynamic-field__content\">Administrador de cookies<\/h4><p>El proveedor utiliza un gestor de cookies para obtener el consentimiento para el uso de cookies t\u00e9cnicamente innecesarias en el sitio web.<\/p><p>Cuando se accede al sitio web, se almacena una cookie con la informaci\u00f3n de configuraci\u00f3n en el dispositivo final del usuario, de modo que no sea necesario solicitar el consentimiento en una visita posterior.<\/p><p>La cookie es necesaria para obtener el consentimiento del usuario conforme a la ley.<\/p><p>El usuario puede impedir o detener la instalaci\u00f3n de cookies cambiando la configuraci\u00f3n de su navegador.<\/p><h4 class=\"jet-listing-dynamic-field__content\">Cookies<\/h4><h5>a) Cookies de sesi\u00f3n\/session cookies<\/h5><p>En nuestro sitio web utilizamos las denominadas cookies. Las cookies son peque\u00f1os archivos de texto u otras tecnolog\u00edas de almacenamiento que el navegador de Internet que usted utiliza coloca y almacena en su dispositivo final. Estas cookies procesan determinada informaci\u00f3n suya, como los datos de su navegador o de su ubicaci\u00f3n o su direcci\u00f3n IP, de forma individualizada.<\/p><p>Este procesamiento hace que nuestro sitio web sea m\u00e1s f\u00e1cil de usar, eficaz y seguro, ya que el procesamiento permite, por ejemplo, la reproducci\u00f3n de nuestro sitio web en diferentes idiomas o la oferta de una funci\u00f3n de cesta de la compra.<\/p><p>La base legal para este procesamiento es el Art. 6 para. 1 lit. b.) GDPR, en la medida en que estas cookies procesan datos para el inicio o el cumplimiento del contrato.<\/p><p>Si el tratamiento no sirve para iniciar o cumplir un contrato, nuestro inter\u00e9s leg\u00edtimo reside en mejorar la funcionalidad de nuestro sitio web. La base jur\u00eddica en este caso es el art. 6, apdo. 1, letra f) del RGPD.<\/p><p>Estas cookies de sesi\u00f3n se eliminan al cerrar el navegador de Internet.<\/p><h5>b) Cookies de terceros<\/h5><p>Nuestro sitio web tambi\u00e9n puede utilizar cookies de empresas asociadas con las que trabajamos con fines publicitarios, de an\u00e1lisis o de las funcionalidades de nuestro sitio web.<\/p><p>Consulte la siguiente informaci\u00f3n para obtener m\u00e1s detalles, en particular los fines y la base jur\u00eddica para el tratamiento de dichas cookies de terceros.<\/p><h5>c) Posibilidad de eliminaci\u00f3n<\/h5><p>Puede impedir o restringir la instalaci\u00f3n de cookies modificando la configuraci\u00f3n de su navegador de Internet. Tambi\u00e9n puede eliminar en cualquier momento las cookies que ya se hayan guardado. No obstante, los pasos y medidas necesarios para ello dependen del navegador de Internet espec\u00edfico que utilice. Si tiene alguna duda, utilice la funci\u00f3n de ayuda o la documentaci\u00f3n de su navegador de Internet o p\u00f3ngase en contacto con el fabricante o el servicio de asistencia. Sin embargo, en el caso de las denominadas cookies Flash, el procesamiento no puede impedirse a trav\u00e9s de la configuraci\u00f3n del navegador. En su lugar, debe cambiar la configuraci\u00f3n de su reproductor Flash. Los pasos y medidas necesarios para ello tambi\u00e9n dependen del reproductor Flash espec\u00edfico que est\u00e9 utilizando. Si tiene alguna duda, utilice tambi\u00e9n la funci\u00f3n de ayuda o la documentaci\u00f3n de su reproductor Flash o p\u00f3ngase en contacto con el fabricante o el servicio de atenci\u00f3n al usuario.<\/p><p>No obstante, si impide o restringe la instalaci\u00f3n de cookies, es posible que no pueda utilizar todas las funciones de nuestro sitio web en toda su extensi\u00f3n.<\/p><h4 class=\"jet-listing-dynamic-field__content\">Consultas \/ opci\u00f3n de contacto<\/h4><p>Si se pone en contacto con nosotros a trav\u00e9s del formulario de contacto o por correo electr\u00f3nico, los datos que nos facilite se utilizar\u00e1n para tramitar su consulta. El suministro de los datos es necesario para procesar y responder a su consulta; sin ellos no podemos responder a su consulta o solo podemos hacerlo de forma limitada.<\/p><p>La base jur\u00eddica de este tratamiento es el art\u00edculo 6, apartado 1, letra b) del RGPD.<\/p><p>Sus datos se suprimir\u00e1n si su consulta ha recibido una respuesta concluyente y la supresi\u00f3n no entra en conflicto con ninguna obligaci\u00f3n legal de conservaci\u00f3n, como en el caso de la tramitaci\u00f3n posterior de un contrato.<\/p><h4 class=\"jet-listing-dynamic-field__content\">Bolet\u00edn<\/h4><p>Si se registra para recibir nuestro bolet\u00edn gratuito, se nos transmitir\u00e1n los datos que se le solicitan a tal efecto, es decir, su direcci\u00f3n de correo electr\u00f3nico y -opcionalmente- su nombre y direcci\u00f3n. Al mismo tiempo, almacenamos la direcci\u00f3n IP de la conexi\u00f3n a Internet desde la que accede a nuestro sitio web, as\u00ed como la fecha y hora de su registro. Como parte del proceso de registro posterior, obtendremos su consentimiento para enviarle el bolet\u00edn de noticias, describir el contenido detalladamente y remitirle a esta pol\u00edtica de privacidad. Los datos recogidos en este proceso se utilizan exclusivamente para el env\u00edo del bolet\u00edn, por lo que no se transmiten a terceros.<\/p><p>La base jur\u00eddica para ello es el art\u00edculo 6, apartado 1, letra a) del GDPR.<\/p><p>Puede revocar su consentimiento para recibir el bolet\u00edn en cualquier momento con efectos para el futuro de conformidad con el art. 7, apdo. 3 del RGPD. Solo tiene que informarnos de su cancelaci\u00f3n o hacer clic en el enlace para darse de baja que figura en cada bolet\u00edn.<\/p><h4 class=\"jet-listing-dynamic-field__content\">Datos del servidor<\/h4><p>Por razones t\u00e9cnicas, en particular para garantizar una presencia en Internet segura y estable, su navegador de Internet nos transmite datos a nosotros o a nuestro proveedor de espacio web. Con estos denominados archivos de registro del servidor se recopilan, entre otros, el tipo y la versi\u00f3n de su navegador de Internet, el sistema operativo, la p\u00e1gina web desde la que ha pasado a nuestra presencia en Internet (URL de referencia), la(s) p\u00e1gina(s) web de nuestra presencia en Internet que visita, la fecha y la hora del respectivo acceso y la direcci\u00f3n IP de la conexi\u00f3n a Internet desde la que tiene lugar el uso de nuestra presencia en Internet.<\/p><p>Los datos recogidos de este modo se almacenan temporalmente, pero no junto con otros datos sobre usted.<\/p><p>Este almacenamiento tiene lugar sobre la base legal del Art. 6 para. 1 lit. f) GDPR. Nuestro inter\u00e9s leg\u00edtimo reside en la mejora, estabilidad, funcionalidad y seguridad de nuestro sitio web.<\/p><p>Los datos se suprimir\u00e1n transcurridos siete d\u00edas como m\u00e1ximo, a menos que sea necesario seguir almacen\u00e1ndolos a efectos probatorios. En caso contrario, se excluye la supresi\u00f3n total o parcial de los datos hasta el esclarecimiento definitivo del incidente.<\/p><h4 class=\"jet-listing-dynamic-field__content\">facebook<\/h4><p>Meta Platforms Ireland Limited, 4 Grand Canal Square, Dubl\u00edn 2, Irlanda.<\/p><p>Pol\u00edtica de privacidad:\u00a0<a href=\"https:\/\/www.facebook.com\/policy.php\" target=\"_blank\" rel=\"nofollow noopener\">https:\/\/www.facebook.com\/policy.php<\/a><\/p><h4 class=\"jet-listing-dynamic-field__content\">Instagram<\/h4><p>Meta Platforms Ireland Limited, 4 Grand Canal Square, Dubl\u00edn 2, Irlanda.<\/p><p>Pol\u00edtica de privacidad:\u00a0<a href=\"https:\/\/help.instagram.com\/519522125107875\" target=\"_blank\" rel=\"nofollow noopener\">https:\/\/help.instagram.com\/519522125107875<\/a><\/p><h4 class=\"jet-listing-dynamic-field__content\">LinkedIn<\/h4><p>LinkedIn Ireland Unlimited Company, Wilton Plaza, Wilton Place, Dubl\u00edn 2, Irlanda, filial de LinkedIn Corporation, 1000 W. Maude Avenue, Sunnyvale, CA 94085 USA.<\/p><p>Pol\u00edtica de privacidad: <a href=\"https:\/\/www.linkedin.com\/legal\/privacy-policy\" target=\"_blank\" rel=\"noopener nofollow\">https:\/\/www.linkedin.com\/legal\/privacy-policy<\/a><\/p><h4 class=\"jet-listing-dynamic-field__content\">Google Analytics<\/h4><p>En nuestro sitio web utilizamos Google Analytics, un servicio anal\u00edtico de web prestado por Google Ireland Limited, Gordon House, Barrow Street, Dubl\u00edn 4, Irlanda, una filial de Google LLC, 1600 Amphitheatre Parkway, Mountain View, CA 94043 EE.UU., en adelante \u201eGoogle\u201c.<\/p><p>Google Analytics nos ayuda a analizar el uso del sitio web y a medir la eficacia de nuestras campa\u00f1as de marketing. La base jur\u00eddica para ello es el art\u00edculo 6, apartado 1, letra a) del RGPD. El usuario puede revocar su consentimiento para el uso de Google Analytics en cualquier momento para el futuro de conformidad con el Art. 7 p\u00e1rrafo 3 GDPR a trav\u00e9s de la \u201econfiguraci\u00f3n de cookies\u201c en nuestro sitio web.<\/p><p>La informaci\u00f3n como la hora, el lugar y la frecuencia de las visitas al sitio web y las interacciones con el sitio web (por ejemplo, rutas de clics, anuncios vistos\/hechos clic, clics en enlaces), incluida la direcci\u00f3n IP del usuario, se transmite a un servidor de Google en EE.UU. y se almacena all\u00ed durante un m\u00e1ximo de 2 meses.<\/p><p>Google LLC forma parte del \u201eMarco de Privacidad de Datos\u201c para el que la Comisi\u00f3n de la UE ha emitido una decisi\u00f3n de adecuaci\u00f3n de conformidad con el Art. 45 GDPR:<\/p><p><a href=\"https:\/\/www.dataprivacyframework.gov\/list\" target=\"_blank\" rel=\"nofollow noopener\">https:\/\/www.dataprivacyframework.gov\/list<\/a><\/p><p>Google tambi\u00e9n registra \u201ecaracter\u00edsticas demogr\u00e1ficas\u201c y puede recopilar estad\u00edsticas que permiten hacer afirmaciones sobre la edad, el sexo y los intereses de los visitantes del sitio. Para ello, analiza autom\u00e1ticamente la publicidad y la informaci\u00f3n de terceros proveedores.<\/p><p>Si el usuario ha activado los anuncios personalizados en su cuenta de Google y acepta Google Analytics, Google puede analizar el comportamiento de uso entre dispositivos, es decir, entre todos los dispositivos que el usuario haya vinculado a su cuenta de Google. Google crea modelos para las conversiones entre dispositivos; con este fin, solo se nos transmiten estad\u00edsticas an\u00f3nimas, no datos personales.<\/p><p>Si el usuario desea desactivar este an\u00e1lisis entre dispositivos, puede desactivar la funci\u00f3n \u201ePublicidad personalizada\u201c en la configuraci\u00f3n de su cuenta de Google en el siguiente enlace:<\/p><p><a href=\"https:\/\/support.google.com\/ads\/answer\/2662922?hl=de\" target=\"_blank\" rel=\"nofollow noopener\">https:\/\/support.google.com\/ads\/answer\/2662922?hl=de<\/a><\/p><p>Utilizamos Google Analytics con una funci\u00f3n de anonimizaci\u00f3n. Esto significa que la direcci\u00f3n IP del usuario es truncada por Google dentro de los Estados miembros de la UE o en otros Estados signatarios del Acuerdo EEE.<\/p><p>Google utiliza los datos recopilados para analizar la visita del usuario al sitio web y para elaborar informes sobre la actividad del sitio web para nosotros. Los datos tambi\u00e9n se utilizan para prestar otros servicios relacionados con el uso del sitio web y de Internet. Google podr\u00e1 transmitir dicha informaci\u00f3n a terceros cuando as\u00ed se lo requiera la legislaci\u00f3n, o cuando dichos terceros procesen la informaci\u00f3n por cuenta de Google.<\/p><p>Seg\u00fan su propia informaci\u00f3n, Google nunca vincular\u00e1 la direcci\u00f3n IP del usuario con otros datos de Google. Google ofrece m\u00e1s informaci\u00f3n y opciones para evitar el uso de datos aqu\u00ed:<\/p><p><a href=\"https:\/\/www.google.com\/intl\/de\/policies\/privacy\/partners\" target=\"_blank\" rel=\"nofollow noopener\">https:\/\/www.google.com\/intl\/de\/policies\/privacy\/partners<\/a><\/p><p>Si el usuario no est\u00e1 de acuerdo con la recopilaci\u00f3n de datos, tambi\u00e9n puede evitarlo instalando el complemento del navegador para desactivar Google Analytics.<\/p><h4 class=\"jet-listing-dynamic-field__content\">Google Tag Manager<\/h4><p>Utilizamos Google Tag Manager para integrar diversas funciones en nuestro sitio web. Este producto proviene de Google Ireland Limited, Gordon House, Barrow Street, Dubl\u00edn 4, Irlanda, una filial de Google LLC, 1600 Amphitheatre Parkway, Mountain View, CA 94043 EE.UU., en adelante \u201eGoogle\u201c.<\/p><p>Google Tag Manager se utiliza exclusivamente para integrar determinados contenidos en nuestro sitio web y para permitir la gesti\u00f3n de estas funciones a trav\u00e9s de una interfaz proporcionada por Google.<\/p><p>Cuando se accede al sitio web, las funciones correspondientes se cargan desde un servidor de Google, que tambi\u00e9n puede estar ubicado en EE.UU.. La direcci\u00f3n IP del usuario se procesa para proporcionar las funciones.<\/p><p>Las funciones utilizadas se enumeran de forma concluyente en nuestra pol\u00edtica de privacidad. Los consentimientos no otorgados por el usuario para determinadas funciones tambi\u00e9n se observan al utilizar Google Tag Manager.<\/p><p>Google LLC tambi\u00e9n forma parte del \u201eMarco de Privacidad de Datos\u201c, para el que la Comisi\u00f3n de la UE ha emitido una decisi\u00f3n de adecuaci\u00f3n de conformidad con el Art. 45 GDPR:<\/p><p><a href=\"https:\/\/www.dataprivacyframework.gov\/list\" target=\"_blank\" rel=\"nofollow noopener\">https:\/\/www.dataprivacyframework.gov\/list<\/a><\/p><p>La base legal para el uso es el Art. 6 p\u00e1rrafo 1 lit. f GDPR. Nuestro inter\u00e9s leg\u00edtimo reside en la optimizaci\u00f3n y el funcionamiento econ\u00f3mico de nuestro sitio web.<\/p><h4 class=\"jet-listing-dynamic-field__content\">Fuentes Google<\/h4><p>En nuestro sitio web utilizamos Google Fonts para mostrar fuentes externas. Se trata de un servicio prestado por Google Ireland Limited, Gordon House, Barrow Street, Dubl\u00edn 4, Irlanda, en adelante \u201eGoogle\u201c.<\/p><p>Para permitir la visualizaci\u00f3n de determinadas fuentes en nuestro sitio web, se establece una conexi\u00f3n con el servidor de Google en EE.UU. cuando se accede a nuestro sitio web.<\/p><p>La base jur\u00eddica es el art\u00edculo 6, apartado 1, letra f) del GDPR. Nuestro inter\u00e9s leg\u00edtimo reside en la optimizaci\u00f3n y el funcionamiento econ\u00f3mico de nuestro sitio web.<\/p><p>La conexi\u00f3n con Google que se establece al acceder a nuestro sitio web permite a Google determinar desde qu\u00e9 sitio web se ha enviado su consulta y a qu\u00e9 direcci\u00f3n IP debe transmitirse la visualizaci\u00f3n de la fuente.<\/p><p>Google ofrece bajo<\/p><p><a href=\"https:\/\/adssettings.google.com\/authenticated\" target=\"_blank\" rel=\"noopener nofollow\">https:\/\/adssettings.google.com\/authenticated<\/a><\/p><p><a href=\"https:\/\/policies.google.com\/privacy\" target=\"_blank\" rel=\"noopener nofollow\">https:\/\/policies.google.com\/privacy<\/a><\/p><p>m\u00e1s informaci\u00f3n, en particular sobre las opciones para impedir el uso de datos.<\/p><h4 class=\"jet-listing-dynamic-field__content\">Google reCAPTCHA<\/h4><p>En nuestro sitio web utilizamos Google reCAPTCHA para comprobar y evitar interacciones en nuestro sitio web a trav\u00e9s de accesos automatizados, por ejemplo, de los denominados bots. Se trata de un servicio prestado por Google Ireland Limited, Gordon House, Barrow Street, Dubl\u00edn 4, Irlanda, en adelante \u201eGoogle\u201c.<\/p><p>Este servicio permite a Google determinar desde qu\u00e9 sitio web se env\u00eda una solicitud y desde qu\u00e9 direcci\u00f3n IP est\u00e1 utilizando el denominado cuadro de entrada reCAPTCHA. Adem\u00e1s de su direcci\u00f3n IP, Google puede recopilar otra informaci\u00f3n necesaria para la prestaci\u00f3n y garant\u00eda de este servicio.<\/p><p>La base jur\u00eddica es el art. 6 p\u00e1rr. 1 lit. f) GDPR. Nuestro inter\u00e9s leg\u00edtimo reside en la seguridad de nuestro sitio web y en la defensa frente a accesos no deseados y automatizados en forma de spam o similares.<\/p><p>Google ofrece bajo<\/p><p><a href=\"https:\/\/policies.google.com\/privacy\" target=\"_blank\" rel=\"noopener nofollow\">https:\/\/policies.google.com\/privacy<\/a><\/p><p>m\u00e1s informaci\u00f3n sobre el tratamiento general de sus datos de usuario.<\/p><p><a href=\"https:\/\/www.generator-datenschutzerkl\u00e4rung.de\" target=\"_blank\" rel=\"noopener\">Modelo de declaraci\u00f3n de protecci\u00f3n de datos<\/a> el <a href=\"https:\/\/www.bewertung-l\u00f6schen24.de\" target=\"_blank\" rel=\"nofollow noopener\">Bufete Wei\u00df &amp; Partner<\/a><\/p>\t\t\t\t\t\t\t\t<\/div>\n\t\t\t\t<\/div>\n\t\t\t\t\t<\/div>\n\t\t\t\t<\/div>\n\t\t\t\t<\/div>","protected":false},"excerpt":{"rendered":"<p>Datenschutzerkl\u00e4rung Personenbezogene Daten (nachfolgend zumeist nur \u201eDaten\u201c genannt) werden von uns nur im Rahmen der Erforderlichkeit sowie zum Zwecke der [&hellip;]<\/p>\n","protected":false},"author":1,"featured_media":0,"parent":0,"menu_order":0,"comment_status":"closed","ping_status":"closed","template":"","meta":{"site-sidebar-layout":"no-sidebar","site-content-layout":"","ast-site-content-layout":"full-width-container","site-content-style":"default","site-sidebar-style":"default","ast-global-header-display":"","ast-banner-title-visibility":"","ast-main-header-display":"","ast-hfb-above-header-display":"","ast-hfb-below-header-display":"","ast-hfb-mobile-header-display":"","site-post-title":"disabled","ast-breadcrumbs-content":"","ast-featured-img":"disabled","footer-sml-layout":"","ast-disable-related-posts":"","theme-transparent-header-meta":"","adv-header-id-meta":"","stick-header-meta":"","header-above-stick-meta":"","header-main-stick-meta":"","header-below-stick-meta":"","astra-migrate-meta-layouts":"default","ast-page-background-enabled":"default","ast-page-background-meta":{"desktop":{"background-color":"var(--ast-global-color-4)","background-image":"","background-repeat":"repeat","background-position":"center center","background-size":"auto","background-attachment":"scroll","background-type":"","background-media":"","overlay-type":"","overlay-color":"","overlay-opacity":"","overlay-gradient":""},"tablet":{"background-color":"","background-image":"","background-repeat":"repeat","background-position":"center center","background-size":"auto","background-attachment":"scroll","background-type":"","background-media":"","overlay-type":"","overlay-color":"","overlay-opacity":"","overlay-gradient":""},"mobile":{"background-color":"","background-image":"","background-repeat":"repeat","background-position":"center center","background-size":"auto","background-attachment":"scroll","background-type":"","background-media":"","overlay-type":"","overlay-color":"","overlay-opacity":"","overlay-gradient":""}},"ast-content-background-meta":{"desktop":{"background-color":"var(--ast-global-color-5)","background-image":"","background-repeat":"repeat","background-position":"center center","background-size":"auto","background-attachment":"scroll","background-type":"","background-media":"","overlay-type":"","overlay-color":"","overlay-opacity":"","overlay-gradient":""},"tablet":{"background-color":"var(--ast-global-color-5)","background-image":"","background-repeat":"repeat","background-position":"center center","background-size":"auto","background-attachment":"scroll","background-type":"","background-media":"","overlay-type":"","overlay-color":"","overlay-opacity":"","overlay-gradient":""},"mobile":{"background-color":"var(--ast-global-color-5)","background-image":"","background-repeat":"repeat","background-position":"center center","background-size":"auto","background-attachment":"scroll","background-type":"","background-media":"","overlay-type":"","overlay-color":"","overlay-opacity":"","overlay-gradient":""}},"footnotes":""},"class_list":["post-29","page","type-page","status-publish","hentry"],"_links":{"self":[{"href":"https:\/\/scibo-chemie.com\/es\/wp-json\/wp\/v2\/pages\/29","targetHints":{"allow":["GET"]}}],"collection":[{"href":"https:\/\/scibo-chemie.com\/es\/wp-json\/wp\/v2\/pages"}],"about":[{"href":"https:\/\/scibo-chemie.com\/es\/wp-json\/wp\/v2\/types\/page"}],"author":[{"embeddable":true,"href":"https:\/\/scibo-chemie.com\/es\/wp-json\/wp\/v2\/users\/1"}],"replies":[{"embeddable":true,"href":"https:\/\/scibo-chemie.com\/es\/wp-json\/wp\/v2\/comments?post=29"}],"version-history":[{"count":7,"href":"https:\/\/scibo-chemie.com\/es\/wp-json\/wp\/v2\/pages\/29\/revisions"}],"predecessor-version":[{"id":1360,"href":"https:\/\/scibo-chemie.com\/es\/wp-json\/wp\/v2\/pages\/29\/revisions\/1360"}],"wp:attachment":[{"href":"https:\/\/scibo-chemie.com\/es\/wp-json\/wp\/v2\/media?parent=29"}],"curies":[{"name":"wp","href":"https:\/\/api.w.org\/{rel}","templated":true}]}}