{"id":766,"date":"2025-01-04T15:45:30","date_gmt":"2025-01-04T14:45:30","guid":{"rendered":"http:\/\/scibo-chemie.com\/?page_id=766"},"modified":"2026-03-26T16:55:32","modified_gmt":"2026-03-26T15:55:32","slug":"agb","status":"publish","type":"page","link":"https:\/\/scibo-chemie.com\/es\/agb\/","title":{"rendered":"GTC"},"content":{"rendered":"<div data-elementor-type=\"wp-page\" data-elementor-id=\"766\" class=\"elementor elementor-766\">\n\t\t\t\t<div class=\"elementor-element elementor-element-980b5e1 e-flex e-con-boxed e-con e-parent\" data-id=\"980b5e1\" data-element_type=\"container\" data-e-type=\"container\">\n\t\t\t\t\t<div class=\"e-con-inner\">\n\t\t\t\t<div class=\"elementor-element elementor-element-5afbdb2 elementor-widget elementor-widget-text-editor\" data-id=\"5afbdb2\" data-element_type=\"widget\" data-e-type=\"widget\" data-widget_type=\"text-editor.default\">\n\t\t\t\t<div class=\"elementor-widget-container\">\n\t\t\t\t\t\t\t\t\t<p class=\"p1\"><b>Condiciones generales de venta<\/b><\/p><p class=\"p1\">de Scibo UG (haftungsbeschr\u00e4nkt) , Gewerbepark A 10, 92364 Deining - en lo sucesivo \u201eVendedor\u201c -.<\/p><p class=\"p1\"><b>\u00a7 1 \u00c1mbito de aplicaci\u00f3n<\/b><\/p><p class=\"p2\">1 Las presentes Condiciones Generales de Venta se aplican a todos los contratos celebrados entre el Vendedor y sus clientes -en adelante, el \"Comprador\"- para la venta y\/o entrega de bienes muebles.<\/p><p class=\"p2\">2 Las presentes Condiciones Generales de Venta ser\u00e1n de aplicaci\u00f3n exclusiva. El Vendedor no reconocer\u00e1 ninguna condici\u00f3n del Comprador que difiera o entre en conflicto con las presentes, a menos que se haya acordado expresamente por escrito.<\/p><p class=\"p2\">3 Estas Condiciones Generales de Venta tambi\u00e9n se aplicar\u00e1n si el Vendedor realiza la entrega sin reservas a sabiendas de que las condiciones del Comprador entran en conflicto con estas Condiciones o se desv\u00edan de ellas.<\/p><p class=\"p2\">4 Las presentes Condiciones Generales de Venta s\u00f3lo se aplicar\u00e1n a los empresarios, personas jur\u00eddicas de derecho p\u00fablico.<\/p><p class=\"p1\"><b>\u00a7 2 Celebraci\u00f3n del contrato<\/b><\/p><p class=\"p2\">1. el pedido del comprador constituye una oferta vinculante que el vendedor puede aceptar en el plazo de una semana a partir de su recepci\u00f3n mediante el env\u00edo de una confirmaci\u00f3n de pedido o la entrega de la mercanc\u00eda. Las ofertas realizadas por el vendedor antes de este plazo est\u00e1n sujetas a cambios.<\/p><p class=\"p2\">2 El Vendedor se reserva el derecho de propiedad y de autor sobre ilustraciones, dibujos, c\u00e1lculos y otros documentos. Esto tambi\u00e9n se aplica a aquellos documentos escritos que est\u00e9n etiquetados como confidenciales. El Comprador necesitar\u00e1 el consentimiento expreso por escrito del Vendedor antes de transmitirlos a terceros.<\/p><p class=\"p1\"><b>\u00a7 3 Precios, pago y entrega<\/b><\/p><p class=\"p2\">1. Salvo que se acuerde otra cosa en casos concretos, se aplicar\u00e1n los precios vigentes en el momento de la celebraci\u00f3n del contrato, franco almac\u00e9n, m\u00e1s el IVA legal.<\/p><p class=\"p2\">2 Si los costes del vendedor por la mercanc\u00eda aumentan tras la celebraci\u00f3n del contrato debido a un aumento de los costes externos o a una modificaci\u00f3n de los tipos de cambio o de los precios de compra del vendedor, \u00e9ste tendr\u00e1 derecho a ajustar en consecuencia el precio de compra acordado.<\/p><p class=\"p2\">3 Si entre la celebraci\u00f3n del contrato y la entrega se incurre en gastos adicionales o incrementados -en particular derechos de aduana, impuestos, grav\u00e1menes, compensaci\u00f3n monetaria- debido a cambios en las normas legales, el vendedor tendr\u00e1 derecho a incrementar en consecuencia el precio de compra acordado. Lo mismo se aplica a las tasas de inspecci\u00f3n.<\/p><p class=\"p2\">4. nuestras reclamaciones de precio de compra son generalmente \"neto al contado\" y exigibles sin deducci\u00f3n alguna inmediatamente despu\u00e9s de la recepci\u00f3n de la factura, a menos que se haya acordado por escrito un plazo de pago diferente. El precio de compra vence y es pagadero en un plazo de 10 d\u00edas a partir de la facturaci\u00f3n y la entrega. No obstante, el vendedor tiene derecho en cualquier momento, incluso en el marco de una relaci\u00f3n comercial en curso, a realizar una entrega total o parcial s\u00f3lo contra pago anticipado.<\/p><p class=\"p2\">5 En caso de venta por env\u00edo (v\u00e9ase \u00a7 4 apartado 2), el Comprador correr\u00e1 con los gastos de transporte desde el almac\u00e9n y con los gastos de cualquier seguro de transporte solicitado por el Comprador. Los derechos de aduana, tasas, impuestos y dem\u00e1s cargas p\u00fablicas correr\u00e1n a cargo del Comprador.<\/p><p class=\"p2\">6. si el importe de la factura no se liquida en un plazo m\u00e1ximo de 10 d\u00edas naturales a partir de la fecha de la factura o en la fecha de vencimiento acordada de otro modo, el vendedor tendr\u00e1 derecho a reclamar intereses de demora y otros da\u00f1os causados por el impago del importe comprobado, pero como m\u00ednimo intereses por el importe estipulado por la ley, sin necesidad de un recordatorio especial.<\/p><p class=\"p2\">7. el comprador s\u00f3lo tendr\u00e1 derecho a compensaci\u00f3n o retenci\u00f3n en la medida en que su reclamaci\u00f3n haya sido legalmente establecida o sea indiscutible.<\/p><p class=\"p1\"><b>\u00a7 4 Plazo de ejecuci\u00f3n, transferencia del riesgo<\/b><\/p><p class=\"p2\">1. si los plazos de entrega han sido especificados por el vendedor y han constituido la base para la realizaci\u00f3n del pedido, dichos plazos se prorrogar\u00e1n en caso de huelga y casos de fuerza mayor por el tiempo que dure el retraso. Lo mismo se aplicar\u00e1 si el Comprador incumple sus obligaciones de cooperaci\u00f3n.<\/p><p class=\"p2\">2 La entrega se realizar\u00e1 franco almac\u00e9n, que es tambi\u00e9n el lugar de cumplimiento del servicio y de cualquier cumplimiento posterior. A petici\u00f3n y por cuenta del comprador, la mercanc\u00eda se enviar\u00e1 a otro destino (venta en destino). Salvo pacto en contrario, el vendedor tendr\u00e1 derecho a determinar por s\u00ed mismo el tipo de env\u00edo (en particular, empresa de transporte, ruta de env\u00edo, embalaje).<\/p><p class=\"p2\">3. el riesgo de p\u00e9rdida accidental y deterioro accidental de la mercanc\u00eda se transmitir\u00e1 al comprador a m\u00e1s tardar en el momento de la entrega. No obstante, en caso de venta por env\u00edo, el riesgo de p\u00e9rdida accidental y de deterioro accidental de la mercanc\u00eda, as\u00ed como el riesgo de retraso, se transmitir\u00e1n ya en el momento de la entrega de la mercanc\u00eda al transportista o a la persona o instituci\u00f3n designada de otro modo para efectuar el env\u00edo.<\/p><p class=\"p2\">4. si el comprador se demora en la aceptaci\u00f3n, \u00e9sta se considerar\u00e1 equivalente a la entrega.<\/p><p class=\"p1\"><b>\u00a7 5 Responsabilidad por defectos, garant\u00eda<\/b><\/p><p class=\"p2\">1. el vendedor responder\u00e1 en caso de defecto de conformidad con las disposiciones legales, siempre que no se deriven restricciones de lo siguiente<\/p><p class=\"p2\">2 No habr\u00e1 defecto en caso de falta o exceso de cumplimiento, siempre que la desviaci\u00f3n respectiva no exceda de 10 %. El precio de compra a pagar se basa en la cantidad realmente entregada.<\/p><p class=\"p2\">3 La mercanc\u00eda deber\u00e1 ser inspeccionada cuidadosamente inmediatamente despu\u00e9s de su entrega al Comprador o a un tercero designado por \u00e9ste. Con respecto a los defectos evidentes u otros defectos que hubieran sido reconocibles durante una inspecci\u00f3n cuidadosa inmediata, se considerar\u00e1n aprobados por el Comprador si el Vendedor no recibe una notificaci\u00f3n por escrito de los defectos en un plazo de siete d\u00edas laborables a partir de la entrega. Con respecto a otros defectos, se considerar\u00e1 que las mercanc\u00edas han sido aprobadas por el Comprador si el Vendedor no recibe una notificaci\u00f3n de defectos en un plazo de siete d\u00edas laborables a partir del momento en que el defecto se hizo evidente.<\/p><p class=\"p2\">4 Si el art\u00edculo es defectuoso, el vendedor puede elegir en primer lugar si realiza el cumplimiento posterior subsanando el defecto (rectificaci\u00f3n) o entregando un art\u00edculo sin defectos (entrega de sustituci\u00f3n). El derecho a rechazar el cumplimiento posterior en virtud de las condiciones legales no se ver\u00e1 afectado.<\/p><p class=\"p2\">5 El periodo de garant\u00eda es de un a\u00f1o. El periodo comienza con la transferencia del riesgo. Esto no se aplica a las reclamaciones por da\u00f1os debidos a un defecto.<\/p><p class=\"p2\">6 No se ofrecen garant\u00edas en sentido jur\u00eddico.<\/p><p class=\"p1\"><b>\u00a7 6 Compensaci\u00f3n<\/b><\/p><p class=\"p2\">1. la responsabilidad del vendedor por incumplimientos contractuales y extracontractuales se limita a dolo y negligencia grave. Esto no se aplica a los da\u00f1os a la vida, la integridad f\u00edsica y la salud del comprador, las reclamaciones por incumplimiento de obligaciones cardinales y la indemnizaci\u00f3n por da\u00f1os causados por demora. A este respecto, el vendedor ser\u00e1 responsable en cualquier grado de culpa.<\/p><p class=\"p2\">2 Las obligaciones cardinales son obligaciones cuyo cumplimiento es esencial para la correcta ejecuci\u00f3n del contrato y en cuyo cumplimiento conf\u00eda y puede confiar regularmente una parte contratante. En caso de incumplimiento de una obligaci\u00f3n de este tipo, la responsabilidad del vendedor se limitar\u00e1 a la indemnizaci\u00f3n de los da\u00f1os previsibles y t\u00edpicos.<\/p><p class=\"p2\">3. las limitaciones de responsabilidad resultantes del apartado 1 tambi\u00e9n se aplicar\u00e1n en caso de incumplimiento de obligaciones por o a favor de personas de cuya culpa sea responsable el vendedor de conformidad con las disposiciones legales.<\/p><p class=\"p1\"><b>\u00a7 7 Plazo de prescripci\u00f3n<\/b><\/p><p class=\"p2\">1. el plazo de prescripci\u00f3n general para reclamaciones derivadas de defectos materiales y defectos de titularidad es de un a\u00f1o a partir de la entrega. Si se ha acordado la aceptaci\u00f3n, el plazo de prescripci\u00f3n comenzar\u00e1 en el momento de la aceptaci\u00f3n.<\/p><p class=\"p2\">2. No obstante, las reclamaciones de indemnizaci\u00f3n por da\u00f1os y perjuicios del comprador por lesiones a la vida, la integridad f\u00edsica o la salud, o por da\u00f1os y perjuicios basados en un incumplimiento del deber por negligencia grave o intencionada, as\u00ed como en virtud de la Ley de responsabilidad por productos defectuosos, prescribir\u00e1n exclusivamente conforme a las disposiciones legales.<\/p><p class=\"p2\">3. las reclamaciones de pago del vendedor prescribir\u00e1n a los cinco a\u00f1os.<\/p><p class=\"p1\"><b>\u00a7 8 Reserva de dominio<\/b><\/p><p class=\"p2\">1. el vendedor conserva la propiedad de los bienes hasta que se hayan satisfecho todas las reclamaciones contra el comprador, incluso si los bienes espec\u00edficos ya han sido pagados.<\/p><p class=\"p2\">2 La mercanc\u00eda sujeta a reserva de dominio no podr\u00e1 pignorarse a terceros ni cederse en garant\u00eda antes del pago \u00edntegro de los cr\u00e9ditos garantizados. El comprador deber\u00e1 informar inmediatamente por escrito al vendedor en caso de que terceros tengan acceso a las mercanc\u00edas pertenecientes al vendedor.<\/p><p class=\"p2\">3 El comprador est\u00e1 autorizado, hasta nuevo aviso, a revender y\/o transformar la mercanc\u00eda sujeta a reserva de dominio en el curso ordinario de sus negocios. En este caso, se aplicar\u00e1n adem\u00e1s las siguientes disposiciones:<\/p><p class=\"p1\">a) La reserva de propiedad se extender\u00e1 al valor total de los productos resultantes de la transformaci\u00f3n, mezcla o combinaci\u00f3n de nuestras mercanc\u00edas, por lo que el vendedor se considerar\u00e1 fabricante. Si, en caso de transformaci\u00f3n, mezcla o combinaci\u00f3n con mercanc\u00edas de terceros, subsiste su derecho de propiedad, el vendedor adquirir\u00e1 la copropiedad en proporci\u00f3n a los valores de facturaci\u00f3n de las mercanc\u00edas transformadas, mezcladas o combinadas.<\/p><p class=\"p1\">b) Por la presente, el comprador cede al vendedor como garant\u00eda cualquier reclamaci\u00f3n frente a terceros derivada de la reventa de las mercanc\u00edas o productos en su totalidad o en la cuant\u00eda de cualquier cuota de copropiedad del vendedor de conformidad con el p\u00e1rrafo anterior. El vendedor acepta la cesi\u00f3n.<\/p><p class=\"p1\">c) El comprador seguir\u00e1 estando autorizado a cobrar las reclamaciones adem\u00e1s del vendedor. El vendedor se compromete a no cobrar las reclamaciones mientras el comprador cumpla con sus obligaciones de pago.<\/p><p class=\"p1\">d) Si el valor realizable de las garant\u00edas supera nuestras reclamaciones en m\u00e1s de 10 %, liberaremos garant\u00edas de nuestra elecci\u00f3n a petici\u00f3n del comprador.<\/p><p class=\"p1\"><b>\u00a7 9 Elecci\u00f3n de la ley aplicable, fuero competente<\/b><\/p><p class=\"p2\">1. el presente contrato se regir\u00e1 exclusivamente por la legislaci\u00f3n de los Pa\u00edses Bajos, con exclusi\u00f3n de la Convenci\u00f3n de las Naciones Unidas sobre los Contratos de Compraventa Internacional de Mercader\u00edas (CISG).<\/p><p class=\"p2\">2. la jurisdicci\u00f3n exclusiva para todos los litigios derivados de este contrato o relacionados con \u00e9l ser\u00e1 Amsterdam, Pa\u00edses Bajos.<\/p><p class=\"p1\"><b>\u00a7 10 Disposiciones finales<\/b><\/p><p class=\"p2\">1 En caso de que alguna de las disposiciones de las presentes condiciones sea o llegue a ser inv\u00e1lida en su totalidad o en parte, ello no afectar\u00e1 a la validez de las restantes disposiciones. La disposici\u00f3n inv\u00e1lida ser\u00e1 sustituida por la disposici\u00f3n legalmente admisible que m\u00e1s se aproxime al fin perseguido. Esto tambi\u00e9n se aplica en caso de laguna legal.<\/p><p class=\"p2\">2 Para el contenido de las presentes Condiciones Generales de Venta en las versiones inglesa y alemana se aplica lo siguiente: En la medida en que la versi\u00f3n inglesa no sea id\u00e9ntica al texto y a los t\u00e9rminos legales alemanes en su correspondiente entendimiento jur\u00eddico, s\u00f3lo el texto y el t\u00e9rmino alemanes tendr\u00e1n autoridad.<\/p>\t\t\t\t\t\t\t\t<\/div>\n\t\t\t\t<\/div>\n\t\t\t\t\t<\/div>\n\t\t\t\t<\/div>\n\t\t\t\t<\/div>","protected":false},"excerpt":{"rendered":"<p>Allgemeine Verkaufsbedingungen der Scibo UG (haftungsbeschr\u00e4nkt)\u00a0, Gewerbepark A 10, 92364 Deining \u2013 im Folgenden \u201eVerk\u00e4ufer\u201c \u2013 \u00a7 1 Geltungsbereich 1.Diese [&hellip;]<\/p>\n","protected":false},"author":1,"featured_media":0,"parent":0,"menu_order":0,"comment_status":"closed","ping_status":"closed","template":"","meta":{"site-sidebar-layout":"no-sidebar","site-content-layout":"","ast-site-content-layout":"full-width-container","site-content-style":"default","site-sidebar-style":"default","ast-global-header-display":"","ast-banner-title-visibility":"","ast-main-header-display":"","ast-hfb-above-header-display":"","ast-hfb-below-header-display":"","ast-hfb-mobile-header-display":"","site-post-title":"disabled","ast-breadcrumbs-content":"","ast-featured-img":"disabled","footer-sml-layout":"","ast-disable-related-posts":"","theme-transparent-header-meta":"","adv-header-id-meta":"","stick-header-meta":"","header-above-stick-meta":"","header-main-stick-meta":"","header-below-stick-meta":"","astra-migrate-meta-layouts":"default","ast-page-background-enabled":"default","ast-page-background-meta":{"desktop":{"background-color":"var(--ast-global-color-4)","background-image":"","background-repeat":"repeat","background-position":"center center","background-size":"auto","background-attachment":"scroll","background-type":"","background-media":"","overlay-type":"","overlay-color":"","overlay-opacity":"","overlay-gradient":""},"tablet":{"background-color":"","background-image":"","background-repeat":"repeat","background-position":"center center","background-size":"auto","background-attachment":"scroll","background-type":"","background-media":"","overlay-type":"","overlay-color":"","overlay-opacity":"","overlay-gradient":""},"mobile":{"background-color":"","background-image":"","background-repeat":"repeat","background-position":"center center","background-size":"auto","background-attachment":"scroll","background-type":"","background-media":"","overlay-type":"","overlay-color":"","overlay-opacity":"","overlay-gradient":""}},"ast-content-background-meta":{"desktop":{"background-color":"var(--ast-global-color-5)","background-image":"","background-repeat":"repeat","background-position":"center center","background-size":"auto","background-attachment":"scroll","background-type":"","background-media":"","overlay-type":"","overlay-color":"","overlay-opacity":"","overlay-gradient":""},"tablet":{"background-color":"var(--ast-global-color-5)","background-image":"","background-repeat":"repeat","background-position":"center center","background-size":"auto","background-attachment":"scroll","background-type":"","background-media":"","overlay-type":"","overlay-color":"","overlay-opacity":"","overlay-gradient":""},"mobile":{"background-color":"var(--ast-global-color-5)","background-image":"","background-repeat":"repeat","background-position":"center center","background-size":"auto","background-attachment":"scroll","background-type":"","background-media":"","overlay-type":"","overlay-color":"","overlay-opacity":"","overlay-gradient":""}},"footnotes":""},"class_list":["post-766","page","type-page","status-publish","hentry"],"_links":{"self":[{"href":"https:\/\/scibo-chemie.com\/es\/wp-json\/wp\/v2\/pages\/766","targetHints":{"allow":["GET"]}}],"collection":[{"href":"https:\/\/scibo-chemie.com\/es\/wp-json\/wp\/v2\/pages"}],"about":[{"href":"https:\/\/scibo-chemie.com\/es\/wp-json\/wp\/v2\/types\/page"}],"author":[{"embeddable":true,"href":"https:\/\/scibo-chemie.com\/es\/wp-json\/wp\/v2\/users\/1"}],"replies":[{"embeddable":true,"href":"https:\/\/scibo-chemie.com\/es\/wp-json\/wp\/v2\/comments?post=766"}],"version-history":[{"count":7,"href":"https:\/\/scibo-chemie.com\/es\/wp-json\/wp\/v2\/pages\/766\/revisions"}],"predecessor-version":[{"id":1363,"href":"https:\/\/scibo-chemie.com\/es\/wp-json\/wp\/v2\/pages\/766\/revisions\/1363"}],"wp:attachment":[{"href":"https:\/\/scibo-chemie.com\/es\/wp-json\/wp\/v2\/media?parent=766"}],"curies":[{"name":"wp","href":"https:\/\/api.w.org\/{rel}","templated":true}]}}