{"id":1272,"date":"2025-01-12T21:53:11","date_gmt":"2025-01-12T20:53:11","guid":{"rendered":"https:\/\/scibo-chemie.com\/?page_id=1272"},"modified":"2025-01-12T22:05:25","modified_gmt":"2025-01-12T21:05:25","slug":"partner-distributoren","status":"publish","type":"page","link":"https:\/\/scibo-chemie.com\/fr\/partner-distributoren\/","title":{"rendered":"Partenaires - Distributeurs\u00a0"},"content":{"rendered":"<div data-elementor-type=\"wp-page\" data-elementor-id=\"1272\" class=\"elementor elementor-1272\">\n\t\t\t\t<div class=\"elementor-element elementor-element-5006b137 e-flex e-con-boxed e-con e-parent\" data-id=\"5006b137\" data-element_type=\"container\" data-e-type=\"container\" data-settings=\"{&quot;background_background&quot;:&quot;classic&quot;}\">\n\t\t\t\t\t<div class=\"e-con-inner\">\n\t\t<div class=\"elementor-element elementor-element-4b47aa9b e-con-full e-flex e-con e-child\" data-id=\"4b47aa9b\" data-element_type=\"container\" data-e-type=\"container\">\n\t\t\t\t<div class=\"elementor-element elementor-element-267cfc81 elementor-widget elementor-widget-heading\" data-id=\"267cfc81\" data-element_type=\"widget\" data-e-type=\"widget\" data-widget_type=\"heading.default\">\n\t\t\t\t<div class=\"elementor-widget-container\">\n\t\t\t\t\t<h1 class=\"elementor-heading-title elementor-size-default\">Rejoignez notre \u00e9quipe <br>r\u00e9seau international <\/h1>\t\t\t\t<\/div>\n\t\t\t\t<\/div>\n\t\t\t\t<\/div>\n\t\t\t\t\t<\/div>\n\t\t\t\t<\/div>\n\t\t<div class=\"elementor-element elementor-element-f158a77 e-flex e-con-boxed e-con e-parent\" data-id=\"f158a77\" data-element_type=\"container\" data-e-type=\"container\" data-settings=\"{&quot;background_background&quot;:&quot;classic&quot;}\">\n\t\t\t\t\t<div class=\"e-con-inner\">\n\t\t<div class=\"elementor-element elementor-element-4b45f656 e-con-full e-flex e-con e-child\" data-id=\"4b45f656\" data-element_type=\"container\" data-e-type=\"container\">\n\t\t<div class=\"elementor-element elementor-element-1c4d00d0 e-con-full e-flex e-con e-child\" data-id=\"1c4d00d0\" data-element_type=\"container\" data-e-type=\"container\">\n\t\t<div class=\"elementor-element elementor-element-11698d01 e-con-full e-flex e-con e-child\" data-id=\"11698d01\" data-element_type=\"container\" data-e-type=\"container\">\n\t\t\t\t<div class=\"elementor-element elementor-element-3c80b451 elementor-widget elementor-widget-heading\" data-id=\"3c80b451\" data-element_type=\"widget\" data-e-type=\"widget\" data-widget_type=\"heading.default\">\n\t\t\t\t<div class=\"elementor-widget-container\">\n\t\t\t\t\t<h2 class=\"elementor-heading-title elementor-size-default\">SCIBO recherche des partenaires, des distributeurs et des agents commerciaux dans le monde entier<\/h2>\t\t\t\t<\/div>\n\t\t\t\t<\/div>\n\t\t\t\t<\/div>\n\t\t<div class=\"elementor-element elementor-element-7070c90b e-con-full e-flex e-con e-child\" data-id=\"7070c90b\" data-element_type=\"container\" data-e-type=\"container\">\n\t\t\t\t<div class=\"elementor-element elementor-element-2cb8be9e elementor-widget elementor-widget-text-editor\" data-id=\"2cb8be9e\" data-element_type=\"widget\" data-e-type=\"widget\" data-widget_type=\"text-editor.default\">\n\t\t\t\t<div class=\"elementor-widget-container\">\n\t\t\t\t\t\t\t\t\t<div><p class=\"p1\"><span class=\"s2\">SCIBO est synonyme d'innovation, de qualit\u00e9 et d'efficacit\u00e9 dans le domaine des adh\u00e9sifs, des mastics, des mousses et des rev\u00eatements. Gr\u00e2ce \u00e0 notre vaste gamme de produits et \u00e0 l'accent clairement mis sur les solutions sp\u00e9cifiques aux clients, nous posons des jalons pour les applications exigeantes dans la construction et l'industrie.<\/span><\/p><div><p class=\"p1\"><span class=\"s2\">Afin de poursuivre notre croissance mondiale, nous recherchons des personnes engag\u00e9es et exp\u00e9riment\u00e9es. <\/span><span class=\"s1\">des partenaires internationaux, des distributeurs et des agents commerciaux<\/span><span class=\"s2\">Nous sommes fiers de pouvoir compter sur des partenaires qui souhaitent travailler avec nous pour conqu\u00e9rir de nouveaux march\u00e9s et repr\u00e9senter notre vision de l'excellence dans leur r\u00e9gion.<\/span><\/p><\/div><\/div>\t\t\t\t\t\t\t\t<\/div>\n\t\t\t\t<\/div>\n\t\t\t\t<\/div>\n\t\t\t\t<\/div>\n\t\t\t\t<\/div>\n\t\t\t\t\t<\/div>\n\t\t\t\t<\/div>\n\t\t\t\t<section class=\"elementor-section elementor-top-section elementor-element elementor-element-62e70cff elementor-section-content-middle elementor-section-boxed elementor-section-height-default elementor-section-height-default\" data-id=\"62e70cff\" data-element_type=\"section\" data-e-type=\"section\" data-settings=\"{&quot;background_background&quot;:&quot;classic&quot;}\">\n\t\t\t\t\t\t<div class=\"elementor-container elementor-column-gap-no\">\n\t\t\t\t\t<div class=\"elementor-column elementor-col-100 elementor-top-column elementor-element elementor-element-46ff33f5\" data-id=\"46ff33f5\" data-element_type=\"column\" data-e-type=\"column\" data-settings=\"{&quot;background_background&quot;:&quot;classic&quot;}\">\n\t\t\t<div class=\"elementor-widget-wrap elementor-element-populated\">\n\t\t\t\t\t\t<div class=\"elementor-element elementor-element-78cc7db7 elementor-widget elementor-widget-heading\" data-id=\"78cc7db7\" data-element_type=\"widget\" data-e-type=\"widget\" data-widget_type=\"heading.default\">\n\t\t\t\t<div class=\"elementor-widget-container\">\n\t\t\t\t\t<h3 class=\"elementor-heading-title elementor-size-default\">Ce que nous offrons :<\/h3>\t\t\t\t<\/div>\n\t\t\t\t<\/div>\n\t\t\t\t<div class=\"elementor-element elementor-element-65eebffb elementor-widget elementor-widget-text-editor\" data-id=\"65eebffb\" data-element_type=\"widget\" data-e-type=\"widget\" data-widget_type=\"text-editor.default\">\n\t\t\t\t<div class=\"elementor-widget-container\">\n\t\t\t\t\t\t\t\t\t<div><ul><li class=\"p4\"><strong><span class=\"s1\">Des produits haut de gamme sous la marque SCIBO :<\/span><\/strong><span class=\"s2\"> Nos adh\u00e9sifs, mastics, mousses et rev\u00eatements r\u00e9pondent aux normes les plus \u00e9lev\u00e9es en mati\u00e8re de qualit\u00e9, de performance et de polyvalence.<\/span><span class=\"s1\" style=\"font-size: 16px;\">Des partenariats exclusifs :<\/span><span class=\"s2\" style=\"font-size: 16px;\"> Profitez de conditions attractives ainsi que de droits de distribution exclusifs, adapt\u00e9s \u00e0 votre groupe cible, votre r\u00e9gion ou votre pays - selon vos possibilit\u00e9s.<\/span><\/li><li class=\"p4\"><strong><span class=\"s1\" style=\"font-size: 16px;\">Options de marque priv\u00e9e :<\/span><\/strong><span class=\"s2\" style=\"font-size: 16px;\"> Si vous le souhaitez, vous pouvez distribuer nos produits de haute qualit\u00e9 sous votre propre marque.<\/span><\/li><li class=\"p4\"><strong><span class=\"s1\" style=\"font-size: 16px;\">D\u00e9veloppement commun de produits :<\/span><\/strong><span class=\"s2\" style=\"font-size: 16px;\"> D\u00e9veloppez avec nous des solutions innovantes qui r\u00e9pondent exactement aux exigences de vos clients.<\/span><\/li><li class=\"p4\"><strong><span class=\"s1\" style=\"font-size: 16px;\">Un support complet :<\/span><\/strong><span class=\"s2\" style=\"font-size: 16px;\"> Nous vous proposons des formations intensives sur les produits, des supports marketing et une assistance technique afin de servir au mieux vos clients.<\/span><\/li><li class=\"p4\"><strong><span class=\"s1\" style=\"font-size: 16px;\">Une nomenclature de produits innovante :<\/span><\/strong><span class=\"s2\" style=\"font-size: 16px;\"> Des noms clairs et faciles \u00e0 retenir, tels que SCIBO SEAL, SCIBO BOND, SCIBO FOAM et SCIBO COAT, permettent de classer nos produits de mani\u00e8re simple et claire.<\/span><\/li><li class=\"p4\"><strong><span class=\"s1\" style=\"font-size: 16px;\">Organisation num\u00e9rique :<\/span><\/strong><span class=\"s2\" style=\"font-size: 16px;\"> Nos processus modernes et efficaces vous soutiennent de mani\u00e8re optimale et minimisent la charge administrative.<\/span><\/li><\/ul><\/div>\t\t\t\t\t\t\t\t<\/div>\n\t\t\t\t<\/div>\n\t\t\t\t\t<\/div>\n\t\t<\/div>\n\t\t\t\t\t<\/div>\n\t\t<\/section>\n\t\t\t\t<section class=\"elementor-section elementor-top-section elementor-element elementor-element-542335a8 elementor-section-content-middle elementor-section-boxed elementor-section-height-default elementor-section-height-default\" data-id=\"542335a8\" data-element_type=\"section\" data-e-type=\"section\" data-settings=\"{&quot;background_background&quot;:&quot;classic&quot;}\">\n\t\t\t\t\t\t<div class=\"elementor-container elementor-column-gap-no\">\n\t\t\t\t\t<div class=\"elementor-column elementor-col-100 elementor-top-column elementor-element elementor-element-447ef7ee\" data-id=\"447ef7ee\" data-element_type=\"column\" data-e-type=\"column\" data-settings=\"{&quot;background_background&quot;:&quot;classic&quot;}\">\n\t\t\t<div class=\"elementor-widget-wrap elementor-element-populated\">\n\t\t\t\t\t\t<div class=\"elementor-element elementor-element-1e87096d elementor-widget elementor-widget-heading\" data-id=\"1e87096d\" data-element_type=\"widget\" data-e-type=\"widget\" data-widget_type=\"heading.default\">\n\t\t\t\t<div class=\"elementor-widget-container\">\n\t\t\t\t\t<h3 class=\"elementor-heading-title elementor-size-default\">Ce que nous recherchons<\/h3>\t\t\t\t<\/div>\n\t\t\t\t<\/div>\n\t\t\t\t<div class=\"elementor-element elementor-element-35766b82 elementor-widget elementor-widget-text-editor\" data-id=\"35766b82\" data-element_type=\"widget\" data-e-type=\"widget\" data-widget_type=\"text-editor.default\">\n\t\t\t\t<div class=\"elementor-widget-container\">\n\t\t\t\t\t\t\t\t\t<div><ul><li class=\"p4\"><span class=\"s2\">Des partenaires de distribution avec une connaissance approfondie du march\u00e9 dans les domaines de la construction, de l'industrie et du commerce.<\/span><\/li><li class=\"p4\"><span style=\"font-size: 16px;\">Des entreprises pr\u00eates \u00e0 se d\u00e9velopper dans le cadre d'un partenariat \u00e0 long terme et \u00e0 c\u00e9l\u00e9brer ensemble leurs succ\u00e8s.<\/span><\/li><li class=\"p4\"><span style=\"font-size: 16px;\">Agents commerciaux qui souhaitent \u00e9tablir activement les produits SCIBO sur leur march\u00e9.<\/span><\/li><li class=\"p4\"><span style=\"font-size: 16px;\">Une passion pour les produits et solutions innovants qui cr\u00e9ent une r\u00e9elle valeur ajout\u00e9e.<\/span><\/li><\/ul><\/div>\t\t\t\t\t\t\t\t<\/div>\n\t\t\t\t<\/div>\n\t\t\t\t\t<\/div>\n\t\t<\/div>\n\t\t\t\t\t<\/div>\n\t\t<\/section>\n\t\t<div class=\"elementor-element elementor-element-50ffacbc e-flex e-con-boxed e-con e-parent\" data-id=\"50ffacbc\" data-element_type=\"container\" data-e-type=\"container\" data-settings=\"{&quot;background_background&quot;:&quot;gradient&quot;}\">\n\t\t\t\t\t<div class=\"e-con-inner\">\n\t\t<div class=\"elementor-element elementor-element-65baff92 e-con-full e-flex e-con e-child\" data-id=\"65baff92\" data-element_type=\"container\" data-e-type=\"container\">\n\t\t\t\t<div class=\"elementor-element elementor-element-76d06657 elementor-widget elementor-widget-heading\" data-id=\"76d06657\" data-element_type=\"widget\" data-e-type=\"widget\" data-widget_type=\"heading.default\">\n\t\t\t\t<div class=\"elementor-widget-container\">\n\t\t\t\t\t<h3 class=\"elementor-heading-title elementor-size-default\">Contactez-nous - Nous nous r\u00e9jouissons de votre demande !<\/h3>\t\t\t\t<\/div>\n\t\t\t\t<\/div>\n\t\t\t\t<div class=\"elementor-element elementor-element-49d4b81 elementor-widget elementor-widget-text-editor\" data-id=\"49d4b81\" data-element_type=\"widget\" data-e-type=\"widget\" data-widget_type=\"text-editor.default\">\n\t\t\t\t<div class=\"elementor-widget-container\">\n\t\t\t\t\t\t\t\t\t<div><p class=\"p1\"><span class=\"s2\" style=\"color: #ffffff;\">Veuillez nous fournir les informations suivantes dans votre message afin que nous puissions traiter votre demande de mani\u00e8re optimale :<\/span><\/p><\/div><div><ul><li class=\"p4\"><strong><span style=\"color: #ffffff;\"><span class=\"apple-tab-span\">\u00a0<\/span><span class=\"s2\">Br\u00e8ve pr\u00e9sentation de votre entreprise<\/span><\/span><\/strong><\/li><li class=\"p4\"><strong><span style=\"color: #ffffff;\"><span class=\"apple-tab-span\" style=\"font-size: 16px;\">\u00a0<\/span><span class=\"s2\" style=\"font-size: 16px;\">Votre secteur et vos march\u00e9s cibles<\/span><\/span><\/strong><\/li><li class=\"p4\"><strong><span style=\"font-size: 16px; color: #ffffff;\">Vos souhaits et vos id\u00e9es pour une collaboration avec SCIBO<\/span><\/strong><\/li><\/ul><\/div><div><p class=\"p1\"><span class=\"s2\" style=\"color: #ffffff;\">Que ce soit personnellement sur place, virtuellement ou lors d'un des nombreux salons professionnels - chez SCIBO, nous accordons une grande importance \u00e0 l'\u00e9change direct et \u00e0 la concertation individuelle.<\/span><\/p><\/div><div><p class=\"p1\"><span class=\"s2\" style=\"color: #ffffff;\">Venez nous rendre visite sur nos sites de production pour d\u00e9couvrir de pr\u00e8s nos normes de qualit\u00e9, ou prenez rendez-vous pour un entretien personnel au cours duquel nous discuterons de vos objectifs et des possibilit\u00e9s de collaboration.<\/span><\/p><\/div><div><p class=\"p1\"><span class=\"s2\" style=\"color: #ffffff;\">Nous sommes \u00e0 votre disposition pour r\u00e9pondre \u00e0 toutes vos questions et nous nous r\u00e9jouissons de construire l'avenir avec vous.<\/span><\/p><\/div>\t\t\t\t\t\t\t\t<\/div>\n\t\t\t\t<\/div>\n\t\t\t\t<div class=\"elementor-element elementor-element-423be1b9 elementor-align-right elementor-mobile-align-left elementor-tablet-align-center elementor-widget elementor-widget-button\" data-id=\"423be1b9\" data-element_type=\"widget\" data-e-type=\"widget\" data-widget_type=\"button.default\">\n\t\t\t\t<div class=\"elementor-widget-container\">\n\t\t\t\t\t\t\t\t\t<div class=\"elementor-button-wrapper\">\n\t\t\t\t\t<a class=\"elementor-button elementor-button-link elementor-size-md\" href=\"https:\/\/scibo-chemie.com\/fr\/kontakt\/\">\n\t\t\t\t\t\t<span class=\"elementor-button-content-wrapper\">\n\t\t\t\t\t\t<span class=\"elementor-button-icon\">\n\t\t\t\t<i aria-hidden=\"true\" class=\"icon icon-users\"><\/i>\t\t\t<\/span>\n\t\t\t\t\t\t\t\t\t<span class=\"elementor-button-text\">Devenir partenaire maintenant<\/span>\n\t\t\t\t\t<\/span>\n\t\t\t\t\t<\/a>\n\t\t\t\t<\/div>\n\t\t\t\t\t\t\t\t<\/div>\n\t\t\t\t<\/div>\n\t\t\t\t<\/div>\n\t\t<div class=\"elementor-element elementor-element-35f50541 e-con-full e-flex e-con e-child\" data-id=\"35f50541\" data-element_type=\"container\" data-e-type=\"container\">\n\t\t\t\t<div class=\"elementor-element elementor-element-1b41268 elementor-widget elementor-widget-image\" data-id=\"1b41268\" data-element_type=\"widget\" data-e-type=\"widget\" data-widget_type=\"image.default\">\n\t\t\t\t<div class=\"elementor-widget-container\">\n\t\t\t\t\t\t\t\t\t\t\t\t\t\t\t<img fetchpriority=\"high\" decoding=\"async\" width=\"731\" height=\"1000\" src=\"https:\/\/scibo-chemie.com\/wp-content\/uploads\/2025\/01\/40725.jpg\" class=\"attachment-large size-large wp-image-1278\" alt=\"\" srcset=\"https:\/\/scibo-chemie.com\/wp-content\/uploads\/2025\/01\/40725.jpg 731w, https:\/\/scibo-chemie.com\/wp-content\/uploads\/2025\/01\/40725-219x300.jpg 219w, https:\/\/scibo-chemie.com\/wp-content\/uploads\/2025\/01\/40725-9x12.jpg 9w\" sizes=\"(max-width: 731px) 100vw, 731px\" \/>\t\t\t\t\t\t\t\t\t\t\t\t\t\t\t<\/div>\n\t\t\t\t<\/div>\n\t\t\t\t<\/div>\n\t\t\t\t\t<\/div>\n\t\t\t\t<\/div>\n\t\t\t\t<\/div>","protected":false},"excerpt":{"rendered":"<p>Werden Sie Teil unseres internationalen Netzwerks SCIBO sucht Partner, Distributoren und Handelsvertreter weltweit SCIBO steht f\u00fcr Innovation, Qualit\u00e4t und Effizienz [&hellip;]<\/p>\n","protected":false},"author":1,"featured_media":0,"parent":0,"menu_order":0,"comment_status":"closed","ping_status":"closed","template":"","meta":{"site-sidebar-layout":"no-sidebar","site-content-layout":"","ast-site-content-layout":"full-width-container","site-content-style":"default","site-sidebar-style":"default","ast-global-header-display":"","ast-banner-title-visibility":"","ast-main-header-display":"","ast-hfb-above-header-display":"","ast-hfb-below-header-display":"","ast-hfb-mobile-header-display":"","site-post-title":"disabled","ast-breadcrumbs-content":"","ast-featured-img":"disabled","footer-sml-layout":"","ast-disable-related-posts":"","theme-transparent-header-meta":"","adv-header-id-meta":"","stick-header-meta":"","header-above-stick-meta":"","header-main-stick-meta":"","header-below-stick-meta":"","astra-migrate-meta-layouts":"default","ast-page-background-enabled":"default","ast-page-background-meta":{"desktop":{"background-color":"var(--ast-global-color-4)","background-image":"","background-repeat":"repeat","background-position":"center center","background-size":"auto","background-attachment":"scroll","background-type":"","background-media":"","overlay-type":"","overlay-color":"","overlay-opacity":"","overlay-gradient":""},"tablet":{"background-color":"","background-image":"","background-repeat":"repeat","background-position":"center center","background-size":"auto","background-attachment":"scroll","background-type":"","background-media":"","overlay-type":"","overlay-color":"","overlay-opacity":"","overlay-gradient":""},"mobile":{"background-color":"","background-image":"","background-repeat":"repeat","background-position":"center center","background-size":"auto","background-attachment":"scroll","background-type":"","background-media":"","overlay-type":"","overlay-color":"","overlay-opacity":"","overlay-gradient":""}},"ast-content-background-meta":{"desktop":{"background-color":"var(--ast-global-color-5)","background-image":"","background-repeat":"repeat","background-position":"center center","background-size":"auto","background-attachment":"scroll","background-type":"","background-media":"","overlay-type":"","overlay-color":"","overlay-opacity":"","overlay-gradient":""},"tablet":{"background-color":"var(--ast-global-color-5)","background-image":"","background-repeat":"repeat","background-position":"center center","background-size":"auto","background-attachment":"scroll","background-type":"","background-media":"","overlay-type":"","overlay-color":"","overlay-opacity":"","overlay-gradient":""},"mobile":{"background-color":"var(--ast-global-color-5)","background-image":"","background-repeat":"repeat","background-position":"center center","background-size":"auto","background-attachment":"scroll","background-type":"","background-media":"","overlay-type":"","overlay-color":"","overlay-opacity":"","overlay-gradient":""}},"footnotes":""},"class_list":["post-1272","page","type-page","status-publish","hentry"],"_links":{"self":[{"href":"https:\/\/scibo-chemie.com\/fr\/wp-json\/wp\/v2\/pages\/1272","targetHints":{"allow":["GET"]}}],"collection":[{"href":"https:\/\/scibo-chemie.com\/fr\/wp-json\/wp\/v2\/pages"}],"about":[{"href":"https:\/\/scibo-chemie.com\/fr\/wp-json\/wp\/v2\/types\/page"}],"author":[{"embeddable":true,"href":"https:\/\/scibo-chemie.com\/fr\/wp-json\/wp\/v2\/users\/1"}],"replies":[{"embeddable":true,"href":"https:\/\/scibo-chemie.com\/fr\/wp-json\/wp\/v2\/comments?post=1272"}],"version-history":[{"count":4,"href":"https:\/\/scibo-chemie.com\/fr\/wp-json\/wp\/v2\/pages\/1272\/revisions"}],"predecessor-version":[{"id":1281,"href":"https:\/\/scibo-chemie.com\/fr\/wp-json\/wp\/v2\/pages\/1272\/revisions\/1281"}],"wp:attachment":[{"href":"https:\/\/scibo-chemie.com\/fr\/wp-json\/wp\/v2\/media?parent=1272"}],"curies":[{"name":"wp","href":"https:\/\/api.w.org\/{rel}","templated":true}]}}