{"id":27,"date":"2024-10-24T11:30:47","date_gmt":"2024-10-24T09:30:47","guid":{"rendered":"http:\/\/scibo-chemie.com\/?page_id=27"},"modified":"2026-03-26T16:50:04","modified_gmt":"2026-03-26T15:50:04","slug":"impressum","status":"publish","type":"page","link":"https:\/\/scibo-chemie.com\/fr\/impressum\/","title":{"rendered":"IMPRESSUM"},"content":{"rendered":"<div data-elementor-type=\"wp-page\" data-elementor-id=\"27\" class=\"elementor elementor-27\">\n\t\t\t\t<div class=\"elementor-element elementor-element-9da420c e-flex e-con-boxed e-con e-parent\" data-id=\"9da420c\" data-element_type=\"container\" data-e-type=\"container\">\n\t\t\t\t\t<div class=\"e-con-inner\">\n\t\t\t\t<div class=\"elementor-element elementor-element-cf11d5c elementor-widget elementor-widget-text-editor\" data-id=\"cf11d5c\" data-element_type=\"widget\" data-e-type=\"widget\" data-widget_type=\"text-editor.default\">\n\t\t\t\t<div class=\"elementor-widget-container\">\n\t\t\t\t\t\t\t\t\t<p class=\"p1\"><b>Scibo UG (responsabilit\u00e9 limit\u00e9e)<\/b><b><\/b><\/p><p class=\"p2\">Parc d'activit\u00e9s A 10<br \/>92364 Deining<br \/>Allemagne<\/p><p class=\"p1\"><b>Direction<\/b><br \/>Nils Schmitz<\/p><p class=\"p1\"><b>Contact<\/b><b><\/b><\/p><p class=\"p2\">T\u00e9l\u00e9phone : +49 9184 4069895-0<br \/>Courrier \u00e9lectronique : info@scibo-chemie.com<br \/>Site web : www.scibo-chemie.com<\/p><p class=\"p1\"><b>Registre du commerce<\/b><b><\/b><\/p><p class=\"p2\">Tribunal d'enregistrement : Tribunal d'instance (inscrire le tribunal d'enregistrement comp\u00e9tent, par ex. Nuremberg)<br \/>Num\u00e9ro d'enregistrement : HRB 45634<\/p><p class=\"p1\"><b>Num\u00e9ro d'identification de la taxe sur le chiffre d'affaires conform\u00e9ment au \u00a7 27a de la loi allemande sur la TVA (UStG)<\/b><br \/>DE460520098<\/p><p class=\"p1\">\u00a0<\/p><h2><b>Responsabilit\u00e9 du contenu<\/b><\/h2><p class=\"p3\">Le contenu de nos pages a \u00e9t\u00e9 \u00e9labor\u00e9 avec le plus grand soin. Nous n'assumons aucune responsabilit\u00e9 quant \u00e0 l'exactitude, l'exhaustivit\u00e9 et l'actualit\u00e9. En tant que prestataire de services, nous sommes responsables de nos propres contenus conform\u00e9ment \u00e0 l'article 7 de la loi allemande sur la protection des donn\u00e9es (DDG).<\/p><h2><b>Responsabilit\u00e9 pour les liens<\/b><\/h2><p class=\"p3\">Nous n'assumons aucune responsabilit\u00e9 pour le contenu des liens externes. La responsabilit\u00e9 incombe au fournisseur respectif.<\/p><p style=\"font-weight: 400;\">\u00a0<\/p>\t\t\t\t\t\t\t\t<\/div>\n\t\t\t\t<\/div>\n\t\t\t\t\t<\/div>\n\t\t\t\t<\/div>\n\t\t\t\t<\/div>","protected":false},"excerpt":{"rendered":"<p>Scibo UG (haftungsbeschr\u00e4nkt) Gewerbepark A 1092364 DeiningDeutschland Gesch\u00e4ftsf\u00fchrungNils Schmitz Kontakt Telefon: +49 9184 4069895-0E-Mail: info@scibo-chemie.comWebsite: www.scibo-chemie.com Handelsregister Registergericht: Amtsgericht (zust\u00e4ndiges [&hellip;]<\/p>\n","protected":false},"author":1,"featured_media":0,"parent":0,"menu_order":0,"comment_status":"closed","ping_status":"closed","template":"","meta":{"site-sidebar-layout":"no-sidebar","site-content-layout":"","ast-site-content-layout":"full-width-container","site-content-style":"default","site-sidebar-style":"default","ast-global-header-display":"","ast-banner-title-visibility":"","ast-main-header-display":"","ast-hfb-above-header-display":"","ast-hfb-below-header-display":"","ast-hfb-mobile-header-display":"","site-post-title":"disabled","ast-breadcrumbs-content":"","ast-featured-img":"disabled","footer-sml-layout":"","ast-disable-related-posts":"","theme-transparent-header-meta":"","adv-header-id-meta":"","stick-header-meta":"","header-above-stick-meta":"","header-main-stick-meta":"","header-below-stick-meta":"","astra-migrate-meta-layouts":"default","ast-page-background-enabled":"default","ast-page-background-meta":{"desktop":{"background-color":"var(--ast-global-color-4)","background-image":"","background-repeat":"repeat","background-position":"center center","background-size":"auto","background-attachment":"scroll","background-type":"","background-media":"","overlay-type":"","overlay-color":"","overlay-opacity":"","overlay-gradient":""},"tablet":{"background-color":"","background-image":"","background-repeat":"repeat","background-position":"center center","background-size":"auto","background-attachment":"scroll","background-type":"","background-media":"","overlay-type":"","overlay-color":"","overlay-opacity":"","overlay-gradient":""},"mobile":{"background-color":"","background-image":"","background-repeat":"repeat","background-position":"center center","background-size":"auto","background-attachment":"scroll","background-type":"","background-media":"","overlay-type":"","overlay-color":"","overlay-opacity":"","overlay-gradient":""}},"ast-content-background-meta":{"desktop":{"background-color":"var(--ast-global-color-5)","background-image":"","background-repeat":"repeat","background-position":"center center","background-size":"auto","background-attachment":"scroll","background-type":"","background-media":"","overlay-type":"","overlay-color":"","overlay-opacity":"","overlay-gradient":""},"tablet":{"background-color":"var(--ast-global-color-5)","background-image":"","background-repeat":"repeat","background-position":"center center","background-size":"auto","background-attachment":"scroll","background-type":"","background-media":"","overlay-type":"","overlay-color":"","overlay-opacity":"","overlay-gradient":""},"mobile":{"background-color":"var(--ast-global-color-5)","background-image":"","background-repeat":"repeat","background-position":"center center","background-size":"auto","background-attachment":"scroll","background-type":"","background-media":"","overlay-type":"","overlay-color":"","overlay-opacity":"","overlay-gradient":""}},"footnotes":""},"class_list":["post-27","page","type-page","status-publish","hentry"],"_links":{"self":[{"href":"https:\/\/scibo-chemie.com\/fr\/wp-json\/wp\/v2\/pages\/27","targetHints":{"allow":["GET"]}}],"collection":[{"href":"https:\/\/scibo-chemie.com\/fr\/wp-json\/wp\/v2\/pages"}],"about":[{"href":"https:\/\/scibo-chemie.com\/fr\/wp-json\/wp\/v2\/types\/page"}],"author":[{"embeddable":true,"href":"https:\/\/scibo-chemie.com\/fr\/wp-json\/wp\/v2\/users\/1"}],"replies":[{"embeddable":true,"href":"https:\/\/scibo-chemie.com\/fr\/wp-json\/wp\/v2\/comments?post=27"}],"version-history":[{"count":10,"href":"https:\/\/scibo-chemie.com\/fr\/wp-json\/wp\/v2\/pages\/27\/revisions"}],"predecessor-version":[{"id":1357,"href":"https:\/\/scibo-chemie.com\/fr\/wp-json\/wp\/v2\/pages\/27\/revisions\/1357"}],"wp:attachment":[{"href":"https:\/\/scibo-chemie.com\/fr\/wp-json\/wp\/v2\/media?parent=27"}],"curies":[{"name":"wp","href":"https:\/\/api.w.org\/{rel}","templated":true}]}}