{"id":728,"date":"2025-01-03T23:13:47","date_gmt":"2025-01-03T22:13:47","guid":{"rendered":"http:\/\/scibo-chemie.com\/?page_id=728"},"modified":"2025-01-10T11:46:28","modified_gmt":"2025-01-10T10:46:28","slug":"coat","status":"publish","type":"page","link":"https:\/\/scibo-chemie.com\/fr\/coat\/","title":{"rendered":"COAT"},"content":{"rendered":"<div data-elementor-type=\"wp-page\" data-elementor-id=\"728\" class=\"elementor elementor-728\">\n\t\t\t\t<div class=\"elementor-element elementor-element-7d7f438d e-flex e-con-boxed e-con e-parent\" data-id=\"7d7f438d\" data-element_type=\"container\" data-e-type=\"container\" data-settings=\"{&quot;background_background&quot;:&quot;classic&quot;}\">\n\t\t\t\t\t<div class=\"e-con-inner\">\n\t\t\t\t<div class=\"elementor-element elementor-element-71a66a3a elementor-widget elementor-widget-image\" data-id=\"71a66a3a\" data-element_type=\"widget\" data-e-type=\"widget\" data-widget_type=\"image.default\">\n\t\t\t\t<div class=\"elementor-widget-container\">\n\t\t\t\t\t\t\t\t\t\t\t\t\t\t\t<img fetchpriority=\"high\" decoding=\"async\" width=\"1024\" height=\"766\" src=\"https:\/\/scibo-chemie.com\/wp-content\/uploads\/2025\/01\/coat-eimer-1024x766.png\" class=\"attachment-large size-large wp-image-1101\" alt=\"\" srcset=\"https:\/\/scibo-chemie.com\/wp-content\/uploads\/2025\/01\/coat-eimer-1024x766.png 1024w, https:\/\/scibo-chemie.com\/wp-content\/uploads\/2025\/01\/coat-eimer-300x224.png 300w, https:\/\/scibo-chemie.com\/wp-content\/uploads\/2025\/01\/coat-eimer-768x574.png 768w, https:\/\/scibo-chemie.com\/wp-content\/uploads\/2025\/01\/coat-eimer-1536x1149.png 1536w, https:\/\/scibo-chemie.com\/wp-content\/uploads\/2025\/01\/coat-eimer-2048x1532.png 2048w, https:\/\/scibo-chemie.com\/wp-content\/uploads\/2025\/01\/coat-eimer-16x12.png 16w\" sizes=\"(max-width: 1024px) 100vw, 1024px\" \/>\t\t\t\t\t\t\t\t\t\t\t\t\t\t\t<\/div>\n\t\t\t\t<\/div>\n\t\t\t\t\t<\/div>\n\t\t\t\t<\/div>\n\t\t<div class=\"elementor-element elementor-element-5415cd49 e-flex e-con-boxed e-con e-parent\" data-id=\"5415cd49\" data-element_type=\"container\" data-e-type=\"container\" data-settings=\"{&quot;background_background&quot;:&quot;classic&quot;}\">\n\t\t\t\t\t<div class=\"e-con-inner\">\n\t\t\t\t<div class=\"elementor-element elementor-element-2aaba50 elementor-widget__width-auto elementor-widget elementor-widget-heading\" data-id=\"2aaba50\" data-element_type=\"widget\" data-e-type=\"widget\" data-widget_type=\"heading.default\">\n\t\t\t\t<div class=\"elementor-widget-container\">\n\t\t\t\t\t<h1 class=\"elementor-heading-title elementor-size-default\">SCIBO COAT<\/h1>\t\t\t\t<\/div>\n\t\t\t\t<\/div>\n\t\t\t\t\t<\/div>\n\t\t\t\t<\/div>\n\t\t<div class=\"elementor-element elementor-element-687e4c69 e-flex e-con-boxed e-con e-parent\" data-id=\"687e4c69\" data-element_type=\"container\" data-e-type=\"container\">\n\t\t\t\t\t<div class=\"e-con-inner\">\n\t\t<div class=\"elementor-element elementor-element-21022e16 e-con-full e-flex e-con e-child\" data-id=\"21022e16\" data-element_type=\"container\" data-e-type=\"container\">\n\t\t\t\t<div class=\"elementor-element elementor-element-44d5f843 elementor-widget elementor-widget-heading\" data-id=\"44d5f843\" data-element_type=\"widget\" data-e-type=\"widget\" data-widget_type=\"heading.default\">\n\t\t\t\t<div class=\"elementor-widget-container\">\n\t\t\t\t\t<h2 class=\"elementor-heading-title elementor-size-default\">COAT MS 100 AT<\/h2>\t\t\t\t<\/div>\n\t\t\t\t<\/div>\n\t\t\t\t<div class=\"elementor-element elementor-element-340bd5b0 elementor-widget elementor-widget-heading\" data-id=\"340bd5b0\" data-element_type=\"widget\" data-e-type=\"widget\" data-widget_type=\"heading.default\">\n\t\t\t\t<div class=\"elementor-widget-container\">\n\t\t\t\t\t<h4 class=\"elementor-heading-title elementor-size-default\">Joint sp\u00e9cial WaterStop <\/h4>\t\t\t\t<\/div>\n\t\t\t\t<\/div>\n\t\t\t\t<\/div>\n\t\t<div class=\"elementor-element elementor-element-2d18bef9 e-con-full e-flex e-con e-child\" data-id=\"2d18bef9\" data-element_type=\"container\" data-e-type=\"container\">\n\t\t\t\t<div class=\"elementor-element elementor-element-4e5edd4f elementor-widget elementor-widget-text-editor\" data-id=\"4e5edd4f\" data-element_type=\"widget\" data-e-type=\"widget\" data-widget_type=\"text-editor.default\">\n\t\t\t\t<div class=\"elementor-widget-container\">\n\t\t\t\t\t\t\t\t\t<p>Colle \u00e9lastique de haute qualit\u00e9 \u00e0 base de polym\u00e8re MS, id\u00e9ale pour les collages et les \u00e9tanch\u00e9it\u00e9s dans la construction et l'industrie.<\/p><p>La colle d'\u00e9tanch\u00e9it\u00e9 pour b\u00e2timents sans solvants ni bitume peut \u00eatre utilis\u00e9e \u00e0 l'int\u00e9rieur comme \u00e0 l'ext\u00e9rieur. Avec une excellente adh\u00e9rence sur le b\u00e9ton, le bois, le m\u00e9tal et le plastique, elle est id\u00e9ale pour l'\u00e9tanch\u00e9it\u00e9 des toits, des murs, des salles d'eau et des murs ext\u00e9rieurs des caves.<\/p><p>couleur : gris - autres couleurs sur demande<\/p><p>Dur\u00e9e de conservation : 18 mois<\/p>\t\t\t\t\t\t\t\t<\/div>\n\t\t\t\t<\/div>\n\t\t\t\t<\/div>\n\t\t\t\t\t<\/div>\n\t\t\t\t<\/div>\n\t\t<div class=\"elementor-element elementor-element-70c0fd14 e-flex e-con-boxed e-con e-parent\" data-id=\"70c0fd14\" data-element_type=\"container\" data-e-type=\"container\" data-settings=\"{&quot;background_background&quot;:&quot;gradient&quot;}\">\n\t\t\t\t\t<div class=\"e-con-inner\">\n\t\t<div class=\"elementor-element elementor-element-58b6c238 e-con-full e-flex e-con e-child\" data-id=\"58b6c238\" data-element_type=\"container\" data-e-type=\"container\">\n\t\t\t\t<div class=\"elementor-element elementor-element-46ed6abd elementor-widget elementor-widget-heading\" data-id=\"46ed6abd\" data-element_type=\"widget\" data-e-type=\"widget\" data-widget_type=\"heading.default\">\n\t\t\t\t<div class=\"elementor-widget-container\">\n\t\t\t\t\t<h3 class=\"elementor-heading-title elementor-size-default\">Vous avez besoin d'informations suppl\u00e9mentaires ?<\/h3>\t\t\t\t<\/div>\n\t\t\t\t<\/div>\n\t\t\t\t<div class=\"elementor-element elementor-element-4b6b3e4d elementor-widget elementor-widget-heading\" data-id=\"4b6b3e4d\" data-element_type=\"widget\" data-e-type=\"widget\" data-widget_type=\"heading.default\">\n\t\t\t\t<div class=\"elementor-widget-container\">\n\t\t\t\t\t<h2 class=\"elementor-heading-title elementor-size-default\">Si vous avez des questions ou si vous souhaitez en savoir plus sur nos produits, <br>nous sommes \u00e0 votre disposition \u00e0 tout moment.<\/h2>\t\t\t\t<\/div>\n\t\t\t\t<\/div>\n\t\t\t\t<\/div>\n\t\t<div class=\"elementor-element elementor-element-14ffd63f e-con-full e-flex e-con e-child\" data-id=\"14ffd63f\" data-element_type=\"container\" data-e-type=\"container\">\n\t\t\t\t<div class=\"elementor-element elementor-element-69f6510a elementor-align-right elementor-mobile-align-left elementor-tablet-align-center elementor-widget elementor-widget-button\" data-id=\"69f6510a\" data-element_type=\"widget\" data-e-type=\"widget\" data-widget_type=\"button.default\">\n\t\t\t\t<div class=\"elementor-widget-container\">\n\t\t\t\t\t\t\t\t\t<div class=\"elementor-button-wrapper\">\n\t\t\t\t\t<a class=\"elementor-button elementor-button-link elementor-size-md\" href=\"https:\/\/scibo-chemie.com\/fr\/kontakt\/\">\n\t\t\t\t\t\t<span class=\"elementor-button-content-wrapper\">\n\t\t\t\t\t\t<span class=\"elementor-button-icon\">\n\t\t\t\t<i aria-hidden=\"true\" class=\"icon icon-users\"><\/i>\t\t\t<\/span>\n\t\t\t\t\t\t\t\t\t<span class=\"elementor-button-text\">Contactez-nous maintenant !<\/span>\n\t\t\t\t\t<\/span>\n\t\t\t\t\t<\/a>\n\t\t\t\t<\/div>\n\t\t\t\t\t\t\t\t<\/div>\n\t\t\t\t<\/div>\n\t\t\t\t<\/div>\n\t\t\t\t\t<\/div>\n\t\t\t\t<\/div>\n\t\t\t\t<\/div>","protected":false},"excerpt":{"rendered":"<p>SCIBO COAT COAT MS 100 AT Spezialabdichtung WaterStop Hochwertiger elastischer Klebstoff auf MS-Polymerbasis, ideal f\u00fcr Verklebungen und Abdichtungen in Bau [&hellip;]<\/p>\n","protected":false},"author":1,"featured_media":0,"parent":0,"menu_order":0,"comment_status":"closed","ping_status":"closed","template":"","meta":{"site-sidebar-layout":"no-sidebar","site-content-layout":"","ast-site-content-layout":"full-width-container","site-content-style":"default","site-sidebar-style":"default","ast-global-header-display":"","ast-banner-title-visibility":"","ast-main-header-display":"","ast-hfb-above-header-display":"","ast-hfb-below-header-display":"","ast-hfb-mobile-header-display":"","site-post-title":"disabled","ast-breadcrumbs-content":"","ast-featured-img":"disabled","footer-sml-layout":"","ast-disable-related-posts":"","theme-transparent-header-meta":"","adv-header-id-meta":"","stick-header-meta":"","header-above-stick-meta":"","header-main-stick-meta":"","header-below-stick-meta":"","astra-migrate-meta-layouts":"default","ast-page-background-enabled":"default","ast-page-background-meta":{"desktop":{"background-color":"var(--ast-global-color-4)","background-image":"","background-repeat":"repeat","background-position":"center center","background-size":"auto","background-attachment":"scroll","background-type":"","background-media":"","overlay-type":"","overlay-color":"","overlay-opacity":"","overlay-gradient":""},"tablet":{"background-color":"","background-image":"","background-repeat":"repeat","background-position":"center center","background-size":"auto","background-attachment":"scroll","background-type":"","background-media":"","overlay-type":"","overlay-color":"","overlay-opacity":"","overlay-gradient":""},"mobile":{"background-color":"","background-image":"","background-repeat":"repeat","background-position":"center center","background-size":"auto","background-attachment":"scroll","background-type":"","background-media":"","overlay-type":"","overlay-color":"","overlay-opacity":"","overlay-gradient":""}},"ast-content-background-meta":{"desktop":{"background-color":"var(--ast-global-color-5)","background-image":"","background-repeat":"repeat","background-position":"center center","background-size":"auto","background-attachment":"scroll","background-type":"","background-media":"","overlay-type":"","overlay-color":"","overlay-opacity":"","overlay-gradient":""},"tablet":{"background-color":"var(--ast-global-color-5)","background-image":"","background-repeat":"repeat","background-position":"center center","background-size":"auto","background-attachment":"scroll","background-type":"","background-media":"","overlay-type":"","overlay-color":"","overlay-opacity":"","overlay-gradient":""},"mobile":{"background-color":"var(--ast-global-color-5)","background-image":"","background-repeat":"repeat","background-position":"center center","background-size":"auto","background-attachment":"scroll","background-type":"","background-media":"","overlay-type":"","overlay-color":"","overlay-opacity":"","overlay-gradient":""}},"footnotes":""},"class_list":["post-728","page","type-page","status-publish","hentry"],"_links":{"self":[{"href":"https:\/\/scibo-chemie.com\/fr\/wp-json\/wp\/v2\/pages\/728","targetHints":{"allow":["GET"]}}],"collection":[{"href":"https:\/\/scibo-chemie.com\/fr\/wp-json\/wp\/v2\/pages"}],"about":[{"href":"https:\/\/scibo-chemie.com\/fr\/wp-json\/wp\/v2\/types\/page"}],"author":[{"embeddable":true,"href":"https:\/\/scibo-chemie.com\/fr\/wp-json\/wp\/v2\/users\/1"}],"replies":[{"embeddable":true,"href":"https:\/\/scibo-chemie.com\/fr\/wp-json\/wp\/v2\/comments?post=728"}],"version-history":[{"count":10,"href":"https:\/\/scibo-chemie.com\/fr\/wp-json\/wp\/v2\/pages\/728\/revisions"}],"predecessor-version":[{"id":1104,"href":"https:\/\/scibo-chemie.com\/fr\/wp-json\/wp\/v2\/pages\/728\/revisions\/1104"}],"wp:attachment":[{"href":"https:\/\/scibo-chemie.com\/fr\/wp-json\/wp\/v2\/media?parent=728"}],"curies":[{"name":"wp","href":"https:\/\/api.w.org\/{rel}","templated":true}]}}