{"id":1272,"date":"2025-01-12T21:53:11","date_gmt":"2025-01-12T20:53:11","guid":{"rendered":"https:\/\/scibo-chemie.com\/?page_id=1272"},"modified":"2025-01-12T22:05:25","modified_gmt":"2025-01-12T21:05:25","slug":"partner-distributoren","status":"publish","type":"page","link":"https:\/\/scibo-chemie.com\/it\/partner-distributoren\/","title":{"rendered":"Partner - Distributori\u00a0"},"content":{"rendered":"<div data-elementor-type=\"wp-page\" data-elementor-id=\"1272\" class=\"elementor elementor-1272\">\n\t\t\t\t<div class=\"elementor-element elementor-element-5006b137 e-flex e-con-boxed e-con e-parent\" data-id=\"5006b137\" data-element_type=\"container\" data-e-type=\"container\" data-settings=\"{&quot;background_background&quot;:&quot;classic&quot;}\">\n\t\t\t\t\t<div class=\"e-con-inner\">\n\t\t<div class=\"elementor-element elementor-element-4b47aa9b e-con-full e-flex e-con e-child\" data-id=\"4b47aa9b\" data-element_type=\"container\" data-e-type=\"container\">\n\t\t\t\t<div class=\"elementor-element elementor-element-267cfc81 elementor-widget elementor-widget-heading\" data-id=\"267cfc81\" data-element_type=\"widget\" data-e-type=\"widget\" data-widget_type=\"heading.default\">\n\t\t\t\t<div class=\"elementor-widget-container\">\n\t\t\t\t\t<h1 class=\"elementor-heading-title elementor-size-default\">Diventa parte del nostro <br>rete internazionale <\/h1>\t\t\t\t<\/div>\n\t\t\t\t<\/div>\n\t\t\t\t<\/div>\n\t\t\t\t\t<\/div>\n\t\t\t\t<\/div>\n\t\t<div class=\"elementor-element elementor-element-f158a77 e-flex e-con-boxed e-con e-parent\" data-id=\"f158a77\" data-element_type=\"container\" data-e-type=\"container\" data-settings=\"{&quot;background_background&quot;:&quot;classic&quot;}\">\n\t\t\t\t\t<div class=\"e-con-inner\">\n\t\t<div class=\"elementor-element elementor-element-4b45f656 e-con-full e-flex e-con e-child\" data-id=\"4b45f656\" data-element_type=\"container\" data-e-type=\"container\">\n\t\t<div class=\"elementor-element elementor-element-1c4d00d0 e-con-full e-flex e-con e-child\" data-id=\"1c4d00d0\" data-element_type=\"container\" data-e-type=\"container\">\n\t\t<div class=\"elementor-element elementor-element-11698d01 e-con-full e-flex e-con e-child\" data-id=\"11698d01\" data-element_type=\"container\" data-e-type=\"container\">\n\t\t\t\t<div class=\"elementor-element elementor-element-3c80b451 elementor-widget elementor-widget-heading\" data-id=\"3c80b451\" data-element_type=\"widget\" data-e-type=\"widget\" data-widget_type=\"heading.default\">\n\t\t\t\t<div class=\"elementor-widget-container\">\n\t\t\t\t\t<h2 class=\"elementor-heading-title elementor-size-default\">SCIBO \u00e8 alla ricerca di partner, distributori e rappresentanti di vendita in tutto il mondo.<\/h2>\t\t\t\t<\/div>\n\t\t\t\t<\/div>\n\t\t\t\t<\/div>\n\t\t<div class=\"elementor-element elementor-element-7070c90b e-con-full e-flex e-con e-child\" data-id=\"7070c90b\" data-element_type=\"container\" data-e-type=\"container\">\n\t\t\t\t<div class=\"elementor-element elementor-element-2cb8be9e elementor-widget elementor-widget-text-editor\" data-id=\"2cb8be9e\" data-element_type=\"widget\" data-e-type=\"widget\" data-widget_type=\"text-editor.default\">\n\t\t\t\t<div class=\"elementor-widget-container\">\n\t\t\t\t\t\t\t\t\t<div><p class=\"p1\"><span class=\"s2\">SCIBO \u00e8 sinonimo di innovazione, qualit\u00e0 ed efficienza nel campo degli adesivi, dei sigillanti, delle schiume e dei rivestimenti. Con la nostra vasta gamma di prodotti e la chiara attenzione alle soluzioni personalizzate, definiamo gli standard per le applicazioni pi\u00f9 impegnative nel settore edile e industriale.<\/span><\/p><div><p class=\"p1\"><span class=\"s2\">Per guidare la nostra crescita globale, siamo alla ricerca di persone impegnate e con esperienza. <\/span><span class=\"s1\">Partner internazionali, distributori e rappresentanti di vendita<\/span><span class=\"s2\">che vogliono aprire nuovi mercati insieme a noi e rappresentare la nostra visione di prodotti di alta qualit\u00e0 nella loro regione.<\/span><\/p><\/div><\/div>\t\t\t\t\t\t\t\t<\/div>\n\t\t\t\t<\/div>\n\t\t\t\t<\/div>\n\t\t\t\t<\/div>\n\t\t\t\t<\/div>\n\t\t\t\t\t<\/div>\n\t\t\t\t<\/div>\n\t\t\t\t<section class=\"elementor-section elementor-top-section elementor-element elementor-element-62e70cff elementor-section-content-middle elementor-section-boxed elementor-section-height-default elementor-section-height-default\" data-id=\"62e70cff\" data-element_type=\"section\" data-e-type=\"section\" data-settings=\"{&quot;background_background&quot;:&quot;classic&quot;}\">\n\t\t\t\t\t\t<div class=\"elementor-container elementor-column-gap-no\">\n\t\t\t\t\t<div class=\"elementor-column elementor-col-100 elementor-top-column elementor-element elementor-element-46ff33f5\" data-id=\"46ff33f5\" data-element_type=\"column\" data-e-type=\"column\" data-settings=\"{&quot;background_background&quot;:&quot;classic&quot;}\">\n\t\t\t<div class=\"elementor-widget-wrap elementor-element-populated\">\n\t\t\t\t\t\t<div class=\"elementor-element elementor-element-78cc7db7 elementor-widget elementor-widget-heading\" data-id=\"78cc7db7\" data-element_type=\"widget\" data-e-type=\"widget\" data-widget_type=\"heading.default\">\n\t\t\t\t<div class=\"elementor-widget-container\">\n\t\t\t\t\t<h3 class=\"elementor-heading-title elementor-size-default\">Cosa offriamo:<\/h3>\t\t\t\t<\/div>\n\t\t\t\t<\/div>\n\t\t\t\t<div class=\"elementor-element elementor-element-65eebffb elementor-widget elementor-widget-text-editor\" data-id=\"65eebffb\" data-element_type=\"widget\" data-e-type=\"widget\" data-widget_type=\"text-editor.default\">\n\t\t\t\t<div class=\"elementor-widget-container\">\n\t\t\t\t\t\t\t\t\t<div><ul><li class=\"p4\"><strong><span class=\"s1\">Prodotti premium a marchio SCIBO:<\/span><\/strong><span class=\"s2\"> I nostri adesivi, sigillanti, schiume e rivestimenti soddisfano gli standard pi\u00f9 elevati in termini di qualit\u00e0, prestazioni e versatilit\u00e0.<\/span><span class=\"s1\" style=\"font-size: 16px;\">Collaborazioni esclusive:<\/span><span class=\"s2\" style=\"font-size: 16px;\"> Approfittate di condizioni interessanti e di diritti di distribuzione esclusivi, adattati al vostro gruppo target, alla vostra regione o al vostro paese, in base alle vostre possibilit\u00e0.<\/span><\/li><li class=\"p4\"><strong><span class=\"s1\" style=\"font-size: 16px;\">Opzioni a marchio privato:<\/span><\/strong><span class=\"s2\" style=\"font-size: 16px;\"> Se lo desiderate, potete commercializzare i nostri prodotti di alta qualit\u00e0 con il vostro marchio.<\/span><\/li><li class=\"p4\"><strong><span class=\"s1\" style=\"font-size: 16px;\">Sviluppo congiunto di prodotti:<\/span><\/strong><span class=\"s2\" style=\"font-size: 16px;\"> Collaborate con noi per sviluppare soluzioni innovative e personalizzate in base alle esigenze dei vostri clienti.<\/span><\/li><li class=\"p4\"><strong><span class=\"s1\" style=\"font-size: 16px;\">Assistenza completa:<\/span><\/strong><span class=\"s2\" style=\"font-size: 16px;\"> Vi offriamo una formazione intensiva sui prodotti, materiale di marketing e assistenza tecnica per fornire ai vostri clienti il miglior servizio possibile.<\/span><\/li><li class=\"p4\"><strong><span class=\"s1\" style=\"font-size: 16px;\">Nomenclatura di prodotto innovativa:<\/span><\/strong><span class=\"s2\" style=\"font-size: 16px;\"> Nomi chiari e memorabili come SCIBO SEAL, SCIBO BOND, SCIBO FOAM e SCIBO COAT rendono la categorizzazione dei nostri prodotti semplice e chiara.<\/span><\/li><li class=\"p4\"><strong><span class=\"s1\" style=\"font-size: 16px;\">Organizzazione digitale:<\/span><\/strong><span class=\"s2\" style=\"font-size: 16px;\"> I nostri processi moderni ed efficienti vi offrono un'assistenza ottimale e riducono al minimo il carico di lavoro amministrativo.<\/span><\/li><\/ul><\/div>\t\t\t\t\t\t\t\t<\/div>\n\t\t\t\t<\/div>\n\t\t\t\t\t<\/div>\n\t\t<\/div>\n\t\t\t\t\t<\/div>\n\t\t<\/section>\n\t\t\t\t<section class=\"elementor-section elementor-top-section elementor-element elementor-element-542335a8 elementor-section-content-middle elementor-section-boxed elementor-section-height-default elementor-section-height-default\" data-id=\"542335a8\" data-element_type=\"section\" data-e-type=\"section\" data-settings=\"{&quot;background_background&quot;:&quot;classic&quot;}\">\n\t\t\t\t\t\t<div class=\"elementor-container elementor-column-gap-no\">\n\t\t\t\t\t<div class=\"elementor-column elementor-col-100 elementor-top-column elementor-element elementor-element-447ef7ee\" data-id=\"447ef7ee\" data-element_type=\"column\" data-e-type=\"column\" data-settings=\"{&quot;background_background&quot;:&quot;classic&quot;}\">\n\t\t\t<div class=\"elementor-widget-wrap elementor-element-populated\">\n\t\t\t\t\t\t<div class=\"elementor-element elementor-element-1e87096d elementor-widget elementor-widget-heading\" data-id=\"1e87096d\" data-element_type=\"widget\" data-e-type=\"widget\" data-widget_type=\"heading.default\">\n\t\t\t\t<div class=\"elementor-widget-container\">\n\t\t\t\t\t<h3 class=\"elementor-heading-title elementor-size-default\">Cosa stiamo cercando:<\/h3>\t\t\t\t<\/div>\n\t\t\t\t<\/div>\n\t\t\t\t<div class=\"elementor-element elementor-element-35766b82 elementor-widget elementor-widget-text-editor\" data-id=\"35766b82\" data-element_type=\"widget\" data-e-type=\"widget\" data-widget_type=\"text-editor.default\">\n\t\t\t\t<div class=\"elementor-widget-container\">\n\t\t\t\t\t\t\t\t\t<div><ul><li class=\"p4\"><span class=\"s2\">Partner commerciale con una profonda conoscenza del mercato nei settori dell'edilizia, dell'industria e della vendita al dettaglio.<\/span><\/li><li class=\"p4\"><span style=\"font-size: 16px;\">Aziende disposte a crescere in una partnership a lungo termine e a festeggiare il successo insieme a noi.<\/span><\/li><li class=\"p4\"><span style=\"font-size: 16px;\">Rappresentanti di vendita che vogliono affermare attivamente i prodotti SCIBO nel loro mercato.<\/span><\/li><li class=\"p4\"><span style=\"font-size: 16px;\">Passione per i prodotti e le soluzioni innovative che creano un reale valore aggiunto.<\/span><\/li><\/ul><\/div>\t\t\t\t\t\t\t\t<\/div>\n\t\t\t\t<\/div>\n\t\t\t\t\t<\/div>\n\t\t<\/div>\n\t\t\t\t\t<\/div>\n\t\t<\/section>\n\t\t<div class=\"elementor-element elementor-element-50ffacbc e-flex e-con-boxed e-con e-parent\" data-id=\"50ffacbc\" data-element_type=\"container\" data-e-type=\"container\" data-settings=\"{&quot;background_background&quot;:&quot;gradient&quot;}\">\n\t\t\t\t\t<div class=\"e-con-inner\">\n\t\t<div class=\"elementor-element elementor-element-65baff92 e-con-full e-flex e-con e-child\" data-id=\"65baff92\" data-element_type=\"container\" data-e-type=\"container\">\n\t\t\t\t<div class=\"elementor-element elementor-element-76d06657 elementor-widget elementor-widget-heading\" data-id=\"76d06657\" data-element_type=\"widget\" data-e-type=\"widget\" data-widget_type=\"heading.default\">\n\t\t\t\t<div class=\"elementor-widget-container\">\n\t\t\t\t\t<h3 class=\"elementor-heading-title elementor-size-default\">Contattateci - saremo lieti di ricevere la vostra richiesta!<\/h3>\t\t\t\t<\/div>\n\t\t\t\t<\/div>\n\t\t\t\t<div class=\"elementor-element elementor-element-49d4b81 elementor-widget elementor-widget-text-editor\" data-id=\"49d4b81\" data-element_type=\"widget\" data-e-type=\"widget\" data-widget_type=\"text-editor.default\">\n\t\t\t\t<div class=\"elementor-widget-container\">\n\t\t\t\t\t\t\t\t\t<div><p class=\"p1\"><span class=\"s2\" style=\"color: #ffffff;\">Vi preghiamo di fornirci le seguenti informazioni nel vostro messaggio, in modo da poter elaborare la vostra richiesta nel miglior modo possibile:<\/span><\/p><\/div><div><ul><li class=\"p4\"><strong><span style=\"color: #ffffff;\"><span class=\"apple-tab-span\">\u00a0<\/span><span class=\"s2\">Breve presentazione della vostra azienda<\/span><\/span><\/strong><\/li><li class=\"p4\"><strong><span style=\"color: #ffffff;\"><span class=\"apple-tab-span\" style=\"font-size: 16px;\">\u00a0<\/span><span class=\"s2\" style=\"font-size: 16px;\">Il vostro settore e i mercati di riferimento<\/span><\/span><\/strong><\/li><li class=\"p4\"><strong><span style=\"font-size: 16px; color: #ffffff;\">I vostri desideri e le vostre idee per una collaborazione con SCIBO<\/span><\/strong><\/li><\/ul><\/div><div><p class=\"p1\"><span class=\"s2\" style=\"color: #ffffff;\">Che sia di persona, in loco, virtualmente o in una delle tante fiere, in SCIBO diamo importanza al dialogo diretto e al coordinamento individuale.<\/span><\/p><\/div><div><p class=\"p1\"><span class=\"s2\" style=\"color: #ffffff;\">Venite a trovarci nei nostri siti produttivi per toccare con mano i nostri standard di qualit\u00e0, oppure fissate un incontro personale per discutere i vostri obiettivi e le opportunit\u00e0 di collaborazione.<\/span><\/p><\/div><div><p class=\"p1\"><span class=\"s2\" style=\"color: #ffffff;\">Siamo lieti di rispondere a tutte le vostre domande e siamo impazienti di plasmare il futuro insieme a voi.<\/span><\/p><\/div>\t\t\t\t\t\t\t\t<\/div>\n\t\t\t\t<\/div>\n\t\t\t\t<div class=\"elementor-element elementor-element-423be1b9 elementor-align-right elementor-mobile-align-left elementor-tablet-align-center elementor-widget elementor-widget-button\" data-id=\"423be1b9\" data-element_type=\"widget\" data-e-type=\"widget\" data-widget_type=\"button.default\">\n\t\t\t\t<div class=\"elementor-widget-container\">\n\t\t\t\t\t\t\t\t\t<div class=\"elementor-button-wrapper\">\n\t\t\t\t\t<a class=\"elementor-button elementor-button-link elementor-size-md\" href=\"https:\/\/scibo-chemie.com\/it\/kontakt\/\">\n\t\t\t\t\t\t<span class=\"elementor-button-content-wrapper\">\n\t\t\t\t\t\t<span class=\"elementor-button-icon\">\n\t\t\t\t<i aria-hidden=\"true\" class=\"icon icon-users\"><\/i>\t\t\t<\/span>\n\t\t\t\t\t\t\t\t\t<span class=\"elementor-button-text\">Diventa partner ora<\/span>\n\t\t\t\t\t<\/span>\n\t\t\t\t\t<\/a>\n\t\t\t\t<\/div>\n\t\t\t\t\t\t\t\t<\/div>\n\t\t\t\t<\/div>\n\t\t\t\t<\/div>\n\t\t<div class=\"elementor-element elementor-element-35f50541 e-con-full e-flex e-con e-child\" data-id=\"35f50541\" data-element_type=\"container\" data-e-type=\"container\">\n\t\t\t\t<div class=\"elementor-element elementor-element-1b41268 elementor-widget elementor-widget-image\" data-id=\"1b41268\" data-element_type=\"widget\" data-e-type=\"widget\" data-widget_type=\"image.default\">\n\t\t\t\t<div class=\"elementor-widget-container\">\n\t\t\t\t\t\t\t\t\t\t\t\t\t\t\t<img fetchpriority=\"high\" decoding=\"async\" width=\"731\" height=\"1000\" src=\"https:\/\/scibo-chemie.com\/wp-content\/uploads\/2025\/01\/40725.jpg\" class=\"attachment-large size-large wp-image-1278\" alt=\"\" srcset=\"https:\/\/scibo-chemie.com\/wp-content\/uploads\/2025\/01\/40725.jpg 731w, https:\/\/scibo-chemie.com\/wp-content\/uploads\/2025\/01\/40725-219x300.jpg 219w, https:\/\/scibo-chemie.com\/wp-content\/uploads\/2025\/01\/40725-9x12.jpg 9w\" sizes=\"(max-width: 731px) 100vw, 731px\" \/>\t\t\t\t\t\t\t\t\t\t\t\t\t\t\t<\/div>\n\t\t\t\t<\/div>\n\t\t\t\t<\/div>\n\t\t\t\t\t<\/div>\n\t\t\t\t<\/div>\n\t\t\t\t<\/div>","protected":false},"excerpt":{"rendered":"<p>Werden Sie Teil unseres internationalen Netzwerks SCIBO sucht Partner, Distributoren und Handelsvertreter weltweit SCIBO steht f\u00fcr Innovation, Qualit\u00e4t und Effizienz [&hellip;]<\/p>\n","protected":false},"author":1,"featured_media":0,"parent":0,"menu_order":0,"comment_status":"closed","ping_status":"closed","template":"","meta":{"site-sidebar-layout":"no-sidebar","site-content-layout":"","ast-site-content-layout":"full-width-container","site-content-style":"default","site-sidebar-style":"default","ast-global-header-display":"","ast-banner-title-visibility":"","ast-main-header-display":"","ast-hfb-above-header-display":"","ast-hfb-below-header-display":"","ast-hfb-mobile-header-display":"","site-post-title":"disabled","ast-breadcrumbs-content":"","ast-featured-img":"disabled","footer-sml-layout":"","ast-disable-related-posts":"","theme-transparent-header-meta":"","adv-header-id-meta":"","stick-header-meta":"","header-above-stick-meta":"","header-main-stick-meta":"","header-below-stick-meta":"","astra-migrate-meta-layouts":"default","ast-page-background-enabled":"default","ast-page-background-meta":{"desktop":{"background-color":"var(--ast-global-color-4)","background-image":"","background-repeat":"repeat","background-position":"center center","background-size":"auto","background-attachment":"scroll","background-type":"","background-media":"","overlay-type":"","overlay-color":"","overlay-opacity":"","overlay-gradient":""},"tablet":{"background-color":"","background-image":"","background-repeat":"repeat","background-position":"center center","background-size":"auto","background-attachment":"scroll","background-type":"","background-media":"","overlay-type":"","overlay-color":"","overlay-opacity":"","overlay-gradient":""},"mobile":{"background-color":"","background-image":"","background-repeat":"repeat","background-position":"center center","background-size":"auto","background-attachment":"scroll","background-type":"","background-media":"","overlay-type":"","overlay-color":"","overlay-opacity":"","overlay-gradient":""}},"ast-content-background-meta":{"desktop":{"background-color":"var(--ast-global-color-5)","background-image":"","background-repeat":"repeat","background-position":"center center","background-size":"auto","background-attachment":"scroll","background-type":"","background-media":"","overlay-type":"","overlay-color":"","overlay-opacity":"","overlay-gradient":""},"tablet":{"background-color":"var(--ast-global-color-5)","background-image":"","background-repeat":"repeat","background-position":"center center","background-size":"auto","background-attachment":"scroll","background-type":"","background-media":"","overlay-type":"","overlay-color":"","overlay-opacity":"","overlay-gradient":""},"mobile":{"background-color":"var(--ast-global-color-5)","background-image":"","background-repeat":"repeat","background-position":"center center","background-size":"auto","background-attachment":"scroll","background-type":"","background-media":"","overlay-type":"","overlay-color":"","overlay-opacity":"","overlay-gradient":""}},"footnotes":""},"class_list":["post-1272","page","type-page","status-publish","hentry"],"_links":{"self":[{"href":"https:\/\/scibo-chemie.com\/it\/wp-json\/wp\/v2\/pages\/1272","targetHints":{"allow":["GET"]}}],"collection":[{"href":"https:\/\/scibo-chemie.com\/it\/wp-json\/wp\/v2\/pages"}],"about":[{"href":"https:\/\/scibo-chemie.com\/it\/wp-json\/wp\/v2\/types\/page"}],"author":[{"embeddable":true,"href":"https:\/\/scibo-chemie.com\/it\/wp-json\/wp\/v2\/users\/1"}],"replies":[{"embeddable":true,"href":"https:\/\/scibo-chemie.com\/it\/wp-json\/wp\/v2\/comments?post=1272"}],"version-history":[{"count":4,"href":"https:\/\/scibo-chemie.com\/it\/wp-json\/wp\/v2\/pages\/1272\/revisions"}],"predecessor-version":[{"id":1281,"href":"https:\/\/scibo-chemie.com\/it\/wp-json\/wp\/v2\/pages\/1272\/revisions\/1281"}],"wp:attachment":[{"href":"https:\/\/scibo-chemie.com\/it\/wp-json\/wp\/v2\/media?parent=1272"}],"curies":[{"name":"wp","href":"https:\/\/api.w.org\/{rel}","templated":true}]}}