{"id":29,"date":"2024-10-24T11:30:57","date_gmt":"2024-10-24T09:30:57","guid":{"rendered":"http:\/\/scibo-chemie.com\/?page_id=29"},"modified":"2026-03-26T16:53:32","modified_gmt":"2026-03-26T15:53:32","slug":"datenschutz","status":"publish","type":"page","link":"https:\/\/scibo-chemie.com\/it\/datenschutz\/","title":{"rendered":"INFORMATIVA SULLA PRIVACY"},"content":{"rendered":"<div data-elementor-type=\"wp-page\" data-elementor-id=\"29\" class=\"elementor elementor-29\">\n\t\t\t\t<div class=\"elementor-element elementor-element-d60c744 e-flex e-con-boxed e-con e-parent\" data-id=\"d60c744\" data-element_type=\"container\" data-e-type=\"container\">\n\t\t\t\t\t<div class=\"e-con-inner\">\n\t\t\t\t<div class=\"elementor-element elementor-element-021d70e elementor-widget elementor-widget-text-editor\" data-id=\"021d70e\" data-element_type=\"widget\" data-e-type=\"widget\" data-widget_type=\"text-editor.default\">\n\t\t\t\t<div class=\"elementor-widget-container\">\n\t\t\t\t\t\t\t\t\t<h2 class=\"wp-block-heading\">Informativa sulla privacy<\/h2><p>I dati personali (di seguito denominati per lo pi\u00f9 \u201edati\u201c) vengono da noi trattati solo nella misura necessaria e allo scopo di fornire un sito web funzionale e di facile utilizzo, compresi i suoi contenuti e i servizi offerti.<\/p><p>Ai sensi dell'articolo 4, paragrafo 1, del Regolamento (UE) 2016\/679, ossia il Regolamento generale sulla protezione dei dati (di seguito \u201eGDPR\u201c), per \u201etrattamento\u201c si intende qualsiasi operazione o insieme di operazioni compiute su dati personali o su insiemi di dati personali, con o senza l'ausilio di processi automatizzati, come la raccolta, la registrazione, l'organizzazione, la strutturazione, la conservazione, l'adattamento o la modifica, l'estrazione, la consultazione, l'uso, la comunicazione mediante trasmissione, diffusione o qualsiasi altra forma di messa a disposizione, il raffronto o l'interconnessione, la limitazione, la cancellazione o la distruzione.<\/p><p>Con la seguente informativa sulla privacy, vi informiamo in particolare sul tipo, la portata, lo scopo, la durata e la base giuridica del trattamento dei dati personali, nella misura in cui decidiamo da soli o insieme ad altri gli scopi e i mezzi del trattamento. Inoltre, di seguito vi informiamo sui componenti di terze parti che utilizziamo a scopo di ottimizzazione e per aumentare la qualit\u00e0 dell'utilizzo, nella misura in cui le terze parti elaborano i dati sotto la propria responsabilit\u00e0.<\/p><p>La nostra politica sulla privacy \u00e8 strutturata come segue:<\/p><p>I. Informazioni su di noi in qualit\u00e0 di responsabile del trattamento<br \/>II Diritti degli utenti e degli interessati<br \/>III. Informazioni sul trattamento dei dati<\/p><h3 class=\"wp-block-heading\">I. Informazioni su di noi in qualit\u00e0 di responsabile del trattamento<\/h3><p>Il fornitore responsabile di questo sito web in termini di legge sulla protezione dei dati \u00e8<\/p><p>Scibo UG (responsabilit\u00e0 limitata) <br \/>Nils Schmitz<br \/>Zona industriale A 10<br \/>92364 Deining<\/p><p>Telefono: +49 9184 4069895-0<br \/>E-mail: info@scibo-chemie.com<\/p><h3 class=\"wp-block-heading\">II Diritti degli utenti e degli interessati<\/h3><p>In relazione ai trattamenti di dati descritti pi\u00f9 dettagliatamente di seguito, gli utenti e gli interessati hanno il diritto di<\/p><ul class=\"wp-block-list\"><li>alla conferma del trattamento dei dati che li riguardano, alle informazioni sui dati trattati, a ulteriori informazioni sul trattamento dei dati e a copie dei dati (cfr. anche l'art. 15 del GDPR);<\/li><li>alla rettifica o al completamento di dati errati o incompleti (si veda anche l'art. 16 del GDPR);<\/li><li>alla cancellazione immediata dei dati che li riguardano (si veda anche l'art. 17 GDPR) o, in alternativa, se \u00e8 necessario un ulteriore trattamento ai sensi dell'art. 17 (3) GDPR, alla limitazione del trattamento ai sensi dell'art. 18 GDPR;<\/li><li>di ricevere i dati che li riguardano e che hanno fornito e di trasferirli ad altri fornitori\/controllori (cfr. anche l'art. 20 GDPR);<\/li><li>di presentare un reclamo all'autorit\u00e0 di controllo se ritiene che i dati che li riguardano siano trattati dal fornitore in violazione delle norme sulla protezione dei dati (si veda anche l'art. 77 del GDPR).<\/li><\/ul><p>Inoltre, il fornitore \u00e8 obbligato a informare tutti i destinatari ai quali sono stati comunicati i dati dal fornitore di qualsiasi correzione o cancellazione dei dati o della limitazione del trattamento che avviene sulla base degli articoli 16, 17 par. 1, 18 GDPR. Tuttavia, tale obbligo non si applica se tale notifica \u00e8 impossibile o comporta uno sforzo sproporzionato. Ciononostante, l'utente ha il diritto di ricevere informazioni su tali destinatari.<\/p><p><strong>Ai sensi dell'art. 21 GDPR, gli utenti e gli interessati hanno inoltre il diritto di opporsi al futuro trattamento dei dati che li riguardano, a condizione che i dati siano trattati dal fornitore ai sensi dell'art. 6 par. 1 lett. f) GDPR. In particolare, \u00e8 consentita l'opposizione al trattamento dei dati a scopo di pubblicit\u00e0 diretta.<\/strong><\/p><h3 class=\"wp-block-heading\">III. Informazioni sul trattamento dei dati<\/h3><p>I vostri dati trattati durante l'utilizzo del nostro sito web saranno cancellati o bloccati non appena lo scopo della memorizzazione non sar\u00e0 pi\u00f9 valido, la cancellazione dei dati non sar\u00e0 in contrasto con gli obblighi di conservazione previsti dalla legge e non saranno fornite altre informazioni di seguito sulle singole procedure di trattamento.<\/p><h4 class=\"jet-listing-dynamic-field__content\">Responsabile dei cookie<\/h4><p>Il fornitore utilizza un cookie manager per ottenere il consenso all'uso di cookie tecnicamente non necessari sul sito web.<\/p><p>Quando si richiama il sito web, un cookie con le informazioni sull'impostazione viene memorizzato sul dispositivo finale dell'utente, in modo che la richiesta di consenso non debba essere effettuata in una visita successiva.<\/p><p>Il cookie \u00e8 necessario per ottenere il consenso legale dell'utente.<\/p><p>L'utente pu\u00f2 impedire o bloccare l'installazione dei cookie modificando le impostazioni del proprio browser.<\/p><h4 class=\"jet-listing-dynamic-field__content\">Biscotti<\/h4><h5>a) Cookie di sessione\/ cookie di sessione<\/h5><p>Sul nostro sito web utilizziamo i cosiddetti cookie. I cookie sono piccoli file di testo o altre tecnologie di memorizzazione che vengono inseriti e memorizzati sul vostro dispositivo finale dal browser Internet che utilizzate. Questi cookie elaborano determinate informazioni dell'utente, come ad esempio i dati relativi al browser o alla posizione o l'indirizzo IP, in misura individuale.<\/p><p>Questo trattamento rende il nostro sito web pi\u00f9 facile da usare, efficace e sicuro, in quanto consente, ad esempio, di riprodurre il nostro sito web in diverse lingue o di offrire una funzione di carrello della spesa.<\/p><p>La base giuridica per questo trattamento \u00e8 l'art. 6 par. 1 lit. b.) GDPR, nella misura in cui questi cookie trattano i dati per l'avvio del contratto o l'adempimento del contratto.<\/p><p>Se l'elaborazione non serve per l'avvio o l'adempimento di un contratto, il nostro legittimo interesse consiste nel migliorare la funzionalit\u00e0 del nostro sito web. La base giuridica in questo caso \u00e8 l'art. 6 comma 1 lett. f) del GDPR.<\/p><p>Questi cookie di sessione vengono eliminati quando si chiude il browser Internet.<\/p><h5>b) Cookie di terze parti<\/h5><p>Il nostro sito web pu\u00f2 anche utilizzare cookie di aziende partner con cui collaboriamo per scopi pubblicitari, di analisi o per le funzionalit\u00e0 del nostro sito web.<\/p><p>Per i dettagli, si rimanda alle seguenti informazioni, in particolare alle finalit\u00e0 e alla base giuridica del trattamento di tali cookie di terze parti.<\/p><h5>c) Possibilit\u00e0 di eliminazione<\/h5><p>Potete impedire o limitare l'installazione dei cookie modificando le impostazioni del vostro browser Internet. \u00c8 inoltre possibile cancellare in qualsiasi momento i cookie gi\u00e0 salvati. Tuttavia, i passaggi e le misure necessarie a tal fine dipendono dal browser Internet utilizzato. In caso di domande, si prega di utilizzare la funzione di aiuto o la documentazione del proprio browser Internet o di contattare il produttore o l'assistenza. Nel caso dei cosiddetti Flash cookie, tuttavia, l'elaborazione non pu\u00f2 essere impedita tramite le impostazioni del browser. \u00c8 invece necessario modificare le impostazioni del lettore Flash. I passi e le misure necessarie a tal fine dipendono anche dallo specifico Flash player utilizzato. In caso di domande, si prega di utilizzare anche la funzione di aiuto o la documentazione del proprio Flash player o di contattare il produttore o l'assistenza utenti.<\/p><p>Tuttavia, se impedite o limitate l'installazione dei cookie, \u00e8 possibile che non tutte le funzioni del nostro sito web possano essere utilizzate appieno.<\/p><h4 class=\"jet-listing-dynamic-field__content\">Richieste di contatto \/ opzione di contatto<\/h4><p>Se ci contattate tramite modulo di contatto o e-mail, i dati da voi forniti saranno utilizzati per elaborare la vostra richiesta. La fornitura di questi dati \u00e8 necessaria per elaborare e rispondere alla vostra richiesta - senza di essi non possiamo rispondere alla vostra richiesta o possiamo farlo solo in misura limitata.<\/p><p>La base giuridica di questo trattamento \u00e8 l'art. 6 par. 1 lett. b) GDPR.<\/p><p>I vostri dati saranno cancellati se la vostra richiesta ha trovato una risposta definitiva e se la cancellazione non \u00e8 in contrasto con gli obblighi di conservazione previsti dalla legge, come ad esempio nel caso di una successiva elaborazione del contratto.<\/p><h4 class=\"jet-listing-dynamic-field__content\">Newsletter<\/h4><p>Se vi registrate alla nostra newsletter gratuita, ci trasmetterete i dati richiesti a tale scopo, ossia il vostro indirizzo e-mail e, facoltativamente, il vostro nome e indirizzo. Allo stesso tempo, memorizziamo l'indirizzo IP della connessione Internet da cui accedete al nostro sito web, nonch\u00e9 la data e l'ora della vostra registrazione. Nell'ambito dell'ulteriore processo di registrazione, otterremo il vostro consenso per inviarvi la newsletter, descriverne dettagliatamente il contenuto e rimandarvi alla presente informativa sulla privacy. I dati raccolti in questo processo vengono utilizzati esclusivamente per l'invio della newsletter e, in particolare, non vengono trasmessi a terzi.<\/p><p>La base giuridica \u00e8 l'art. 6 comma 1 lett. a) del GDPR.<\/p><p>Potete revocare in qualsiasi momento il vostro consenso a ricevere la newsletter con effetto per il futuro, ai sensi dell'art. 7 par. 3 GDPR. Tutto ci\u00f2 che dovete fare \u00e8 informarci della vostra cancellazione o cliccare sul link di cancellazione contenuto in ogni newsletter.<\/p><h4 class=\"jet-listing-dynamic-field__content\">Dati del server<\/h4><p>Per motivi tecnici, in particolare per garantire una presenza su Internet sicura e stabile, i dati vengono trasmessi a noi o al nostro provider di spazio web dal vostro browser Internet. Con questi cosiddetti file di log del server vengono rilevati, tra l'altro, il tipo e la versione del vostro browser Internet, il sistema operativo, il sito web da cui siete passati alla nostra presenza in Internet (URL di riferimento), il sito o i siti web della nostra presenza in Internet che visitate, la data e l'ora del rispettivo accesso e l'indirizzo IP della connessione Internet da cui avviene l'utilizzo della nostra presenza in Internet.<\/p><p>I dati cos\u00ec raccolti vengono memorizzati temporaneamente, ma non insieme ad altri dati dell'utente.<\/p><p>Questa memorizzazione avviene sulla base giuridica dell'art. 6 par. 1 lit. f) GDPR. Il nostro legittimo interesse consiste nel miglioramento, nella stabilit\u00e0, nella funzionalit\u00e0 e nella sicurezza del nostro sito web.<\/p><p>I dati saranno cancellati al pi\u00f9 tardi dopo sette giorni, a meno che non sia necessaria un'ulteriore conservazione a fini probatori. In caso contrario, tutti o parte dei dati sono esclusi dalla cancellazione fino a quando l'incidente non sar\u00e0 stato definitivamente chiarito.<\/p><h4 class=\"jet-listing-dynamic-field__content\">facebook<\/h4><p>Meta Platforms Ireland Limited, 4 Grand Canal Square, Dublino 2, Irlanda.<\/p><p>Informativa sulla privacy:\u00a0<a href=\"https:\/\/www.facebook.com\/policy.php\" target=\"_blank\" rel=\"nofollow noopener\">https:\/\/www.facebook.com\/policy.php<\/a><\/p><h4 class=\"jet-listing-dynamic-field__content\">Instagram<\/h4><p>Meta Platforms Ireland Limited, 4 Grand Canal Square, Dublino 2, Irlanda.<\/p><p>Informativa sulla privacy:\u00a0<a href=\"https:\/\/help.instagram.com\/519522125107875\" target=\"_blank\" rel=\"nofollow noopener\">https:\/\/help.instagram.com\/519522125107875<\/a><\/p><h4 class=\"jet-listing-dynamic-field__content\">LinkedIn<\/h4><p>LinkedIn Ireland Unlimited Company, Wilton Plaza, Wilton Place, Dublino 2, Irlanda, una filiale di LinkedIn Corporation, 1000 W. Maude Avenue, Sunnyvale, CA 94085 USA.<\/p><p>Informativa sulla privacy: <a href=\"https:\/\/www.linkedin.com\/legal\/privacy-policy\" target=\"_blank\" rel=\"noopener nofollow\">https:\/\/www.linkedin.com\/legal\/privacy-policy<\/a><\/p><h4 class=\"jet-listing-dynamic-field__content\">Google Analytics<\/h4><p>Sul nostro sito web utilizziamo Google Analytics, un servizio di analisi web fornito da Google Ireland Limited, Gordon House, Barrow Street, Dublino 4, Irlanda, una filiale di Google LLC, 1600 Amphitheatre Parkway, Mountain View, CA 94043 USA, di seguito denominata \u201eGoogle\u201c.<\/p><p>Google Analytics ci aiuta ad analizzare l'utilizzo del sito web e a misurare l'efficacia delle nostre campagne di marketing. La base giuridica \u00e8 l'art. 6 comma 1 lett. a GDPR. L'utente pu\u00f2 revocare il proprio consenso all'utilizzo di Google Analytics in qualsiasi momento per il futuro, ai sensi dell'art. 7 comma 3 GDPR, tramite le \u201eimpostazioni dei cookie\u201c sul nostro sito web.<\/p><p>Informazioni quali l'ora, il luogo e la frequenza delle visite al sito web e delle interazioni con il sito web (ad es. percorsi di clic, annunci pubblicitari visualizzati\/cliccati, clic sui link), compreso l'indirizzo IP dell'utente, vengono trasmesse a un server di Google negli Stati Uniti e l\u00ec memorizzate per un massimo di 2 mesi.<\/p><p>Google LLC fa parte del \u201eData Privacy Framework\u201c per il quale la Commissione UE ha emesso una decisione di adeguatezza ai sensi dell'art. 45 del GDPR:<\/p><p><a href=\"https:\/\/www.dataprivacyframework.gov\/list\" target=\"_blank\" rel=\"nofollow noopener\">https:\/\/www.dataprivacyframework.gov\/list<\/a><\/p><p>Google registra anche \u201ecaratteristiche demografiche\u201c e pu\u00f2 compilare statistiche che consentono di fare affermazioni sull'et\u00e0, il sesso e gli interessi dei visitatori del sito. Ci\u00f2 avviene attraverso l'analisi automatica della pubblicit\u00e0 e delle informazioni provenienti da fornitori terzi.<\/p><p>Se l'utente ha attivato gli annunci personalizzati nel proprio account Google e accetta Google Analytics, Google pu\u00f2 analizzare il comportamento di utilizzo su tutti i dispositivi, ossia su tutti i dispositivi che l'utente ha collegato al proprio account Google. Google crea modelli per le conversioni tra dispositivi; a questo scopo ci vengono trasmesse solo statistiche anonime e non dati personali.<\/p><p>Se l'utente desidera disattivare questa analisi cross-device, pu\u00f2 disattivare la funzione \u201ePubblicit\u00e0 personalizzata\u201c nelle impostazioni del proprio account Google al seguente link:<\/p><p><a href=\"https:\/\/support.google.com\/ads\/answer\/2662922?hl=de\" target=\"_blank\" rel=\"nofollow noopener\">https:\/\/support.google.com\/ads\/answer\/2662922?hl=de<\/a><\/p><p>Utilizziamo Google Analytics con funzione di anonimizzazione. Ci\u00f2 significa che l'indirizzo IP dell'utente viene troncato da Google all'interno degli Stati membri dell'UE o in altri Stati firmatari dell'accordo SEE.<\/p><p>Google utilizza i dati raccolti per analizzare la visita dell'utente al sito web e per redigere per noi rapporti sulle attivit\u00e0 del sito web. I dati vengono inoltre utilizzati per fornire ulteriori servizi relativi all'utilizzo del sito web e di Internet. Google pu\u00f2 trasmettere queste informazioni a terzi se richiesto dalla legge o se terzi elaborano questi dati per conto di Google.<\/p><p>Secondo le sue stesse informazioni, Google non collegher\u00e0 mai l'indirizzo IP dell'utente con altri dati di Google. Google offre ulteriori informazioni e opzioni per impedire l'utilizzo dei dati qui:<\/p><p><a href=\"https:\/\/www.google.com\/intl\/de\/policies\/privacy\/partners\" target=\"_blank\" rel=\"nofollow noopener\">https:\/\/www.google.com\/intl\/de\/policies\/privacy\/partners<\/a><\/p><p>Se l'utente non \u00e8 d'accordo con la raccolta dei dati, pu\u00f2 impedirlo anche installando il componente aggiuntivo del browser per disattivare Google Analytics.<\/p><h4 class=\"jet-listing-dynamic-field__content\">Google Tag Manager<\/h4><p>Utilizziamo Google Tag Manager per integrare varie funzioni sul nostro sito web. Questo prodotto proviene da Google Ireland Limited, Gordon House, Barrow Street, Dublino 4, Irlanda, una filiale di Google LLC, 1600 Amphitheatre Parkway, Mountain View, CA 94043 USA, di seguito denominata \u201eGoogle\u201c.<\/p><p>Il Google Tag Manager viene utilizzato esclusivamente per integrare determinati contenuti sul nostro sito web e per consentire la gestione di queste funzioni tramite un'interfaccia fornita da Google.<\/p><p>Quando si accede al sito web, le funzioni corrispondenti vengono caricate da un server di Google, che pu\u00f2 trovarsi anche negli Stati Uniti. L'indirizzo IP dell'utente viene elaborato per fornire le funzioni.<\/p><p>Le funzioni utilizzate sono elencate in modo esaustivo nella nostra informativa sulla privacy. I consensi non concessi dall'utente per determinate funzioni vengono rispettati anche quando si utilizza Google Tag Manager.<\/p><p>Google LLC fa anche parte del \u201eData Privacy Framework\u201c, per il quale la Commissione UE ha emesso una decisione di adeguatezza ai sensi dell'art. 45 del GDPR:<\/p><p><a href=\"https:\/\/www.dataprivacyframework.gov\/list\" target=\"_blank\" rel=\"nofollow noopener\">https:\/\/www.dataprivacyframework.gov\/list<\/a><\/p><p>La base giuridica per l'utilizzo \u00e8 l'art. 6 comma 1 lett. f GDPR. Il nostro legittimo interesse consiste nell'ottimizzazione e nel funzionamento economico del nostro sito web.<\/p><h4 class=\"jet-listing-dynamic-field__content\">Caratteri di Google<\/h4><p>Sul nostro sito web utilizziamo Google Fonts per visualizzare i caratteri esterni. Si tratta di un servizio fornito da Google Ireland Limited, Gordon House, Barrow Street, Dublino 4, Irlanda, di seguito denominato \u201eGoogle\u201c.<\/p><p>Per consentire la visualizzazione di determinati font sul nostro sito web, al momento dell'accesso al nostro sito web viene stabilita una connessione con il server di Google negli Stati Uniti.<\/p><p>La base giuridica \u00e8 l'art. 6 comma 1 lett. f) del GDPR. Il nostro legittimo interesse consiste nell'ottimizzazione e nel funzionamento economico del nostro sito web.<\/p><p>La connessione a Google stabilita al momento dell'accesso al nostro sito web consente a Google di determinare da quale sito web \u00e8 stata inviata la vostra richiesta e a quale indirizzo IP deve essere trasmessa la visualizzazione del carattere.<\/p><p>Google offre sotto<\/p><p><a href=\"https:\/\/adssettings.google.com\/authenticated\" target=\"_blank\" rel=\"noopener nofollow\">https:\/\/adssettings.google.com\/authenticated<\/a><\/p><p><a href=\"https:\/\/policies.google.com\/privacy\" target=\"_blank\" rel=\"noopener nofollow\">https:\/\/policies.google.com\/privacy<\/a><\/p><p>ulteriori informazioni, in particolare sulle opzioni per impedire l'uso dei dati.<\/p><h4 class=\"jet-listing-dynamic-field__content\">Google reCAPTCHA<\/h4><p>Sul nostro sito web utilizziamo Google reCAPTCHA per verificare e impedire le interazioni sul nostro sito web attraverso l'accesso automatico, ad esempio da parte dei cosiddetti bot. Si tratta di un servizio fornito da Google Ireland Limited, Gordon House, Barrow Street, Dublino 4, Irlanda, di seguito denominato \u201eGoogle\u201c.<\/p><p>Questo servizio consente a Google di determinare da quale sito web viene inviata una richiesta e da quale indirizzo IP si sta utilizzando la cosiddetta casella di immissione reCAPTCHA. Oltre al vostro indirizzo IP, Google pu\u00f2 raccogliere anche altre informazioni necessarie per la fornitura e la garanzia di questo servizio.<\/p><p>La base giuridica \u00e8 l'art. 6 comma 1 lett. f) del GDPR. Il nostro interesse legittimo \u00e8 la sicurezza del nostro sito web e la difesa da accessi indesiderati e automatizzati sotto forma di spam o simili.<\/p><p>Google offre sotto<\/p><p><a href=\"https:\/\/policies.google.com\/privacy\" target=\"_blank\" rel=\"noopener nofollow\">https:\/\/policies.google.com\/privacy<\/a><\/p><p>ulteriori informazioni sul trattamento generale dei vostri dati utente.<\/p><p><a href=\"https:\/\/www.generator-datenschutzerkl\u00e4rung.de\" target=\"_blank\" rel=\"noopener\">Esempio di dichiarazione sulla protezione dei dati<\/a> il <a href=\"https:\/\/www.bewertung-l\u00f6schen24.de\" target=\"_blank\" rel=\"nofollow noopener\">Studio legale Wei\u00df &amp; Partner<\/a><\/p>\t\t\t\t\t\t\t\t<\/div>\n\t\t\t\t<\/div>\n\t\t\t\t\t<\/div>\n\t\t\t\t<\/div>\n\t\t\t\t<\/div>","protected":false},"excerpt":{"rendered":"<p>Datenschutzerkl\u00e4rung Personenbezogene Daten (nachfolgend zumeist nur \u201eDaten\u201c genannt) werden von uns nur im Rahmen der Erforderlichkeit sowie zum Zwecke der [&hellip;]<\/p>\n","protected":false},"author":1,"featured_media":0,"parent":0,"menu_order":0,"comment_status":"closed","ping_status":"closed","template":"","meta":{"site-sidebar-layout":"no-sidebar","site-content-layout":"","ast-site-content-layout":"full-width-container","site-content-style":"default","site-sidebar-style":"default","ast-global-header-display":"","ast-banner-title-visibility":"","ast-main-header-display":"","ast-hfb-above-header-display":"","ast-hfb-below-header-display":"","ast-hfb-mobile-header-display":"","site-post-title":"disabled","ast-breadcrumbs-content":"","ast-featured-img":"disabled","footer-sml-layout":"","ast-disable-related-posts":"","theme-transparent-header-meta":"","adv-header-id-meta":"","stick-header-meta":"","header-above-stick-meta":"","header-main-stick-meta":"","header-below-stick-meta":"","astra-migrate-meta-layouts":"default","ast-page-background-enabled":"default","ast-page-background-meta":{"desktop":{"background-color":"var(--ast-global-color-4)","background-image":"","background-repeat":"repeat","background-position":"center center","background-size":"auto","background-attachment":"scroll","background-type":"","background-media":"","overlay-type":"","overlay-color":"","overlay-opacity":"","overlay-gradient":""},"tablet":{"background-color":"","background-image":"","background-repeat":"repeat","background-position":"center center","background-size":"auto","background-attachment":"scroll","background-type":"","background-media":"","overlay-type":"","overlay-color":"","overlay-opacity":"","overlay-gradient":""},"mobile":{"background-color":"","background-image":"","background-repeat":"repeat","background-position":"center center","background-size":"auto","background-attachment":"scroll","background-type":"","background-media":"","overlay-type":"","overlay-color":"","overlay-opacity":"","overlay-gradient":""}},"ast-content-background-meta":{"desktop":{"background-color":"var(--ast-global-color-5)","background-image":"","background-repeat":"repeat","background-position":"center center","background-size":"auto","background-attachment":"scroll","background-type":"","background-media":"","overlay-type":"","overlay-color":"","overlay-opacity":"","overlay-gradient":""},"tablet":{"background-color":"var(--ast-global-color-5)","background-image":"","background-repeat":"repeat","background-position":"center center","background-size":"auto","background-attachment":"scroll","background-type":"","background-media":"","overlay-type":"","overlay-color":"","overlay-opacity":"","overlay-gradient":""},"mobile":{"background-color":"var(--ast-global-color-5)","background-image":"","background-repeat":"repeat","background-position":"center center","background-size":"auto","background-attachment":"scroll","background-type":"","background-media":"","overlay-type":"","overlay-color":"","overlay-opacity":"","overlay-gradient":""}},"footnotes":""},"class_list":["post-29","page","type-page","status-publish","hentry"],"_links":{"self":[{"href":"https:\/\/scibo-chemie.com\/it\/wp-json\/wp\/v2\/pages\/29","targetHints":{"allow":["GET"]}}],"collection":[{"href":"https:\/\/scibo-chemie.com\/it\/wp-json\/wp\/v2\/pages"}],"about":[{"href":"https:\/\/scibo-chemie.com\/it\/wp-json\/wp\/v2\/types\/page"}],"author":[{"embeddable":true,"href":"https:\/\/scibo-chemie.com\/it\/wp-json\/wp\/v2\/users\/1"}],"replies":[{"embeddable":true,"href":"https:\/\/scibo-chemie.com\/it\/wp-json\/wp\/v2\/comments?post=29"}],"version-history":[{"count":7,"href":"https:\/\/scibo-chemie.com\/it\/wp-json\/wp\/v2\/pages\/29\/revisions"}],"predecessor-version":[{"id":1360,"href":"https:\/\/scibo-chemie.com\/it\/wp-json\/wp\/v2\/pages\/29\/revisions\/1360"}],"wp:attachment":[{"href":"https:\/\/scibo-chemie.com\/it\/wp-json\/wp\/v2\/media?parent=29"}],"curies":[{"name":"wp","href":"https:\/\/api.w.org\/{rel}","templated":true}]}}