{"id":766,"date":"2025-01-04T15:45:30","date_gmt":"2025-01-04T14:45:30","guid":{"rendered":"http:\/\/scibo-chemie.com\/?page_id=766"},"modified":"2026-03-26T16:55:32","modified_gmt":"2026-03-26T15:55:32","slug":"agb","status":"publish","type":"page","link":"https:\/\/scibo-chemie.com\/it\/agb\/","title":{"rendered":"GTC"},"content":{"rendered":"<div data-elementor-type=\"wp-page\" data-elementor-id=\"766\" class=\"elementor elementor-766\">\n\t\t\t\t<div class=\"elementor-element elementor-element-980b5e1 e-flex e-con-boxed e-con e-parent\" data-id=\"980b5e1\" data-element_type=\"container\" data-e-type=\"container\">\n\t\t\t\t\t<div class=\"e-con-inner\">\n\t\t\t\t<div class=\"elementor-element elementor-element-5afbdb2 elementor-widget elementor-widget-text-editor\" data-id=\"5afbdb2\" data-element_type=\"widget\" data-e-type=\"widget\" data-widget_type=\"text-editor.default\">\n\t\t\t\t<div class=\"elementor-widget-container\">\n\t\t\t\t\t\t\t\t\t<p class=\"p1\"><b>Condizioni generali di vendita<\/b><\/p><p class=\"p1\">di Scibo UG (haftungsbeschr\u00e4nkt) , Gewerbepark A 10, 92364 Deining - di seguito denominato \u201eVenditore\u201c -.<\/p><p class=\"p1\"><b>\u00a7 1 Ambito di applicazione<\/b><\/p><p class=\"p2\">1 Le presenti Condizioni Generali di Vendita si applicano a tutti i contratti conclusi tra il Venditore e i suoi clienti - di seguito denominati \"Acquirente\" - per la vendita e\/o la consegna di beni mobili.<\/p><p class=\"p2\">2 Le presenti Condizioni Generali di Vendita si applicano in via esclusiva. Termini e condizioni divergenti o in conflitto con quelli dell'Acquirente non saranno riconosciuti dal Venditore a meno che non siano stati espressamente concordati per iscritto.<\/p><p class=\"p2\">3 Le presenti Condizioni Generali di Vendita si applicano anche nel caso in cui il Venditore esegua la consegna senza riserve sapendo che i termini e le condizioni dell'Acquirente sono in contrasto o si discostano dalle presenti Condizioni Generali.<\/p><p class=\"p2\">4 Le presenti Condizioni Generali di Vendita si applicano esclusivamente a imprenditori, persone giuridiche di diritto pubblico.<\/p><p class=\"p1\"><b>\u00a7 2 Conclusione del contratto<\/b><\/p><p class=\"p2\">1. l'ordine dell'acquirente costituisce un'offerta vincolante che il venditore pu\u00f2 accettare entro una settimana dal suo ricevimento inviando una conferma d'ordine o consegnando la merce. Le offerte fatte dal venditore prima di questo termine sono soggette a modifiche.<\/p><p class=\"p2\">2 Il Venditore si riserva il diritto di propriet\u00e0 e di copyright su illustrazioni, disegni, calcoli e altri documenti. Ci\u00f2 vale anche per i documenti scritti contrassegnati come riservati. L'Acquirente deve ottenere l'esplicito consenso scritto del Venditore prima di trasmetterli a terzi.<\/p><p class=\"p1\"><b>\u00a7 3 Prezzi, pagamento e consegna<\/b><\/p><p class=\"p2\">1. se non diversamente concordato in singoli casi, si applicano i prezzi correnti al momento della stipula del contratto, franco magazzino, pi\u00f9 IVA di legge.<\/p><p class=\"p2\">2 Se i costi del Venditore per la merce aumentano dopo la conclusione del contratto a causa di un aumento dei costi esterni o di una modifica dei tassi di cambio o dei prezzi di acquisto del Venditore, quest'ultimo ha il diritto di adeguare di conseguenza il prezzo di acquisto concordato.<\/p><p class=\"p2\">3 Se tra la stipula del contratto e la consegna si verificano spese aggiuntive o maggiori - in particolare dazi doganali, imposte, tasse, perequazione valutaria - a causa di modifiche delle norme giuridiche, il venditore ha il diritto di aumentare di conseguenza il prezzo di acquisto concordato. Lo stesso vale per le spese di ispezione.<\/p><p class=\"p2\">4. le nostre richieste di prezzo d'acquisto sono generalmente \"nette in contanti\" e devono essere pagate senza alcuna detrazione immediatamente al ricevimento della fattura, a meno che non sia stato concordato per iscritto un termine di pagamento diverso. Il prezzo di acquisto \u00e8 esigibile entro 10 giorni dalla fatturazione e dalla consegna. Tuttavia, il venditore \u00e8 autorizzato in qualsiasi momento, anche nell'ambito di un rapporto commerciale in corso, a effettuare una consegna totale o parziale solo dietro pagamento anticipato.<\/p><p class=\"p2\">5 In caso di vendita con spedizione (si veda il successivo \u00a7 4 comma 2), l'Acquirente dovr\u00e0 sostenere le spese di trasporto franco magazzino e le spese di assicurazione del trasporto eventualmente richieste dall'Acquirente. Eventuali dazi doganali, tasse, imposte e altri oneri pubblici sono a carico dell'Acquirente.<\/p><p class=\"p2\">6. Se l'importo della fattura non viene saldato entro un massimo di 10 giorni di calendario dalla data della fattura o alla data di scadenza altrimenti concordata, il venditore ha il diritto di richiedere gli interessi di mora e altri danni causati dall'inadempimento dell'importo comprovato, ma almeno gli interessi nella misura prevista dalla legge, senza bisogno di un sollecito speciale.<\/p><p class=\"p2\">7. l'acquirente avr\u00e0 diritto alla compensazione o ai diritti di ritenzione solo nella misura in cui il suo credito sia stato legalmente stabilito o sia incontestato.<\/p><p class=\"p1\"><b>\u00a7 4 Tempo di esecuzione, trasferimento del rischio<\/b><\/p><p class=\"p2\">1. se i termini di consegna sono stati specificati dal venditore e costituiscono la base dell'ordine, tali termini saranno prorogati in caso di scioperi e casi di forza maggiore per la durata del ritardo. Lo stesso vale se l'Acquirente non adempie agli obblighi di cooperazione.<\/p><p class=\"p2\">2 La consegna avviene franco magazzino, che \u00e8 anche il luogo di adempimento per il servizio e per ogni adempimento successivo. Su richiesta e a spese dell'Acquirente, la merce sar\u00e0 spedita ad altra destinazione (vendita a destinazione). Se non diversamente concordato, il Venditore ha il diritto di stabilire autonomamente il tipo di spedizione (in particolare l'impresa di trasporto, il percorso di spedizione, l'imballaggio).<\/p><p class=\"p2\">3. il rischio di perdita accidentale e di deterioramento accidentale della merce passa all'acquirente al pi\u00f9 tardi al momento della consegna. In caso di vendita con spedizione, tuttavia, il rischio di perdita accidentale e di deterioramento accidentale della merce, nonch\u00e9 il rischio di ritardo, passano gi\u00e0 al momento della consegna della merce allo spedizioniere, al vettore o alla persona o all'istituzione altrimenti designata per effettuare la spedizione.<\/p><p class=\"p2\">4. se l'acquirente \u00e8 in ritardo nell'accettazione, questa sar\u00e0 considerata equivalente alla consegna.<\/p><p class=\"p1\"><b>\u00a7 5 Responsabilit\u00e0 per difetti, garanzia<\/b><\/p><p class=\"p2\">1. il venditore \u00e8 responsabile in caso di difetto secondo le disposizioni di legge, nella misura in cui non vi siano limitazioni derivanti da quanto segue.<\/p><p class=\"p2\">2 Non sussiste alcun difetto in caso di prestazioni insufficienti o eccedenti, a condizione che il rispettivo scostamento non sia superiore a 10 %. Il prezzo di acquisto da pagare si basa sulla quantit\u00e0 effettivamente consegnata.<\/p><p class=\"p2\">3 La merce deve essere accuratamente ispezionata subito dopo la consegna all'Acquirente o a un terzo da lui designato. Per quanto riguarda i difetti evidenti o altri difetti che sarebbero stati riconoscibili durante un'ispezione accurata immediata, la merce si considera approvata dall'Acquirente se il Venditore non riceve una notifica scritta dei difetti entro sette giorni lavorativi dalla consegna. Per quanto riguarda gli altri difetti, la merce si riterr\u00e0 approvata dall'Acquirente se il Venditore non ricever\u00e0 un avviso di difetto entro sette giorni lavorativi dal momento in cui il difetto si \u00e8 manifestato.<\/p><p class=\"p2\">4 Se l'articolo \u00e8 difettoso, il venditore pu\u00f2 scegliere inizialmente se fornire un adempimento successivo eliminando il difetto (rettifica) o consegnando un articolo privo di difetti (consegna sostitutiva). Il diritto di rifiutare l'adempimento successivo ai sensi delle condizioni di legge rimane inalterato.<\/p><p class=\"p2\">5 Il periodo di garanzia \u00e8 di un anno. Il periodo inizia con il trasferimento del rischio. Questo non si applica ai reclami per danni dovuti a un difetto.<\/p><p class=\"p2\">6 Non vengono fornite garanzie in senso giuridico.<\/p><p class=\"p1\"><b>\u00a7 6 Compensazione<\/b><\/p><p class=\"p2\">1 La responsabilit\u00e0 del venditore per violazioni contrattuali e illeciti \u00e8 limitata al dolo e alla colpa grave. Ci\u00f2 non vale per i danni alla vita, all'incolumit\u00e0 fisica e alla salute dell'acquirente, per le richieste di risarcimento per violazione di obblighi cardinali e per il risarcimento dei danni causati dal ritardo. A questo proposito, il venditore \u00e8 responsabile per qualsiasi grado di colpa.<\/p><p class=\"p2\">2 Gli obblighi cardinali sono obblighi il cui adempimento \u00e8 essenziale per la corretta esecuzione del contratto e sul cui rispetto la parte contrattuale fa regolarmente affidamento e pu\u00f2 fare affidamento. In caso di violazione di tali obblighi, la responsabilit\u00e0 del venditore \u00e8 limitata al risarcimento dei danni prevedibili e tipicamente verificatisi.<\/p><p class=\"p2\">3. le limitazioni di responsabilit\u00e0 di cui al paragrafo 1 si applicano anche in caso di violazioni di obblighi da parte o a favore di persone per la cui colpa il venditore \u00e8 responsabile ai sensi delle disposizioni di legge.<\/p><p class=\"p1\"><b>\u00a7 7 Periodo di prescrizione<\/b><\/p><p class=\"p2\">1. il termine di prescrizione generale per i diritti derivanti da difetti materiali e da vizi del titolo \u00e8 di un anno dalla consegna. Se \u00e8 stata concordata l'accettazione, il termine di prescrizione decorre dall'accettazione.<\/p><p class=\"p2\">2. Le richieste di risarcimento danni da parte dell'acquirente per lesioni alla vita, all'incolumit\u00e0 fisica o alla salute o per danni dovuti a una grave negligenza o a una violazione intenzionale degli obblighi, nonch\u00e9 ai sensi della legge sulla responsabilit\u00e0 del prodotto, cadono tuttavia in prescrizione esclusivamente in base alle disposizioni di legge.<\/p><p class=\"p2\">3. i diritti di pagamento del venditore decadono dopo cinque anni.<\/p><p class=\"p1\"><b>\u00a7 8 Riserva di propriet\u00e0<\/b><\/p><p class=\"p2\">1. il venditore conserva la propriet\u00e0 della merce fino al soddisfacimento di tutti i crediti nei confronti dell'acquirente, anche se la merce specifica \u00e8 gi\u00e0 stata pagata.<\/p><p class=\"p2\">2 La merce soggetta a riserva di propriet\u00e0 non pu\u00f2 essere n\u00e9 data in pegno a terzi n\u00e9 ceduta a titolo di garanzia prima del completo pagamento dei crediti garantiti. L'acquirente deve informare immediatamente per iscritto il venditore se terzi hanno accesso alla merce di propriet\u00e0 del venditore.<\/p><p class=\"p2\">3 L'acquirente \u00e8 autorizzato fino a nuovo avviso a rivendere e\/o trasformare la merce con riserva di propriet\u00e0 nell'ambito della normale attivit\u00e0 commerciale. In questo caso, si applicano inoltre le seguenti disposizioni:<\/p><p class=\"p1\">a) La riserva di propriet\u00e0 si estende all'intero valore dei prodotti risultanti dalla lavorazione, miscelazione o combinazione delle nostre merci, per cui il Venditore \u00e8 considerato il produttore. Se, in caso di lavorazione, miscelazione o combinazione con merci di terzi, il diritto di propriet\u00e0 di questi ultimi permane, il venditore acquisisce la compropriet\u00e0 in proporzione ai valori di fattura delle merci lavorate, miscelate o combinate.<\/p><p class=\"p1\">b) L'Acquirente cede al Venditore, a titolo di garanzia, tutti i crediti nei confronti di terzi derivanti dalla rivendita della merce o dei prodotti in toto o per l'ammontare di eventuali quote di compropriet\u00e0 del Venditore ai sensi del paragrafo precedente. Il Venditore accetta la cessione.<\/p><p class=\"p1\">c) L'Acquirente rimane autorizzato a riscuotere i crediti in aggiunta al Venditore. Il venditore si impegna a non riscuotere i crediti finch\u00e9 l'acquirente non adempie ai suoi obblighi di pagamento.<\/p><p class=\"p1\">d) Se il valore di realizzo dei titoli supera i nostri crediti di oltre 10 %, su richiesta dell'acquirente sbloccheremo titoli di nostra scelta.<\/p><p class=\"p1\"><b>\u00a7 9 Scelta della legge, foro competente<\/b><\/p><p class=\"p2\">1. Il presente contratto \u00e8 disciplinato esclusivamente dalle leggi dei Paesi Bassi, ad esclusione della Convenzione delle Nazioni Unite sui contratti di vendita internazionale di merci (CISG).<\/p><p class=\"p2\">2. il foro competente esclusivo per tutte le controversie derivanti da o connesse al presente contratto \u00e8 Amsterdam, Paesi Bassi.<\/p><p class=\"p1\"><b>\u00a7 10 Disposizioni finali<\/b><\/p><p class=\"p2\">1 L'eventuale invalidit\u00e0 totale o parziale di una disposizione dei presenti termini e condizioni non pregiudica la validit\u00e0 delle restanti disposizioni. La disposizione non valida sar\u00e0 sostituita dalla disposizione legalmente ammessa che pi\u00f9 si avvicina allo scopo prefissato. Ci\u00f2 vale anche in caso di lacune.<\/p><p class=\"p2\">2 Per quanto riguarda il contenuto delle presenti Condizioni Generali di Vendita nelle versioni inglese e tedesca, vale quanto segue: qualora la versione inglese non sia identica al testo tedesco e ai termini giuridici nella loro corrispondente comprensione giuridica, fanno fede solo il testo tedesco e i termini tedeschi.<\/p>\t\t\t\t\t\t\t\t<\/div>\n\t\t\t\t<\/div>\n\t\t\t\t\t<\/div>\n\t\t\t\t<\/div>\n\t\t\t\t<\/div>","protected":false},"excerpt":{"rendered":"<p>Allgemeine Verkaufsbedingungen der Scibo UG (haftungsbeschr\u00e4nkt)\u00a0, Gewerbepark A 10, 92364 Deining \u2013 im Folgenden \u201eVerk\u00e4ufer\u201c \u2013 \u00a7 1 Geltungsbereich 1.Diese [&hellip;]<\/p>\n","protected":false},"author":1,"featured_media":0,"parent":0,"menu_order":0,"comment_status":"closed","ping_status":"closed","template":"","meta":{"site-sidebar-layout":"no-sidebar","site-content-layout":"","ast-site-content-layout":"full-width-container","site-content-style":"default","site-sidebar-style":"default","ast-global-header-display":"","ast-banner-title-visibility":"","ast-main-header-display":"","ast-hfb-above-header-display":"","ast-hfb-below-header-display":"","ast-hfb-mobile-header-display":"","site-post-title":"disabled","ast-breadcrumbs-content":"","ast-featured-img":"disabled","footer-sml-layout":"","ast-disable-related-posts":"","theme-transparent-header-meta":"","adv-header-id-meta":"","stick-header-meta":"","header-above-stick-meta":"","header-main-stick-meta":"","header-below-stick-meta":"","astra-migrate-meta-layouts":"default","ast-page-background-enabled":"default","ast-page-background-meta":{"desktop":{"background-color":"var(--ast-global-color-4)","background-image":"","background-repeat":"repeat","background-position":"center center","background-size":"auto","background-attachment":"scroll","background-type":"","background-media":"","overlay-type":"","overlay-color":"","overlay-opacity":"","overlay-gradient":""},"tablet":{"background-color":"","background-image":"","background-repeat":"repeat","background-position":"center center","background-size":"auto","background-attachment":"scroll","background-type":"","background-media":"","overlay-type":"","overlay-color":"","overlay-opacity":"","overlay-gradient":""},"mobile":{"background-color":"","background-image":"","background-repeat":"repeat","background-position":"center center","background-size":"auto","background-attachment":"scroll","background-type":"","background-media":"","overlay-type":"","overlay-color":"","overlay-opacity":"","overlay-gradient":""}},"ast-content-background-meta":{"desktop":{"background-color":"var(--ast-global-color-5)","background-image":"","background-repeat":"repeat","background-position":"center center","background-size":"auto","background-attachment":"scroll","background-type":"","background-media":"","overlay-type":"","overlay-color":"","overlay-opacity":"","overlay-gradient":""},"tablet":{"background-color":"var(--ast-global-color-5)","background-image":"","background-repeat":"repeat","background-position":"center center","background-size":"auto","background-attachment":"scroll","background-type":"","background-media":"","overlay-type":"","overlay-color":"","overlay-opacity":"","overlay-gradient":""},"mobile":{"background-color":"var(--ast-global-color-5)","background-image":"","background-repeat":"repeat","background-position":"center center","background-size":"auto","background-attachment":"scroll","background-type":"","background-media":"","overlay-type":"","overlay-color":"","overlay-opacity":"","overlay-gradient":""}},"footnotes":""},"class_list":["post-766","page","type-page","status-publish","hentry"],"_links":{"self":[{"href":"https:\/\/scibo-chemie.com\/it\/wp-json\/wp\/v2\/pages\/766","targetHints":{"allow":["GET"]}}],"collection":[{"href":"https:\/\/scibo-chemie.com\/it\/wp-json\/wp\/v2\/pages"}],"about":[{"href":"https:\/\/scibo-chemie.com\/it\/wp-json\/wp\/v2\/types\/page"}],"author":[{"embeddable":true,"href":"https:\/\/scibo-chemie.com\/it\/wp-json\/wp\/v2\/users\/1"}],"replies":[{"embeddable":true,"href":"https:\/\/scibo-chemie.com\/it\/wp-json\/wp\/v2\/comments?post=766"}],"version-history":[{"count":7,"href":"https:\/\/scibo-chemie.com\/it\/wp-json\/wp\/v2\/pages\/766\/revisions"}],"predecessor-version":[{"id":1363,"href":"https:\/\/scibo-chemie.com\/it\/wp-json\/wp\/v2\/pages\/766\/revisions\/1363"}],"wp:attachment":[{"href":"https:\/\/scibo-chemie.com\/it\/wp-json\/wp\/v2\/media?parent=766"}],"curies":[{"name":"wp","href":"https:\/\/api.w.org\/{rel}","templated":true}]}}