{"id":1272,"date":"2025-01-12T21:53:11","date_gmt":"2025-01-12T20:53:11","guid":{"rendered":"https:\/\/scibo-chemie.com\/?page_id=1272"},"modified":"2025-01-12T22:05:25","modified_gmt":"2025-01-12T21:05:25","slug":"partner-distributoren","status":"publish","type":"page","link":"https:\/\/scibo-chemie.com\/pl\/partner-distributoren\/","title":{"rendered":"Partnerzy - dystrybutorzy\u00a0"},"content":{"rendered":"<div data-elementor-type=\"wp-page\" data-elementor-id=\"1272\" class=\"elementor elementor-1272\">\n\t\t\t\t<div class=\"elementor-element elementor-element-5006b137 e-flex e-con-boxed e-con e-parent\" data-id=\"5006b137\" data-element_type=\"container\" data-e-type=\"container\" data-settings=\"{&quot;background_background&quot;:&quot;classic&quot;}\">\n\t\t\t\t\t<div class=\"e-con-inner\">\n\t\t<div class=\"elementor-element elementor-element-4b47aa9b e-con-full e-flex e-con e-child\" data-id=\"4b47aa9b\" data-element_type=\"container\" data-e-type=\"container\">\n\t\t\t\t<div class=\"elementor-element elementor-element-267cfc81 elementor-widget elementor-widget-heading\" data-id=\"267cfc81\" data-element_type=\"widget\" data-e-type=\"widget\" data-widget_type=\"heading.default\">\n\t\t\t\t<div class=\"elementor-widget-container\">\n\t\t\t\t\t<h1 class=\"elementor-heading-title elementor-size-default\">Sta\u0144 si\u0119 cz\u0119\u015bci\u0105 naszego <br>sie\u0107 mi\u0119dzynarodowa <\/h1>\t\t\t\t<\/div>\n\t\t\t\t<\/div>\n\t\t\t\t<\/div>\n\t\t\t\t\t<\/div>\n\t\t\t\t<\/div>\n\t\t<div class=\"elementor-element elementor-element-f158a77 e-flex e-con-boxed e-con e-parent\" data-id=\"f158a77\" data-element_type=\"container\" data-e-type=\"container\" data-settings=\"{&quot;background_background&quot;:&quot;classic&quot;}\">\n\t\t\t\t\t<div class=\"e-con-inner\">\n\t\t<div class=\"elementor-element elementor-element-4b45f656 e-con-full e-flex e-con e-child\" data-id=\"4b45f656\" data-element_type=\"container\" data-e-type=\"container\">\n\t\t<div class=\"elementor-element elementor-element-1c4d00d0 e-con-full e-flex e-con e-child\" data-id=\"1c4d00d0\" data-element_type=\"container\" data-e-type=\"container\">\n\t\t<div class=\"elementor-element elementor-element-11698d01 e-con-full e-flex e-con e-child\" data-id=\"11698d01\" data-element_type=\"container\" data-e-type=\"container\">\n\t\t\t\t<div class=\"elementor-element elementor-element-3c80b451 elementor-widget elementor-widget-heading\" data-id=\"3c80b451\" data-element_type=\"widget\" data-e-type=\"widget\" data-widget_type=\"heading.default\">\n\t\t\t\t<div class=\"elementor-widget-container\">\n\t\t\t\t\t<h2 class=\"elementor-heading-title elementor-size-default\">SCIBO poszukuje partner\u00f3w, dystrybutor\u00f3w i przedstawicieli handlowych na ca\u0142ym \u015bwiecie<\/h2>\t\t\t\t<\/div>\n\t\t\t\t<\/div>\n\t\t\t\t<\/div>\n\t\t<div class=\"elementor-element elementor-element-7070c90b e-con-full e-flex e-con e-child\" data-id=\"7070c90b\" data-element_type=\"container\" data-e-type=\"container\">\n\t\t\t\t<div class=\"elementor-element elementor-element-2cb8be9e elementor-widget elementor-widget-text-editor\" data-id=\"2cb8be9e\" data-element_type=\"widget\" data-e-type=\"widget\" data-widget_type=\"text-editor.default\">\n\t\t\t\t<div class=\"elementor-widget-container\">\n\t\t\t\t\t\t\t\t\t<div><p class=\"p1\"><span class=\"s2\">SCIBO oznacza innowacyjno\u015b\u0107, jako\u015b\u0107 i wydajno\u015b\u0107 w dziedzinie klej\u00f3w, uszczelniaczy, pianek i pow\u0142ok. Dzi\u0119ki naszej szerokiej gamie produkt\u00f3w i wyra\u017anemu naciskowi na niestandardowe rozwi\u0105zania, wyznaczamy standardy dla wymagaj\u0105cych zastosowa\u0144 w budownictwie i przemy\u015ble.<\/span><\/p><div><p class=\"p1\"><span class=\"s2\">Aby nap\u0119dza\u0107 nasz globalny wzrost, poszukujemy zaanga\u017cowanych i do\u015bwiadczonych <\/span><span class=\"s1\">Mi\u0119dzynarodowi partnerzy, dystrybutorzy i przedstawiciele handlowi<\/span><span class=\"s2\">kt\u00f3rzy chc\u0105 otwiera\u0107 z nami nowe rynki i reprezentowa\u0107 nasz\u0105 wizj\u0119 najwy\u017cszej jako\u015bci produkt\u00f3w w swoim regionie.<\/span><\/p><\/div><\/div>\t\t\t\t\t\t\t\t<\/div>\n\t\t\t\t<\/div>\n\t\t\t\t<\/div>\n\t\t\t\t<\/div>\n\t\t\t\t<\/div>\n\t\t\t\t\t<\/div>\n\t\t\t\t<\/div>\n\t\t\t\t<section class=\"elementor-section elementor-top-section elementor-element elementor-element-62e70cff elementor-section-content-middle elementor-section-boxed elementor-section-height-default elementor-section-height-default\" data-id=\"62e70cff\" data-element_type=\"section\" data-e-type=\"section\" data-settings=\"{&quot;background_background&quot;:&quot;classic&quot;}\">\n\t\t\t\t\t\t<div class=\"elementor-container elementor-column-gap-no\">\n\t\t\t\t\t<div class=\"elementor-column elementor-col-100 elementor-top-column elementor-element elementor-element-46ff33f5\" data-id=\"46ff33f5\" data-element_type=\"column\" data-e-type=\"column\" data-settings=\"{&quot;background_background&quot;:&quot;classic&quot;}\">\n\t\t\t<div class=\"elementor-widget-wrap elementor-element-populated\">\n\t\t\t\t\t\t<div class=\"elementor-element elementor-element-78cc7db7 elementor-widget elementor-widget-heading\" data-id=\"78cc7db7\" data-element_type=\"widget\" data-e-type=\"widget\" data-widget_type=\"heading.default\">\n\t\t\t\t<div class=\"elementor-widget-container\">\n\t\t\t\t\t<h3 class=\"elementor-heading-title elementor-size-default\">Co oferujemy:<\/h3>\t\t\t\t<\/div>\n\t\t\t\t<\/div>\n\t\t\t\t<div class=\"elementor-element elementor-element-65eebffb elementor-widget elementor-widget-text-editor\" data-id=\"65eebffb\" data-element_type=\"widget\" data-e-type=\"widget\" data-widget_type=\"text-editor.default\">\n\t\t\t\t<div class=\"elementor-widget-container\">\n\t\t\t\t\t\t\t\t\t<div><ul><li class=\"p4\"><strong><span class=\"s1\">Produkty premium pod mark\u0105 SCIBO:<\/span><\/strong><span class=\"s2\"> Nasze kleje, uszczelniacze, pianki i pow\u0142oki spe\u0142niaj\u0105 najwy\u017csze standardy pod wzgl\u0119dem jako\u015bci, wydajno\u015bci i wszechstronno\u015bci.<\/span><span class=\"s1\" style=\"font-size: 16px;\">Ekskluzywne partnerstwa:<\/span><span class=\"s2\" style=\"font-size: 16px;\"> Skorzystaj z atrakcyjnych warunk\u00f3w i wy\u0142\u0105cznych praw do dystrybucji, dostosowanych do Twojej grupy docelowej, regionu lub kraju - zgodnie z Twoimi mo\u017cliwo\u015bciami.<\/span><\/li><li class=\"p4\"><strong><span class=\"s1\" style=\"font-size: 16px;\">Opcje marek w\u0142asnych:<\/span><\/strong><span class=\"s2\" style=\"font-size: 16px;\"> Je\u015bli chcesz, mo\u017cesz sprzedawa\u0107 nasze wysokiej jako\u015bci produkty pod w\u0142asn\u0105 mark\u0105.<\/span><\/li><li class=\"p4\"><strong><span class=\"s1\" style=\"font-size: 16px;\">Wsp\u00f3lne opracowywanie produkt\u00f3w:<\/span><\/strong><span class=\"s2\" style=\"font-size: 16px;\"> Wsp\u00f3\u0142pracuj z nami, aby opracowywa\u0107 innowacyjne rozwi\u0105zania, kt\u00f3re s\u0105 precyzyjnie dostosowane do wymaga\u0144 Twoich klient\u00f3w.<\/span><\/li><li class=\"p4\"><strong><span class=\"s1\" style=\"font-size: 16px;\">Kompleksowe wsparcie:<\/span><\/strong><span class=\"s2\" style=\"font-size: 16px;\"> Oferujemy intensywne szkolenia produktowe, materia\u0142y marketingowe i wsparcie techniczne, aby zapewni\u0107 klientom najlepsz\u0105 mo\u017cliw\u0105 obs\u0142ug\u0119.<\/span><\/li><li class=\"p4\"><strong><span class=\"s1\" style=\"font-size: 16px;\">Innowacyjne nazewnictwo produkt\u00f3w:<\/span><\/strong><span class=\"s2\" style=\"font-size: 16px;\"> Jasne i \u0142atwe do zapami\u0119tania nazwy, takie jak SCIBO SEAL, SCIBO BOND, SCIBO FOAM i SCIBO COAT sprawiaj\u0105, \u017ce kategoryzacja naszych produkt\u00f3w jest prosta i przejrzysta.<\/span><\/li><li class=\"p4\"><strong><span class=\"s1\" style=\"font-size: 16px;\">Organizacja cyfrowa:<\/span><\/strong><span class=\"s2\" style=\"font-size: 16px;\"> Nasze nowoczesne i wydajne procesy zapewniaj\u0105 optymalne wsparcie i minimalizuj\u0105 obci\u0105\u017cenie administracyjne.<\/span><\/li><\/ul><\/div>\t\t\t\t\t\t\t\t<\/div>\n\t\t\t\t<\/div>\n\t\t\t\t\t<\/div>\n\t\t<\/div>\n\t\t\t\t\t<\/div>\n\t\t<\/section>\n\t\t\t\t<section class=\"elementor-section elementor-top-section elementor-element elementor-element-542335a8 elementor-section-content-middle elementor-section-boxed elementor-section-height-default elementor-section-height-default\" data-id=\"542335a8\" data-element_type=\"section\" data-e-type=\"section\" data-settings=\"{&quot;background_background&quot;:&quot;classic&quot;}\">\n\t\t\t\t\t\t<div class=\"elementor-container elementor-column-gap-no\">\n\t\t\t\t\t<div class=\"elementor-column elementor-col-100 elementor-top-column elementor-element elementor-element-447ef7ee\" data-id=\"447ef7ee\" data-element_type=\"column\" data-e-type=\"column\" data-settings=\"{&quot;background_background&quot;:&quot;classic&quot;}\">\n\t\t\t<div class=\"elementor-widget-wrap elementor-element-populated\">\n\t\t\t\t\t\t<div class=\"elementor-element elementor-element-1e87096d elementor-widget elementor-widget-heading\" data-id=\"1e87096d\" data-element_type=\"widget\" data-e-type=\"widget\" data-widget_type=\"heading.default\">\n\t\t\t\t<div class=\"elementor-widget-container\">\n\t\t\t\t\t<h3 class=\"elementor-heading-title elementor-size-default\">Czego szukamy:<\/h3>\t\t\t\t<\/div>\n\t\t\t\t<\/div>\n\t\t\t\t<div class=\"elementor-element elementor-element-35766b82 elementor-widget elementor-widget-text-editor\" data-id=\"35766b82\" data-element_type=\"widget\" data-e-type=\"widget\" data-widget_type=\"text-editor.default\">\n\t\t\t\t<div class=\"elementor-widget-container\">\n\t\t\t\t\t\t\t\t\t<div><ul><li class=\"p4\"><span class=\"s2\">Partner handlowy z dog\u0142\u0119bn\u0105 znajomo\u015bci\u0105 rynku w sektorze budowlanym, przemys\u0142owym i detalicznym.<\/span><\/li><li class=\"p4\"><span style=\"font-size: 16px;\">Firmy, kt\u00f3re chc\u0105 rozwija\u0107 si\u0119 w ramach d\u0142ugoterminowego partnerstwa i \u015bwi\u0119towa\u0107 sukces razem z nami.<\/span><\/li><li class=\"p4\"><span style=\"font-size: 16px;\">Przedstawiciele handlowi, kt\u00f3rzy chc\u0105 aktywnie wprowadza\u0107 produkty SCIBO na sw\u00f3j rynek.<\/span><\/li><li class=\"p4\"><span style=\"font-size: 16px;\">Pasja do innowacyjnych produkt\u00f3w i rozwi\u0105za\u0144, kt\u00f3re tworz\u0105 prawdziw\u0105 warto\u015b\u0107 dodan\u0105.<\/span><\/li><\/ul><\/div>\t\t\t\t\t\t\t\t<\/div>\n\t\t\t\t<\/div>\n\t\t\t\t\t<\/div>\n\t\t<\/div>\n\t\t\t\t\t<\/div>\n\t\t<\/section>\n\t\t<div class=\"elementor-element elementor-element-50ffacbc e-flex e-con-boxed e-con e-parent\" data-id=\"50ffacbc\" data-element_type=\"container\" data-e-type=\"container\" data-settings=\"{&quot;background_background&quot;:&quot;gradient&quot;}\">\n\t\t\t\t\t<div class=\"e-con-inner\">\n\t\t<div class=\"elementor-element elementor-element-65baff92 e-con-full e-flex e-con e-child\" data-id=\"65baff92\" data-element_type=\"container\" data-e-type=\"container\">\n\t\t\t\t<div class=\"elementor-element elementor-element-76d06657 elementor-widget elementor-widget-heading\" data-id=\"76d06657\" data-element_type=\"widget\" data-e-type=\"widget\" data-widget_type=\"heading.default\">\n\t\t\t\t<div class=\"elementor-widget-container\">\n\t\t\t\t\t<h3 class=\"elementor-heading-title elementor-size-default\">Skontaktuj si\u0119 z nami - czekamy na Twoje zapytanie!<\/h3>\t\t\t\t<\/div>\n\t\t\t\t<\/div>\n\t\t\t\t<div class=\"elementor-element elementor-element-49d4b81 elementor-widget elementor-widget-text-editor\" data-id=\"49d4b81\" data-element_type=\"widget\" data-e-type=\"widget\" data-widget_type=\"text-editor.default\">\n\t\t\t\t<div class=\"elementor-widget-container\">\n\t\t\t\t\t\t\t\t\t<div><p class=\"p1\"><span class=\"s2\" style=\"color: #ffffff;\">Prosimy o podanie nast\u0119puj\u0105cych informacji w wiadomo\u015bci, aby\u015bmy mogli jak najlepiej przetworzy\u0107 zapytanie:<\/span><\/p><\/div><div><ul><li class=\"p4\"><strong><span style=\"color: #ffffff;\"><span class=\"apple-tab-span\">\u00a0<\/span><span class=\"s2\">Kr\u00f3tkie przedstawienie firmy<\/span><\/span><\/strong><\/li><li class=\"p4\"><strong><span style=\"color: #ffffff;\"><span class=\"apple-tab-span\" style=\"font-size: 16px;\">\u00a0<\/span><span class=\"s2\" style=\"font-size: 16px;\">Twoja bran\u017ca i rynki docelowe<\/span><\/span><\/strong><\/li><li class=\"p4\"><strong><span style=\"font-size: 16px; color: #ffffff;\">\u017byczenia i pomys\u0142y dotycz\u0105ce wsp\u00f3\u0142pracy z SCIBO<\/span><\/strong><\/li><\/ul><\/div><div><p class=\"p1\"><span class=\"s2\" style=\"color: #ffffff;\">Czy to osobi\u015bcie na miejscu, wirtualnie, czy na jednych z wielu targ\u00f3w - w SCIBO cenimy bezpo\u015bredni dialog i indywidualn\u0105 koordynacj\u0119.<\/span><\/p><\/div><div><p class=\"p1\"><span class=\"s2\" style=\"color: #ffffff;\">Odwied\u017a nas w naszych zak\u0142adach produkcyjnych, aby pozna\u0107 nasze standardy jako\u015bci z pierwszej r\u0119ki, lub um\u00f3w si\u0119 na osobiste spotkanie w celu om\u00f3wienia Twoich cel\u00f3w i mo\u017cliwo\u015bci wsp\u00f3\u0142pracy.<\/span><\/p><\/div><div><p class=\"p1\"><span class=\"s2\" style=\"color: #ffffff;\">Ch\u0119tnie odpowiemy na wszelkie pytania i z niecierpliwo\u015bci\u0105 czekamy na wsp\u00f3lne kszta\u0142towanie przysz\u0142o\u015bci.<\/span><\/p><\/div>\t\t\t\t\t\t\t\t<\/div>\n\t\t\t\t<\/div>\n\t\t\t\t<div class=\"elementor-element elementor-element-423be1b9 elementor-align-right elementor-mobile-align-left elementor-tablet-align-center elementor-widget elementor-widget-button\" data-id=\"423be1b9\" data-element_type=\"widget\" data-e-type=\"widget\" data-widget_type=\"button.default\">\n\t\t\t\t<div class=\"elementor-widget-container\">\n\t\t\t\t\t\t\t\t\t<div class=\"elementor-button-wrapper\">\n\t\t\t\t\t<a class=\"elementor-button elementor-button-link elementor-size-md\" href=\"https:\/\/scibo-chemie.com\/pl\/kontakt\/\">\n\t\t\t\t\t\t<span class=\"elementor-button-content-wrapper\">\n\t\t\t\t\t\t<span class=\"elementor-button-icon\">\n\t\t\t\t<i aria-hidden=\"true\" class=\"icon icon-users\"><\/i>\t\t\t<\/span>\n\t\t\t\t\t\t\t\t\t<span class=\"elementor-button-text\">Zosta\u0144 partnerem ju\u017c teraz<\/span>\n\t\t\t\t\t<\/span>\n\t\t\t\t\t<\/a>\n\t\t\t\t<\/div>\n\t\t\t\t\t\t\t\t<\/div>\n\t\t\t\t<\/div>\n\t\t\t\t<\/div>\n\t\t<div class=\"elementor-element elementor-element-35f50541 e-con-full e-flex e-con e-child\" data-id=\"35f50541\" data-element_type=\"container\" data-e-type=\"container\">\n\t\t\t\t<div class=\"elementor-element elementor-element-1b41268 elementor-widget elementor-widget-image\" data-id=\"1b41268\" data-element_type=\"widget\" data-e-type=\"widget\" data-widget_type=\"image.default\">\n\t\t\t\t<div class=\"elementor-widget-container\">\n\t\t\t\t\t\t\t\t\t\t\t\t\t\t\t<img fetchpriority=\"high\" decoding=\"async\" width=\"731\" height=\"1000\" src=\"https:\/\/scibo-chemie.com\/wp-content\/uploads\/2025\/01\/40725.jpg\" class=\"attachment-large size-large wp-image-1278\" alt=\"\" srcset=\"https:\/\/scibo-chemie.com\/wp-content\/uploads\/2025\/01\/40725.jpg 731w, https:\/\/scibo-chemie.com\/wp-content\/uploads\/2025\/01\/40725-219x300.jpg 219w, https:\/\/scibo-chemie.com\/wp-content\/uploads\/2025\/01\/40725-9x12.jpg 9w\" sizes=\"(max-width: 731px) 100vw, 731px\" \/>\t\t\t\t\t\t\t\t\t\t\t\t\t\t\t<\/div>\n\t\t\t\t<\/div>\n\t\t\t\t<\/div>\n\t\t\t\t\t<\/div>\n\t\t\t\t<\/div>\n\t\t\t\t<\/div>","protected":false},"excerpt":{"rendered":"<p>Werden Sie Teil unseres internationalen Netzwerks SCIBO sucht Partner, Distributoren und Handelsvertreter weltweit SCIBO steht f\u00fcr Innovation, Qualit\u00e4t und Effizienz [&hellip;]<\/p>\n","protected":false},"author":1,"featured_media":0,"parent":0,"menu_order":0,"comment_status":"closed","ping_status":"closed","template":"","meta":{"site-sidebar-layout":"no-sidebar","site-content-layout":"","ast-site-content-layout":"full-width-container","site-content-style":"default","site-sidebar-style":"default","ast-global-header-display":"","ast-banner-title-visibility":"","ast-main-header-display":"","ast-hfb-above-header-display":"","ast-hfb-below-header-display":"","ast-hfb-mobile-header-display":"","site-post-title":"disabled","ast-breadcrumbs-content":"","ast-featured-img":"disabled","footer-sml-layout":"","ast-disable-related-posts":"","theme-transparent-header-meta":"","adv-header-id-meta":"","stick-header-meta":"","header-above-stick-meta":"","header-main-stick-meta":"","header-below-stick-meta":"","astra-migrate-meta-layouts":"default","ast-page-background-enabled":"default","ast-page-background-meta":{"desktop":{"background-color":"var(--ast-global-color-4)","background-image":"","background-repeat":"repeat","background-position":"center center","background-size":"auto","background-attachment":"scroll","background-type":"","background-media":"","overlay-type":"","overlay-color":"","overlay-opacity":"","overlay-gradient":""},"tablet":{"background-color":"","background-image":"","background-repeat":"repeat","background-position":"center center","background-size":"auto","background-attachment":"scroll","background-type":"","background-media":"","overlay-type":"","overlay-color":"","overlay-opacity":"","overlay-gradient":""},"mobile":{"background-color":"","background-image":"","background-repeat":"repeat","background-position":"center center","background-size":"auto","background-attachment":"scroll","background-type":"","background-media":"","overlay-type":"","overlay-color":"","overlay-opacity":"","overlay-gradient":""}},"ast-content-background-meta":{"desktop":{"background-color":"var(--ast-global-color-5)","background-image":"","background-repeat":"repeat","background-position":"center center","background-size":"auto","background-attachment":"scroll","background-type":"","background-media":"","overlay-type":"","overlay-color":"","overlay-opacity":"","overlay-gradient":""},"tablet":{"background-color":"var(--ast-global-color-5)","background-image":"","background-repeat":"repeat","background-position":"center center","background-size":"auto","background-attachment":"scroll","background-type":"","background-media":"","overlay-type":"","overlay-color":"","overlay-opacity":"","overlay-gradient":""},"mobile":{"background-color":"var(--ast-global-color-5)","background-image":"","background-repeat":"repeat","background-position":"center center","background-size":"auto","background-attachment":"scroll","background-type":"","background-media":"","overlay-type":"","overlay-color":"","overlay-opacity":"","overlay-gradient":""}},"footnotes":""},"class_list":["post-1272","page","type-page","status-publish","hentry"],"_links":{"self":[{"href":"https:\/\/scibo-chemie.com\/pl\/wp-json\/wp\/v2\/pages\/1272","targetHints":{"allow":["GET"]}}],"collection":[{"href":"https:\/\/scibo-chemie.com\/pl\/wp-json\/wp\/v2\/pages"}],"about":[{"href":"https:\/\/scibo-chemie.com\/pl\/wp-json\/wp\/v2\/types\/page"}],"author":[{"embeddable":true,"href":"https:\/\/scibo-chemie.com\/pl\/wp-json\/wp\/v2\/users\/1"}],"replies":[{"embeddable":true,"href":"https:\/\/scibo-chemie.com\/pl\/wp-json\/wp\/v2\/comments?post=1272"}],"version-history":[{"count":4,"href":"https:\/\/scibo-chemie.com\/pl\/wp-json\/wp\/v2\/pages\/1272\/revisions"}],"predecessor-version":[{"id":1281,"href":"https:\/\/scibo-chemie.com\/pl\/wp-json\/wp\/v2\/pages\/1272\/revisions\/1281"}],"wp:attachment":[{"href":"https:\/\/scibo-chemie.com\/pl\/wp-json\/wp\/v2\/media?parent=1272"}],"curies":[{"name":"wp","href":"https:\/\/api.w.org\/{rel}","templated":true}]}}