{"id":517,"date":"2024-12-10T10:47:20","date_gmt":"2024-12-10T09:47:20","guid":{"rendered":"http:\/\/scibo-chemie.com\/?page_id=517"},"modified":"2025-01-05T14:14:14","modified_gmt":"2025-01-05T13:14:14","slug":"geschaeftlicher-verhaltenskodex","status":"publish","type":"page","link":"https:\/\/scibo-chemie.com\/pl\/geschaeftlicher-verhaltenskodex\/","title":{"rendered":"Kodeks post\u0119powania w biznesie"},"content":{"rendered":"<div data-elementor-type=\"wp-page\" data-elementor-id=\"517\" class=\"elementor elementor-517\">\n\t\t\t\t<div class=\"elementor-element elementor-element-1eb4c4f e-flex e-con-boxed e-con e-parent\" data-id=\"1eb4c4f\" data-element_type=\"container\" data-e-type=\"container\" data-settings=\"{&quot;background_background&quot;:&quot;classic&quot;}\">\n\t\t\t\t\t<div class=\"e-con-inner\">\n\t\t<div class=\"elementor-element elementor-element-677a89df e-con-full e-flex e-con e-child\" data-id=\"677a89df\" data-element_type=\"container\" data-e-type=\"container\">\n\t\t\t\t<div class=\"elementor-element elementor-element-7e131f7 elementor-widget elementor-widget-heading\" data-id=\"7e131f7\" data-element_type=\"widget\" data-e-type=\"widget\" data-widget_type=\"heading.default\">\n\t\t\t\t<div class=\"elementor-widget-container\">\n\t\t\t\t\t<h1 class=\"elementor-heading-title elementor-size-default\">SCIBO - <\/h1>\t\t\t\t<\/div>\n\t\t\t\t<\/div>\n\t\t\t\t<div class=\"elementor-element elementor-element-5cc9b043 elementor-widget elementor-widget-heading\" data-id=\"5cc9b043\" data-element_type=\"widget\" data-e-type=\"widget\" data-widget_type=\"heading.default\">\n\t\t\t\t<div class=\"elementor-widget-container\">\n\t\t\t\t\t<h1 class=\"elementor-heading-title elementor-size-default\">Kodeks post\u0119powania w biznesie <br>(Kodeks post\u0119powania w biznesie)<\/h1>\t\t\t\t<\/div>\n\t\t\t\t<\/div>\n\t\t\t\t<\/div>\n\t\t\t\t\t<\/div>\n\t\t\t\t<\/div>\n\t\t<div class=\"elementor-element elementor-element-312dbd41 e-flex e-con-boxed e-con e-parent\" data-id=\"312dbd41\" data-element_type=\"container\" data-e-type=\"container\" data-settings=\"{&quot;background_background&quot;:&quot;classic&quot;}\">\n\t\t\t\t\t<div class=\"e-con-inner\">\n\t\t<div class=\"elementor-element elementor-element-70ce7349 e-con-full e-flex e-con e-child\" data-id=\"70ce7349\" data-element_type=\"container\" data-e-type=\"container\">\n\t\t<div class=\"elementor-element elementor-element-5ab9e09d e-con-full e-flex e-con e-child\" data-id=\"5ab9e09d\" data-element_type=\"container\" data-e-type=\"container\">\n\t\t<div class=\"elementor-element elementor-element-78573e8c e-con-full e-flex e-con e-child\" data-id=\"78573e8c\" data-element_type=\"container\" data-e-type=\"container\">\n\t\t\t\t<div class=\"elementor-element elementor-element-54ddd271 elementor-widget elementor-widget-heading\" data-id=\"54ddd271\" data-element_type=\"widget\" data-e-type=\"widget\" data-widget_type=\"heading.default\">\n\t\t\t\t<div class=\"elementor-widget-container\">\n\t\t\t\t\t<h2 class=\"elementor-heading-title elementor-size-default\">Co jest dla nas wa\u017cne?<\/h2>\t\t\t\t<\/div>\n\t\t\t\t<\/div>\n\t\t\t\t<\/div>\n\t\t<div class=\"elementor-element elementor-element-2b011496 e-con-full e-flex e-con e-child\" data-id=\"2b011496\" data-element_type=\"container\" data-e-type=\"container\">\n\t\t\t\t<div class=\"elementor-element elementor-element-2f90edfe elementor-widget elementor-widget-text-editor\" data-id=\"2f90edfe\" data-element_type=\"widget\" data-e-type=\"widget\" data-widget_type=\"text-editor.default\">\n\t\t\t\t<div class=\"elementor-widget-container\">\n\t\t\t\t\t\t\t\t\t<p style=\"font-weight: 400;\">SCIBO zobowi\u0105zuje si\u0119 do utrzymywania najwy\u017cszych standard\u00f3w zachowa\u0144 spo\u0142ecznych, ochrony \u015brodowiska, bezpiecze\u0144stwa pracy i traktowania wszystkich pracownik\u00f3w z szacunkiem. Poni\u017csze zasady zgodnego z prawem zachowania stanowi\u0105 nasze wytyczne i maj\u0105 zastosowanie do wszystkich pracownik\u00f3w, partner\u00f3w i dostawc\u00f3w SCIBO.<\/p>\t\t\t\t\t\t\t\t<\/div>\n\t\t\t\t<\/div>\n\t\t\t\t<\/div>\n\t\t\t\t<\/div>\n\t\t\t\t<\/div>\n\t\t\t\t\t<\/div>\n\t\t\t\t<\/div>\n\t\t\t\t<section class=\"elementor-section elementor-top-section elementor-element elementor-element-2b5a6b37 elementor-section-content-middle elementor-section-boxed elementor-section-height-default elementor-section-height-default\" data-id=\"2b5a6b37\" data-element_type=\"section\" data-e-type=\"section\" data-settings=\"{&quot;background_background&quot;:&quot;classic&quot;}\">\n\t\t\t\t\t\t<div class=\"elementor-container elementor-column-gap-default\">\n\t\t\t\t\t<div class=\"elementor-column elementor-col-100 elementor-top-column elementor-element elementor-element-59c59633\" data-id=\"59c59633\" data-element_type=\"column\" data-e-type=\"column\">\n\t\t\t<div class=\"elementor-widget-wrap elementor-element-populated\">\n\t\t\t\t\t\t<div class=\"elementor-element elementor-element-5d1d003e elementor-widget elementor-widget-icon-box\" data-id=\"5d1d003e\" data-element_type=\"widget\" data-e-type=\"widget\" data-widget_type=\"icon-box.default\">\n\t\t\t\t<div class=\"elementor-widget-container\">\n\t\t\t\t\t\t\t<div class=\"elementor-icon-box-wrapper\">\n\n\t\t\t\n\t\t\t\t\t\t<div class=\"elementor-icon-box-content\">\n\n\t\t\t\t\t\t\t\t\t<h3 class=\"elementor-icon-box-title\">\n\t\t\t\t\t\t<span  >\n\t\t\t\t\t\t\tSCIBO przeciwko rasizmowi\t\t\t\t\t\t<\/span>\n\t\t\t\t\t<\/h3>\n\t\t\t\t\n\t\t\t\t\t\t\t\t\t<p class=\"elementor-icon-box-description\">\n\t\t\t\t\t\tSCIBO nie toleruje \u017cadnych form rasizmu ani dyskryminacji. Jeste\u015bmy zaanga\u017cowani w kultur\u0119 r\u00f3wno\u015bci i wzajemnego szacunku. Wszyscy pracownicy, dostawcy i partnerzy biznesowi s\u0105 traktowani jednakowo, niezale\u017cnie od ich pochodzenia etnicznego, koloru sk\u00f3ry czy narodowo\u015bci.\t\t\t\t\t<\/p>\n\t\t\t\t\n\t\t\t<\/div>\n\t\t\t\n\t\t<\/div>\n\t\t\t\t\t\t<\/div>\n\t\t\t\t<\/div>\n\t\t\t\t<div class=\"elementor-element elementor-element-1e87fcee elementor-widget elementor-widget-icon-box\" data-id=\"1e87fcee\" data-element_type=\"widget\" data-e-type=\"widget\" data-widget_type=\"icon-box.default\">\n\t\t\t\t<div class=\"elementor-widget-container\">\n\t\t\t\t\t\t\t<div class=\"elementor-icon-box-wrapper\">\n\n\t\t\t\n\t\t\t\t\t\t<div class=\"elementor-icon-box-content\">\n\n\t\t\t\t\t\t\t\t\t<h3 class=\"elementor-icon-box-title\">\n\t\t\t\t\t\t<span  >\n\t\t\t\t\t\t\tSCIBO dla szacunku\t\t\t\t\t\t<\/span>\n\t\t\t\t\t<\/h3>\n\t\t\t\t\n\t\t\t\t\t\t\t\t\t<p class=\"elementor-icon-box-description\">\n\t\t\t\t\t\tSCIBO promuje wzajemny szacunek i chroni godno\u015b\u0107 osobist\u0105 ka\u017cdej osoby. Dyskryminacja, zastraszanie i n\u0119kanie nie maj\u0105 miejsca w naszej kulturze korporacyjnej. D\u0105\u017cymy do stworzenia \u015brodowiska pracy, w kt\u00f3rym ka\u017cdy jest traktowany z godno\u015bci\u0105 i uprzejmo\u015bci\u0105.\t\t\t\t\t<\/p>\n\t\t\t\t\n\t\t\t<\/div>\n\t\t\t\n\t\t<\/div>\n\t\t\t\t\t\t<\/div>\n\t\t\t\t<\/div>\n\t\t\t\t<div class=\"elementor-element elementor-element-610fc5d1 elementor-widget elementor-widget-icon-box\" data-id=\"610fc5d1\" data-element_type=\"widget\" data-e-type=\"widget\" data-widget_type=\"icon-box.default\">\n\t\t\t\t<div class=\"elementor-widget-container\">\n\t\t\t\t\t\t\t<div class=\"elementor-icon-box-wrapper\">\n\n\t\t\t\n\t\t\t\t\t\t<div class=\"elementor-icon-box-content\">\n\n\t\t\t\t\t\t\t\t\t<h3 class=\"elementor-icon-box-title\">\n\t\t\t\t\t\t<span  >\n\t\t\t\t\t\t\tSCIBO na rzecz r\u00f3wnych praw\t\t\t\t\t\t<\/span>\n\t\t\t\t\t<\/h3>\n\t\t\t\t\n\t\t\t\t\t\t\t\t\t<p class=\"elementor-icon-box-description\">\n\t\t\t\t\t\tSCIBO oferuje r\u00f3wne szanse wszystkim pracownikom i kandydatom. Nasze decyzje dotycz\u0105ce rekrutacji, awans\u00f3w lub innych dzia\u0142a\u0144 personalnych opieraj\u0105 si\u0119 wy\u0142\u0105cznie na kwalifikacjach, umiej\u0119tno\u015bciach i wynikach, bez wzgl\u0119du na p\u0142e\u0107, pochodzenie, religi\u0119, wiek, niepe\u0142nosprawno\u015b\u0107 lub orientacj\u0119 seksualn\u0105. Jeste\u015bmy zaanga\u017cowani w r\u00f3\u017cnorodno\u015b\u0107 i r\u00f3wno\u015b\u0107 szans.\t\t\t\t\t<\/p>\n\t\t\t\t\n\t\t\t<\/div>\n\t\t\t\n\t\t<\/div>\n\t\t\t\t\t\t<\/div>\n\t\t\t\t<\/div>\n\t\t\t\t<div class=\"elementor-element elementor-element-6446131b elementor-widget elementor-widget-icon-box\" data-id=\"6446131b\" data-element_type=\"widget\" data-e-type=\"widget\" data-widget_type=\"icon-box.default\">\n\t\t\t\t<div class=\"elementor-widget-container\">\n\t\t\t\t\t\t\t<div class=\"elementor-icon-box-wrapper\">\n\n\t\t\t\n\t\t\t\t\t\t<div class=\"elementor-icon-box-content\">\n\n\t\t\t\t\t\t\t\t\t<h3 class=\"elementor-icon-box-title\">\n\t\t\t\t\t\t<span  >\n\t\t\t\t\t\t\tSCIBO przeciwko pracy dzieci\t\t\t\t\t\t<\/span>\n\t\t\t\t\t<\/h3>\n\t\t\t\t\n\t\t\t\t\t\t\t\t\t<p class=\"elementor-icon-box-description\">\n\t\t\t\t\t\tSCIBO surowo odrzuca prac\u0119 dzieci i zapewnia, \u017ce wszyscy pracownicy osi\u0105gn\u0119li wymagany prawem minimalny wiek. Wsp\u00f3\u0142pracujemy wy\u0142\u0105cznie z partnerami, kt\u00f3rzy r\u00f3wnie\u017c zobowi\u0105zali si\u0119 do niedopuszczania do pracy dzieci. Jest to wa\u017cna cz\u0119\u015b\u0107 naszej odpowiedzialno\u015bci wobec spo\u0142ecze\u0144stwa i przysz\u0142ych pokole\u0144.\t\t\t\t\t<\/p>\n\t\t\t\t\n\t\t\t<\/div>\n\t\t\t\n\t\t<\/div>\n\t\t\t\t\t\t<\/div>\n\t\t\t\t<\/div>\n\t\t\t\t<div class=\"elementor-element elementor-element-35b3053a elementor-widget elementor-widget-icon-box\" data-id=\"35b3053a\" data-element_type=\"widget\" data-e-type=\"widget\" data-widget_type=\"icon-box.default\">\n\t\t\t\t<div class=\"elementor-widget-container\">\n\t\t\t\t\t\t\t<div class=\"elementor-icon-box-wrapper\">\n\n\t\t\t\n\t\t\t\t\t\t<div class=\"elementor-icon-box-content\">\n\n\t\t\t\t\t\t\t\t\t<h3 class=\"elementor-icon-box-title\">\n\t\t\t\t\t\t<span  >\n\t\t\t\t\t\t\tSCIBO dla otwartej komunikacji\t\t\t\t\t\t<\/span>\n\t\t\t\t\t<\/h3>\n\t\t\t\t\n\t\t\t\t\t\t\t\t\t<p class=\"elementor-icon-box-description\">\n\t\t\t\t\t\tSCIBO wspiera przejrzyst\u0105 i otwart\u0105 komunikacj\u0119 na wszystkich poziomach. Ka\u017cdy pracownik powinien mie\u0107 mo\u017cliwo\u015b\u0107 swobodnego wyra\u017cania swoich pomys\u0142\u00f3w, opinii i obaw bez obawy o negatywne konsekwencje. Promujemy atmosfer\u0119 pracy opart\u0105 na zaufaniu, s\u0142uchaniu i pe\u0142nej szacunku wymianie informacji.\t\t\t\t\t<\/p>\n\t\t\t\t\n\t\t\t<\/div>\n\t\t\t\n\t\t<\/div>\n\t\t\t\t\t\t<\/div>\n\t\t\t\t<\/div>\n\t\t\t\t<div class=\"elementor-element elementor-element-7c76a19 elementor-widget elementor-widget-icon-box\" data-id=\"7c76a19\" data-element_type=\"widget\" data-e-type=\"widget\" data-widget_type=\"icon-box.default\">\n\t\t\t\t<div class=\"elementor-widget-container\">\n\t\t\t\t\t\t\t<div class=\"elementor-icon-box-wrapper\">\n\n\t\t\t\n\t\t\t\t\t\t<div class=\"elementor-icon-box-content\">\n\n\t\t\t\t\t\t\t\t\t<h3 class=\"elementor-icon-box-title\">\n\t\t\t\t\t\t<span  >\n\t\t\t\t\t\t\tSCIBO na rzecz uczciwych warunk\u00f3w pracy\t\t\t\t\t\t<\/span>\n\t\t\t\t\t<\/h3>\n\t\t\t\t\n\t\t\t\t\t\t\t\t\t<p class=\"elementor-icon-box-description\">\n\t\t\t\t\t\tSCIBO gwarantuje godziwe wynagrodzenie i bezpieczne warunki pracy dla wszystkich pracownik\u00f3w. Praca przymusowa lub jakikolwiek rodzaj pracy niedobrowolnej nie jest tolerowany ani wspierany. Wszyscy pracownicy maj\u0105 prawo do odpowiedniego wynagrodzenia, regularnych godzin pracy i regularnych przerw. SCIBO zobowi\u0105zuje si\u0119 do zapewnienia dobrego samopoczucia swoich pracownik\u00f3w w spos\u00f3b wykraczaj\u0105cy poza wymogi prawne.\t\t\t\t\t<\/p>\n\t\t\t\t\n\t\t\t<\/div>\n\t\t\t\n\t\t<\/div>\n\t\t\t\t\t\t<\/div>\n\t\t\t\t<\/div>\n\t\t\t\t<div class=\"elementor-element elementor-element-768fd238 elementor-widget elementor-widget-icon-box\" data-id=\"768fd238\" data-element_type=\"widget\" data-e-type=\"widget\" data-widget_type=\"icon-box.default\">\n\t\t\t\t<div class=\"elementor-widget-container\">\n\t\t\t\t\t\t\t<div class=\"elementor-icon-box-wrapper\">\n\n\t\t\t\n\t\t\t\t\t\t<div class=\"elementor-icon-box-content\">\n\n\t\t\t\t\t\t\t\t\t<h3 class=\"elementor-icon-box-title\">\n\t\t\t\t\t\t<span  >\n\t\t\t\t\t\t\tSCIBO dla bezpiecze\u0144stwa pracy i ochrony \u015brodowiska\t\t\t\t\t\t<\/span>\n\t\t\t\t\t<\/h3>\n\t\t\t\t\n\t\t\t\t\t\t\t\t\t<p class=\"elementor-icon-box-description\">\n\t\t\t\t\t\tSCIBO zobowi\u0105zuje si\u0119 do minimalizowania ryzyka dla ludzi i \u015brodowiska. Zapewniamy, \u017ce nasze miejsca pracy s\u0105 bezpieczne i zgodne z wymogami prawnymi dotycz\u0105cymi bezpiecze\u0144stwa i higieny pracy. Promujemy r\u00f3wnie\u017c procesy przyjazne dla \u015brodowiska, aby zminimalizowa\u0107 negatywny wp\u0142yw naszej dzia\u0142alno\u015bci biznesowej na \u015brodowisko. Koncentrujemy si\u0119 na pracy oszcz\u0119dzaj\u0105cej zasoby i zr\u00f3wnowa\u017conych technologiach.\t\t\t\t\t<\/p>\n\t\t\t\t\n\t\t\t<\/div>\n\t\t\t\n\t\t<\/div>\n\t\t\t\t\t\t<\/div>\n\t\t\t\t<\/div>\n\t\t\t\t<div class=\"elementor-element elementor-element-23bf8aa7 elementor-widget elementor-widget-icon-box\" data-id=\"23bf8aa7\" data-element_type=\"widget\" data-e-type=\"widget\" data-widget_type=\"icon-box.default\">\n\t\t\t\t<div class=\"elementor-widget-container\">\n\t\t\t\t\t\t\t<div class=\"elementor-icon-box-wrapper\">\n\n\t\t\t\n\t\t\t\t\t\t<div class=\"elementor-icon-box-content\">\n\n\t\t\t\t\t\t\t\t\t<h3 class=\"elementor-icon-box-title\">\n\t\t\t\t\t\t<span  >\n\t\t\t\t\t\t\tSCIBO na rzecz wsp\u00f3\u0142pracy z w\u0142adzami\t\t\t\t\t\t<\/span>\n\t\t\t\t\t<\/h3>\n\t\t\t\t\n\t\t\t\t\t\t\t\t\t<p class=\"elementor-icon-box-description\">\n\t\t\t\t\t\tSCIBO utrzymuje wsp\u00f3\u0142prac\u0119 z w\u0142adzami i zapewnia, \u017ce wszystkie istotne informacje s\u0105 dostarczane w spos\u00f3b kompletny, dok\u0142adny i terminowy. Wsp\u00f3\u0142pracujemy w spos\u00f3b otwarty i przejrzysty z instytucjami rz\u0105dowymi w celu spe\u0142nienia wymog\u00f3w prawnych i zapewnienia zgodno\u015bci z przepisami.\t\t\t\t\t<\/p>\n\t\t\t\t\n\t\t\t<\/div>\n\t\t\t\n\t\t<\/div>\n\t\t\t\t\t\t<\/div>\n\t\t\t\t<\/div>\n\t\t\t\t<div class=\"elementor-element elementor-element-2b50f0c8 elementor-widget elementor-widget-icon-box\" data-id=\"2b50f0c8\" data-element_type=\"widget\" data-e-type=\"widget\" data-widget_type=\"icon-box.default\">\n\t\t\t\t<div class=\"elementor-widget-container\">\n\t\t\t\t\t\t\t<div class=\"elementor-icon-box-wrapper\">\n\n\t\t\t\n\t\t\t\t\t\t<div class=\"elementor-icon-box-content\">\n\n\t\t\t\t\t\t\t\t\t<h3 class=\"elementor-icon-box-title\">\n\t\t\t\t\t\t<span  >\n\t\t\t\t\t\t\tSCIBO dla przejrzysto\u015bci proces\u00f3w biznesowych\t\t\t\t\t\t<\/span>\n\t\t\t\t\t<\/h3>\n\t\t\t\t\n\t\t\t\t\t\t\t\t\t<p class=\"elementor-icon-box-description\">\n\t\t\t\t\t\tSCIBO k\u0142adzie nacisk na w\u0142a\u015bciw\u0105 dokumentacj\u0119 i kontrol\u0119 wszystkich proces\u00f3w biznesowych. Zapewniamy integralno\u015b\u0107 sprawozdawczo\u015bci finansowej i prawid\u0142owe rejestrowanie wszystkich istotnych danych biznesowych. Nasze wewn\u0119trzne kontrole i audyty s\u0142u\u017c\u0105 weryfikacji i ci\u0105g\u0142ej poprawie zgodno\u015bci z naszymi zasadami.\t\t\t\t\t<\/p>\n\t\t\t\t\n\t\t\t<\/div>\n\t\t\t\n\t\t<\/div>\n\t\t\t\t\t\t<\/div>\n\t\t\t\t<\/div>\n\t\t\t\t<div class=\"elementor-element elementor-element-d290c3b elementor-widget elementor-widget-icon-box\" data-id=\"d290c3b\" data-element_type=\"widget\" data-e-type=\"widget\" data-widget_type=\"icon-box.default\">\n\t\t\t\t<div class=\"elementor-widget-container\">\n\t\t\t\t\t\t\t<div class=\"elementor-icon-box-wrapper\">\n\n\t\t\t\n\t\t\t\t\t\t<div class=\"elementor-icon-box-content\">\n\n\t\t\t\t\t\t\t\t\t<h3 class=\"elementor-icon-box-title\">\n\t\t\t\t\t\t<span  >\n\t\t\t\t\t\t\tSCIBO dla monitorowania i zgodno\u015bci\t\t\t\t\t\t<\/span>\n\t\t\t\t\t<\/h3>\n\t\t\t\t\n\t\t\t\t\t\t\t\t\t<p class=\"elementor-icon-box-description\">\n\t\t\t\t\t\tSCIBO zapewnia, \u017ce wszyscy pracownicy przestrzegaj\u0105 zasad Kodeksu Post\u0119powania. Mened\u017cerowie s\u0105 zobowi\u0105zani do dawania przyk\u0142adu i aktywnego przyczyniania si\u0119 do wdra\u017cania tych zasad. Regularne szkolenia i promowanie \u015bwiadomo\u015bci etycznego zachowania s\u0105 integraln\u0105 cz\u0119\u015bci\u0105 naszej kultury korporacyjnej.\t\t\t\t\t<\/p>\n\t\t\t\t\n\t\t\t<\/div>\n\t\t\t\n\t\t<\/div>\n\t\t\t\t\t\t<\/div>\n\t\t\t\t<\/div>\n\t\t\t\t\t<\/div>\n\t\t<\/div>\n\t\t\t\t\t<\/div>\n\t\t<\/section>\n\t\t\t\t<\/div>","protected":false},"excerpt":{"rendered":"<p>SCIBO \u2013 Gesch\u00e4ftlicher Verhaltenskodex (Code of Business Conduct) Was ist uns wichtig? SCIBO verpflichtet sich, h\u00f6chste Standards in Bezug auf [&hellip;]<\/p>\n","protected":false},"author":1,"featured_media":0,"parent":0,"menu_order":0,"comment_status":"closed","ping_status":"closed","template":"","meta":{"site-sidebar-layout":"no-sidebar","site-content-layout":"","ast-site-content-layout":"full-width-container","site-content-style":"default","site-sidebar-style":"default","ast-global-header-display":"","ast-banner-title-visibility":"","ast-main-header-display":"","ast-hfb-above-header-display":"","ast-hfb-below-header-display":"","ast-hfb-mobile-header-display":"","site-post-title":"disabled","ast-breadcrumbs-content":"","ast-featured-img":"disabled","footer-sml-layout":"","ast-disable-related-posts":"","theme-transparent-header-meta":"","adv-header-id-meta":"","stick-header-meta":"","header-above-stick-meta":"","header-main-stick-meta":"","header-below-stick-meta":"","astra-migrate-meta-layouts":"default","ast-page-background-enabled":"default","ast-page-background-meta":{"desktop":{"background-color":"var(--ast-global-color-4)","background-image":"","background-repeat":"repeat","background-position":"center center","background-size":"auto","background-attachment":"scroll","background-type":"","background-media":"","overlay-type":"","overlay-color":"","overlay-opacity":"","overlay-gradient":""},"tablet":{"background-color":"","background-image":"","background-repeat":"repeat","background-position":"center center","background-size":"auto","background-attachment":"scroll","background-type":"","background-media":"","overlay-type":"","overlay-color":"","overlay-opacity":"","overlay-gradient":""},"mobile":{"background-color":"","background-image":"","background-repeat":"repeat","background-position":"center center","background-size":"auto","background-attachment":"scroll","background-type":"","background-media":"","overlay-type":"","overlay-color":"","overlay-opacity":"","overlay-gradient":""}},"ast-content-background-meta":{"desktop":{"background-color":"var(--ast-global-color-5)","background-image":"","background-repeat":"repeat","background-position":"center center","background-size":"auto","background-attachment":"scroll","background-type":"","background-media":"","overlay-type":"","overlay-color":"","overlay-opacity":"","overlay-gradient":""},"tablet":{"background-color":"var(--ast-global-color-5)","background-image":"","background-repeat":"repeat","background-position":"center center","background-size":"auto","background-attachment":"scroll","background-type":"","background-media":"","overlay-type":"","overlay-color":"","overlay-opacity":"","overlay-gradient":""},"mobile":{"background-color":"var(--ast-global-color-5)","background-image":"","background-repeat":"repeat","background-position":"center center","background-size":"auto","background-attachment":"scroll","background-type":"","background-media":"","overlay-type":"","overlay-color":"","overlay-opacity":"","overlay-gradient":""}},"footnotes":""},"class_list":["post-517","page","type-page","status-publish","hentry"],"_links":{"self":[{"href":"https:\/\/scibo-chemie.com\/pl\/wp-json\/wp\/v2\/pages\/517","targetHints":{"allow":["GET"]}}],"collection":[{"href":"https:\/\/scibo-chemie.com\/pl\/wp-json\/wp\/v2\/pages"}],"about":[{"href":"https:\/\/scibo-chemie.com\/pl\/wp-json\/wp\/v2\/types\/page"}],"author":[{"embeddable":true,"href":"https:\/\/scibo-chemie.com\/pl\/wp-json\/wp\/v2\/users\/1"}],"replies":[{"embeddable":true,"href":"https:\/\/scibo-chemie.com\/pl\/wp-json\/wp\/v2\/comments?post=517"}],"version-history":[{"count":7,"href":"https:\/\/scibo-chemie.com\/pl\/wp-json\/wp\/v2\/pages\/517\/revisions"}],"predecessor-version":[{"id":938,"href":"https:\/\/scibo-chemie.com\/pl\/wp-json\/wp\/v2\/pages\/517\/revisions\/938"}],"wp:attachment":[{"href":"https:\/\/scibo-chemie.com\/pl\/wp-json\/wp\/v2\/media?parent=517"}],"curies":[{"name":"wp","href":"https:\/\/api.w.org\/{rel}","templated":true}]}}