{"id":766,"date":"2025-01-04T15:45:30","date_gmt":"2025-01-04T14:45:30","guid":{"rendered":"http:\/\/scibo-chemie.com\/?page_id=766"},"modified":"2026-03-26T16:55:32","modified_gmt":"2026-03-26T15:55:32","slug":"agb","status":"publish","type":"page","link":"https:\/\/scibo-chemie.com\/pl\/agb\/","title":{"rendered":"GTC"},"content":{"rendered":"<div data-elementor-type=\"wp-page\" data-elementor-id=\"766\" class=\"elementor elementor-766\">\n\t\t\t\t<div class=\"elementor-element elementor-element-980b5e1 e-flex e-con-boxed e-con e-parent\" data-id=\"980b5e1\" data-element_type=\"container\" data-e-type=\"container\">\n\t\t\t\t\t<div class=\"e-con-inner\">\n\t\t\t\t<div class=\"elementor-element elementor-element-5afbdb2 elementor-widget elementor-widget-text-editor\" data-id=\"5afbdb2\" data-element_type=\"widget\" data-e-type=\"widget\" data-widget_type=\"text-editor.default\">\n\t\t\t\t<div class=\"elementor-widget-container\">\n\t\t\t\t\t\t\t\t\t<p class=\"p1\"><b>Og\u00f3lne warunki sprzeda\u017cy<\/b><\/p><p class=\"p1\">z Scibo UG (haftungsbeschr\u00e4nkt) , Gewerbepark A 10, 92364 Deining - zwanym dalej \u201eSprzedaj\u0105cym\u201c<\/p><p class=\"p1\"><b>\u00a7 1 Zakres zastosowania<\/b><\/p><p class=\"p2\">1 Niniejsze Og\u00f3lne Warunki Sprzeda\u017cy maj\u0105 zastosowanie do wszystkich um\u00f3w zawieranych pomi\u0119dzy Sprzedaj\u0105cym a jego klientami - zwanymi dalej \"Kupuj\u0105cym\" - dotycz\u0105cych sprzeda\u017cy i\/lub dostawy rzeczy ruchomych.<\/p><p class=\"p2\">2 Niniejsze Og\u00f3lne Warunki Sprzeda\u017cy maj\u0105 wy\u0142\u0105czne zastosowanie. Wszelkie odmienne lub sprzeczne warunki Kupuj\u0105cego nie b\u0119d\u0105 uznawane przez Sprzedaj\u0105cego, chyba \u017ce Sprzedaj\u0105cy wyra\u017anie wyrazi na to zgod\u0119 na pi\u015bmie.<\/p><p class=\"p2\">3 Niniejsze Og\u00f3lne Warunki Sprzeda\u017cy maj\u0105 zastosowanie r\u00f3wnie\u017c w przypadku, gdy Sprzedaj\u0105cy realizuje dostaw\u0119 bez zastrze\u017ce\u0144, wiedz\u0105c, \u017ce warunki Kupuj\u0105cego s\u0105 sprzeczne z niniejszymi Warunkami lub od nich odbiegaj\u0105.<\/p><p class=\"p2\">4 Niniejsze Og\u00f3lne Warunki Sprzeda\u017cy maj\u0105 zastosowanie wy\u0142\u0105cznie do przedsi\u0119biorc\u00f3w, os\u00f3b prawnych prawa publicznego.<\/p><p class=\"p1\"><b>\u00a7 2 Zawarcie umowy<\/b><\/p><p class=\"p2\">1. zam\u00f3wienie kupuj\u0105cego stanowi wi\u0105\u017c\u0105c\u0105 ofert\u0119, kt\u00f3r\u0105 sprzedaj\u0105cy mo\u017ce przyj\u0105\u0107 w ci\u0105gu tygodnia od jej otrzymania przez sprzedaj\u0105cego poprzez wys\u0142anie potwierdzenia zam\u00f3wienia lub dostarczenie towar\u00f3w. Oferty z\u0142o\u017cone przez sprzedaj\u0105cego przed up\u0142ywem tego terminu nie s\u0105 wi\u0105\u017c\u0105ce.<\/p><p class=\"p2\">2 Sprzedaj\u0105cy zastrzega sobie prawo w\u0142asno\u015bci i prawa autorskie do ilustracji, rysunk\u00f3w, oblicze\u0144 i innych dokument\u00f3w. Dotyczy to r\u00f3wnie\u017c dokument\u00f3w pisemnych oznaczonych jako poufne. Kupuj\u0105cy wymaga wyra\u017anej pisemnej zgody Sprzedaj\u0105cego przed przekazaniem ich osobom trzecim.<\/p><p class=\"p1\"><b>\u00a7 3 Ceny, p\u0142atno\u015b\u0107 i dostawa<\/b><\/p><p class=\"p2\">1. o ile w indywidualnych przypadkach nie uzgodniono inaczej, obowi\u0105zuj\u0105 ceny aktualne w chwili zawarcia umowy, loco magazyn, powi\u0119kszone o ustawowy podatek VAT.<\/p><p class=\"p2\">2 Je\u015bli koszty Sprzedaj\u0105cego zwi\u0105zane z towarami wzrosn\u0105 po zawarciu umowy z powodu wzrostu koszt\u00f3w zewn\u0119trznych lub zmiany kurs\u00f3w wymiany walut lub cen zakupu Sprzedaj\u0105cego, Sprzedaj\u0105cy b\u0119dzie uprawniony do odpowiedniego dostosowania uzgodnionej ceny zakupu.<\/p><p class=\"p2\">3 Je\u015bli mi\u0119dzy zawarciem umowy a dostaw\u0105 powstan\u0105 dodatkowe lub zwi\u0119kszone op\u0142aty - w szczeg\u00f3lno\u015bci c\u0142a, podatki, op\u0142aty wyr\u00f3wnawcze, wyr\u00f3wnanie walut - z powodu zmian w normach prawnych, sprzedaj\u0105cy b\u0119dzie uprawniony do odpowiedniego zwi\u0119kszenia uzgodnionej ceny zakupu. To samo dotyczy op\u0142at za inspekcj\u0119.<\/p><p class=\"p2\">4. Nasze roszczenia z tytu\u0142u ceny zakupu s\u0105 zasadniczo \"got\u00f3wk\u0105 netto\" i s\u0105 wymagalne do zap\u0142aty bez \u017cadnych potr\u0105ce\u0144 natychmiast po otrzymaniu faktury, chyba \u017ce uzgodniono inny termin p\u0142atno\u015bci na pi\u015bmie. Cena zakupu jest wymagalna i p\u0142atna w ci\u0105gu 10 dni od wystawienia faktury i dostawy. Sprzedaj\u0105cy jest jednak uprawniony w dowolnym momencie, nawet w ramach trwaj\u0105cych stosunk\u00f3w handlowych, do dokonania dostawy w ca\u0142o\u015bci lub w cz\u0119\u015bci wy\u0142\u0105cznie za zap\u0142at\u0105 z g\u00f3ry.<\/p><p class=\"p2\">5 W przypadku sprzeda\u017cy wysy\u0142kowej (patrz \u00a7 4 ust. 2 poni\u017cej), Kupuj\u0105cy ponosi koszty transportu z magazynu oraz koszty ewentualnego ubezpieczenia transportowego wymaganego przez Kupuj\u0105cego. Wszelkie c\u0142a, op\u0142aty, podatki i inne op\u0142aty publiczne ponosi Kupuj\u0105cy.<\/p><p class=\"p2\">6. je\u015bli kwota faktury nie zostanie uregulowana w ci\u0105gu maksymalnie 10 dni kalendarzowych od daty wystawienia faktury lub w innym uzgodnionym terminie p\u0142atno\u015bci, sprzedawca b\u0119dzie uprawniony do \u017c\u0105dania odsetek za zw\u0142ok\u0119 i innych szk\u00f3d spowodowanych zw\u0142ok\u0105 w udowodnionej kwocie, ale co najmniej odsetek w wysoko\u015bci okre\u015blonej przez prawo, bez konieczno\u015bci specjalnego upomnienia.<\/p><p class=\"p2\">7 Kupuj\u0105cy jest uprawniony do potr\u0105cenia lub zatrzymania tylko w zakresie, w jakim jego roszczenie zosta\u0142o prawomocnie stwierdzone lub jest bezsporne.<\/p><p class=\"p1\"><b>\u00a7 4 Czas wykonania, przeniesienie ryzyka<\/b><\/p><p class=\"p2\">1. je\u017celi terminy dostaw zosta\u0142y okre\u015blone przez Sprzedaj\u0105cego i stanowi\u0142y podstaw\u0119 do z\u0142o\u017cenia zam\u00f3wienia, terminy te ulegaj\u0105 przed\u0142u\u017ceniu w przypadku strajk\u00f3w i przypadk\u00f3w si\u0142y wy\u017cszej o czas trwania op\u00f3\u017anienia. To samo ma zastosowanie w przypadku, gdy Kupuj\u0105cy nie wywi\u0105zuje si\u0119 z jakichkolwiek zobowi\u0105za\u0144 do wsp\u00f3\u0142pracy.<\/p><p class=\"p2\">2 Dostawa odbywa si\u0119 z magazynu, kt\u00f3ry jest r\u00f3wnie\u017c miejscem realizacji us\u0142ugi i wszelkich kolejnych realizacji. Na \u017c\u0105danie i koszt Kupuj\u0105cego towar zostanie wys\u0142any do innego miejsca przeznaczenia (sprzeda\u017c do miejsca przeznaczenia). O ile nie uzgodniono inaczej, Sprzedaj\u0105cy jest uprawniony do samodzielnego okre\u015blenia rodzaju wysy\u0142ki (w szczeg\u00f3lno\u015bci firmy transportowej, trasy wysy\u0142ki, opakowania).<\/p><p class=\"p2\">3. ryzyko przypadkowej utraty i przypadkowego pogorszenia jako\u015bci towaru przechodzi na kupuj\u0105cego najp\u00f3\u017aniej z chwil\u0105 wydania towaru. Jednak\u017ce w przypadku sprzeda\u017cy wysy\u0142kowej ryzyko przypadkowej utraty i przypadkowego pogorszenia jako\u015bci towar\u00f3w, jak r\u00f3wnie\u017c ryzyko op\u00f3\u017anienia przechodzi na Kupuj\u0105cego z chwil\u0105 dostarczenia towar\u00f3w spedytorowi, przewo\u017anikowi lub innej osobie lub organizacji wyznaczonej do realizacji wysy\u0142ki.<\/p><p class=\"p2\">4. jest r\u00f3wnoznaczne z przekazaniem, je\u017celi kupuj\u0105cy jest w zw\u0142oce z odbiorem.<\/p><p class=\"p1\"><b>\u00a7 5 Odpowiedzialno\u015b\u0107 za wady, r\u0119kojmia<\/b><\/p><p class=\"p2\">1. w przypadku wady sprzedawca ponosi odpowiedzialno\u015b\u0107 zgodnie z przepisami ustawowymi, o ile nie wynikaj\u0105 z tego \u017cadne ograniczenia.<\/p><p class=\"p2\">2 Nie ma wad w przypadku niedoboru lub nadwy\u017cki wydajno\u015bci, pod warunkiem, \u017ce odpowiednie odchylenie nie przekracza 10 %. Cena zakupu do zap\u0142aty jest oparta na ilo\u015bci faktycznie dostarczonej.<\/p><p class=\"p2\">3 Towary musz\u0105 zosta\u0107 dok\u0142adnie sprawdzone niezw\u0142ocznie po ich dostarczeniu Kupuj\u0105cemu lub osobie trzeciej wskazanej przez Kupuj\u0105cego. W odniesieniu do oczywistych wad lub innych wad, kt\u00f3re by\u0142yby rozpoznawalne podczas natychmiastowej starannej kontroli, uznaje si\u0119, \u017ce zosta\u0142y one zatwierdzone przez Kupuj\u0105cego, je\u015bli Sprzedaj\u0105cy nie otrzyma pisemnego zawiadomienia o wadach w ci\u0105gu siedmiu dni roboczych od przekazania. W odniesieniu do innych wad, towary uznaje si\u0119 za zatwierdzone przez Kupuj\u0105cego, je\u015bli Sprzedaj\u0105cy nie otrzyma zawiadomienia o wadach w ci\u0105gu siedmiu dni roboczych od momentu, w kt\u00f3rym wada sta\u0142a si\u0119 widoczna.<\/p><p class=\"p2\">4 Je\u015bli rzecz jest wadliwa, sprzedawca mo\u017ce pocz\u0105tkowo wybra\u0107, czy spe\u0142ni\u0107 \u015bwiadczenie poprzez usuni\u0119cie wady (naprawa), czy poprzez dostarczenie rzeczy wolnej od wad (dostawa zast\u0119pcza). Prawo do odmowy p\u00f3\u017aniejszego spe\u0142nienia \u015bwiadczenia zgodnie z warunkami ustawowymi pozostaje nienaruszone.<\/p><p class=\"p2\">5 Okres gwarancji wynosi jeden rok. Okres ten rozpoczyna si\u0119 z chwil\u0105 przeniesienia ryzyka. Nie dotyczy to roszcze\u0144 o odszkodowanie z tytu\u0142u wady.<\/p><p class=\"p2\">6 Gwarancje w sensie prawnym nie s\u0105 udzielane.<\/p><p class=\"p1\"><b>\u00a7 6 Odszkodowanie<\/b><\/p><p class=\"p2\">1 Odpowiedzialno\u015b\u0107 sprzedawcy z tytu\u0142u naruszenia obowi\u0105zk\u00f3w umownych i czyn\u00f3w niedozwolonych jest ograniczona do umy\u015blnego dzia\u0142ania i ra\u017c\u0105cego niedbalstwa. Nie dotyczy to uszczerbku na \u017cyciu, ciele i zdrowiu kupuj\u0105cego, roszcze\u0144 z tytu\u0142u naruszenia kardynalnych obowi\u0105zk\u00f3w oraz odszkodowania za szkody spowodowane op\u00f3\u017anieniem. W tym zakresie sprzedaj\u0105cy ponosi odpowiedzialno\u015b\u0107 niezale\u017cnie od stopnia winy.<\/p><p class=\"p2\">2 Zobowi\u0105zania kardynalne to zobowi\u0105zania, kt\u00f3rych wype\u0142nienie jest niezb\u0119dne do prawid\u0142owego wykonania umowy i na kt\u00f3rych przestrzeganiu partner umowy regularnie polega i mo\u017ce polega\u0107. W przypadku naruszenia takiego obowi\u0105zku odpowiedzialno\u015b\u0107 sprzedaj\u0105cego jest ograniczona do odszkodowania za przewidywalne, zwykle wyst\u0119puj\u0105ce szkody.<\/p><p class=\"p2\">3. ograniczenia odpowiedzialno\u015bci wynikaj\u0105ce z ust. 1 maj\u0105 r\u00f3wnie\u017c zastosowanie w przypadku naruszenia obowi\u0105zk\u00f3w przez lub na rzecz os\u00f3b, za kt\u00f3re sprzedawca ponosi odpowiedzialno\u015b\u0107 zgodnie z przepisami ustawowymi.<\/p><p class=\"p1\"><b>\u00a7 7 Okres przedawnienia<\/b><\/p><p class=\"p2\">1. Og\u00f3lny termin przedawnienia roszcze\u0144 wynikaj\u0105cych z wad materia\u0142owych i prawnych wynosi jeden rok od daty dostawy. Je\u017celi uzgodniono odbi\u00f3r, bieg terminu przedawnienia rozpoczyna si\u0119 z chwil\u0105 odbioru.<\/p><p class=\"p2\">2. roszczenia odszkodowawcze kupuj\u0105cego z tytu\u0142u uszczerbku na \u017cyciu, ciele lub zdrowiu lub z tytu\u0142u szk\u00f3d wynikaj\u0105cych z ra\u017c\u0105cego zaniedbania lub umy\u015blnego naruszenia obowi\u0105zk\u00f3w, jak r\u00f3wnie\u017c na podstawie ustawy o odpowiedzialno\u015bci za produkt, ulegaj\u0105 jednak przedawnieniu wy\u0142\u0105cznie zgodnie z przepisami ustawowymi.<\/p><p class=\"p2\">3. roszczenia sprzedaj\u0105cego o zap\u0142at\u0119 wygasaj\u0105 po pi\u0119ciu latach.<\/p><p class=\"p1\"><b>\u00a7 8 Zastrze\u017cenie w\u0142asno\u015bci<\/b><\/p><p class=\"p2\">1. sprzedaj\u0105cy zachowuje prawo w\u0142asno\u015bci do towar\u00f3w do czasu spe\u0142nienia wszystkich roszcze\u0144 wobec kupuj\u0105cego, nawet je\u015bli za okre\u015blone towary ju\u017c zap\u0142acono.<\/p><p class=\"p2\">2 Towary obj\u0119te zastrze\u017ceniem w\u0142asno\u015bci nie mog\u0105 by\u0107 zastawiane na rzecz os\u00f3b trzecich ani przew\u0142aszczane na zabezpieczenie przed ca\u0142kowit\u0105 sp\u0142at\u0105 zabezpieczonych roszcze\u0144. Kupuj\u0105cy musi niezw\u0142ocznie poinformowa\u0107 sprzedaj\u0105cego na pi\u015bmie, je\u015bli osoby trzecie maj\u0105 dost\u0119p do towar\u00f3w nale\u017c\u0105cych do sprzedaj\u0105cego.<\/p><p class=\"p2\">3 Kupuj\u0105cy jest upowa\u017cniony do odwo\u0142ania do odsprzeda\u017cy i\/lub przetwarzania towar\u00f3w z zastrze\u017ceniem prawa w\u0142asno\u015bci w ramach zwyk\u0142ej dzia\u0142alno\u015bci gospodarczej. W takim przypadku zastosowanie maj\u0105 dodatkowo nast\u0119puj\u0105ce postanowienia:<\/p><p class=\"p1\">a) Zastrze\u017cenie w\u0142asno\u015bci obejmuje pe\u0142n\u0105 warto\u015b\u0107 produkt\u00f3w powsta\u0142ych w wyniku przetwarzania, mieszania lub \u0142\u0105czenia naszych towar\u00f3w, przy czym Sprzedaj\u0105cego uznaje si\u0119 za producenta. Je\u015bli w przypadku przetwarzania, mieszania lub \u0142\u0105czenia z towarami os\u00f3b trzecich, ich prawo w\u0142asno\u015bci pozostaje, Sprzedaj\u0105cy nabywa wsp\u00f3\u0142w\u0142asno\u015b\u0107 proporcjonalnie do warto\u015bci fakturowej przetworzonych, zmieszanych lub po\u0142\u0105czonych towar\u00f3w.<\/p><p class=\"p1\">b) Kupuj\u0105cy niniejszym ceduje na Sprzedaj\u0105cego jako zabezpieczenie wszelkie roszczenia wobec os\u00f3b trzecich wynikaj\u0105ce z odsprzeda\u017cy towar\u00f3w lub produkt\u00f3w w ca\u0142o\u015bci lub w wysoko\u015bci jakiegokolwiek udzia\u0142u Sprzedaj\u0105cego we wsp\u00f3\u0142w\u0142asno\u015bci zgodnie z powy\u017cszym ust\u0119pem. Sprzedaj\u0105cy przyjmuje cesj\u0119.<\/p><p class=\"p1\">c) Kupuj\u0105cy pozostaje upowa\u017cniony do dochodzenia roszcze\u0144 opr\u00f3cz sprzedaj\u0105cego. Sprzedaj\u0105cy zobowi\u0105zuje si\u0119 nie dochodzi\u0107 roszcze\u0144, dop\u00f3ki kupuj\u0105cy wywi\u0105zuje si\u0119 ze swoich zobowi\u0105za\u0144 p\u0142atniczych.<\/p><p class=\"p1\">d) Je\u015bli mo\u017cliwa do zrealizowania warto\u015b\u0107 zabezpiecze\u0144 przekracza nasze roszczenia o wi\u0119cej ni\u017c 10 %, na \u017c\u0105danie kupuj\u0105cego zwolnimy wybrane przez nas zabezpieczenia.<\/p><p class=\"p1\"><b>\u00a7 9 Wyb\u00f3r prawa, miejsce jurysdykcji<\/b><\/p><p class=\"p2\">1. niniejsza umowa podlega wy\u0142\u0105cznie prawu holenderskiemu z wy\u0142\u0105czeniem Konwencji Narod\u00f3w Zjednoczonych o umowach mi\u0119dzynarodowej sprzeda\u017cy towar\u00f3w (CISG).<\/p><p class=\"p2\">2. wy\u0142\u0105cznym miejscem jurysdykcji dla wszystkich spor\u00f3w wynikaj\u0105cych z lub w zwi\u0105zku z niniejsz\u0105 umow\u0105 jest Amsterdam, Holandia.<\/p><p class=\"p1\"><b>\u00a7 10 Postanowienia ko\u0144cowe<\/b><\/p><p class=\"p2\">1 Je\u017celi kt\u00f3rekolwiek z postanowie\u0144 niniejszych warunk\u00f3w jest lub stanie si\u0119 niewa\u017cne w ca\u0142o\u015bci lub w cz\u0119\u015bci, nie b\u0119dzie to mia\u0142o wp\u0142ywu na wa\u017cno\u015b\u0107 pozosta\u0142ych postanowie\u0144. Niewa\u017cne postanowienie zostanie zast\u0105pione postanowieniem prawnie dopuszczalnym, kt\u00f3re jest najbli\u017csze zamierzonemu celowi. Ma to r\u00f3wnie\u017c zastosowanie w przypadku luki prawnej.<\/p><p class=\"p2\">2 Poni\u017csze ma zastosowanie do tre\u015bci niniejszych Og\u00f3lnych Warunk\u00f3w Sprzeda\u017cy w wersji angielskiej i niemieckiej: O ile wersja angielska mo\u017ce nie by\u0107 identyczna z niemieckim tekstem i terminami prawnymi w ich odpowiednim rozumieniu prawnym, miarodajny jest wy\u0142\u0105cznie tekst niemiecki i termin niemiecki.<\/p>\t\t\t\t\t\t\t\t<\/div>\n\t\t\t\t<\/div>\n\t\t\t\t\t<\/div>\n\t\t\t\t<\/div>\n\t\t\t\t<\/div>","protected":false},"excerpt":{"rendered":"<p>Allgemeine Verkaufsbedingungen der Scibo UG (haftungsbeschr\u00e4nkt)\u00a0, Gewerbepark A 10, 92364 Deining \u2013 im Folgenden \u201eVerk\u00e4ufer\u201c \u2013 \u00a7 1 Geltungsbereich 1.Diese [&hellip;]<\/p>\n","protected":false},"author":1,"featured_media":0,"parent":0,"menu_order":0,"comment_status":"closed","ping_status":"closed","template":"","meta":{"site-sidebar-layout":"no-sidebar","site-content-layout":"","ast-site-content-layout":"full-width-container","site-content-style":"default","site-sidebar-style":"default","ast-global-header-display":"","ast-banner-title-visibility":"","ast-main-header-display":"","ast-hfb-above-header-display":"","ast-hfb-below-header-display":"","ast-hfb-mobile-header-display":"","site-post-title":"disabled","ast-breadcrumbs-content":"","ast-featured-img":"disabled","footer-sml-layout":"","ast-disable-related-posts":"","theme-transparent-header-meta":"","adv-header-id-meta":"","stick-header-meta":"","header-above-stick-meta":"","header-main-stick-meta":"","header-below-stick-meta":"","astra-migrate-meta-layouts":"default","ast-page-background-enabled":"default","ast-page-background-meta":{"desktop":{"background-color":"var(--ast-global-color-4)","background-image":"","background-repeat":"repeat","background-position":"center center","background-size":"auto","background-attachment":"scroll","background-type":"","background-media":"","overlay-type":"","overlay-color":"","overlay-opacity":"","overlay-gradient":""},"tablet":{"background-color":"","background-image":"","background-repeat":"repeat","background-position":"center center","background-size":"auto","background-attachment":"scroll","background-type":"","background-media":"","overlay-type":"","overlay-color":"","overlay-opacity":"","overlay-gradient":""},"mobile":{"background-color":"","background-image":"","background-repeat":"repeat","background-position":"center center","background-size":"auto","background-attachment":"scroll","background-type":"","background-media":"","overlay-type":"","overlay-color":"","overlay-opacity":"","overlay-gradient":""}},"ast-content-background-meta":{"desktop":{"background-color":"var(--ast-global-color-5)","background-image":"","background-repeat":"repeat","background-position":"center center","background-size":"auto","background-attachment":"scroll","background-type":"","background-media":"","overlay-type":"","overlay-color":"","overlay-opacity":"","overlay-gradient":""},"tablet":{"background-color":"var(--ast-global-color-5)","background-image":"","background-repeat":"repeat","background-position":"center center","background-size":"auto","background-attachment":"scroll","background-type":"","background-media":"","overlay-type":"","overlay-color":"","overlay-opacity":"","overlay-gradient":""},"mobile":{"background-color":"var(--ast-global-color-5)","background-image":"","background-repeat":"repeat","background-position":"center center","background-size":"auto","background-attachment":"scroll","background-type":"","background-media":"","overlay-type":"","overlay-color":"","overlay-opacity":"","overlay-gradient":""}},"footnotes":""},"class_list":["post-766","page","type-page","status-publish","hentry"],"_links":{"self":[{"href":"https:\/\/scibo-chemie.com\/pl\/wp-json\/wp\/v2\/pages\/766","targetHints":{"allow":["GET"]}}],"collection":[{"href":"https:\/\/scibo-chemie.com\/pl\/wp-json\/wp\/v2\/pages"}],"about":[{"href":"https:\/\/scibo-chemie.com\/pl\/wp-json\/wp\/v2\/types\/page"}],"author":[{"embeddable":true,"href":"https:\/\/scibo-chemie.com\/pl\/wp-json\/wp\/v2\/users\/1"}],"replies":[{"embeddable":true,"href":"https:\/\/scibo-chemie.com\/pl\/wp-json\/wp\/v2\/comments?post=766"}],"version-history":[{"count":7,"href":"https:\/\/scibo-chemie.com\/pl\/wp-json\/wp\/v2\/pages\/766\/revisions"}],"predecessor-version":[{"id":1363,"href":"https:\/\/scibo-chemie.com\/pl\/wp-json\/wp\/v2\/pages\/766\/revisions\/1363"}],"wp:attachment":[{"href":"https:\/\/scibo-chemie.com\/pl\/wp-json\/wp\/v2\/media?parent=766"}],"curies":[{"name":"wp","href":"https:\/\/api.w.org\/{rel}","templated":true}]}}