{"id":402,"date":"2024-11-26T11:17:31","date_gmt":"2024-11-26T10:17:31","guid":{"rendered":"http:\/\/scibo-chemie.com\/?page_id=402"},"modified":"2024-11-26T11:23:10","modified_gmt":"2024-11-26T10:23:10","slug":"nachhaltigkeit","status":"publish","type":"page","link":"https:\/\/scibo-chemie.com\/sv\/nachhaltigkeit\/","title":{"rendered":"H\u00e5llbarhet"},"content":{"rendered":"<div data-elementor-type=\"wp-page\" data-elementor-id=\"402\" class=\"elementor elementor-402\">\n\t\t\t\t<div class=\"elementor-element elementor-element-5a1e3015 e-flex e-con-boxed e-con e-parent\" data-id=\"5a1e3015\" data-element_type=\"container\" data-e-type=\"container\" data-settings=\"{&quot;background_background&quot;:&quot;classic&quot;}\">\n\t\t\t\t\t<div class=\"e-con-inner\">\n\t\t<div class=\"elementor-element elementor-element-59d39629 e-con-full e-flex e-con e-child\" data-id=\"59d39629\" data-element_type=\"container\" data-e-type=\"container\">\n\t\t\t\t<div class=\"elementor-element elementor-element-44a74498 elementor-widget elementor-widget-heading\" data-id=\"44a74498\" data-element_type=\"widget\" data-e-type=\"widget\" data-widget_type=\"heading.default\">\n\t\t\t\t<div class=\"elementor-widget-container\">\n\t\t\t\t\t<h1 class=\"elementor-heading-title elementor-size-default\">SCIBO - H\u00e5llbarhet<\/h1>\t\t\t\t<\/div>\n\t\t\t\t<\/div>\n\t\t\t\t<\/div>\n\t\t\t\t\t<\/div>\n\t\t\t\t<\/div>\n\t\t<div class=\"elementor-element elementor-element-5c7da359 e-flex e-con-boxed e-con e-parent\" data-id=\"5c7da359\" data-element_type=\"container\" data-e-type=\"container\" data-settings=\"{&quot;background_background&quot;:&quot;classic&quot;}\">\n\t\t\t\t\t<div class=\"e-con-inner\">\n\t\t<div class=\"elementor-element elementor-element-69d63347 e-con-full e-flex e-con e-child\" data-id=\"69d63347\" data-element_type=\"container\" data-e-type=\"container\">\n\t\t<div class=\"elementor-element elementor-element-3aebc9aa e-con-full e-flex e-con e-child\" data-id=\"3aebc9aa\" data-element_type=\"container\" data-e-type=\"container\">\n\t\t<div class=\"elementor-element elementor-element-5654bb75 e-con-full e-flex e-con e-child\" data-id=\"5654bb75\" data-element_type=\"container\" data-e-type=\"container\">\n\t\t\t\t<div class=\"elementor-element elementor-element-1fa821fc elementor-widget elementor-widget-heading\" data-id=\"1fa821fc\" data-element_type=\"widget\" data-e-type=\"widget\" data-widget_type=\"heading.default\">\n\t\t\t\t<div class=\"elementor-widget-container\">\n\t\t\t\t\t<h2 class=\"elementor-heading-title elementor-size-default\">V\u00e5rt engagemang f\u00f6r h\u00e5llbarhet<\/h2>\t\t\t\t<\/div>\n\t\t\t\t<\/div>\n\t\t\t\t<\/div>\n\t\t<div class=\"elementor-element elementor-element-6f24788a e-con-full e-flex e-con e-child\" data-id=\"6f24788a\" data-element_type=\"container\" data-e-type=\"container\">\n\t\t\t\t<div class=\"elementor-element elementor-element-11318a0f elementor-widget elementor-widget-text-editor\" data-id=\"11318a0f\" data-element_type=\"widget\" data-e-type=\"widget\" data-widget_type=\"text-editor.default\">\n\t\t\t\t<div class=\"elementor-widget-container\">\n\t\t\t\t\t\t\t\t\t<p style=\"font-weight: 400;\">SCIBO f\u00e4ster stor vikt vid h\u00e5llbarhet f\u00f6r att skydda milj\u00f6n samtidigt som vi erbjuder h\u00f6gsta kvalitet och prestanda. V\u00e5rt engagemang f\u00f6r h\u00e5llbara produkter och processer \u00e5terspeglas inom flera omr\u00e5den:<\/p>\t\t\t\t\t\t\t\t<\/div>\n\t\t\t\t<\/div>\n\t\t\t\t<\/div>\n\t\t\t\t<\/div>\n\t\t\t\t<\/div>\n\t\t\t\t\t<\/div>\n\t\t\t\t<\/div>\n\t\t\t\t<section class=\"elementor-section elementor-top-section elementor-element elementor-element-qa0y0o3 elementor-section-content-middle elementor-section-boxed elementor-section-height-default elementor-section-height-default\" data-id=\"qa0y0o3\" data-element_type=\"section\" data-e-type=\"section\" data-settings=\"{&quot;background_background&quot;:&quot;classic&quot;}\">\n\t\t\t\t\t\t<div class=\"elementor-container elementor-column-gap-default\">\n\t\t\t\t\t<div class=\"elementor-column elementor-col-100 elementor-top-column elementor-element elementor-element-773f1bc\" data-id=\"773f1bc\" data-element_type=\"column\" data-e-type=\"column\">\n\t\t\t<div class=\"elementor-widget-wrap elementor-element-populated\">\n\t\t\t\t\t\t<div class=\"elementor-element elementor-element-dec3a45 elementor-widget elementor-widget-icon-box\" data-id=\"dec3a45\" data-element_type=\"widget\" data-e-type=\"widget\" data-widget_type=\"icon-box.default\">\n\t\t\t\t<div class=\"elementor-widget-container\">\n\t\t\t\t\t\t\t<div class=\"elementor-icon-box-wrapper\">\n\n\t\t\t\n\t\t\t\t\t\t<div class=\"elementor-icon-box-content\">\n\n\t\t\t\t\t\t\t\t\t<h3 class=\"elementor-icon-box-title\">\n\t\t\t\t\t\t<span  >\n\t\t\t\t\t\t\tMilj\u00f6v\u00e4nliga material\t\t\t\t\t\t<\/span>\n\t\t\t\t\t<\/h3>\n\t\t\t\t\n\t\t\t\t\t\t\t\t\t<p class=\"elementor-icon-box-description\">\n\t\t\t\t\t\tVi arbetar med leverant\u00f6rer som har \u00e5tagit sig att tillverka milj\u00f6v\u00e4nliga produkter. M\u00e5nga av v\u00e5ra r\u00e5varor \u00e4r utvalda f\u00f6r att minimera deras milj\u00f6p\u00e5verkan, t.ex. anv\u00e4ndningen av MS-polymerer utan isocyanater eller l\u00f6sningsmedel.\t\t\t\t\t<\/p>\n\t\t\t\t\n\t\t\t<\/div>\n\t\t\t\n\t\t<\/div>\n\t\t\t\t\t\t<\/div>\n\t\t\t\t<\/div>\n\t\t\t\t<div class=\"elementor-element elementor-element-1c9c3e1 elementor-widget elementor-widget-icon-box\" data-id=\"1c9c3e1\" data-element_type=\"widget\" data-e-type=\"widget\" data-widget_type=\"icon-box.default\">\n\t\t\t\t<div class=\"elementor-widget-container\">\n\t\t\t\t\t\t\t<div class=\"elementor-icon-box-wrapper\">\n\n\t\t\t\n\t\t\t\t\t\t<div class=\"elementor-icon-box-content\">\n\n\t\t\t\t\t\t\t\t\t<h3 class=\"elementor-icon-box-title\">\n\t\t\t\t\t\t<span  >\n\t\t\t\t\t\t\tBevarande av resurser\t\t\t\t\t\t<\/span>\n\t\t\t\t\t<\/h3>\n\t\t\t\t\n\t\t\t\t\t\t\t\t\t<p class=\"elementor-icon-box-description\">\n\t\t\t\t\t\t V\u00e5ra produktionsprocesser \u00e4r utformade f\u00f6r att minska avfallet och utnyttja energin p\u00e5 ett effektivt s\u00e4tt. M\u00e5let \u00e4r att minimera det ekologiska fotavtrycket i alla produktionssteg.\t\t\t\t\t<\/p>\n\t\t\t\t\n\t\t\t<\/div>\n\t\t\t\n\t\t<\/div>\n\t\t\t\t\t\t<\/div>\n\t\t\t\t<\/div>\n\t\t\t\t<div class=\"elementor-element elementor-element-3bb4bd0 elementor-widget elementor-widget-icon-box\" data-id=\"3bb4bd0\" data-element_type=\"widget\" data-e-type=\"widget\" data-widget_type=\"icon-box.default\">\n\t\t\t\t<div class=\"elementor-widget-container\">\n\t\t\t\t\t\t\t<div class=\"elementor-icon-box-wrapper\">\n\n\t\t\t\n\t\t\t\t\t\t<div class=\"elementor-icon-box-content\">\n\n\t\t\t\t\t\t\t\t\t<h3 class=\"elementor-icon-box-title\">\n\t\t\t\t\t\t<span  >\n\t\t\t\t\t\t\tEnergieffektiv produktion\t\t\t\t\t\t<\/span>\n\t\t\t\t\t<\/h3>\n\t\t\t\t\n\t\t\t\t\t\t\t\t\t<p class=\"elementor-icon-box-description\">\n\t\t\t\t\t\tV\u00e5ra leverant\u00f6rer \u00e4r ledande n\u00e4r det g\u00e4ller att anv\u00e4nda moderna, energieffektiva produktionsanl\u00e4ggningar. Dessa system bidrar till att minska energif\u00f6rbrukningen och CO\u2082-utsl\u00e4ppen.\t\t\t\t\t<\/p>\n\t\t\t\t\n\t\t\t<\/div>\n\t\t\t\n\t\t<\/div>\n\t\t\t\t\t\t<\/div>\n\t\t\t\t<\/div>\n\t\t\t\t<div class=\"elementor-element elementor-element-35fdfae elementor-widget elementor-widget-icon-box\" data-id=\"35fdfae\" data-element_type=\"widget\" data-e-type=\"widget\" data-widget_type=\"icon-box.default\">\n\t\t\t\t<div class=\"elementor-widget-container\">\n\t\t\t\t\t\t\t<div class=\"elementor-icon-box-wrapper\">\n\n\t\t\t\n\t\t\t\t\t\t<div class=\"elementor-icon-box-content\">\n\n\t\t\t\t\t\t\t\t\t<h3 class=\"elementor-icon-box-title\">\n\t\t\t\t\t\t<span  >\n\t\t\t\t\t\t\t\u00c5tervinning och \u00e5teranv\u00e4ndning\t\t\t\t\t\t<\/span>\n\t\t\t\t\t<\/h3>\n\t\t\t\t\n\t\t\t\t\t\t\t\t\t<p class=\"elementor-icon-box-description\">\n\t\t\t\t\t\tVi fr\u00e4mjar \u00e5teranv\u00e4ndning av produktionsavfall och \u00e4r engagerade i \u00e5tervinningsprocesser f\u00f6r att minimera m\u00e4ngden industriavfall. Vi anv\u00e4nder \u00e5tervunna f\u00f6rpackningar och r\u00e5material i vissa av v\u00e5ra produkter. Naturligtvis anger vi detta f\u00f6r din transparens.  \t\t\t\t\t<\/p>\n\t\t\t\t\n\t\t\t<\/div>\n\t\t\t\n\t\t<\/div>\n\t\t\t\t\t\t<\/div>\n\t\t\t\t<\/div>\n\t\t\t\t<div class=\"elementor-element elementor-element-59604da elementor-widget elementor-widget-icon-box\" data-id=\"59604da\" data-element_type=\"widget\" data-e-type=\"widget\" data-widget_type=\"icon-box.default\">\n\t\t\t\t<div class=\"elementor-widget-container\">\n\t\t\t\t\t\t\t<div class=\"elementor-icon-box-wrapper\">\n\n\t\t\t\n\t\t\t\t\t\t<div class=\"elementor-icon-box-content\">\n\n\t\t\t\t\t\t\t\t\t<h3 class=\"elementor-icon-box-title\">\n\t\t\t\t\t\t<span  >\n\t\t\t\t\t\t\tProduktdesign med h\u00e5llbarhet\t\t\t\t\t\t<\/span>\n\t\t\t\t\t<\/h3>\n\t\t\t\t\n\t\t\t\t\t\t\t\t\t<p class=\"elementor-icon-box-description\">\n\t\t\t\t\t\tV\u00e5ra produkter \u00e4r utformade f\u00f6r att ha en l\u00e5ng livsl\u00e4ngd och kan kasseras p\u00e5 ett milj\u00f6v\u00e4nligt s\u00e4tt efter anv\u00e4ndning. Detta omfattar \u00e4ven minskning av flyktiga organiska f\u00f6reningar (VOC) i v\u00e5ra produkter f\u00f6r att f\u00f6rb\u00e4ttra luftkvaliteten.\t\t\t\t\t<\/p>\n\t\t\t\t\n\t\t\t<\/div>\n\t\t\t\n\t\t<\/div>\n\t\t\t\t\t\t<\/div>\n\t\t\t\t<\/div>\n\t\t\t\t<div class=\"elementor-element elementor-element-9c584c2 elementor-widget elementor-widget-icon-box\" data-id=\"9c584c2\" data-element_type=\"widget\" data-e-type=\"widget\" data-widget_type=\"icon-box.default\">\n\t\t\t\t<div class=\"elementor-widget-container\">\n\t\t\t\t\t\t\t<div class=\"elementor-icon-box-wrapper\">\n\n\t\t\t\n\t\t\t\t\t\t<div class=\"elementor-icon-box-content\">\n\n\t\t\t\t\t\t\t\t\t<h3 class=\"elementor-icon-box-title\">\n\t\t\t\t\t\t<span  >\n\t\t\t\t\t\t\tPartnerskap f\u00f6r h\u00e5llbar upphandling\t\t\t\t\t\t<\/span>\n\t\t\t\t\t<\/h3>\n\t\t\t\t\n\t\t\t\t\t\t\t\t\t<p class=\"elementor-icon-box-description\">\n\t\t\t\t\t\tGenom att arbeta med v\u00e5ra leverant\u00f6rer s\u00e4kerst\u00e4ller vi att v\u00e5ra r\u00e5varor kommer fr\u00e5n h\u00e5llbara och ansvarsfulla k\u00e4llor. Detta inneb\u00e4r ocks\u00e5 att vi \u00e4r uppm\u00e4rksamma p\u00e5 korta transportv\u00e4gar f\u00f6r att minimera logistikens CO\u2082-p\u00e5verkan.\t\t\t\t\t<\/p>\n\t\t\t\t\n\t\t\t<\/div>\n\t\t\t\n\t\t<\/div>\n\t\t\t\t\t\t<\/div>\n\t\t\t\t<\/div>\n\t\t\t\t<div class=\"elementor-element elementor-element-003689c elementor-widget elementor-widget-icon-box\" data-id=\"003689c\" data-element_type=\"widget\" data-e-type=\"widget\" data-widget_type=\"icon-box.default\">\n\t\t\t\t<div class=\"elementor-widget-container\">\n\t\t\t\t\t\t\t<div class=\"elementor-icon-box-wrapper\">\n\n\t\t\t\n\t\t\t\t\t\t<div class=\"elementor-icon-box-content\">\n\n\t\t\t\t\t\t\t\t\t<h3 class=\"elementor-icon-box-title\">\n\t\t\t\t\t\t<span  >\n\t\t\t\t\t\t\tOptimering av f\u00f6rpackningar\t\t\t\t\t\t<\/span>\n\t\t\t\t\t<\/h3>\n\t\t\t\t\n\t\t\t\t\t\t\t\t\t<p class=\"elementor-icon-box-description\">\n\t\t\t\t\t\tVi str\u00e4var efter milj\u00f6v\u00e4nliga f\u00f6rpackningsl\u00f6sningar genom att anv\u00e4nda \u00e5tervinningsbara material och mindre f\u00f6rpackningsstorlekar f\u00f6r att minska avfallet. V\u00e5ra leverant\u00f6rer uppmuntras ocks\u00e5 att anv\u00e4nda h\u00e5llbara f\u00f6rpackningsalternativ.\t\t\t\t\t<\/p>\n\t\t\t\t\n\t\t\t<\/div>\n\t\t\t\n\t\t<\/div>\n\t\t\t\t\t\t<\/div>\n\t\t\t\t<\/div>\n\t\t\t\t<div class=\"elementor-element elementor-element-1f3365e elementor-widget elementor-widget-icon-box\" data-id=\"1f3365e\" data-element_type=\"widget\" data-e-type=\"widget\" data-widget_type=\"icon-box.default\">\n\t\t\t\t<div class=\"elementor-widget-container\">\n\t\t\t\t\t\t\t<div class=\"elementor-icon-box-wrapper\">\n\n\t\t\t\n\t\t\t\t\t\t<div class=\"elementor-icon-box-content\">\n\n\t\t\t\t\t\t\t\t\t<h3 class=\"elementor-icon-box-title\">\n\t\t\t\t\t\t<span  >\n\t\t\t\t\t\t\tTransparent kommunikation\t\t\t\t\t\t<\/span>\n\t\t\t\t\t<\/h3>\n\t\t\t\t\n\t\t\t\t\t\t\t\t\t<p class=\"elementor-icon-box-description\">\n\t\t\t\t\t\tVi tror p\u00e5 transparens i kommunikationen av v\u00e5ra h\u00e5llbarhetsinitiativ. Vi har d\u00e4rf\u00f6r ett n\u00e4ra samarbete med v\u00e5ra partners f\u00f6r att s\u00e4kerst\u00e4lla att alla v\u00e5ra \u00e5tg\u00e4rder dokumenteras tydligt och g\u00f6rs tillg\u00e4ngliga f\u00f6r kunderna.\t\t\t\t\t<\/p>\n\t\t\t\t\n\t\t\t<\/div>\n\t\t\t\n\t\t<\/div>\n\t\t\t\t\t\t<\/div>\n\t\t\t\t<\/div>\n\t\t\t\t<div class=\"elementor-element elementor-element-40b99e1 elementor-widget elementor-widget-icon-box\" data-id=\"40b99e1\" data-element_type=\"widget\" data-e-type=\"widget\" data-widget_type=\"icon-box.default\">\n\t\t\t\t<div class=\"elementor-widget-container\">\n\t\t\t\t\t\t\t<div class=\"elementor-icon-box-wrapper\">\n\n\t\t\t\n\t\t\t\t\t\t<div class=\"elementor-icon-box-content\">\n\n\t\t\t\t\t\t\t\t\t<h3 class=\"elementor-icon-box-title\">\n\t\t\t\t\t\t<span  >\n\t\t\t\t\t\t\t\u00d6verensst\u00e4mmelse med internationella standarder\t\t\t\t\t\t<\/span>\n\t\t\t\t\t<\/h3>\n\t\t\t\t\n\t\t\t\t\t\t\t\t\t<p class=\"elementor-icon-box-description\">\n\t\t\t\t\t\tAlla v\u00e5ra produkter och processer \u00e4r utformade f\u00f6r att uppfylla de h\u00f6gsta internationella milj\u00f6standarderna. Vi har redan uppn\u00e5tt olika certifieringar som visar v\u00e5rt engagemang f\u00f6r en h\u00e5llbar framtid. Vi ser till att v\u00e5ra h\u00e5llbarhetsm\u00e5l efterstr\u00e4vas genom hela leveranskedjan. Det inneb\u00e4r att v\u00e5ra produkter inte bara \u00e4r effektiva, utan ocks\u00e5 milj\u00f6v\u00e4nliga.\t\t\t\t\t<\/p>\n\t\t\t\t\n\t\t\t<\/div>\n\t\t\t\n\t\t<\/div>\n\t\t\t\t\t\t<\/div>\n\t\t\t\t<\/div>\n\t\t\t\t\t<\/div>\n\t\t<\/div>\n\t\t\t\t\t<\/div>\n\t\t<\/section>\n\t\t\t\t<\/div>","protected":false},"excerpt":{"rendered":"<p>SCIBO \u2013 Nachhaltigkeit Unser Engagement f\u00fcr Nachhaltigkeit SCIBO legt gro\u00dfen Wert auf Nachhaltigkeit, um die Umwelt zu schonen und gleichzeitig [&hellip;]<\/p>\n","protected":false},"author":1,"featured_media":0,"parent":0,"menu_order":0,"comment_status":"closed","ping_status":"closed","template":"","meta":{"site-sidebar-layout":"no-sidebar","site-content-layout":"","ast-site-content-layout":"full-width-container","site-content-style":"default","site-sidebar-style":"default","ast-global-header-display":"","ast-banner-title-visibility":"","ast-main-header-display":"","ast-hfb-above-header-display":"","ast-hfb-below-header-display":"","ast-hfb-mobile-header-display":"","site-post-title":"disabled","ast-breadcrumbs-content":"","ast-featured-img":"disabled","footer-sml-layout":"","ast-disable-related-posts":"","theme-transparent-header-meta":"","adv-header-id-meta":"","stick-header-meta":"","header-above-stick-meta":"","header-main-stick-meta":"","header-below-stick-meta":"","astra-migrate-meta-layouts":"default","ast-page-background-enabled":"default","ast-page-background-meta":{"desktop":{"background-color":"var(--ast-global-color-4)","background-image":"","background-repeat":"repeat","background-position":"center center","background-size":"auto","background-attachment":"scroll","background-type":"","background-media":"","overlay-type":"","overlay-color":"","overlay-opacity":"","overlay-gradient":""},"tablet":{"background-color":"","background-image":"","background-repeat":"repeat","background-position":"center center","background-size":"auto","background-attachment":"scroll","background-type":"","background-media":"","overlay-type":"","overlay-color":"","overlay-opacity":"","overlay-gradient":""},"mobile":{"background-color":"","background-image":"","background-repeat":"repeat","background-position":"center center","background-size":"auto","background-attachment":"scroll","background-type":"","background-media":"","overlay-type":"","overlay-color":"","overlay-opacity":"","overlay-gradient":""}},"ast-content-background-meta":{"desktop":{"background-color":"var(--ast-global-color-5)","background-image":"","background-repeat":"repeat","background-position":"center center","background-size":"auto","background-attachment":"scroll","background-type":"","background-media":"","overlay-type":"","overlay-color":"","overlay-opacity":"","overlay-gradient":""},"tablet":{"background-color":"var(--ast-global-color-5)","background-image":"","background-repeat":"repeat","background-position":"center center","background-size":"auto","background-attachment":"scroll","background-type":"","background-media":"","overlay-type":"","overlay-color":"","overlay-opacity":"","overlay-gradient":""},"mobile":{"background-color":"var(--ast-global-color-5)","background-image":"","background-repeat":"repeat","background-position":"center center","background-size":"auto","background-attachment":"scroll","background-type":"","background-media":"","overlay-type":"","overlay-color":"","overlay-opacity":"","overlay-gradient":""}},"footnotes":""},"class_list":["post-402","page","type-page","status-publish","hentry"],"_links":{"self":[{"href":"https:\/\/scibo-chemie.com\/sv\/wp-json\/wp\/v2\/pages\/402","targetHints":{"allow":["GET"]}}],"collection":[{"href":"https:\/\/scibo-chemie.com\/sv\/wp-json\/wp\/v2\/pages"}],"about":[{"href":"https:\/\/scibo-chemie.com\/sv\/wp-json\/wp\/v2\/types\/page"}],"author":[{"embeddable":true,"href":"https:\/\/scibo-chemie.com\/sv\/wp-json\/wp\/v2\/users\/1"}],"replies":[{"embeddable":true,"href":"https:\/\/scibo-chemie.com\/sv\/wp-json\/wp\/v2\/comments?post=402"}],"version-history":[{"count":4,"href":"https:\/\/scibo-chemie.com\/sv\/wp-json\/wp\/v2\/pages\/402\/revisions"}],"predecessor-version":[{"id":408,"href":"https:\/\/scibo-chemie.com\/sv\/wp-json\/wp\/v2\/pages\/402\/revisions\/408"}],"wp:attachment":[{"href":"https:\/\/scibo-chemie.com\/sv\/wp-json\/wp\/v2\/media?parent=402"}],"curies":[{"name":"wp","href":"https:\/\/api.w.org\/{rel}","templated":true}]}}