{"id":1272,"date":"2025-01-12T21:53:11","date_gmt":"2025-01-12T20:53:11","guid":{"rendered":"https:\/\/scibo-chemie.com\/?page_id=1272"},"modified":"2025-01-12T22:05:25","modified_gmt":"2025-01-12T21:05:25","slug":"partner-distributoren","status":"publish","type":"page","link":"https:\/\/scibo-chemie.com\/tr\/partner-distributoren\/","title":{"rendered":"Ortaklar - Distrib\u00fct\u00f6rler\u00a0"},"content":{"rendered":"<div data-elementor-type=\"wp-page\" data-elementor-id=\"1272\" class=\"elementor elementor-1272\">\n\t\t\t\t<div class=\"elementor-element elementor-element-5006b137 e-flex e-con-boxed e-con e-parent\" data-id=\"5006b137\" data-element_type=\"container\" data-e-type=\"container\" data-settings=\"{&quot;background_background&quot;:&quot;classic&quot;}\">\n\t\t\t\t\t<div class=\"e-con-inner\">\n\t\t<div class=\"elementor-element elementor-element-4b47aa9b e-con-full e-flex e-con e-child\" data-id=\"4b47aa9b\" data-element_type=\"container\" data-e-type=\"container\">\n\t\t\t\t<div class=\"elementor-element elementor-element-267cfc81 elementor-widget elementor-widget-heading\" data-id=\"267cfc81\" data-element_type=\"widget\" data-e-type=\"widget\" data-widget_type=\"heading.default\">\n\t\t\t\t<div class=\"elementor-widget-container\">\n\t\t\t\t\t<h1 class=\"elementor-heading-title elementor-size-default\">Bizim bir par\u00e7am\u0131z olun <br>uluslararas\u0131 a\u011f <\/h1>\t\t\t\t<\/div>\n\t\t\t\t<\/div>\n\t\t\t\t<\/div>\n\t\t\t\t\t<\/div>\n\t\t\t\t<\/div>\n\t\t<div class=\"elementor-element elementor-element-f158a77 e-flex e-con-boxed e-con e-parent\" data-id=\"f158a77\" data-element_type=\"container\" data-e-type=\"container\" data-settings=\"{&quot;background_background&quot;:&quot;classic&quot;}\">\n\t\t\t\t\t<div class=\"e-con-inner\">\n\t\t<div class=\"elementor-element elementor-element-4b45f656 e-con-full e-flex e-con e-child\" data-id=\"4b45f656\" data-element_type=\"container\" data-e-type=\"container\">\n\t\t<div class=\"elementor-element elementor-element-1c4d00d0 e-con-full e-flex e-con e-child\" data-id=\"1c4d00d0\" data-element_type=\"container\" data-e-type=\"container\">\n\t\t<div class=\"elementor-element elementor-element-11698d01 e-con-full e-flex e-con e-child\" data-id=\"11698d01\" data-element_type=\"container\" data-e-type=\"container\">\n\t\t\t\t<div class=\"elementor-element elementor-element-3c80b451 elementor-widget elementor-widget-heading\" data-id=\"3c80b451\" data-element_type=\"widget\" data-e-type=\"widget\" data-widget_type=\"heading.default\">\n\t\t\t\t<div class=\"elementor-widget-container\">\n\t\t\t\t\t<h2 class=\"elementor-heading-title elementor-size-default\">SCIBO d\u00fcnya \u00e7ap\u0131nda ortaklar, distrib\u00fct\u00f6rler ve sat\u0131\u015f temsilcileri ar\u0131yor<\/h2>\t\t\t\t<\/div>\n\t\t\t\t<\/div>\n\t\t\t\t<\/div>\n\t\t<div class=\"elementor-element elementor-element-7070c90b e-con-full e-flex e-con e-child\" data-id=\"7070c90b\" data-element_type=\"container\" data-e-type=\"container\">\n\t\t\t\t<div class=\"elementor-element elementor-element-2cb8be9e elementor-widget elementor-widget-text-editor\" data-id=\"2cb8be9e\" data-element_type=\"widget\" data-e-type=\"widget\" data-widget_type=\"text-editor.default\">\n\t\t\t\t<div class=\"elementor-widget-container\">\n\t\t\t\t\t\t\t\t\t<div><p class=\"p1\"><span class=\"s2\">SCIBO, yap\u0131\u015ft\u0131r\u0131c\u0131lar, s\u0131zd\u0131rmazl\u0131k malzemeleri, k\u00f6p\u00fckler ve kaplamalar alan\u0131nda yenilik, kalite ve verimlilik anlam\u0131na gelir. Kapsaml\u0131 \u00fcr\u00fcn yelpazemiz ve \u00f6zelle\u015ftirilmi\u015f \u00e7\u00f6z\u00fcmlere net bir \u015fekilde odaklanarak, in\u015faat ve end\u00fcstrideki zorlu uygulamalar i\u00e7in standartlar\u0131 belirliyoruz.<\/span><\/p><div><p class=\"p1\"><span class=\"s2\">K\u00fcresel b\u00fcy\u00fcmemizi desteklemek i\u00e7in, kendini i\u015fine adam\u0131\u015f ve deneyimli <\/span><span class=\"s1\">Uluslararas\u0131 ortaklar, distrib\u00fct\u00f6rler ve sat\u0131\u015f temsilcileri<\/span><span class=\"s2\">Bizimle birlikte yeni pazarlara a\u00e7\u0131lmak ve b\u00f6lgelerinde en kaliteli \u00fcr\u00fcn vizyonumuzu temsil etmek isteyenler.<\/span><\/p><\/div><\/div>\t\t\t\t\t\t\t\t<\/div>\n\t\t\t\t<\/div>\n\t\t\t\t<\/div>\n\t\t\t\t<\/div>\n\t\t\t\t<\/div>\n\t\t\t\t\t<\/div>\n\t\t\t\t<\/div>\n\t\t\t\t<section class=\"elementor-section elementor-top-section elementor-element elementor-element-62e70cff elementor-section-content-middle elementor-section-boxed elementor-section-height-default elementor-section-height-default\" data-id=\"62e70cff\" data-element_type=\"section\" data-e-type=\"section\" data-settings=\"{&quot;background_background&quot;:&quot;classic&quot;}\">\n\t\t\t\t\t\t<div class=\"elementor-container elementor-column-gap-no\">\n\t\t\t\t\t<div class=\"elementor-column elementor-col-100 elementor-top-column elementor-element elementor-element-46ff33f5\" data-id=\"46ff33f5\" data-element_type=\"column\" data-e-type=\"column\" data-settings=\"{&quot;background_background&quot;:&quot;classic&quot;}\">\n\t\t\t<div class=\"elementor-widget-wrap elementor-element-populated\">\n\t\t\t\t\t\t<div class=\"elementor-element elementor-element-78cc7db7 elementor-widget elementor-widget-heading\" data-id=\"78cc7db7\" data-element_type=\"widget\" data-e-type=\"widget\" data-widget_type=\"heading.default\">\n\t\t\t\t<div class=\"elementor-widget-container\">\n\t\t\t\t\t<h3 class=\"elementor-heading-title elementor-size-default\">Ne sunuyoruz?<\/h3>\t\t\t\t<\/div>\n\t\t\t\t<\/div>\n\t\t\t\t<div class=\"elementor-element elementor-element-65eebffb elementor-widget elementor-widget-text-editor\" data-id=\"65eebffb\" data-element_type=\"widget\" data-e-type=\"widget\" data-widget_type=\"text-editor.default\">\n\t\t\t\t<div class=\"elementor-widget-container\">\n\t\t\t\t\t\t\t\t\t<div><ul><li class=\"p4\"><strong><span class=\"s1\">SCIBO markas\u0131 alt\u0131nda birinci s\u0131n\u0131f \u00fcr\u00fcnler:<\/span><\/strong><span class=\"s2\"> Yap\u0131\u015ft\u0131r\u0131c\u0131lar\u0131m\u0131z, dolgu macunlar\u0131m\u0131z, k\u00f6p\u00fcklerimiz ve kaplamalar\u0131m\u0131z kalite, performans ve \u00e7ok y\u00f6nl\u00fcl\u00fck a\u00e7\u0131s\u0131ndan en y\u00fcksek standartlar\u0131 kar\u015f\u0131lamaktad\u0131r.<\/span><span class=\"s1\" style=\"font-size: 16px;\">\u00d6zel ortakl\u0131klar:<\/span><span class=\"s2\" style=\"font-size: 16px;\"> \u0130mkanlar\u0131n\u0131za g\u00f6re hedef kitlenize, b\u00f6lgenize veya \u00fclkenize g\u00f6re uyarlanm\u0131\u015f cazip ko\u015fullardan ve \u00f6zel da\u011f\u0131t\u0131m haklar\u0131ndan yararlan\u0131n.<\/span><\/li><li class=\"p4\"><strong><span class=\"s1\" style=\"font-size: 16px;\">\u00d6zel etiket se\u00e7enekleri:<\/span><\/strong><span class=\"s2\" style=\"font-size: 16px;\"> Dilerseniz y\u00fcksek kaliteli \u00fcr\u00fcnlerimizi kendi markan\u0131z alt\u0131nda pazarlayabilirsiniz.<\/span><\/li><li class=\"p4\"><strong><span class=\"s1\" style=\"font-size: 16px;\">Ortak \u00fcr\u00fcn geli\u015ftirme:<\/span><\/strong><span class=\"s2\" style=\"font-size: 16px;\"> M\u00fc\u015fterilerinizin gereksinimlerine tam olarak uyarlanm\u0131\u015f yenilik\u00e7i \u00e7\u00f6z\u00fcmler geli\u015ftirmek i\u00e7in bizimle \u00e7al\u0131\u015f\u0131n.<\/span><\/li><li class=\"p4\"><strong><span class=\"s1\" style=\"font-size: 16px;\">Kapsaml\u0131 destek:<\/span><\/strong><span class=\"s2\" style=\"font-size: 16px;\"> M\u00fc\u015fterilerinize m\u00fcmk\u00fcn olan en iyi hizmeti sunabilmeniz i\u00e7in size yo\u011fun \u00fcr\u00fcn e\u011fitimi, pazarlama materyalleri ve teknik destek sunuyoruz.<\/span><\/li><li class=\"p4\"><strong><span class=\"s1\" style=\"font-size: 16px;\">Yenilik\u00e7i \u00fcr\u00fcn isimlendirmesi:<\/span><\/strong><span class=\"s2\" style=\"font-size: 16px;\"> SCIBO SEAL, SCIBO BOND, SCIBO FOAM ve SCIBO COAT gibi a\u00e7\u0131k ve ak\u0131lda kal\u0131c\u0131 isimler, \u00fcr\u00fcnlerimizin kategorizasyonunu basit ve net hale getirir.<\/span><\/li><li class=\"p4\"><strong><span class=\"s1\" style=\"font-size: 16px;\">Dijital organizasyon:<\/span><\/strong><span class=\"s2\" style=\"font-size: 16px;\"> Modern ve verimli s\u00fcre\u00e7lerimiz size optimum destek sa\u011flar ve idari i\u015f y\u00fck\u00fcn\u00fc en aza indirir.<\/span><\/li><\/ul><\/div>\t\t\t\t\t\t\t\t<\/div>\n\t\t\t\t<\/div>\n\t\t\t\t\t<\/div>\n\t\t<\/div>\n\t\t\t\t\t<\/div>\n\t\t<\/section>\n\t\t\t\t<section class=\"elementor-section elementor-top-section elementor-element elementor-element-542335a8 elementor-section-content-middle elementor-section-boxed elementor-section-height-default elementor-section-height-default\" data-id=\"542335a8\" data-element_type=\"section\" data-e-type=\"section\" data-settings=\"{&quot;background_background&quot;:&quot;classic&quot;}\">\n\t\t\t\t\t\t<div class=\"elementor-container elementor-column-gap-no\">\n\t\t\t\t\t<div class=\"elementor-column elementor-col-100 elementor-top-column elementor-element elementor-element-447ef7ee\" data-id=\"447ef7ee\" data-element_type=\"column\" data-e-type=\"column\" data-settings=\"{&quot;background_background&quot;:&quot;classic&quot;}\">\n\t\t\t<div class=\"elementor-widget-wrap elementor-element-populated\">\n\t\t\t\t\t\t<div class=\"elementor-element elementor-element-1e87096d elementor-widget elementor-widget-heading\" data-id=\"1e87096d\" data-element_type=\"widget\" data-e-type=\"widget\" data-widget_type=\"heading.default\">\n\t\t\t\t<div class=\"elementor-widget-container\">\n\t\t\t\t\t<h3 class=\"elementor-heading-title elementor-size-default\">Ne ar\u0131yoruz?<\/h3>\t\t\t\t<\/div>\n\t\t\t\t<\/div>\n\t\t\t\t<div class=\"elementor-element elementor-element-35766b82 elementor-widget elementor-widget-text-editor\" data-id=\"35766b82\" data-element_type=\"widget\" data-e-type=\"widget\" data-widget_type=\"text-editor.default\">\n\t\t\t\t<div class=\"elementor-widget-container\">\n\t\t\t\t\t\t\t\t\t<div><ul><li class=\"p4\"><span class=\"s2\">\u0130n\u015faat, end\u00fcstri ve perakende sekt\u00f6rlerinde derinlemesine pazar bilgisine sahip sat\u0131\u015f orta\u011f\u0131.<\/span><\/li><li class=\"p4\"><span style=\"font-size: 16px;\">Uzun vadeli bir ortakl\u0131k i\u00e7inde b\u00fcy\u00fcmek ve ba\u015far\u0131y\u0131 bizimle birlikte kutlamak isteyen \u015firketler.<\/span><\/li><li class=\"p4\"><span style=\"font-size: 16px;\">SCIBO \u00fcr\u00fcnlerini kendi pazarlar\u0131nda aktif olarak kurmak isteyen sat\u0131\u015f temsilcileri.<\/span><\/li><li class=\"p4\"><span style=\"font-size: 16px;\">Ger\u00e7ek katma de\u011fer yaratan yenilik\u00e7i \u00fcr\u00fcnler ve \u00e7\u00f6z\u00fcmler i\u00e7in tutku.<\/span><\/li><\/ul><\/div>\t\t\t\t\t\t\t\t<\/div>\n\t\t\t\t<\/div>\n\t\t\t\t\t<\/div>\n\t\t<\/div>\n\t\t\t\t\t<\/div>\n\t\t<\/section>\n\t\t<div class=\"elementor-element elementor-element-50ffacbc e-flex e-con-boxed e-con e-parent\" data-id=\"50ffacbc\" data-element_type=\"container\" data-e-type=\"container\" data-settings=\"{&quot;background_background&quot;:&quot;gradient&quot;}\">\n\t\t\t\t\t<div class=\"e-con-inner\">\n\t\t<div class=\"elementor-element elementor-element-65baff92 e-con-full e-flex e-con e-child\" data-id=\"65baff92\" data-element_type=\"container\" data-e-type=\"container\">\n\t\t\t\t<div class=\"elementor-element elementor-element-76d06657 elementor-widget elementor-widget-heading\" data-id=\"76d06657\" data-element_type=\"widget\" data-e-type=\"widget\" data-widget_type=\"heading.default\">\n\t\t\t\t<div class=\"elementor-widget-container\">\n\t\t\t\t\t<h3 class=\"elementor-heading-title elementor-size-default\">Bize ula\u015f\u0131n - sorunuzu d\u00f6rt g\u00f6zle bekliyoruz!<\/h3>\t\t\t\t<\/div>\n\t\t\t\t<\/div>\n\t\t\t\t<div class=\"elementor-element elementor-element-49d4b81 elementor-widget elementor-widget-text-editor\" data-id=\"49d4b81\" data-element_type=\"widget\" data-e-type=\"widget\" data-widget_type=\"text-editor.default\">\n\t\t\t\t<div class=\"elementor-widget-container\">\n\t\t\t\t\t\t\t\t\t<div><p class=\"p1\"><span class=\"s2\" style=\"color: #ffffff;\">Talebinizi m\u00fcmk\u00fcn olan en iyi \u015fekilde i\u015fleme koyabilmemiz i\u00e7in l\u00fctfen mesaj\u0131n\u0131zda bize a\u015fa\u011f\u0131daki bilgileri sa\u011flay\u0131n:<\/span><\/p><\/div><div><ul><li class=\"p4\"><strong><span style=\"color: #ffffff;\"><span class=\"apple-tab-span\">\u00a0<\/span><span class=\"s2\">\u015eirketinizin k\u0131sa tan\u0131t\u0131m\u0131<\/span><\/span><\/strong><\/li><li class=\"p4\"><strong><span style=\"color: #ffffff;\"><span class=\"apple-tab-span\" style=\"font-size: 16px;\">\u00a0<\/span><span class=\"s2\" style=\"font-size: 16px;\">Sekt\u00f6r\u00fcn\u00fcz ve hedef pazarlar\u0131n\u0131z<\/span><\/span><\/strong><\/li><li class=\"p4\"><strong><span style=\"font-size: 16px; color: #ffffff;\">SCIBO ile i\u015fbirli\u011fi i\u00e7in dilek ve fikirleriniz<\/span><\/strong><\/li><\/ul><\/div><div><p class=\"p1\"><span class=\"s2\" style=\"color: #ffffff;\">\u0130ster sahada y\u00fcz y\u00fcze, ister sanal ortamda veya bir\u00e7ok ticaret fuar\u0131ndan birinde olsun - SCIBO'da do\u011frudan diyalo\u011fa ve bireysel koordinasyona de\u011fer veriyoruz.<\/span><\/p><\/div><div><p class=\"p1\"><span class=\"s2\" style=\"color: #ffffff;\">Kalite standartlar\u0131m\u0131z\u0131 ilk elden deneyimlemek i\u00e7in bizi \u00fcretim tesislerimizde ziyaret edin veya hedeflerinizi ve i\u015fbirli\u011fi f\u0131rsatlar\u0131n\u0131 g\u00f6r\u00fc\u015fmek \u00fczere ki\u015fisel bir toplant\u0131 d\u00fczenleyin.<\/span><\/p><\/div><div><p class=\"p1\"><span class=\"s2\" style=\"color: #ffffff;\">Sorular\u0131n\u0131z\u0131 yan\u0131tlamaktan mutluluk duyuyor ve gelece\u011fi sizinle birlikte \u015fekillendirmek i\u00e7in sab\u0131rs\u0131zlan\u0131yoruz.<\/span><\/p><\/div>\t\t\t\t\t\t\t\t<\/div>\n\t\t\t\t<\/div>\n\t\t\t\t<div class=\"elementor-element elementor-element-423be1b9 elementor-align-right elementor-mobile-align-left elementor-tablet-align-center elementor-widget elementor-widget-button\" data-id=\"423be1b9\" data-element_type=\"widget\" data-e-type=\"widget\" data-widget_type=\"button.default\">\n\t\t\t\t<div class=\"elementor-widget-container\">\n\t\t\t\t\t\t\t\t\t<div class=\"elementor-button-wrapper\">\n\t\t\t\t\t<a class=\"elementor-button elementor-button-link elementor-size-md\" href=\"https:\/\/scibo-chemie.com\/tr\/kontakt\/\">\n\t\t\t\t\t\t<span class=\"elementor-button-content-wrapper\">\n\t\t\t\t\t\t<span class=\"elementor-button-icon\">\n\t\t\t\t<i aria-hidden=\"true\" class=\"icon icon-users\"><\/i>\t\t\t<\/span>\n\t\t\t\t\t\t\t\t\t<span class=\"elementor-button-text\">\u015eimdi ortak olun<\/span>\n\t\t\t\t\t<\/span>\n\t\t\t\t\t<\/a>\n\t\t\t\t<\/div>\n\t\t\t\t\t\t\t\t<\/div>\n\t\t\t\t<\/div>\n\t\t\t\t<\/div>\n\t\t<div class=\"elementor-element elementor-element-35f50541 e-con-full e-flex e-con e-child\" data-id=\"35f50541\" data-element_type=\"container\" data-e-type=\"container\">\n\t\t\t\t<div class=\"elementor-element elementor-element-1b41268 elementor-widget elementor-widget-image\" data-id=\"1b41268\" data-element_type=\"widget\" data-e-type=\"widget\" data-widget_type=\"image.default\">\n\t\t\t\t<div class=\"elementor-widget-container\">\n\t\t\t\t\t\t\t\t\t\t\t\t\t\t\t<img fetchpriority=\"high\" decoding=\"async\" width=\"731\" height=\"1000\" src=\"https:\/\/scibo-chemie.com\/wp-content\/uploads\/2025\/01\/40725.jpg\" class=\"attachment-large size-large wp-image-1278\" alt=\"\" srcset=\"https:\/\/scibo-chemie.com\/wp-content\/uploads\/2025\/01\/40725.jpg 731w, https:\/\/scibo-chemie.com\/wp-content\/uploads\/2025\/01\/40725-219x300.jpg 219w, https:\/\/scibo-chemie.com\/wp-content\/uploads\/2025\/01\/40725-9x12.jpg 9w\" sizes=\"(max-width: 731px) 100vw, 731px\" \/>\t\t\t\t\t\t\t\t\t\t\t\t\t\t\t<\/div>\n\t\t\t\t<\/div>\n\t\t\t\t<\/div>\n\t\t\t\t\t<\/div>\n\t\t\t\t<\/div>\n\t\t\t\t<\/div>","protected":false},"excerpt":{"rendered":"<p>Werden Sie Teil unseres internationalen Netzwerks SCIBO sucht Partner, Distributoren und Handelsvertreter weltweit SCIBO steht f\u00fcr Innovation, Qualit\u00e4t und Effizienz [&hellip;]<\/p>\n","protected":false},"author":1,"featured_media":0,"parent":0,"menu_order":0,"comment_status":"closed","ping_status":"closed","template":"","meta":{"site-sidebar-layout":"no-sidebar","site-content-layout":"","ast-site-content-layout":"full-width-container","site-content-style":"default","site-sidebar-style":"default","ast-global-header-display":"","ast-banner-title-visibility":"","ast-main-header-display":"","ast-hfb-above-header-display":"","ast-hfb-below-header-display":"","ast-hfb-mobile-header-display":"","site-post-title":"disabled","ast-breadcrumbs-content":"","ast-featured-img":"disabled","footer-sml-layout":"","ast-disable-related-posts":"","theme-transparent-header-meta":"","adv-header-id-meta":"","stick-header-meta":"","header-above-stick-meta":"","header-main-stick-meta":"","header-below-stick-meta":"","astra-migrate-meta-layouts":"default","ast-page-background-enabled":"default","ast-page-background-meta":{"desktop":{"background-color":"var(--ast-global-color-4)","background-image":"","background-repeat":"repeat","background-position":"center center","background-size":"auto","background-attachment":"scroll","background-type":"","background-media":"","overlay-type":"","overlay-color":"","overlay-opacity":"","overlay-gradient":""},"tablet":{"background-color":"","background-image":"","background-repeat":"repeat","background-position":"center center","background-size":"auto","background-attachment":"scroll","background-type":"","background-media":"","overlay-type":"","overlay-color":"","overlay-opacity":"","overlay-gradient":""},"mobile":{"background-color":"","background-image":"","background-repeat":"repeat","background-position":"center center","background-size":"auto","background-attachment":"scroll","background-type":"","background-media":"","overlay-type":"","overlay-color":"","overlay-opacity":"","overlay-gradient":""}},"ast-content-background-meta":{"desktop":{"background-color":"var(--ast-global-color-5)","background-image":"","background-repeat":"repeat","background-position":"center center","background-size":"auto","background-attachment":"scroll","background-type":"","background-media":"","overlay-type":"","overlay-color":"","overlay-opacity":"","overlay-gradient":""},"tablet":{"background-color":"var(--ast-global-color-5)","background-image":"","background-repeat":"repeat","background-position":"center center","background-size":"auto","background-attachment":"scroll","background-type":"","background-media":"","overlay-type":"","overlay-color":"","overlay-opacity":"","overlay-gradient":""},"mobile":{"background-color":"var(--ast-global-color-5)","background-image":"","background-repeat":"repeat","background-position":"center center","background-size":"auto","background-attachment":"scroll","background-type":"","background-media":"","overlay-type":"","overlay-color":"","overlay-opacity":"","overlay-gradient":""}},"footnotes":""},"class_list":["post-1272","page","type-page","status-publish","hentry"],"_links":{"self":[{"href":"https:\/\/scibo-chemie.com\/tr\/wp-json\/wp\/v2\/pages\/1272","targetHints":{"allow":["GET"]}}],"collection":[{"href":"https:\/\/scibo-chemie.com\/tr\/wp-json\/wp\/v2\/pages"}],"about":[{"href":"https:\/\/scibo-chemie.com\/tr\/wp-json\/wp\/v2\/types\/page"}],"author":[{"embeddable":true,"href":"https:\/\/scibo-chemie.com\/tr\/wp-json\/wp\/v2\/users\/1"}],"replies":[{"embeddable":true,"href":"https:\/\/scibo-chemie.com\/tr\/wp-json\/wp\/v2\/comments?post=1272"}],"version-history":[{"count":4,"href":"https:\/\/scibo-chemie.com\/tr\/wp-json\/wp\/v2\/pages\/1272\/revisions"}],"predecessor-version":[{"id":1281,"href":"https:\/\/scibo-chemie.com\/tr\/wp-json\/wp\/v2\/pages\/1272\/revisions\/1281"}],"wp:attachment":[{"href":"https:\/\/scibo-chemie.com\/tr\/wp-json\/wp\/v2\/media?parent=1272"}],"curies":[{"name":"wp","href":"https:\/\/api.w.org\/{rel}","templated":true}]}}