{"id":517,"date":"2024-12-10T10:47:20","date_gmt":"2024-12-10T09:47:20","guid":{"rendered":"http:\/\/scibo-chemie.com\/?page_id=517"},"modified":"2025-01-05T14:14:14","modified_gmt":"2025-01-05T13:14:14","slug":"geschaeftlicher-verhaltenskodex","status":"publish","type":"page","link":"https:\/\/scibo-chemie.com\/tr\/geschaeftlicher-verhaltenskodex\/","title":{"rendered":"\u0130\u015f Davran\u0131\u015f Kurallar\u0131"},"content":{"rendered":"<div data-elementor-type=\"wp-page\" data-elementor-id=\"517\" class=\"elementor elementor-517\">\n\t\t\t\t<div class=\"elementor-element elementor-element-1eb4c4f e-flex e-con-boxed e-con e-parent\" data-id=\"1eb4c4f\" data-element_type=\"container\" data-e-type=\"container\" data-settings=\"{&quot;background_background&quot;:&quot;classic&quot;}\">\n\t\t\t\t\t<div class=\"e-con-inner\">\n\t\t<div class=\"elementor-element elementor-element-677a89df e-con-full e-flex e-con e-child\" data-id=\"677a89df\" data-element_type=\"container\" data-e-type=\"container\">\n\t\t\t\t<div class=\"elementor-element elementor-element-7e131f7 elementor-widget elementor-widget-heading\" data-id=\"7e131f7\" data-element_type=\"widget\" data-e-type=\"widget\" data-widget_type=\"heading.default\">\n\t\t\t\t<div class=\"elementor-widget-container\">\n\t\t\t\t\t<h1 class=\"elementor-heading-title elementor-size-default\">SCIBO - <\/h1>\t\t\t\t<\/div>\n\t\t\t\t<\/div>\n\t\t\t\t<div class=\"elementor-element elementor-element-5cc9b043 elementor-widget elementor-widget-heading\" data-id=\"5cc9b043\" data-element_type=\"widget\" data-e-type=\"widget\" data-widget_type=\"heading.default\">\n\t\t\t\t<div class=\"elementor-widget-container\">\n\t\t\t\t\t<h1 class=\"elementor-heading-title elementor-size-default\">\u0130\u015f Davran\u0131\u015f Kurallar\u0131 <br>(\u0130\u015f Davran\u0131\u015f Kurallar\u0131)<\/h1>\t\t\t\t<\/div>\n\t\t\t\t<\/div>\n\t\t\t\t<\/div>\n\t\t\t\t\t<\/div>\n\t\t\t\t<\/div>\n\t\t<div class=\"elementor-element elementor-element-312dbd41 e-flex e-con-boxed e-con e-parent\" data-id=\"312dbd41\" data-element_type=\"container\" data-e-type=\"container\" data-settings=\"{&quot;background_background&quot;:&quot;classic&quot;}\">\n\t\t\t\t\t<div class=\"e-con-inner\">\n\t\t<div class=\"elementor-element elementor-element-70ce7349 e-con-full e-flex e-con e-child\" data-id=\"70ce7349\" data-element_type=\"container\" data-e-type=\"container\">\n\t\t<div class=\"elementor-element elementor-element-5ab9e09d e-con-full e-flex e-con e-child\" data-id=\"5ab9e09d\" data-element_type=\"container\" data-e-type=\"container\">\n\t\t<div class=\"elementor-element elementor-element-78573e8c e-con-full e-flex e-con e-child\" data-id=\"78573e8c\" data-element_type=\"container\" data-e-type=\"container\">\n\t\t\t\t<div class=\"elementor-element elementor-element-54ddd271 elementor-widget elementor-widget-heading\" data-id=\"54ddd271\" data-element_type=\"widget\" data-e-type=\"widget\" data-widget_type=\"heading.default\">\n\t\t\t\t<div class=\"elementor-widget-container\">\n\t\t\t\t\t<h2 class=\"elementor-heading-title elementor-size-default\">Bizim i\u00e7in \u00f6nemli olan nedir?<\/h2>\t\t\t\t<\/div>\n\t\t\t\t<\/div>\n\t\t\t\t<\/div>\n\t\t<div class=\"elementor-element elementor-element-2b011496 e-con-full e-flex e-con e-child\" data-id=\"2b011496\" data-element_type=\"container\" data-e-type=\"container\">\n\t\t\t\t<div class=\"elementor-element elementor-element-2f90edfe elementor-widget elementor-widget-text-editor\" data-id=\"2f90edfe\" data-element_type=\"widget\" data-e-type=\"widget\" data-widget_type=\"text-editor.default\">\n\t\t\t\t<div class=\"elementor-widget-container\">\n\t\t\t\t\t\t\t\t\t<p style=\"font-weight: 400;\">SCIBO, en y\u00fcksek sosyal davran\u0131\u015f, \u00e7evre koruma, i\u015f g\u00fcvenli\u011fi ve t\u00fcm \u00e7al\u0131\u015fanlara sayg\u0131l\u0131 muamele standartlar\u0131n\u0131 s\u00fcrd\u00fcrmeyi taahh\u00fct eder. A\u015fa\u011f\u0131daki yasal davran\u0131\u015f ilkeleri k\u0131lavuz ilkelerimizdir ve t\u00fcm SCIBO \u00e7al\u0131\u015fanlar\u0131, ortaklar\u0131 ve tedarik\u00e7ileri i\u00e7in ge\u00e7erlidir.<\/p>\t\t\t\t\t\t\t\t<\/div>\n\t\t\t\t<\/div>\n\t\t\t\t<\/div>\n\t\t\t\t<\/div>\n\t\t\t\t<\/div>\n\t\t\t\t\t<\/div>\n\t\t\t\t<\/div>\n\t\t\t\t<section class=\"elementor-section elementor-top-section elementor-element elementor-element-2b5a6b37 elementor-section-content-middle elementor-section-boxed elementor-section-height-default elementor-section-height-default\" data-id=\"2b5a6b37\" data-element_type=\"section\" data-e-type=\"section\" data-settings=\"{&quot;background_background&quot;:&quot;classic&quot;}\">\n\t\t\t\t\t\t<div class=\"elementor-container elementor-column-gap-default\">\n\t\t\t\t\t<div class=\"elementor-column elementor-col-100 elementor-top-column elementor-element elementor-element-59c59633\" data-id=\"59c59633\" data-element_type=\"column\" data-e-type=\"column\">\n\t\t\t<div class=\"elementor-widget-wrap elementor-element-populated\">\n\t\t\t\t\t\t<div class=\"elementor-element elementor-element-5d1d003e elementor-widget elementor-widget-icon-box\" data-id=\"5d1d003e\" data-element_type=\"widget\" data-e-type=\"widget\" data-widget_type=\"icon-box.default\">\n\t\t\t\t<div class=\"elementor-widget-container\">\n\t\t\t\t\t\t\t<div class=\"elementor-icon-box-wrapper\">\n\n\t\t\t\n\t\t\t\t\t\t<div class=\"elementor-icon-box-content\">\n\n\t\t\t\t\t\t\t\t\t<h3 class=\"elementor-icon-box-title\">\n\t\t\t\t\t\t<span  >\n\t\t\t\t\t\t\tIrk\u00e7\u0131l\u0131\u011fa kar\u015f\u0131 SCIBO\t\t\t\t\t\t<\/span>\n\t\t\t\t\t<\/h3>\n\t\t\t\t\n\t\t\t\t\t\t\t\t\t<p class=\"elementor-icon-box-description\">\n\t\t\t\t\t\tSCIBO hi\u00e7bir \u015fekilde \u0131rk\u00e7\u0131l\u0131k veya ayr\u0131mc\u0131l\u0131\u011fa m\u00fcsamaha g\u00f6stermez. E\u015fitlik ve kar\u015f\u0131l\u0131kl\u0131 sayg\u0131 k\u00fclt\u00fcr\u00fcne ba\u011fl\u0131y\u0131z. T\u00fcm \u00e7al\u0131\u015fanlar, tedarik\u00e7iler ve i\u015f ortaklar\u0131, etnik k\u00f6kenleri, ten renkleri veya milliyetleri ne olursa olsun e\u015fit muamele g\u00f6r\u00fcr.\t\t\t\t\t<\/p>\n\t\t\t\t\n\t\t\t<\/div>\n\t\t\t\n\t\t<\/div>\n\t\t\t\t\t\t<\/div>\n\t\t\t\t<\/div>\n\t\t\t\t<div class=\"elementor-element elementor-element-1e87fcee elementor-widget elementor-widget-icon-box\" data-id=\"1e87fcee\" data-element_type=\"widget\" data-e-type=\"widget\" data-widget_type=\"icon-box.default\">\n\t\t\t\t<div class=\"elementor-widget-container\">\n\t\t\t\t\t\t\t<div class=\"elementor-icon-box-wrapper\">\n\n\t\t\t\n\t\t\t\t\t\t<div class=\"elementor-icon-box-content\">\n\n\t\t\t\t\t\t\t\t\t<h3 class=\"elementor-icon-box-title\">\n\t\t\t\t\t\t<span  >\n\t\t\t\t\t\t\tSayg\u0131 i\u00e7in SCIBO\t\t\t\t\t\t<\/span>\n\t\t\t\t\t<\/h3>\n\t\t\t\t\n\t\t\t\t\t\t\t\t\t<p class=\"elementor-icon-box-description\">\n\t\t\t\t\t\tSCIBO birbiriyle sayg\u0131l\u0131 etkile\u015fimi te\u015fvik eder ve her bireyin ki\u015fisel onurunu korur. Ayr\u0131mc\u0131l\u0131k, zorbal\u0131k ve tacizin kurum k\u00fclt\u00fcr\u00fcm\u00fczde yeri yoktur. Herkesin haysiyet ve nezaketle muamele g\u00f6rd\u00fc\u011f\u00fc bir \u00e7al\u0131\u015fma ortam\u0131na ba\u011fl\u0131y\u0131z.\t\t\t\t\t<\/p>\n\t\t\t\t\n\t\t\t<\/div>\n\t\t\t\n\t\t<\/div>\n\t\t\t\t\t\t<\/div>\n\t\t\t\t<\/div>\n\t\t\t\t<div class=\"elementor-element elementor-element-610fc5d1 elementor-widget elementor-widget-icon-box\" data-id=\"610fc5d1\" data-element_type=\"widget\" data-e-type=\"widget\" data-widget_type=\"icon-box.default\">\n\t\t\t\t<div class=\"elementor-widget-container\">\n\t\t\t\t\t\t\t<div class=\"elementor-icon-box-wrapper\">\n\n\t\t\t\n\t\t\t\t\t\t<div class=\"elementor-icon-box-content\">\n\n\t\t\t\t\t\t\t\t\t<h3 class=\"elementor-icon-box-title\">\n\t\t\t\t\t\t<span  >\n\t\t\t\t\t\t\tE\u015fit haklar i\u00e7in SCIBO\t\t\t\t\t\t<\/span>\n\t\t\t\t\t<\/h3>\n\t\t\t\t\n\t\t\t\t\t\t\t\t\t<p class=\"elementor-icon-box-description\">\n\t\t\t\t\t\tSCIBO t\u00fcm \u00e7al\u0131\u015fanlara ve ba\u015fvuru sahiplerine e\u015fit f\u0131rsatlar sunmaktad\u0131r. \u0130\u015fe al\u0131m, terfi veya di\u011fer personel \u00f6nlemlerine ili\u015fkin kararlar\u0131m\u0131z cinsiyet, k\u00f6ken, din, ya\u015f, engellilik veya cinsel y\u00f6nelimden ba\u011f\u0131ms\u0131z olarak yaln\u0131zca niteliklere, becerilere ve performansa dayanmaktad\u0131r. \u00c7e\u015fitlili\u011fe ve f\u0131rsat e\u015fitli\u011fine ba\u011fl\u0131y\u0131z.\t\t\t\t\t<\/p>\n\t\t\t\t\n\t\t\t<\/div>\n\t\t\t\n\t\t<\/div>\n\t\t\t\t\t\t<\/div>\n\t\t\t\t<\/div>\n\t\t\t\t<div class=\"elementor-element elementor-element-6446131b elementor-widget elementor-widget-icon-box\" data-id=\"6446131b\" data-element_type=\"widget\" data-e-type=\"widget\" data-widget_type=\"icon-box.default\">\n\t\t\t\t<div class=\"elementor-widget-container\">\n\t\t\t\t\t\t\t<div class=\"elementor-icon-box-wrapper\">\n\n\t\t\t\n\t\t\t\t\t\t<div class=\"elementor-icon-box-content\">\n\n\t\t\t\t\t\t\t\t\t<h3 class=\"elementor-icon-box-title\">\n\t\t\t\t\t\t<span  >\n\t\t\t\t\t\t\t\u00c7ocuk i\u015f\u00e7ili\u011fine kar\u015f\u0131 SCIBO\t\t\t\t\t\t<\/span>\n\t\t\t\t\t<\/h3>\n\t\t\t\t\n\t\t\t\t\t\t\t\t\t<p class=\"elementor-icon-box-description\">\n\t\t\t\t\t\tSCIBO \u00e7ocuk i\u015f\u00e7ili\u011fini kesinlikle reddeder ve t\u00fcm \u00e7al\u0131\u015fanlar\u0131n yasal olarak gerekli asgari ya\u015fa ula\u015fm\u0131\u015f olmas\u0131n\u0131 sa\u011flar. Sadece \u00e7ocuk i\u015f\u00e7ili\u011fine izin vermemeyi taahh\u00fct eden ortaklarla \u00e7al\u0131\u015f\u0131yoruz. Bu, topluma ve gelecek nesillere kar\u015f\u0131 sorumlulu\u011fumuzun \u00f6nemli bir par\u00e7as\u0131d\u0131r.\t\t\t\t\t<\/p>\n\t\t\t\t\n\t\t\t<\/div>\n\t\t\t\n\t\t<\/div>\n\t\t\t\t\t\t<\/div>\n\t\t\t\t<\/div>\n\t\t\t\t<div class=\"elementor-element elementor-element-35b3053a elementor-widget elementor-widget-icon-box\" data-id=\"35b3053a\" data-element_type=\"widget\" data-e-type=\"widget\" data-widget_type=\"icon-box.default\">\n\t\t\t\t<div class=\"elementor-widget-container\">\n\t\t\t\t\t\t\t<div class=\"elementor-icon-box-wrapper\">\n\n\t\t\t\n\t\t\t\t\t\t<div class=\"elementor-icon-box-content\">\n\n\t\t\t\t\t\t\t\t\t<h3 class=\"elementor-icon-box-title\">\n\t\t\t\t\t\t<span  >\n\t\t\t\t\t\t\tA\u00e7\u0131k ileti\u015fim i\u00e7in SCIBO\t\t\t\t\t\t<\/span>\n\t\t\t\t\t<\/h3>\n\t\t\t\t\n\t\t\t\t\t\t\t\t\t<p class=\"elementor-icon-box-description\">\n\t\t\t\t\t\tSCIBO her d\u00fczeyde \u015feffaf ve a\u00e7\u0131k ileti\u015fimi destekler. Her \u00e7al\u0131\u015fan, olumsuz sonu\u00e7lardan korkmadan fikirlerini, g\u00f6r\u00fc\u015flerini ve endi\u015felerini \u00f6zg\u00fcrce ifade edebilmelidir. G\u00fcven, dinleme ve sayg\u0131l\u0131 bilgi al\u0131\u015fveri\u015fine dayal\u0131 bir \u00e7al\u0131\u015fma ortam\u0131n\u0131 te\u015fvik ediyoruz.\t\t\t\t\t<\/p>\n\t\t\t\t\n\t\t\t<\/div>\n\t\t\t\n\t\t<\/div>\n\t\t\t\t\t\t<\/div>\n\t\t\t\t<\/div>\n\t\t\t\t<div class=\"elementor-element elementor-element-7c76a19 elementor-widget elementor-widget-icon-box\" data-id=\"7c76a19\" data-element_type=\"widget\" data-e-type=\"widget\" data-widget_type=\"icon-box.default\">\n\t\t\t\t<div class=\"elementor-widget-container\">\n\t\t\t\t\t\t\t<div class=\"elementor-icon-box-wrapper\">\n\n\t\t\t\n\t\t\t\t\t\t<div class=\"elementor-icon-box-content\">\n\n\t\t\t\t\t\t\t\t\t<h3 class=\"elementor-icon-box-title\">\n\t\t\t\t\t\t<span  >\n\t\t\t\t\t\t\tAdil \u00e7al\u0131\u015fma ko\u015fullar\u0131 i\u00e7in SCIBO\t\t\t\t\t\t<\/span>\n\t\t\t\t\t<\/h3>\n\t\t\t\t\n\t\t\t\t\t\t\t\t\t<p class=\"elementor-icon-box-description\">\n\t\t\t\t\t\tSCIBO, t\u00fcm \u00e7al\u0131\u015fanlar i\u00e7in adil \u00fccret ve g\u00fcvenli \u00e7al\u0131\u015fma ko\u015fullar\u0131n\u0131 garanti eder. Zorla \u00e7al\u0131\u015ft\u0131rma veya herhangi bir t\u00fcrde g\u00f6n\u00fcls\u00fcz \u00e7al\u0131\u015ft\u0131rma ne ho\u015f g\u00f6r\u00fcl\u00fcr ne de desteklenir. T\u00fcm \u00e7al\u0131\u015fanlar uygun \u00fccret, d\u00fczenli \u00e7al\u0131\u015fma saatleri ve d\u00fczenli molalar alma hakk\u0131na sahiptir. SCIBO, yasal gerekliliklerin \u00f6tesinde \u00e7al\u0131\u015fanlar\u0131n\u0131n refah\u0131n\u0131 sa\u011flamay\u0131 taahh\u00fct eder.\t\t\t\t\t<\/p>\n\t\t\t\t\n\t\t\t<\/div>\n\t\t\t\n\t\t<\/div>\n\t\t\t\t\t\t<\/div>\n\t\t\t\t<\/div>\n\t\t\t\t<div class=\"elementor-element elementor-element-768fd238 elementor-widget elementor-widget-icon-box\" data-id=\"768fd238\" data-element_type=\"widget\" data-e-type=\"widget\" data-widget_type=\"icon-box.default\">\n\t\t\t\t<div class=\"elementor-widget-container\">\n\t\t\t\t\t\t\t<div class=\"elementor-icon-box-wrapper\">\n\n\t\t\t\n\t\t\t\t\t\t<div class=\"elementor-icon-box-content\">\n\n\t\t\t\t\t\t\t\t\t<h3 class=\"elementor-icon-box-title\">\n\t\t\t\t\t\t<span  >\n\t\t\t\t\t\t\t\u0130\u015f g\u00fcvenli\u011fi ve \u00e7evre koruma i\u00e7in SCIBO\t\t\t\t\t\t<\/span>\n\t\t\t\t\t<\/h3>\n\t\t\t\t\n\t\t\t\t\t\t\t\t\t<p class=\"elementor-icon-box-description\">\n\t\t\t\t\t\tSCIBO, insanlara ve \u00e7evreye y\u00f6nelik riskleri en aza indirmeyi taahh\u00fct eder. \u0130\u015fyerlerimizin g\u00fcvenli olmas\u0131n\u0131 ve i\u015f sa\u011fl\u0131\u011f\u0131 ve g\u00fcvenli\u011fine ili\u015fkin yasal gerekliliklere uygun olmas\u0131n\u0131 sa\u011fl\u0131yoruz. \u0130\u015f faaliyetlerimizin \u00e7evre \u00fczerindeki olumsuz etkisini en aza indirmek i\u00e7in \u00e7evre dostu s\u00fcre\u00e7leri de te\u015fvik ediyoruz. Kaynaklar\u0131 koruyan \u00e7al\u0131\u015fmalara ve s\u00fcrd\u00fcr\u00fclebilir teknolojilere odaklan\u0131yoruz.\t\t\t\t\t<\/p>\n\t\t\t\t\n\t\t\t<\/div>\n\t\t\t\n\t\t<\/div>\n\t\t\t\t\t\t<\/div>\n\t\t\t\t<\/div>\n\t\t\t\t<div class=\"elementor-element elementor-element-23bf8aa7 elementor-widget elementor-widget-icon-box\" data-id=\"23bf8aa7\" data-element_type=\"widget\" data-e-type=\"widget\" data-widget_type=\"icon-box.default\">\n\t\t\t\t<div class=\"elementor-widget-container\">\n\t\t\t\t\t\t\t<div class=\"elementor-icon-box-wrapper\">\n\n\t\t\t\n\t\t\t\t\t\t<div class=\"elementor-icon-box-content\">\n\n\t\t\t\t\t\t\t\t\t<h3 class=\"elementor-icon-box-title\">\n\t\t\t\t\t\t<span  >\n\t\t\t\t\t\t\tYetkili makamlarla i\u015fbirli\u011fi i\u00e7in SCIBO\t\t\t\t\t\t<\/span>\n\t\t\t\t\t<\/h3>\n\t\t\t\t\n\t\t\t\t\t\t\t\t\t<p class=\"elementor-icon-box-description\">\n\t\t\t\t\t\tSCIBO, resmi makamlarla i\u015fbirli\u011fine dayal\u0131 bir ili\u015fki s\u00fcrd\u00fcr\u00fcr ve ilgili t\u00fcm bilgilerin eksiksiz, do\u011fru ve zaman\u0131nda verilmesini sa\u011flar. Yasal gereklilikleri yerine getirmek ve y\u00f6netmeliklere uyumu sa\u011flamak i\u00e7in devlet kurumlar\u0131yla a\u00e7\u0131k ve \u015feffaf bir \u015fekilde \u00e7al\u0131\u015f\u0131r\u0131z.\t\t\t\t\t<\/p>\n\t\t\t\t\n\t\t\t<\/div>\n\t\t\t\n\t\t<\/div>\n\t\t\t\t\t\t<\/div>\n\t\t\t\t<\/div>\n\t\t\t\t<div class=\"elementor-element elementor-element-2b50f0c8 elementor-widget elementor-widget-icon-box\" data-id=\"2b50f0c8\" data-element_type=\"widget\" data-e-type=\"widget\" data-widget_type=\"icon-box.default\">\n\t\t\t\t<div class=\"elementor-widget-container\">\n\t\t\t\t\t\t\t<div class=\"elementor-icon-box-wrapper\">\n\n\t\t\t\n\t\t\t\t\t\t<div class=\"elementor-icon-box-content\">\n\n\t\t\t\t\t\t\t\t\t<h3 class=\"elementor-icon-box-title\">\n\t\t\t\t\t\t<span  >\n\t\t\t\t\t\t\t\u0130\u015f s\u00fcre\u00e7lerinde \u015feffafl\u0131k i\u00e7in SCIBO\t\t\t\t\t\t<\/span>\n\t\t\t\t\t<\/h3>\n\t\t\t\t\n\t\t\t\t\t\t\t\t\t<p class=\"elementor-icon-box-description\">\n\t\t\t\t\t\tSCIBO, t\u00fcm i\u015f s\u00fcre\u00e7lerinin uygun \u015fekilde belgelendirilmesini ve kontrol edilmesini vurgular. Finansal raporlaman\u0131n b\u00fct\u00fcnl\u00fc\u011f\u00fcn\u00fc ve i\u015fle ilgili t\u00fcm verilerin do\u011fru \u015fekilde kaydedilmesini sa\u011flar\u0131z. \u0130\u00e7 kontrollerimiz ve denetimlerimiz, ilkelerimize uyumu do\u011frulamaya ve s\u00fcrekli olarak iyile\u015ftirmeye hizmet eder.\t\t\t\t\t<\/p>\n\t\t\t\t\n\t\t\t<\/div>\n\t\t\t\n\t\t<\/div>\n\t\t\t\t\t\t<\/div>\n\t\t\t\t<\/div>\n\t\t\t\t<div class=\"elementor-element elementor-element-d290c3b elementor-widget elementor-widget-icon-box\" data-id=\"d290c3b\" data-element_type=\"widget\" data-e-type=\"widget\" data-widget_type=\"icon-box.default\">\n\t\t\t\t<div class=\"elementor-widget-container\">\n\t\t\t\t\t\t\t<div class=\"elementor-icon-box-wrapper\">\n\n\t\t\t\n\t\t\t\t\t\t<div class=\"elementor-icon-box-content\">\n\n\t\t\t\t\t\t\t\t\t<h3 class=\"elementor-icon-box-title\">\n\t\t\t\t\t\t<span  >\n\t\t\t\t\t\t\t\u0130zleme ve uyumluluk i\u00e7in SCIBO\t\t\t\t\t\t<\/span>\n\t\t\t\t\t<\/h3>\n\t\t\t\t\n\t\t\t\t\t\t\t\t\t<p class=\"elementor-icon-box-description\">\n\t\t\t\t\t\tSCIBO, t\u00fcm \u00e7al\u0131\u015fanlar\u0131n Davran\u0131\u015f Kurallar\u0131 ilkelerine uymas\u0131n\u0131 sa\u011flar. Y\u00f6neticiler \u00f6rnek olmak ve bu ilkelerin uygulanmas\u0131na aktif olarak katk\u0131da bulunmakla y\u00fck\u00fcml\u00fcd\u00fcr. D\u00fczenli e\u011fitimler ve etik davran\u0131\u015f bilincinin te\u015fvik edilmesi kurumsal k\u00fclt\u00fcr\u00fcm\u00fcz\u00fcn ayr\u0131lmaz bir par\u00e7as\u0131d\u0131r.\t\t\t\t\t<\/p>\n\t\t\t\t\n\t\t\t<\/div>\n\t\t\t\n\t\t<\/div>\n\t\t\t\t\t\t<\/div>\n\t\t\t\t<\/div>\n\t\t\t\t\t<\/div>\n\t\t<\/div>\n\t\t\t\t\t<\/div>\n\t\t<\/section>\n\t\t\t\t<\/div>","protected":false},"excerpt":{"rendered":"<p>SCIBO \u2013 Gesch\u00e4ftlicher Verhaltenskodex (Code of Business Conduct) Was ist uns wichtig? SCIBO verpflichtet sich, h\u00f6chste Standards in Bezug auf [&hellip;]<\/p>\n","protected":false},"author":1,"featured_media":0,"parent":0,"menu_order":0,"comment_status":"closed","ping_status":"closed","template":"","meta":{"site-sidebar-layout":"no-sidebar","site-content-layout":"","ast-site-content-layout":"full-width-container","site-content-style":"default","site-sidebar-style":"default","ast-global-header-display":"","ast-banner-title-visibility":"","ast-main-header-display":"","ast-hfb-above-header-display":"","ast-hfb-below-header-display":"","ast-hfb-mobile-header-display":"","site-post-title":"disabled","ast-breadcrumbs-content":"","ast-featured-img":"disabled","footer-sml-layout":"","ast-disable-related-posts":"","theme-transparent-header-meta":"","adv-header-id-meta":"","stick-header-meta":"","header-above-stick-meta":"","header-main-stick-meta":"","header-below-stick-meta":"","astra-migrate-meta-layouts":"default","ast-page-background-enabled":"default","ast-page-background-meta":{"desktop":{"background-color":"var(--ast-global-color-4)","background-image":"","background-repeat":"repeat","background-position":"center center","background-size":"auto","background-attachment":"scroll","background-type":"","background-media":"","overlay-type":"","overlay-color":"","overlay-opacity":"","overlay-gradient":""},"tablet":{"background-color":"","background-image":"","background-repeat":"repeat","background-position":"center center","background-size":"auto","background-attachment":"scroll","background-type":"","background-media":"","overlay-type":"","overlay-color":"","overlay-opacity":"","overlay-gradient":""},"mobile":{"background-color":"","background-image":"","background-repeat":"repeat","background-position":"center center","background-size":"auto","background-attachment":"scroll","background-type":"","background-media":"","overlay-type":"","overlay-color":"","overlay-opacity":"","overlay-gradient":""}},"ast-content-background-meta":{"desktop":{"background-color":"var(--ast-global-color-5)","background-image":"","background-repeat":"repeat","background-position":"center center","background-size":"auto","background-attachment":"scroll","background-type":"","background-media":"","overlay-type":"","overlay-color":"","overlay-opacity":"","overlay-gradient":""},"tablet":{"background-color":"var(--ast-global-color-5)","background-image":"","background-repeat":"repeat","background-position":"center center","background-size":"auto","background-attachment":"scroll","background-type":"","background-media":"","overlay-type":"","overlay-color":"","overlay-opacity":"","overlay-gradient":""},"mobile":{"background-color":"var(--ast-global-color-5)","background-image":"","background-repeat":"repeat","background-position":"center center","background-size":"auto","background-attachment":"scroll","background-type":"","background-media":"","overlay-type":"","overlay-color":"","overlay-opacity":"","overlay-gradient":""}},"footnotes":""},"class_list":["post-517","page","type-page","status-publish","hentry"],"_links":{"self":[{"href":"https:\/\/scibo-chemie.com\/tr\/wp-json\/wp\/v2\/pages\/517","targetHints":{"allow":["GET"]}}],"collection":[{"href":"https:\/\/scibo-chemie.com\/tr\/wp-json\/wp\/v2\/pages"}],"about":[{"href":"https:\/\/scibo-chemie.com\/tr\/wp-json\/wp\/v2\/types\/page"}],"author":[{"embeddable":true,"href":"https:\/\/scibo-chemie.com\/tr\/wp-json\/wp\/v2\/users\/1"}],"replies":[{"embeddable":true,"href":"https:\/\/scibo-chemie.com\/tr\/wp-json\/wp\/v2\/comments?post=517"}],"version-history":[{"count":7,"href":"https:\/\/scibo-chemie.com\/tr\/wp-json\/wp\/v2\/pages\/517\/revisions"}],"predecessor-version":[{"id":938,"href":"https:\/\/scibo-chemie.com\/tr\/wp-json\/wp\/v2\/pages\/517\/revisions\/938"}],"wp:attachment":[{"href":"https:\/\/scibo-chemie.com\/tr\/wp-json\/wp\/v2\/media?parent=517"}],"curies":[{"name":"wp","href":"https:\/\/api.w.org\/{rel}","templated":true}]}}