{"id":728,"date":"2025-01-03T23:13:47","date_gmt":"2025-01-03T22:13:47","guid":{"rendered":"http:\/\/scibo-chemie.com\/?page_id=728"},"modified":"2025-01-10T11:46:28","modified_gmt":"2025-01-10T10:46:28","slug":"coat","status":"publish","type":"page","link":"https:\/\/scibo-chemie.com\/tr\/coat\/","title":{"rendered":"KAPLAMA"},"content":{"rendered":"<div data-elementor-type=\"wp-page\" data-elementor-id=\"728\" class=\"elementor elementor-728\">\n\t\t\t\t<div class=\"elementor-element elementor-element-7d7f438d e-flex e-con-boxed e-con e-parent\" data-id=\"7d7f438d\" data-element_type=\"container\" data-e-type=\"container\" data-settings=\"{&quot;background_background&quot;:&quot;classic&quot;}\">\n\t\t\t\t\t<div class=\"e-con-inner\">\n\t\t\t\t<div class=\"elementor-element elementor-element-71a66a3a elementor-widget elementor-widget-image\" data-id=\"71a66a3a\" data-element_type=\"widget\" data-e-type=\"widget\" data-widget_type=\"image.default\">\n\t\t\t\t<div class=\"elementor-widget-container\">\n\t\t\t\t\t\t\t\t\t\t\t\t\t\t\t<img fetchpriority=\"high\" decoding=\"async\" width=\"1024\" height=\"766\" src=\"https:\/\/scibo-chemie.com\/wp-content\/uploads\/2025\/01\/coat-eimer-1024x766.png\" class=\"attachment-large size-large wp-image-1101\" alt=\"\" srcset=\"https:\/\/scibo-chemie.com\/wp-content\/uploads\/2025\/01\/coat-eimer-1024x766.png 1024w, https:\/\/scibo-chemie.com\/wp-content\/uploads\/2025\/01\/coat-eimer-300x224.png 300w, https:\/\/scibo-chemie.com\/wp-content\/uploads\/2025\/01\/coat-eimer-768x574.png 768w, https:\/\/scibo-chemie.com\/wp-content\/uploads\/2025\/01\/coat-eimer-1536x1149.png 1536w, https:\/\/scibo-chemie.com\/wp-content\/uploads\/2025\/01\/coat-eimer-2048x1532.png 2048w, https:\/\/scibo-chemie.com\/wp-content\/uploads\/2025\/01\/coat-eimer-16x12.png 16w\" sizes=\"(max-width: 1024px) 100vw, 1024px\" \/>\t\t\t\t\t\t\t\t\t\t\t\t\t\t\t<\/div>\n\t\t\t\t<\/div>\n\t\t\t\t\t<\/div>\n\t\t\t\t<\/div>\n\t\t<div class=\"elementor-element elementor-element-5415cd49 e-flex e-con-boxed e-con e-parent\" data-id=\"5415cd49\" data-element_type=\"container\" data-e-type=\"container\" data-settings=\"{&quot;background_background&quot;:&quot;classic&quot;}\">\n\t\t\t\t\t<div class=\"e-con-inner\">\n\t\t\t\t<div class=\"elementor-element elementor-element-2aaba50 elementor-widget__width-auto elementor-widget elementor-widget-heading\" data-id=\"2aaba50\" data-element_type=\"widget\" data-e-type=\"widget\" data-widget_type=\"heading.default\">\n\t\t\t\t<div class=\"elementor-widget-container\">\n\t\t\t\t\t<h1 class=\"elementor-heading-title elementor-size-default\">SCIBO CEKET<\/h1>\t\t\t\t<\/div>\n\t\t\t\t<\/div>\n\t\t\t\t\t<\/div>\n\t\t\t\t<\/div>\n\t\t<div class=\"elementor-element elementor-element-687e4c69 e-flex e-con-boxed e-con e-parent\" data-id=\"687e4c69\" data-element_type=\"container\" data-e-type=\"container\">\n\t\t\t\t\t<div class=\"e-con-inner\">\n\t\t<div class=\"elementor-element elementor-element-21022e16 e-con-full e-flex e-con e-child\" data-id=\"21022e16\" data-element_type=\"container\" data-e-type=\"container\">\n\t\t\t\t<div class=\"elementor-element elementor-element-44d5f843 elementor-widget elementor-widget-heading\" data-id=\"44d5f843\" data-element_type=\"widget\" data-e-type=\"widget\" data-widget_type=\"heading.default\">\n\t\t\t\t<div class=\"elementor-widget-container\">\n\t\t\t\t\t<h2 class=\"elementor-heading-title elementor-size-default\">COAT MS 100 AT<\/h2>\t\t\t\t<\/div>\n\t\t\t\t<\/div>\n\t\t\t\t<div class=\"elementor-element elementor-element-340bd5b0 elementor-widget elementor-widget-heading\" data-id=\"340bd5b0\" data-element_type=\"widget\" data-e-type=\"widget\" data-widget_type=\"heading.default\">\n\t\t\t\t<div class=\"elementor-widget-container\">\n\t\t\t\t\t<h4 class=\"elementor-heading-title elementor-size-default\">\u00d6zel WaterStop conta <\/h4>\t\t\t\t<\/div>\n\t\t\t\t<\/div>\n\t\t\t\t<\/div>\n\t\t<div class=\"elementor-element elementor-element-2d18bef9 e-con-full e-flex e-con e-child\" data-id=\"2d18bef9\" data-element_type=\"container\" data-e-type=\"container\">\n\t\t\t\t<div class=\"elementor-element elementor-element-4e5edd4f elementor-widget elementor-widget-text-editor\" data-id=\"4e5edd4f\" data-element_type=\"widget\" data-e-type=\"widget\" data-widget_type=\"text-editor.default\">\n\t\t\t\t<div class=\"elementor-widget-container\">\n\t\t\t\t\t\t\t\t\t<p>Y\u00fcksek kaliteli elastik MS polimer bazl\u0131 yap\u0131\u015ft\u0131r\u0131c\u0131, in\u015faat ve end\u00fcstride yap\u0131\u015ft\u0131rma ve s\u0131zd\u0131rmazl\u0131k i\u00e7in idealdir.<\/p><p>Solvent ve bit\u00fcm i\u00e7ermeyen yap\u0131sal su yal\u0131t\u0131m yap\u0131\u015ft\u0131r\u0131c\u0131s\u0131 hem i\u00e7 hem de d\u0131\u015f mekanlarda kullan\u0131labilir. Beton, ah\u015fap, metal ve plasti\u011fe m\u00fckemmel yap\u0131\u015fma \u00f6zelli\u011fi ile \u00e7at\u0131lar\u0131n, duvarlar\u0131n, \u0131slak hacimlerin ve d\u0131\u015f bodrum duvarlar\u0131n\u0131n su yal\u0131t\u0131m\u0131 i\u00e7in idealdir.<\/p><p>Renk: gri - di\u011fer renkler istek \u00fczerine<\/p><p>Raf \u00f6mr\u00fc: 18 ay<\/p>\t\t\t\t\t\t\t\t<\/div>\n\t\t\t\t<\/div>\n\t\t\t\t<\/div>\n\t\t\t\t\t<\/div>\n\t\t\t\t<\/div>\n\t\t<div class=\"elementor-element elementor-element-70c0fd14 e-flex e-con-boxed e-con e-parent\" data-id=\"70c0fd14\" data-element_type=\"container\" data-e-type=\"container\" data-settings=\"{&quot;background_background&quot;:&quot;gradient&quot;}\">\n\t\t\t\t\t<div class=\"e-con-inner\">\n\t\t<div class=\"elementor-element elementor-element-58b6c238 e-con-full e-flex e-con e-child\" data-id=\"58b6c238\" data-element_type=\"container\" data-e-type=\"container\">\n\t\t\t\t<div class=\"elementor-element elementor-element-46ed6abd elementor-widget elementor-widget-heading\" data-id=\"46ed6abd\" data-element_type=\"widget\" data-e-type=\"widget\" data-widget_type=\"heading.default\">\n\t\t\t\t<div class=\"elementor-widget-container\">\n\t\t\t\t\t<h3 class=\"elementor-heading-title elementor-size-default\">Daha fazla bilgiye mi ihtiyac\u0131n\u0131z var?<\/h3>\t\t\t\t<\/div>\n\t\t\t\t<\/div>\n\t\t\t\t<div class=\"elementor-element elementor-element-4b6b3e4d elementor-widget elementor-widget-heading\" data-id=\"4b6b3e4d\" data-element_type=\"widget\" data-e-type=\"widget\" data-widget_type=\"heading.default\">\n\t\t\t\t<div class=\"elementor-widget-container\">\n\t\t\t\t\t<h2 class=\"elementor-heading-title elementor-size-default\">Herhangi bir sorunuz varsa veya \u00fcr\u00fcnlerimiz hakk\u0131nda daha fazla bilgi edinmek istiyorsan\u0131z, <br>her zaman hizmetinizdeyiz.<\/h2>\t\t\t\t<\/div>\n\t\t\t\t<\/div>\n\t\t\t\t<\/div>\n\t\t<div class=\"elementor-element elementor-element-14ffd63f e-con-full e-flex e-con e-child\" data-id=\"14ffd63f\" data-element_type=\"container\" data-e-type=\"container\">\n\t\t\t\t<div class=\"elementor-element elementor-element-69f6510a elementor-align-right elementor-mobile-align-left elementor-tablet-align-center elementor-widget elementor-widget-button\" data-id=\"69f6510a\" data-element_type=\"widget\" data-e-type=\"widget\" data-widget_type=\"button.default\">\n\t\t\t\t<div class=\"elementor-widget-container\">\n\t\t\t\t\t\t\t\t\t<div class=\"elementor-button-wrapper\">\n\t\t\t\t\t<a class=\"elementor-button elementor-button-link elementor-size-md\" href=\"https:\/\/scibo-chemie.com\/tr\/kontakt\/\">\n\t\t\t\t\t\t<span class=\"elementor-button-content-wrapper\">\n\t\t\t\t\t\t<span class=\"elementor-button-icon\">\n\t\t\t\t<i aria-hidden=\"true\" class=\"icon icon-users\"><\/i>\t\t\t<\/span>\n\t\t\t\t\t\t\t\t\t<span class=\"elementor-button-text\">Hemen ileti\u015fime ge\u00e7in!<\/span>\n\t\t\t\t\t<\/span>\n\t\t\t\t\t<\/a>\n\t\t\t\t<\/div>\n\t\t\t\t\t\t\t\t<\/div>\n\t\t\t\t<\/div>\n\t\t\t\t<\/div>\n\t\t\t\t\t<\/div>\n\t\t\t\t<\/div>\n\t\t\t\t<\/div>","protected":false},"excerpt":{"rendered":"<p>SCIBO COAT COAT MS 100 AT Spezialabdichtung WaterStop Hochwertiger elastischer Klebstoff auf MS-Polymerbasis, ideal f\u00fcr Verklebungen und Abdichtungen in Bau [&hellip;]<\/p>\n","protected":false},"author":1,"featured_media":0,"parent":0,"menu_order":0,"comment_status":"closed","ping_status":"closed","template":"","meta":{"site-sidebar-layout":"no-sidebar","site-content-layout":"","ast-site-content-layout":"full-width-container","site-content-style":"default","site-sidebar-style":"default","ast-global-header-display":"","ast-banner-title-visibility":"","ast-main-header-display":"","ast-hfb-above-header-display":"","ast-hfb-below-header-display":"","ast-hfb-mobile-header-display":"","site-post-title":"disabled","ast-breadcrumbs-content":"","ast-featured-img":"disabled","footer-sml-layout":"","ast-disable-related-posts":"","theme-transparent-header-meta":"","adv-header-id-meta":"","stick-header-meta":"","header-above-stick-meta":"","header-main-stick-meta":"","header-below-stick-meta":"","astra-migrate-meta-layouts":"default","ast-page-background-enabled":"default","ast-page-background-meta":{"desktop":{"background-color":"var(--ast-global-color-4)","background-image":"","background-repeat":"repeat","background-position":"center center","background-size":"auto","background-attachment":"scroll","background-type":"","background-media":"","overlay-type":"","overlay-color":"","overlay-opacity":"","overlay-gradient":""},"tablet":{"background-color":"","background-image":"","background-repeat":"repeat","background-position":"center center","background-size":"auto","background-attachment":"scroll","background-type":"","background-media":"","overlay-type":"","overlay-color":"","overlay-opacity":"","overlay-gradient":""},"mobile":{"background-color":"","background-image":"","background-repeat":"repeat","background-position":"center center","background-size":"auto","background-attachment":"scroll","background-type":"","background-media":"","overlay-type":"","overlay-color":"","overlay-opacity":"","overlay-gradient":""}},"ast-content-background-meta":{"desktop":{"background-color":"var(--ast-global-color-5)","background-image":"","background-repeat":"repeat","background-position":"center center","background-size":"auto","background-attachment":"scroll","background-type":"","background-media":"","overlay-type":"","overlay-color":"","overlay-opacity":"","overlay-gradient":""},"tablet":{"background-color":"var(--ast-global-color-5)","background-image":"","background-repeat":"repeat","background-position":"center center","background-size":"auto","background-attachment":"scroll","background-type":"","background-media":"","overlay-type":"","overlay-color":"","overlay-opacity":"","overlay-gradient":""},"mobile":{"background-color":"var(--ast-global-color-5)","background-image":"","background-repeat":"repeat","background-position":"center center","background-size":"auto","background-attachment":"scroll","background-type":"","background-media":"","overlay-type":"","overlay-color":"","overlay-opacity":"","overlay-gradient":""}},"footnotes":""},"class_list":["post-728","page","type-page","status-publish","hentry"],"_links":{"self":[{"href":"https:\/\/scibo-chemie.com\/tr\/wp-json\/wp\/v2\/pages\/728","targetHints":{"allow":["GET"]}}],"collection":[{"href":"https:\/\/scibo-chemie.com\/tr\/wp-json\/wp\/v2\/pages"}],"about":[{"href":"https:\/\/scibo-chemie.com\/tr\/wp-json\/wp\/v2\/types\/page"}],"author":[{"embeddable":true,"href":"https:\/\/scibo-chemie.com\/tr\/wp-json\/wp\/v2\/users\/1"}],"replies":[{"embeddable":true,"href":"https:\/\/scibo-chemie.com\/tr\/wp-json\/wp\/v2\/comments?post=728"}],"version-history":[{"count":10,"href":"https:\/\/scibo-chemie.com\/tr\/wp-json\/wp\/v2\/pages\/728\/revisions"}],"predecessor-version":[{"id":1104,"href":"https:\/\/scibo-chemie.com\/tr\/wp-json\/wp\/v2\/pages\/728\/revisions\/1104"}],"wp:attachment":[{"href":"https:\/\/scibo-chemie.com\/tr\/wp-json\/wp\/v2\/media?parent=728"}],"curies":[{"name":"wp","href":"https:\/\/api.w.org\/{rel}","templated":true}]}}