{"id":745,"date":"2025-01-03T23:29:58","date_gmt":"2025-01-03T22:29:58","guid":{"rendered":"http:\/\/scibo-chemie.com\/?page_id=745"},"modified":"2025-01-05T13:38:59","modified_gmt":"2025-01-05T12:38:59","slug":"weitere","status":"publish","type":"page","link":"https:\/\/scibo-chemie.com\/tr\/weitere\/","title":{"rendered":"DAHA \u0130LER\u0130"},"content":{"rendered":"\t\t<div data-elementor-type=\"wp-page\" data-elementor-id=\"745\" class=\"elementor elementor-745\">\n\t\t\t\t<div class=\"elementor-element elementor-element-43a6f230 e-flex e-con-boxed e-con e-parent\" data-id=\"43a6f230\" data-element_type=\"container\" data-e-type=\"container\" data-settings=\"{&quot;background_background&quot;:&quot;classic&quot;}\">\n\t\t\t\t\t<div class=\"e-con-inner\">\n\t\t\t\t<div class=\"elementor-element elementor-element-69d6973d elementor-widget elementor-widget-image\" data-id=\"69d6973d\" data-element_type=\"widget\" data-e-type=\"widget\" data-widget_type=\"image.default\">\n\t\t\t\t<div class=\"elementor-widget-container\">\n\t\t\t\t\t\t\t\t\t\t\t\t\t\t\t<img fetchpriority=\"high\" decoding=\"async\" width=\"1024\" height=\"935\" src=\"https:\/\/scibo-chemie.com\/wp-content\/uploads\/2025\/01\/clean-1024x935.png\" class=\"attachment-large size-large wp-image-703\" alt=\"\" srcset=\"https:\/\/scibo-chemie.com\/wp-content\/uploads\/2025\/01\/clean-1024x935.png 1024w, https:\/\/scibo-chemie.com\/wp-content\/uploads\/2025\/01\/clean-300x274.png 300w, https:\/\/scibo-chemie.com\/wp-content\/uploads\/2025\/01\/clean-768x701.png 768w, https:\/\/scibo-chemie.com\/wp-content\/uploads\/2025\/01\/clean-1536x1403.png 1536w, https:\/\/scibo-chemie.com\/wp-content\/uploads\/2025\/01\/clean-2048x1871.png 2048w, https:\/\/scibo-chemie.com\/wp-content\/uploads\/2025\/01\/clean-600x548.png 600w\" sizes=\"(max-width: 1024px) 100vw, 1024px\" \/>\t\t\t\t\t\t\t\t\t\t\t\t\t\t\t<\/div>\n\t\t\t\t<\/div>\n\t\t\t\t\t<\/div>\n\t\t\t\t<\/div>\n\t\t<div class=\"elementor-element elementor-element-24910d97 e-flex e-con-boxed e-con e-parent\" data-id=\"24910d97\" data-element_type=\"container\" data-e-type=\"container\" data-settings=\"{&quot;background_background&quot;:&quot;classic&quot;}\">\n\t\t\t\t\t<div class=\"e-con-inner\">\n\t\t\t\t<div class=\"elementor-element elementor-element-3829e416 elementor-widget__width-auto elementor-widget elementor-widget-heading\" data-id=\"3829e416\" data-element_type=\"widget\" data-e-type=\"widget\" data-widget_type=\"heading.default\">\n\t\t\t\t<div class=\"elementor-widget-container\">\n\t\t\t\t\t<h1 class=\"elementor-heading-title elementor-size-default\">SCIBO CLEAN<\/h1>\t\t\t\t<\/div>\n\t\t\t\t<\/div>\n\t\t\t\t\t<\/div>\n\t\t\t\t<\/div>\n\t\t<div class=\"elementor-element elementor-element-e3ed84 e-flex e-con-boxed e-con e-parent\" data-id=\"e3ed84\" data-element_type=\"container\" data-e-type=\"container\">\n\t\t\t\t\t<div class=\"e-con-inner\">\n\t\t<div class=\"elementor-element elementor-element-37d1ed51 e-con-full e-flex e-con e-child\" data-id=\"37d1ed51\" data-element_type=\"container\" data-e-type=\"container\">\n\t\t\t\t<div class=\"elementor-element elementor-element-1d0d8cef elementor-widget elementor-widget-heading\" data-id=\"1d0d8cef\" data-element_type=\"widget\" data-e-type=\"widget\" data-widget_type=\"heading.default\">\n\t\t\t\t<div class=\"elementor-widget-container\">\n\t\t\t\t\t<h2 class=\"elementor-heading-title elementor-size-default\">CLEAN ALU 60<\/h2>\t\t\t\t<\/div>\n\t\t\t\t<\/div>\n\t\t\t\t<div class=\"elementor-element elementor-element-400dbc0 elementor-widget elementor-widget-heading\" data-id=\"400dbc0\" data-element_type=\"widget\" data-e-type=\"widget\" data-widget_type=\"heading.default\">\n\t\t\t\t<div class=\"elementor-widget-container\">\n\t\t\t\t\t<h4 class=\"elementor-heading-title elementor-size-default\">Universal L\u00f6semittel Reiniger f\u00fcr Alumium und mehr <\/h4>\t\t\t\t<\/div>\n\t\t\t\t<\/div>\n\t\t\t\t<\/div>\n\t\t<div class=\"elementor-element elementor-element-6e204a2e e-con-full e-flex e-con e-child\" data-id=\"6e204a2e\" data-element_type=\"container\" data-e-type=\"container\">\n\t\t\t\t<div class=\"elementor-element elementor-element-ce5859b elementor-widget elementor-widget-text-editor\" data-id=\"ce5859b\" data-element_type=\"widget\" data-e-type=\"widget\" data-widget_type=\"text-editor.default\">\n\t\t\t\t<div class=\"elementor-widget-container\">\n\t\t\t\t\t\t\t\t\t<p>Vielseitiges Reinigungsmittel, das m\u00fchelos Markierungen, Schmutz, Kalkr\u00fcckst\u00e4nde und andere hartn\u00e4ckige Verunreinigungen entfernt.<\/p><p>Perfekt f\u00fcr die Reinigung von Aluminium Oberfl\u00e4chen wie z.B. Fenstern, -T\u00fcren und -Rolll\u00e4den in naturbelassener, eloxierter oder lackierter Ausf\u00fchrung sowie f\u00fcr andere universelle Anwendungen.<\/p><p><br \/>Besondere Eigenschaften: Fettl\u00f6sende und konservierende Eigenschaften, sch\u00fctzt Aluminium-Oberfl\u00e4chen vor erneuter Verschmutzung und reinigt sanft.\u00a0<\/p><p>Gebinde: 1l, 10l, 200l Fass<\/p><p>Lagerstabilit\u00e4t: 36 Monate\u00a0<\/p>\t\t\t\t\t\t\t\t<\/div>\n\t\t\t\t<\/div>\n\t\t\t\t<\/div>\n\t\t\t\t\t<\/div>\n\t\t\t\t<\/div>\n\t\t<div class=\"elementor-element elementor-element-2ed13628 e-flex e-con-boxed e-con e-parent\" data-id=\"2ed13628\" data-element_type=\"container\" data-e-type=\"container\" data-settings=\"{&quot;background_background&quot;:&quot;classic&quot;}\">\n\t\t\t\t\t<div class=\"e-con-inner\">\n\t\t<div class=\"elementor-element elementor-element-40d48668 e-con-full e-flex e-con e-child\" data-id=\"40d48668\" data-element_type=\"container\" data-e-type=\"container\">\n\t\t\t\t<div class=\"elementor-element elementor-element-23a4b76d elementor-widget elementor-widget-heading\" data-id=\"23a4b76d\" data-element_type=\"widget\" data-e-type=\"widget\" data-widget_type=\"heading.default\">\n\t\t\t\t<div class=\"elementor-widget-container\">\n\t\t\t\t\t<h2 class=\"elementor-heading-title elementor-size-default\">CLEAN PVC 20<\/h2>\t\t\t\t<\/div>\n\t\t\t\t<\/div>\n\t\t\t\t<div class=\"elementor-element elementor-element-679dc75a elementor-widget elementor-widget-heading\" data-id=\"679dc75a\" data-element_type=\"widget\" data-e-type=\"widget\" data-widget_type=\"heading.default\">\n\t\t\t\t<div class=\"elementor-widget-container\">\n\t\t\t\t\t<h4 class=\"elementor-heading-title elementor-size-default\">Hochwirksamer nicht anl\u00f6sender Reiniger mit Antistatikum f\u00fcr <span class=\"elementor-heading-title elementor-size-default elementor-inline-editing pen\" data-elementor-setting-key=\"title\" data-pen-placeholder=\"Eingabe hier...\" style=\"border: 0px;vertical-align: baseline;clear: none;line-height: 1.2em\">Kunststoffoberfl\u00e4chen<\/span><\/h4>\t\t\t\t<\/div>\n\t\t\t\t<\/div>\n\t\t\t\t<\/div>\n\t\t<div class=\"elementor-element elementor-element-f913fd3 e-con-full e-flex e-con e-child\" data-id=\"f913fd3\" data-element_type=\"container\" data-e-type=\"container\">\n\t\t\t\t<div class=\"elementor-element elementor-element-a0d679b elementor-widget elementor-widget-text-editor\" data-id=\"a0d679b\" data-element_type=\"widget\" data-e-type=\"widget\" data-widget_type=\"text-editor.default\">\n\t\t\t\t<div class=\"elementor-widget-container\">\n\t\t\t\t\t\t\t\t\t<p>Effektives Reinigungsmittel, das Schmutz, Kleber\u00fcckst\u00e4nde, frischen Schaum und Silikon zuverl\u00e4ssig von PVC-Hart-Oberfl\u00e4chen entfernt. Dank seiner speziellen Formel sorgt es f\u00fcr eine gr\u00fcndliche Reinigung und sch\u00fctzt die behandelten Fl\u00e4chen vor Witterungseinfl\u00fcssen und UV-Strahlung. Durch das enthaltene, speziell entwickelte Antistatikum wird die erneute Anziehung von Staub und Schmutz verhindert, wodurch die Oberfl\u00e4chen l\u00e4nger sauber bleiben.<\/p><p>Ideal geeignet f\u00fcr die Montage und Reinigung von PVC-Fenstern, Blendrahmen, Flachleisten und anderen Kunststofffl\u00e4chen. Zus\u00e4tzlich optimal zur Vorbehandlung von Oberfl\u00e4chen einsetzbar. Dieses Produkt kombiniert effiziente Reinigung und langanhaltenden Schutz in einem Schritt.<\/p><p>Problemlos anwendbar f\u00fcr Renolit, Hornschuch, VEKA und andere Folien.\u00a0<\/p><p>Gebindegr\u00f6\u00dfen: 1 l, 10 l, 200 l Fass<\/p><p>Lagerstabilit\u00e4t: 36 Monate<\/p>\t\t\t\t\t\t\t\t<\/div>\n\t\t\t\t<\/div>\n\t\t\t\t<\/div>\n\t\t\t\t\t<\/div>\n\t\t\t\t<\/div>\n\t\t<div class=\"elementor-element elementor-element-119178a e-flex e-con-boxed e-con e-parent\" data-id=\"119178a\" data-element_type=\"container\" data-e-type=\"container\">\n\t\t\t\t\t<div class=\"e-con-inner\">\n\t\t<div class=\"elementor-element elementor-element-38fb029 e-con-full e-flex e-con e-child\" data-id=\"38fb029\" data-element_type=\"container\" data-e-type=\"container\">\n\t\t\t\t<div class=\"elementor-element elementor-element-a942fe7 elementor-widget elementor-widget-heading\" data-id=\"a942fe7\" data-element_type=\"widget\" data-e-type=\"widget\" data-widget_type=\"heading.default\">\n\t\t\t\t<div class=\"elementor-widget-container\">\n\t\t\t\t\t<h2 class=\"elementor-heading-title elementor-size-default\">CLEAN PVC 10<\/h2>\t\t\t\t<\/div>\n\t\t\t\t<\/div>\n\t\t\t\t<div class=\"elementor-element elementor-element-5da3b92 elementor-widget elementor-widget-heading\" data-id=\"5da3b92\" data-element_type=\"widget\" data-e-type=\"widget\" data-widget_type=\"heading.default\">\n\t\t\t\t<div class=\"elementor-widget-container\">\n\t\t\t\t\t<h4 class=\"elementor-heading-title elementor-size-default\">Effizienter schwach anl\u00f6sender Reiniger f\u00fcr PVC <span class=\"elementor-heading-title elementor-size-default elementor-inline-editing pen\" data-elementor-setting-key=\"title\" data-pen-placeholder=\"Eingabe hier...\" style=\"border: 0px;vertical-align: baseline;clear: none;line-height: 1.2em\">Kunststoffoberfl\u00e4chen<\/span><\/h4>\t\t\t\t<\/div>\n\t\t\t\t<\/div>\n\t\t\t\t<\/div>\n\t\t<div class=\"elementor-element elementor-element-fcf6e1c e-con-full e-flex e-con e-child\" data-id=\"fcf6e1c\" data-element_type=\"container\" data-e-type=\"container\">\n\t\t\t\t<div class=\"elementor-element elementor-element-1696b32 elementor-widget elementor-widget-text-editor\" data-id=\"1696b32\" data-element_type=\"widget\" data-e-type=\"widget\" data-widget_type=\"text-editor.default\">\n\t\t\t\t<div class=\"elementor-widget-container\">\n\t\t\t\t\t\t\t\t\t<div class=\"flex-shrink-0 flex flex-col relative items-end\"><div><div class=\"pt-0\"><div class=\"gizmo-shadow-stroke flex h-8 w-8 items-center justify-center overflow-hidden rounded-full\"><div class=\"h-full w-full\"><div class=\"gizmo-shadow-stroke relative flex h-full items-center justify-center rounded-full bg-token-main-surface-primary text-token-text-primary\"><span style=\"font-size: 16px;\">Effektives Reinigungsmittel, speziell entwickelt f\u00fcr die sanfte und gr\u00fcndliche Reinigung von PVC-Beschichtungen und -Oberfl\u00e4chen. Es entfernt m\u00fchelos Markierungen, grobe Verunreinigungen und Schmutz und ist ideal f\u00fcr die Klebevorbereitung geeignet. Mit seiner leicht anl\u00f6senden Formel bietet es eine optimale Kombination aus Reinigung und Oberfl\u00e4chenschutz.<\/span><\/div><div>\u00a0<\/div><\/div><\/div><\/div><\/div><\/div><div class=\"group\/conversation-turn relative flex w-full min-w-0 flex-col agent-turn\"><div class=\"flex-col gap-1 md:gap-3\"><div class=\"flex max-w-full flex-col flex-grow\"><div class=\"min-h-8 text-message flex w-full flex-col items-end gap-2 whitespace-normal break-words text-start [.text-message+&amp;]:mt-5\" dir=\"auto\" data-message-author-role=\"assistant\" data-message-id=\"3a96d712-2d02-4bed-ac6d-7f42c42e557f\" data-message-model-slug=\"gpt-4o-canmore\"><div class=\"flex w-full flex-col gap-1 empty:hidden first:pt-[3px]\"><div class=\"markdown prose w-full break-words dark:prose-invert light\"><p>Perfekt f\u00fcr die Pflege und Reinigung von Fensterprofilen aus PVC-hart-wei\u00df, Kunststoffteilen und dekorativen Oberfl\u00e4chen. Auch f\u00fcr nicht transparente thermoplastische und duroplastische Kunststoffe in Industrieanwendungen vielseitig einsetzbar. Zus\u00e4tzlich sch\u00fctzt es die Oberfl\u00e4chen vor UV-Strahlung und erneuter Verschmutzung.<\/p><p>Gebindegr\u00f6\u00dfen: 1 l, 10 l, 200 l Fass<\/p><p>Lagerstabilit\u00e4t: 36 Monate<\/p><\/div><\/div><\/div><\/div><\/div><\/div>\t\t\t\t\t\t\t\t<\/div>\n\t\t\t\t<\/div>\n\t\t\t\t<\/div>\n\t\t\t\t\t<\/div>\n\t\t\t\t<\/div>\n\t\t<div class=\"elementor-element elementor-element-e140821 e-flex e-con-boxed e-con e-parent\" data-id=\"e140821\" data-element_type=\"container\" data-e-type=\"container\" data-settings=\"{&quot;background_background&quot;:&quot;classic&quot;}\">\n\t\t\t\t\t<div class=\"e-con-inner\">\n\t\t<div class=\"elementor-element elementor-element-de7a174 e-con-full e-flex e-con e-child\" data-id=\"de7a174\" data-element_type=\"container\" data-e-type=\"container\">\n\t\t\t\t<div class=\"elementor-element elementor-element-631e1ba elementor-widget elementor-widget-heading\" data-id=\"631e1ba\" data-element_type=\"widget\" data-e-type=\"widget\" data-widget_type=\"heading.default\">\n\t\t\t\t<div class=\"elementor-widget-container\">\n\t\t\t\t\t<h2 class=\"elementor-heading-title elementor-size-default\">CLEAN PVC 5<\/h2>\t\t\t\t<\/div>\n\t\t\t\t<\/div>\n\t\t\t\t<div class=\"elementor-element elementor-element-dbe0884 elementor-widget elementor-widget-heading\" data-id=\"dbe0884\" data-element_type=\"widget\" data-e-type=\"widget\" data-widget_type=\"heading.default\">\n\t\t\t\t<div class=\"elementor-widget-container\">\n\t\t\t\t\t<h4 class=\"elementor-heading-title elementor-size-default\">Intensivreiniger und Poliermittel (stark abl\u00f6send) f\u00fcr Kunststoffoberfl\u00e4chen<\/h4>\t\t\t\t<\/div>\n\t\t\t\t<\/div>\n\t\t\t\t<\/div>\n\t\t<div class=\"elementor-element elementor-element-b487d74 e-con-full e-flex e-con e-child\" data-id=\"b487d74\" data-element_type=\"container\" data-e-type=\"container\">\n\t\t\t\t<div class=\"elementor-element elementor-element-0e79c93 elementor-widget elementor-widget-text-editor\" data-id=\"0e79c93\" data-element_type=\"widget\" data-e-type=\"widget\" data-widget_type=\"text-editor.default\">\n\t\t\t\t<div class=\"elementor-widget-container\">\n\t\t\t\t\t\t\t\t\t<p>Leistungsstarker stark anl\u00f6sender \u00a0Reiniger und Gl\u00e4ttemittel, speziell entwickelt f\u00fcr die Bearbeitung von nicht transparentem PVC-hart, PS, ABS und PMMA (Acryl). Dieses Produkt entfernt m\u00fchelos Kratzer, Risse und Schleifspuren und sorgt f\u00fcr eine glatte, gleichm\u00e4\u00dfige Oberfl\u00e4che. Ideal f\u00fcr intensive Reinigungs- und Polieranwendungen in verschiedenen Industrie- und Handwerksbereichen.<\/p><p>Effektiv einsetzbar im PVC-Fensterbau zur Oberfl\u00e4chenpolitur und Gl\u00e4ttung sowie in der M\u00f6bel- und Werbeindustrie zur Beseitigung von Kratzern und anderen Oberfl\u00e4chenfehlern. Perfekt zur Vorbereitung von Kunststofffl\u00e4chen f\u00fcr weitere Bearbeitungsschritte.<\/p><p>Schnell abtrocknend f\u00fcr effiziente Anwendungen und\u00a0vielseitig einsetzbar in unterschiedlichen Industriebereichen.<\/p><p>Gebindegr\u00f6\u00dfen: 1 l, 10 l, 200 l Fass<\/p><p>Lagerf\u00e4higkeit: 36 Monate\u00a0<\/p><p>\u00a0<\/p>\t\t\t\t\t\t\t\t<\/div>\n\t\t\t\t<\/div>\n\t\t\t\t<\/div>\n\t\t\t\t\t<\/div>\n\t\t\t\t<\/div>\n\t\t\t\t<\/div>\n\t\t","protected":false},"excerpt":{"rendered":"<p>SCIBO CLEAN CLEAN ALU 60 Universal L\u00f6semittel Reiniger f\u00fcr Alumium und mehr Vielseitiges Reinigungsmittel, das m\u00fchelos Markierungen, Schmutz, Kalkr\u00fcckst\u00e4nde und [&hellip;]<\/p>\n","protected":false},"author":1,"featured_media":0,"parent":0,"menu_order":0,"comment_status":"closed","ping_status":"closed","template":"","meta":{"site-sidebar-layout":"no-sidebar","site-content-layout":"","ast-site-content-layout":"full-width-container","site-content-style":"default","site-sidebar-style":"default","ast-global-header-display":"","ast-banner-title-visibility":"","ast-main-header-display":"","ast-hfb-above-header-display":"","ast-hfb-below-header-display":"","ast-hfb-mobile-header-display":"","site-post-title":"disabled","ast-breadcrumbs-content":"","ast-featured-img":"disabled","footer-sml-layout":"","ast-disable-related-posts":"","theme-transparent-header-meta":"","adv-header-id-meta":"","stick-header-meta":"","header-above-stick-meta":"","header-main-stick-meta":"","header-below-stick-meta":"","astra-migrate-meta-layouts":"default","ast-page-background-enabled":"default","ast-page-background-meta":{"desktop":{"background-color":"var(--ast-global-color-4)","background-image":"","background-repeat":"repeat","background-position":"center center","background-size":"auto","background-attachment":"scroll","background-type":"","background-media":"","overlay-type":"","overlay-color":"","overlay-opacity":"","overlay-gradient":""},"tablet":{"background-color":"","background-image":"","background-repeat":"repeat","background-position":"center center","background-size":"auto","background-attachment":"scroll","background-type":"","background-media":"","overlay-type":"","overlay-color":"","overlay-opacity":"","overlay-gradient":""},"mobile":{"background-color":"","background-image":"","background-repeat":"repeat","background-position":"center center","background-size":"auto","background-attachment":"scroll","background-type":"","background-media":"","overlay-type":"","overlay-color":"","overlay-opacity":"","overlay-gradient":""}},"ast-content-background-meta":{"desktop":{"background-color":"var(--ast-global-color-5)","background-image":"","background-repeat":"repeat","background-position":"center center","background-size":"auto","background-attachment":"scroll","background-type":"","background-media":"","overlay-type":"","overlay-color":"","overlay-opacity":"","overlay-gradient":""},"tablet":{"background-color":"var(--ast-global-color-5)","background-image":"","background-repeat":"repeat","background-position":"center center","background-size":"auto","background-attachment":"scroll","background-type":"","background-media":"","overlay-type":"","overlay-color":"","overlay-opacity":"","overlay-gradient":""},"mobile":{"background-color":"var(--ast-global-color-5)","background-image":"","background-repeat":"repeat","background-position":"center center","background-size":"auto","background-attachment":"scroll","background-type":"","background-media":"","overlay-type":"","overlay-color":"","overlay-opacity":"","overlay-gradient":""}},"footnotes":""},"class_list":["post-745","page","type-page","status-publish","hentry"],"_links":{"self":[{"href":"https:\/\/scibo-chemie.com\/tr\/wp-json\/wp\/v2\/pages\/745","targetHints":{"allow":["GET"]}}],"collection":[{"href":"https:\/\/scibo-chemie.com\/tr\/wp-json\/wp\/v2\/pages"}],"about":[{"href":"https:\/\/scibo-chemie.com\/tr\/wp-json\/wp\/v2\/types\/page"}],"author":[{"embeddable":true,"href":"https:\/\/scibo-chemie.com\/tr\/wp-json\/wp\/v2\/users\/1"}],"replies":[{"embeddable":true,"href":"https:\/\/scibo-chemie.com\/tr\/wp-json\/wp\/v2\/comments?post=745"}],"version-history":[{"count":10,"href":"https:\/\/scibo-chemie.com\/tr\/wp-json\/wp\/v2\/pages\/745\/revisions"}],"predecessor-version":[{"id":917,"href":"https:\/\/scibo-chemie.com\/tr\/wp-json\/wp\/v2\/pages\/745\/revisions\/917"}],"wp:attachment":[{"href":"https:\/\/scibo-chemie.com\/tr\/wp-json\/wp\/v2\/media?parent=745"}],"curies":[{"name":"wp","href":"https:\/\/api.w.org\/{rel}","templated":true}]}}