{"id":766,"date":"2025-01-04T15:45:30","date_gmt":"2025-01-04T14:45:30","guid":{"rendered":"http:\/\/scibo-chemie.com\/?page_id=766"},"modified":"2026-03-26T16:55:32","modified_gmt":"2026-03-26T15:55:32","slug":"agb","status":"publish","type":"page","link":"https:\/\/scibo-chemie.com\/tr\/agb\/","title":{"rendered":"GTC"},"content":{"rendered":"<div data-elementor-type=\"wp-page\" data-elementor-id=\"766\" class=\"elementor elementor-766\">\n\t\t\t\t<div class=\"elementor-element elementor-element-980b5e1 e-flex e-con-boxed e-con e-parent\" data-id=\"980b5e1\" data-element_type=\"container\" data-e-type=\"container\">\n\t\t\t\t\t<div class=\"e-con-inner\">\n\t\t\t\t<div class=\"elementor-element elementor-element-5afbdb2 elementor-widget elementor-widget-text-editor\" data-id=\"5afbdb2\" data-element_type=\"widget\" data-e-type=\"widget\" data-widget_type=\"text-editor.default\">\n\t\t\t\t<div class=\"elementor-widget-container\">\n\t\t\t\t\t\t\t\t\t<p class=\"p1\"><b>Genel Sat\u0131\u015f H\u00fck\u00fcm ve Ko\u015fullar\u0131<\/b><\/p><p class=\"p1\">Scibo UG (haftungsbeschr\u00e4nkt) , Gewerbepark A 10, 92364 Deining - bundan b\u00f6yle \u201eSat\u0131c\u0131\u201c olarak an\u0131lacakt\u0131r -<\/p><p class=\"p1\"><b>\u00a7 1 Uygulama kapsam\u0131<\/b><\/p><p class=\"p2\">1 Bu Genel Sat\u0131\u015f H\u00fck\u00fcm ve Ko\u015fullar\u0131, Sat\u0131c\u0131 ile m\u00fc\u015fterileri - bundan b\u00f6yle \"Al\u0131c\u0131\" olarak an\u0131lacakt\u0131r - aras\u0131nda ta\u015f\u0131n\u0131r mallar\u0131n sat\u0131\u015f\u0131 ve\/veya teslimat\u0131 i\u00e7in akdedilen t\u00fcm s\u00f6zle\u015fmeler i\u00e7in ge\u00e7erlidir.<\/p><p class=\"p2\">2 Bu Genel Sat\u0131\u015f H\u00fck\u00fcm ve Ko\u015fullar\u0131 m\u00fcnhas\u0131ran ge\u00e7erli olacakt\u0131r. Al\u0131c\u0131n\u0131n farkl\u0131 veya \u00e7eli\u015fkili h\u00fck\u00fcm ve ko\u015fullar\u0131, yaz\u0131l\u0131 olarak a\u00e7\u0131k\u00e7a kabul edilmedikleri s\u00fcrece Sat\u0131c\u0131 taraf\u0131ndan tan\u0131nmayacakt\u0131r.<\/p><p class=\"p2\">3 Bu Genel Sat\u0131\u015f H\u00fck\u00fcm ve Ko\u015fullar\u0131, Sat\u0131c\u0131n\u0131n, Al\u0131c\u0131n\u0131n h\u00fck\u00fcm ve ko\u015fullar\u0131n\u0131n bu H\u00fck\u00fcm ve Ko\u015fullarla \u00e7eli\u015fti\u011fini veya bunlardan sapt\u0131\u011f\u0131n\u0131 bilerek teslimat\u0131 \u00e7ekincesiz olarak ger\u00e7ekle\u015ftirmesi durumunda da ge\u00e7erli olacakt\u0131r.<\/p><p class=\"p2\">4 Bu Genel Sat\u0131\u015f H\u00fck\u00fcm ve Ko\u015fullar\u0131 yaln\u0131zca giri\u015fimciler, kamu hukukuna tabi t\u00fczel ki\u015filer i\u00e7in ge\u00e7erlidir.<\/p><p class=\"p1\"><b>\u00a7 2 S\u00f6zle\u015fmenin imzalanmas\u0131<\/b><\/p><p class=\"p2\">1. Al\u0131c\u0131n\u0131n sipari\u015fi, sat\u0131c\u0131n\u0131n sipari\u015f onay\u0131 g\u00f6ndererek veya mallar\u0131 teslim ederek ald\u0131\u011f\u0131 tarihten itibaren bir hafta i\u00e7inde kabul edebilece\u011fi ba\u011flay\u0131c\u0131 bir teklif te\u015fkil eder. Sat\u0131c\u0131 taraf\u0131ndan bu s\u00fcreden \u00f6nce yap\u0131lan teklifler de\u011fi\u015fikli\u011fe tabidir.<\/p><p class=\"p2\">2 Sat\u0131c\u0131, resimler, \u00e7izimler, hesaplamalar ve di\u011fer belgeler \u00fczerindeki m\u00fclkiyet ve telif hakk\u0131n\u0131 sakl\u0131 tutar. Bu, gizli olarak etiketlenmi\u015f bu t\u00fcr yaz\u0131l\u0131 belgeler i\u00e7in de ge\u00e7erlidir. Al\u0131c\u0131, bunlar\u0131 \u00fc\u00e7\u00fcnc\u00fc \u015fah\u0131slara vermeden \u00f6nce Sat\u0131c\u0131n\u0131n a\u00e7\u0131k yaz\u0131l\u0131 onay\u0131n\u0131 almal\u0131d\u0131r.<\/p><p class=\"p1\"><b>\u00a7 3 Fiyatlar, \u00f6deme ve teslimat<\/b><\/p><p class=\"p2\">1. m\u00fcnferit durumlarda aksi kararla\u015ft\u0131r\u0131lmad\u0131k\u00e7a, s\u00f6zle\u015fmenin imzaland\u0131\u011f\u0131 tarihte ge\u00e7erli olan fiyatlar, depo \u00e7\u0131k\u0131\u015fl\u0131, art\u0131 yasal KDV olarak ge\u00e7erli olacakt\u0131r.<\/p><p class=\"p2\">2 Sat\u0131c\u0131n\u0131n mallara ili\u015fkin maliyetleri, d\u0131\u015f maliyetlerdeki art\u0131\u015f veya Sat\u0131c\u0131n\u0131n d\u00f6viz kurlar\u0131ndaki veya sat\u0131n alma fiyatlar\u0131ndaki bir de\u011fi\u015fiklik nedeniyle s\u00f6zle\u015fmenin imzalanmas\u0131ndan sonra artarsa, Sat\u0131c\u0131 kararla\u015ft\u0131r\u0131lan sat\u0131n alma fiyat\u0131n\u0131 buna g\u00f6re ayarlama hakk\u0131na sahip olacakt\u0131r.<\/p><p class=\"p2\">3 Yasal normlardaki de\u011fi\u015fiklikler nedeniyle s\u00f6zle\u015fmenin imzalanmas\u0131 ile teslimat aras\u0131nda ek veya artan masraflar - \u00f6zellikle g\u00fcmr\u00fck vergileri, vergiler, har\u00e7lar, para birimi e\u015fitlemesi - ortaya \u00e7\u0131karsa, sat\u0131c\u0131 kararla\u015ft\u0131r\u0131lan sat\u0131n alma fiyat\u0131n\u0131 buna g\u00f6re art\u0131rma hakk\u0131na sahip olacakt\u0131r. Ayn\u0131 durum muayene \u00fccretleri i\u00e7in de ge\u00e7erlidir.<\/p><p class=\"p2\">4. Sat\u0131n alma fiyat\u0131 taleplerimiz genellikle \"net nakit\" olup, farkl\u0131 bir \u00f6deme s\u00fcresi yaz\u0131l\u0131 olarak kararla\u015ft\u0131r\u0131lmad\u0131\u011f\u0131 s\u00fcrece, faturan\u0131n al\u0131nmas\u0131ndan hemen sonra herhangi bir kesinti yap\u0131lmaks\u0131z\u0131n \u00f6denmelidir. Sat\u0131n alma fiyat\u0131, faturalama ve teslimattan sonraki 10 g\u00fcn i\u00e7inde \u00f6denmelidir. Ancak, sat\u0131c\u0131, devam eden bir i\u015f ili\u015fkisi \u00e7er\u00e7evesinde bile, herhangi bir zamanda, tamamen veya k\u0131smen sadece pe\u015fin \u00f6deme kar\u015f\u0131l\u0131\u011f\u0131nda teslimat yapma hakk\u0131na sahiptir.<\/p><p class=\"p2\">5 Sevkiyat yoluyla sat\u0131\u015f durumunda (bkz. a\u015fa\u011f\u0131da \u00a7 4 paragraf 2), Al\u0131c\u0131 depo d\u0131\u015f\u0131 nakliye masraflar\u0131n\u0131 ve Al\u0131c\u0131 taraf\u0131ndan talep edilen nakliye sigortas\u0131 masraflar\u0131n\u0131 kar\u015f\u0131layacakt\u0131r. Her t\u00fcrl\u00fc g\u00fcmr\u00fck vergisi, har\u00e7, vergi ve di\u011fer kamu masraflar\u0131 Al\u0131c\u0131 taraf\u0131ndan kar\u015f\u0131lanacakt\u0131r.<\/p><p class=\"p2\">6. Fatura tutar\u0131n\u0131n fatura tarihinden itibaren en fazla 10 takvim g\u00fcn\u00fc i\u00e7inde veya ba\u015fka bir \u015fekilde kararla\u015ft\u0131r\u0131lan vade tarihinde \u00f6denmemesi halinde, sat\u0131c\u0131, \u00f6zel bir hat\u0131rlatmaya gerek olmaks\u0131z\u0131n, gecikme faizi ve kan\u0131tlanm\u0131\u015f tutardaki temerr\u00fctten kaynaklanan di\u011fer zararlar i\u00e7in, ancak en az\u0131ndan yasalar\u0131n \u00f6ng\u00f6rd\u00fc\u011f\u00fc miktarda faiz talep etme hakk\u0131na sahip olacakt\u0131r.<\/p><p class=\"p2\">7 Al\u0131c\u0131, mahsup veya al\u0131koyma haklar\u0131na yaln\u0131zca talebinin yasal olarak tespit edildi\u011fi veya tart\u0131\u015fmas\u0131z oldu\u011fu \u00f6l\u00e7\u00fcde sahip olacakt\u0131r.<\/p><p class=\"p1\"><b>\u00a7 4 \u0130fa zaman\u0131, risk transferi<\/b><\/p><p class=\"p2\">1. Teslim s\u00fcreleri sat\u0131c\u0131 taraf\u0131ndan belirlenmi\u015f ve sipari\u015fin verilmesine temel olu\u015fturmu\u015fsa, bu s\u00fcreler grev ve m\u00fccbir sebep durumlar\u0131nda gecikme s\u00fcresi kadar uzat\u0131lacakt\u0131r. Ayn\u0131 durum, Al\u0131c\u0131'n\u0131n herhangi bir i\u015fbirli\u011fi y\u00fck\u00fcml\u00fcl\u00fc\u011f\u00fcn\u00fc yerine getirmemesi halinde de ge\u00e7erli olacakt\u0131r.<\/p><p class=\"p2\">2 Teslimat, ayn\u0131 zamanda hizmetin yerine getirildi\u011fi yer ve sonraki her t\u00fcrl\u00fc yerine getirme yeri olan depodan yap\u0131lacakt\u0131r. Al\u0131c\u0131n\u0131n talebi ve masraf\u0131 \u00fczerine, mallar ba\u015fka bir var\u0131\u015f yerine g\u00f6nderilecektir (var\u0131\u015f yerine sat\u0131\u015f). Aksi kararla\u015ft\u0131r\u0131lmad\u0131k\u00e7a, Sat\u0131c\u0131 sevkiyat t\u00fcr\u00fcn\u00fc (\u00f6zellikle nakliye \u015firketi, sevkiyat rotas\u0131, paketleme) kendisi belirleme hakk\u0131na sahip olacakt\u0131r.<\/p><p class=\"p2\">3. Mallar\u0131n kazara kaybolma ve kazara bozulma riski en ge\u00e7 teslim s\u0131ras\u0131nda al\u0131c\u0131ya ge\u00e7ecektir. Ancak, sevkiyat yoluyla sat\u0131\u015f durumunda, mallar\u0131n kazaen kaybolma ve kazaen bozulma riski ile gecikme riski, mallar\u0131n sevkiyat acentesine, ta\u015f\u0131y\u0131c\u0131ya veya sevkiyat\u0131 ger\u00e7ekle\u015ftirmek \u00fczere ba\u015fka bir \u015fekilde g\u00f6revlendirilen ki\u015fi veya kuruma teslim edilmesiyle birlikte zaten ge\u00e7ecektir.<\/p><p class=\"p2\">4. Al\u0131c\u0131n\u0131n kabulde temerr\u00fcde d\u00fc\u015fmesi halinde, bu durum teslim ile e\u015fde\u011fer say\u0131lacakt\u0131r.<\/p><p class=\"p1\"><b>\u00a7 5 Kusurlar i\u00e7in sorumluluk, garanti<\/b><\/p><p class=\"p2\">1. satici, a\u015fa\u011fidaki\u0307lerden kaynaklanan herhangi\u0307 bi\u0307r kisitlama olmadi\u011fi s\u00fcrece, yasal h\u00fck\u00fcmlere uygun olarak bi\u0307r kusur durumunda sorumlu olacaktir.<\/p><p class=\"p2\">2 \u0130lgili sapman\u0131n 10 %'yi a\u015fmamas\u0131 ko\u015fuluyla, eksik veya fazla performans durumunda herhangi bir kusur s\u00f6z konusu olmayacakt\u0131r. \u00d6denecek sat\u0131n alma fiyat\u0131 fiilen teslim edilen miktara dayanmaktad\u0131r.<\/p><p class=\"p2\">3 Mallar, Al\u0131c\u0131ya veya Al\u0131c\u0131 taraf\u0131ndan belirlenen \u00fc\u00e7\u00fcnc\u00fc bir tarafa teslim edildikten hemen sonra dikkatlice incelenmelidir. Bariz kusurlar veya derhal yap\u0131lacak dikkatli bir inceleme s\u0131ras\u0131nda fark edilebilecek di\u011fer kusurlarla ilgili olarak, Sat\u0131c\u0131n\u0131n teslimden sonraki yedi i\u015f g\u00fcn\u00fc i\u00e7inde yaz\u0131l\u0131 bir kusur bildirimi almamas\u0131 halinde, mallar Al\u0131c\u0131 taraf\u0131ndan onaylanm\u0131\u015f say\u0131lacakt\u0131r. Di\u011fer kusurlarla ilgili olarak, Sat\u0131c\u0131, kusurun ortaya \u00e7\u0131kt\u0131\u011f\u0131 tarihten itibaren yedi i\u015f g\u00fcn\u00fc i\u00e7inde bir kusur bildirimi almazsa, mallar Al\u0131c\u0131 taraf\u0131ndan onaylanm\u0131\u015f say\u0131lacakt\u0131r.<\/p><p class=\"p2\">4 \u00dcr\u00fcn kusurluysa, sat\u0131c\u0131 ilk olarak kusuru gidererek (d\u00fczeltme) veya kusursuz bir \u00fcr\u00fcn teslim ederek (ikame teslimat) m\u00fcteakip ifay\u0131 sa\u011flamay\u0131 se\u00e7ebilir. Yasal ko\u015fullar uyar\u0131nca sonradan yerine getirmeyi reddetme hakk\u0131 bundan etkilenmez.<\/p><p class=\"p2\">5 Garanti s\u00fcresi bir y\u0131ld\u0131r. S\u00fcre riskin devri ile ba\u015flar. Bu, bir kusurdan kaynaklanan hasar talepleri i\u00e7in ge\u00e7erli de\u011fildir.<\/p><p class=\"p2\">6 Yasal anlamda garanti verilmemi\u015ftir.<\/p><p class=\"p1\"><b>\u00a7 6 Tazminat<\/b><\/p><p class=\"p2\">1 Sat\u0131c\u0131n\u0131n s\u00f6zle\u015fmeden do\u011fan g\u00f6rev ihlalleri ve haks\u0131z fiillere ili\u015fkin sorumlulu\u011fu kas\u0131t ve a\u011f\u0131r ihmal ile s\u0131n\u0131rl\u0131d\u0131r. Bu, al\u0131c\u0131n\u0131n hayat\u0131na, uzuvlar\u0131na ve sa\u011fl\u0131\u011f\u0131na zarar verme, temel y\u00fck\u00fcml\u00fcl\u00fcklerin ihlali ve gecikmeden kaynaklanan zarar\u0131n tazmini talepleri i\u00e7in ge\u00e7erli de\u011fildir. Bu ba\u011flamda, sat\u0131c\u0131 her t\u00fcrl\u00fc kusur derecesinden sorumlu olacakt\u0131r.<\/p><p class=\"p2\">2 Kardinal y\u00fck\u00fcml\u00fcl\u00fckler, yerine getirilmesi s\u00f6zle\u015fmenin d\u00fczg\u00fcn bir \u015fekilde y\u00fcr\u00fct\u00fclmesi i\u00e7in gerekli olan ve s\u00f6zle\u015fme orta\u011f\u0131n\u0131n d\u00fczenli olarak uyulmas\u0131na g\u00fcvendi\u011fi ve g\u00fcvenebilece\u011fi y\u00fck\u00fcml\u00fcl\u00fcklerdir. B\u00f6yle bir y\u00fck\u00fcml\u00fcl\u00fc\u011f\u00fcn ihlali durumunda, sat\u0131c\u0131n\u0131n sorumlulu\u011fu \u00f6ng\u00f6r\u00fclebilir, tipik olarak meydana gelen zarar\u0131n tazmini ile s\u0131n\u0131rl\u0131 olacakt\u0131r.<\/p><p class=\"p2\">3. 1. paragraftan kaynaklanan sorumluluk s\u0131n\u0131rlamalar\u0131, sat\u0131c\u0131n\u0131n yasal h\u00fck\u00fcmler uyar\u0131nca kusurundan sorumlu oldu\u011fu ki\u015filer taraf\u0131ndan veya bu ki\u015filer lehine g\u00f6rev ihlalleri durumunda da ge\u00e7erli olacakt\u0131r.<\/p><p class=\"p1\"><b>\u00a7 7 S\u0131n\u0131rlama s\u00fcresi<\/b><\/p><p class=\"p2\">1. Maddi kusurlar ve m\u00fclkiyet kusurlar\u0131ndan kaynaklanan talepler i\u00e7in genel zaman a\u015f\u0131m\u0131 s\u00fcresi teslimattan itibaren bir y\u0131ld\u0131r. Kabul kararla\u015ft\u0131r\u0131lm\u0131\u015fsa, zaman a\u015f\u0131m\u0131 s\u00fcresi kabulle birlikte ba\u015flayacakt\u0131r.<\/p><p class=\"p2\">2. Al\u0131c\u0131 taraf\u0131ndan cana, uzuvlara veya sa\u011fl\u0131\u011fa zarar verilmesi nedeniyle veya a\u011f\u0131r ihmal veya kas\u0131tl\u0131 g\u00f6rev ihlali nedeniyle ve \u00dcr\u00fcn Sorumlulu\u011fu Yasas\u0131 kapsam\u0131ndaki tazminat talepleri, yaln\u0131zca yasal h\u00fck\u00fcmlere uygun olarak zaman a\u015f\u0131m\u0131na u\u011frar.<\/p><p class=\"p2\">3. sat\u0131c\u0131n\u0131n \u00f6deme talepleri be\u015f y\u0131l sonra zaman a\u015f\u0131m\u0131na u\u011frayacakt\u0131r.<\/p><p class=\"p1\"><b>\u00a7 8 Unvan\u0131n sakl\u0131 tutulmas\u0131<\/b><\/p><p class=\"p2\">1. Sat\u0131c\u0131, belirli mallar i\u00e7in \u00f6deme yap\u0131lm\u0131\u015f olsa bile, al\u0131c\u0131ya kar\u015f\u0131 t\u00fcm talepler yerine getirilene kadar mallar\u0131n m\u00fclkiyetini elinde tutar.<\/p><p class=\"p2\">2 M\u00fclkiyetin muhafazas\u0131na tabi mallar, teminat alt\u0131na al\u0131nan alacaklar\u0131n tamam\u0131 \u00f6denmeden \u00f6nce ne \u00fc\u00e7\u00fcnc\u00fc \u015fah\u0131slara rehin verilebilir ne de teminat olarak devredilebilir. Al\u0131c\u0131, \u00fc\u00e7\u00fcnc\u00fc \u015fah\u0131slar\u0131n sat\u0131c\u0131ya ait mallara eri\u015fimi olmas\u0131 durumunda sat\u0131c\u0131y\u0131 derhal yaz\u0131l\u0131 olarak bilgilendirmelidir.<\/p><p class=\"p2\">3 Al\u0131c\u0131, bir sonraki bildirime kadar, m\u00fclkiyetin muhafazas\u0131na tabi mallar\u0131 ola\u011fan i\u015f ak\u0131\u015f\u0131 i\u00e7inde yeniden satmaya ve\/veya i\u015flemeye yetkilidir. Bu durumda, ek olarak a\u015fa\u011f\u0131daki h\u00fck\u00fcmler ge\u00e7erli olacakt\u0131r:<\/p><p class=\"p1\">a) M\u00fclkiyetin muhafazas\u0131, mallar\u0131m\u0131z\u0131n i\u015flenmesi, kar\u0131\u015ft\u0131r\u0131lmas\u0131 veya birle\u015ftirilmesinden kaynaklanan \u00fcr\u00fcnlerin tam de\u011ferini kapsayacak ve Sat\u0131c\u0131 \u00fcretici olarak kabul edilecektir. \u00dc\u00e7\u00fcnc\u00fc taraflar\u0131n mallar\u0131n\u0131n i\u015flenmesi, kar\u0131\u015ft\u0131r\u0131lmas\u0131 veya birle\u015ftirilmesi durumunda, m\u00fclkiyet haklar\u0131 devam ederse, sat\u0131c\u0131 i\u015flenen, kar\u0131\u015ft\u0131r\u0131lan veya birle\u015ftirilen mallar\u0131n fatura de\u011ferleriyle orant\u0131l\u0131 olarak ortak m\u00fclkiyet elde edecektir.<\/p><p class=\"p1\">b) Al\u0131c\u0131, yukar\u0131daki paragraf uyar\u0131nca mallar\u0131n veya \u00fcr\u00fcnlerin yeniden sat\u0131\u015f\u0131ndan kaynaklanan \u00fc\u00e7\u00fcnc\u00fc \u015fah\u0131slara kar\u015f\u0131 olan t\u00fcm taleplerini Sat\u0131c\u0131ya toplam olarak veya Sat\u0131c\u0131n\u0131n herhangi bir ortak m\u00fclkiyet pay\u0131 tutar\u0131nda teminat olarak devreder. Sat\u0131c\u0131 temliki kabul eder.<\/p><p class=\"p1\">c) Al\u0131c\u0131, sat\u0131c\u0131ya ek olarak alacaklar\u0131 tahsil etme yetkisine sahip olmaya devam edecektir. Sat\u0131c\u0131, al\u0131c\u0131 \u00f6deme y\u00fck\u00fcml\u00fcl\u00fcklerini yerine getirdi\u011fi s\u00fcrece alacaklar\u0131 tahsil etmemeyi taahh\u00fct eder.<\/p><p class=\"p1\">d) Menkul k\u0131ymetlerin ger\u00e7ekle\u015febilir de\u011ferinin alacaklar\u0131m\u0131z\u0131 10 %'den fazla a\u015fmas\u0131 halinde, al\u0131c\u0131n\u0131n talebi \u00fczerine se\u00e7ti\u011fimiz menkul k\u0131ymetleri serbest b\u0131rakaca\u011f\u0131z.<\/p><p class=\"p1\"><b>\u00a7 9 Hukuk se\u00e7imi, yarg\u0131 yeri<\/b><\/p><p class=\"p2\">1. Bu s\u00f6zle\u015fme, Uluslararas\u0131 Mal Sat\u0131m\u0131na \u0130li\u015fkin S\u00f6zle\u015fmeler Hakk\u0131nda Birle\u015fmi\u015f Milletler Antla\u015fmas\u0131 (CISG) hari\u00e7 olmak \u00fczere, yaln\u0131zca Hollanda yasalar\u0131na tabi olacakt\u0131r.<\/p><p class=\"p2\">2. Bu s\u00f6zle\u015fmeden kaynaklanan veya bu s\u00f6zle\u015fmeyle ba\u011flant\u0131l\u0131 t\u00fcm anla\u015fmazl\u0131klar i\u00e7in m\u00fcnhas\u0131r yarg\u0131 yeri Amsterdam, Hollanda olacakt\u0131r.<\/p><p class=\"p1\"><b>\u00a7 10 Nihai h\u00fck\u00fcmler<\/b><\/p><p class=\"p2\">1 Bu h\u00fck\u00fcm ve ko\u015fullar\u0131n herhangi bir h\u00fckm\u00fcn\u00fcn tamamen veya k\u0131smen ge\u00e7ersiz olmas\u0131 veya ge\u00e7ersiz hale gelmesi, kalan h\u00fck\u00fcmlerin ge\u00e7erlili\u011fini etkilemeyecektir. Ge\u00e7ersiz h\u00fckm\u00fcn yerine, yasal olarak izin verilen ve hedeflenen amaca en yak\u0131n h\u00fck\u00fcm getirilecektir. Bu durum bir bo\u015fluk olmas\u0131 halinde de ge\u00e7erlidir.<\/p><p class=\"p2\">2 Bu Genel Sat\u0131\u015f H\u00fck\u00fcm ve Ko\u015fullar\u0131n\u0131n \u0130ngilizce ve Almanca versiyonlar\u0131n\u0131n i\u00e7eri\u011fi i\u00e7in a\u015fa\u011f\u0131dakiler ge\u00e7erlidir: \u0130ngilizce versiyonun Almanca metin ve yasal terimlerle ayn\u0131 hukuki anlay\u0131\u015fa sahip olmamas\u0131 durumunda, yaln\u0131zca Almanca metin ve Almanca terim ge\u00e7erli olacakt\u0131r.<\/p>\t\t\t\t\t\t\t\t<\/div>\n\t\t\t\t<\/div>\n\t\t\t\t\t<\/div>\n\t\t\t\t<\/div>\n\t\t\t\t<\/div>","protected":false},"excerpt":{"rendered":"<p>Allgemeine Verkaufsbedingungen der Scibo UG (haftungsbeschr\u00e4nkt)\u00a0, Gewerbepark A 10, 92364 Deining \u2013 im Folgenden \u201eVerk\u00e4ufer\u201c \u2013 \u00a7 1 Geltungsbereich 1.Diese [&hellip;]<\/p>\n","protected":false},"author":1,"featured_media":0,"parent":0,"menu_order":0,"comment_status":"closed","ping_status":"closed","template":"","meta":{"site-sidebar-layout":"no-sidebar","site-content-layout":"","ast-site-content-layout":"full-width-container","site-content-style":"default","site-sidebar-style":"default","ast-global-header-display":"","ast-banner-title-visibility":"","ast-main-header-display":"","ast-hfb-above-header-display":"","ast-hfb-below-header-display":"","ast-hfb-mobile-header-display":"","site-post-title":"disabled","ast-breadcrumbs-content":"","ast-featured-img":"disabled","footer-sml-layout":"","ast-disable-related-posts":"","theme-transparent-header-meta":"","adv-header-id-meta":"","stick-header-meta":"","header-above-stick-meta":"","header-main-stick-meta":"","header-below-stick-meta":"","astra-migrate-meta-layouts":"default","ast-page-background-enabled":"default","ast-page-background-meta":{"desktop":{"background-color":"var(--ast-global-color-4)","background-image":"","background-repeat":"repeat","background-position":"center center","background-size":"auto","background-attachment":"scroll","background-type":"","background-media":"","overlay-type":"","overlay-color":"","overlay-opacity":"","overlay-gradient":""},"tablet":{"background-color":"","background-image":"","background-repeat":"repeat","background-position":"center center","background-size":"auto","background-attachment":"scroll","background-type":"","background-media":"","overlay-type":"","overlay-color":"","overlay-opacity":"","overlay-gradient":""},"mobile":{"background-color":"","background-image":"","background-repeat":"repeat","background-position":"center center","background-size":"auto","background-attachment":"scroll","background-type":"","background-media":"","overlay-type":"","overlay-color":"","overlay-opacity":"","overlay-gradient":""}},"ast-content-background-meta":{"desktop":{"background-color":"var(--ast-global-color-5)","background-image":"","background-repeat":"repeat","background-position":"center center","background-size":"auto","background-attachment":"scroll","background-type":"","background-media":"","overlay-type":"","overlay-color":"","overlay-opacity":"","overlay-gradient":""},"tablet":{"background-color":"var(--ast-global-color-5)","background-image":"","background-repeat":"repeat","background-position":"center center","background-size":"auto","background-attachment":"scroll","background-type":"","background-media":"","overlay-type":"","overlay-color":"","overlay-opacity":"","overlay-gradient":""},"mobile":{"background-color":"var(--ast-global-color-5)","background-image":"","background-repeat":"repeat","background-position":"center center","background-size":"auto","background-attachment":"scroll","background-type":"","background-media":"","overlay-type":"","overlay-color":"","overlay-opacity":"","overlay-gradient":""}},"footnotes":""},"class_list":["post-766","page","type-page","status-publish","hentry"],"_links":{"self":[{"href":"https:\/\/scibo-chemie.com\/tr\/wp-json\/wp\/v2\/pages\/766","targetHints":{"allow":["GET"]}}],"collection":[{"href":"https:\/\/scibo-chemie.com\/tr\/wp-json\/wp\/v2\/pages"}],"about":[{"href":"https:\/\/scibo-chemie.com\/tr\/wp-json\/wp\/v2\/types\/page"}],"author":[{"embeddable":true,"href":"https:\/\/scibo-chemie.com\/tr\/wp-json\/wp\/v2\/users\/1"}],"replies":[{"embeddable":true,"href":"https:\/\/scibo-chemie.com\/tr\/wp-json\/wp\/v2\/comments?post=766"}],"version-history":[{"count":7,"href":"https:\/\/scibo-chemie.com\/tr\/wp-json\/wp\/v2\/pages\/766\/revisions"}],"predecessor-version":[{"id":1363,"href":"https:\/\/scibo-chemie.com\/tr\/wp-json\/wp\/v2\/pages\/766\/revisions\/1363"}],"wp:attachment":[{"href":"https:\/\/scibo-chemie.com\/tr\/wp-json\/wp\/v2\/media?parent=766"}],"curies":[{"name":"wp","href":"https:\/\/api.w.org\/{rel}","templated":true}]}}