{"id":27,"date":"2024-10-24T11:30:47","date_gmt":"2024-10-24T09:30:47","guid":{"rendered":"http:\/\/scibo-chemie.com\/?page_id=27"},"modified":"2026-03-26T16:50:04","modified_gmt":"2026-03-26T15:50:04","slug":"impressum","status":"publish","type":"page","link":"https:\/\/scibo-chemie.com\/zh\/impressum\/","title":{"rendered":"IMPRESSUM"},"content":{"rendered":"<div data-elementor-type=\"wp-page\" data-elementor-id=\"27\" class=\"elementor elementor-27\">\n\t\t\t\t<div class=\"elementor-element elementor-element-9da420c e-flex e-con-boxed e-con e-parent\" data-id=\"9da420c\" data-element_type=\"container\" data-e-type=\"container\">\n\t\t\t\t\t<div class=\"e-con-inner\">\n\t\t\t\t<div class=\"elementor-element elementor-element-cf11d5c elementor-widget elementor-widget-text-editor\" data-id=\"cf11d5c\" data-element_type=\"widget\" data-e-type=\"widget\" data-widget_type=\"text-editor.default\">\n\t\t\t\t<div class=\"elementor-widget-container\">\n\t\t\t\t\t\t\t\t\t<p class=\"p1\"><b>Scibo UG\uff08\u6709\u9650\u8d23\u4efb\u516c\u53f8\uff09<\/b><b><\/b><\/p><p class=\"p2\">\u5de5\u4e1a\u533a A 10<br \/>92364 \u5fb7\u5b81<br \/>\u5fb7\u56fd<\/p><p class=\"p1\"><b>\u7ba1\u7406\u5c42<\/b><br \/>\u5c3c\u5c14\u65af-\u65bd\u5bc6\u8328<\/p><p class=\"p1\"><b>\u8054\u7cfb\u6211\u4eec<\/b><b><\/b><\/p><p class=\"p2\">\u7535\u8bdd\uff1a+49 9184 4069895-0<br \/>\u7535\u5b50\u90ae\u4ef6\uff1a info@scibo-chemie.com<br \/>\u7f51\u7ad9\uff1a www.scibo-chemie.com<\/p><p class=\"p1\"><b>\u5546\u4e1a\u767b\u8bb0<\/b><b><\/b><\/p><p class=\"p2\">\u767b\u8bb0\u6cd5\u9662\uff1a\u5730\u65b9\u6cd5\u9662\uff08\u8f93\u5165\u4e3b\u7ba1\u767b\u8bb0\u6cd5\u9662\uff0c\u5982\u7ebd\u4f26\u5821\uff09<br \/>\u6ce8\u518c\u53f7\uff1aHRB 45634<\/p><p class=\"p1\"><b>\u6839\u636e\u300a\u8054\u90a6\u7a0e\u5219\u300b\u7b2c 27a \u6761\u89c4\u5b9a\u7684\u9500\u552e\u7a0e\u8bc6\u522b\u53f7<\/b><br \/>DE460520098<\/p><p class=\"p1\">\u00a0<\/p><h2><b>\u5185\u5bb9\u8d23\u4efb<\/b><\/h2><p class=\"p3\">\u672c\u7f51\u7ad9\u7684\u5185\u5bb9\u5747\u7ecf\u8fc7\u7cbe\u5fc3\u7f16\u8f91\u3002\u6211\u4eec\u5bf9\u6240\u63d0\u4f9b\u4fe1\u606f\u7684\u51c6\u786e\u6027\u3001\u5b8c\u6574\u6027\u548c\u65f6\u4e8b\u6027\u4e0d\u627f\u62c5\u4efb\u4f55\u8d23\u4efb\u3002\u4f5c\u4e3a\u670d\u52a1\u63d0\u4f9b\u5546\uff0c\u6839\u636e\u300a\u5fb7\u56fd\u6c11\u6cd5\u5178\u300b\u7b2c 7 \u6761\uff0c\u6211\u4eec\u5bf9\u81ea\u5df1\u7684\u5185\u5bb9\u8d1f\u8d23\u3002.<\/p><h2><b>\u94fe\u63a5\u8d23\u4efb<\/b><\/h2><p class=\"p3\">\u6211\u4eec\u5bf9\u5916\u90e8\u94fe\u63a5\u7684\u5185\u5bb9\u4e0d\u627f\u62c5\u4efb\u4f55\u8d23\u4efb\u3002\u8d23\u4efb\u7531\u76f8\u5173\u63d0\u4f9b\u5546\u627f\u62c5\u3002.<\/p><p style=\"font-weight: 400;\">\u00a0<\/p>\t\t\t\t\t\t\t\t<\/div>\n\t\t\t\t<\/div>\n\t\t\t\t\t<\/div>\n\t\t\t\t<\/div>\n\t\t\t\t<\/div>","protected":false},"excerpt":{"rendered":"<p>Scibo UG (haftungsbeschr\u00e4nkt) Gewerbepark A 1092364 DeiningDeutschland Gesch\u00e4ftsf\u00fchrungNils Schmitz Kontakt Telefon: +49 9184 4069895-0E-Mail: info@scibo-chemie.comWebsite: www.scibo-chemie.com Handelsregister Registergericht: Amtsgericht (zust\u00e4ndiges [&hellip;]<\/p>\n","protected":false},"author":1,"featured_media":0,"parent":0,"menu_order":0,"comment_status":"closed","ping_status":"closed","template":"","meta":{"site-sidebar-layout":"no-sidebar","site-content-layout":"","ast-site-content-layout":"full-width-container","site-content-style":"default","site-sidebar-style":"default","ast-global-header-display":"","ast-banner-title-visibility":"","ast-main-header-display":"","ast-hfb-above-header-display":"","ast-hfb-below-header-display":"","ast-hfb-mobile-header-display":"","site-post-title":"disabled","ast-breadcrumbs-content":"","ast-featured-img":"disabled","footer-sml-layout":"","ast-disable-related-posts":"","theme-transparent-header-meta":"","adv-header-id-meta":"","stick-header-meta":"","header-above-stick-meta":"","header-main-stick-meta":"","header-below-stick-meta":"","astra-migrate-meta-layouts":"default","ast-page-background-enabled":"default","ast-page-background-meta":{"desktop":{"background-color":"var(--ast-global-color-4)","background-image":"","background-repeat":"repeat","background-position":"center center","background-size":"auto","background-attachment":"scroll","background-type":"","background-media":"","overlay-type":"","overlay-color":"","overlay-opacity":"","overlay-gradient":""},"tablet":{"background-color":"","background-image":"","background-repeat":"repeat","background-position":"center center","background-size":"auto","background-attachment":"scroll","background-type":"","background-media":"","overlay-type":"","overlay-color":"","overlay-opacity":"","overlay-gradient":""},"mobile":{"background-color":"","background-image":"","background-repeat":"repeat","background-position":"center center","background-size":"auto","background-attachment":"scroll","background-type":"","background-media":"","overlay-type":"","overlay-color":"","overlay-opacity":"","overlay-gradient":""}},"ast-content-background-meta":{"desktop":{"background-color":"var(--ast-global-color-5)","background-image":"","background-repeat":"repeat","background-position":"center center","background-size":"auto","background-attachment":"scroll","background-type":"","background-media":"","overlay-type":"","overlay-color":"","overlay-opacity":"","overlay-gradient":""},"tablet":{"background-color":"var(--ast-global-color-5)","background-image":"","background-repeat":"repeat","background-position":"center center","background-size":"auto","background-attachment":"scroll","background-type":"","background-media":"","overlay-type":"","overlay-color":"","overlay-opacity":"","overlay-gradient":""},"mobile":{"background-color":"var(--ast-global-color-5)","background-image":"","background-repeat":"repeat","background-position":"center center","background-size":"auto","background-attachment":"scroll","background-type":"","background-media":"","overlay-type":"","overlay-color":"","overlay-opacity":"","overlay-gradient":""}},"footnotes":""},"class_list":["post-27","page","type-page","status-publish","hentry"],"_links":{"self":[{"href":"https:\/\/scibo-chemie.com\/zh\/wp-json\/wp\/v2\/pages\/27","targetHints":{"allow":["GET"]}}],"collection":[{"href":"https:\/\/scibo-chemie.com\/zh\/wp-json\/wp\/v2\/pages"}],"about":[{"href":"https:\/\/scibo-chemie.com\/zh\/wp-json\/wp\/v2\/types\/page"}],"author":[{"embeddable":true,"href":"https:\/\/scibo-chemie.com\/zh\/wp-json\/wp\/v2\/users\/1"}],"replies":[{"embeddable":true,"href":"https:\/\/scibo-chemie.com\/zh\/wp-json\/wp\/v2\/comments?post=27"}],"version-history":[{"count":10,"href":"https:\/\/scibo-chemie.com\/zh\/wp-json\/wp\/v2\/pages\/27\/revisions"}],"predecessor-version":[{"id":1357,"href":"https:\/\/scibo-chemie.com\/zh\/wp-json\/wp\/v2\/pages\/27\/revisions\/1357"}],"wp:attachment":[{"href":"https:\/\/scibo-chemie.com\/zh\/wp-json\/wp\/v2\/media?parent=27"}],"curies":[{"name":"wp","href":"https:\/\/api.w.org\/{rel}","templated":true}]}}